{"id":118,"date":"2018-02-18T00:53:53","date_gmt":"2018-02-18T03:53:53","guid":{"rendered":"https:\/\/www.facet.unt.edu.ar\/mecom2018\/?page_id=118"},"modified":"2018-03-14T01:47:37","modified_gmt":"2018-03-14T04:47:37","slug":"trabajos","status":"publish","type":"page","link":"https:\/\/www.facet.unt.edu.ar\/mecom2018\/trabajos\/","title":{"rendered":"Trabajos"},"content":{"rendered":"<h1><span style=\"font-size: 24pt;\">Env\u00edo de Trabajos<\/span><\/h1>\n<p>El env\u00edo de los re\u00ads\u00fa\u00adme\u00adnes y tra\u00adba\u00adjos fi\u00adna\u00adles se rea\u00adli\u00adza\u00adr\u00e1 a tra\u00adv\u00e9s del sis\u00adte\u00adma OCS del AMCA. Para ello, el autor de\u00adbe\u00adr\u00e1 in\u00adgre\u00adsar al si\u00adguien\u00adte link y se\u00adguir las in\u00adtruc\u00adcio\u00adnes:\u00a0<a href=\"https:\/\/amcaonline.org.ar\/ocs\/index.php\/amca\/mecom2018\" target=\"_blank\" rel=\"noopener\">https:\/\/amcaonline.org.ar\/mecom2018<\/a><\/p>\n<p>Para la confecci\u00f3n del trabajo completo y resumen final se utilizar\u00e1 el <a href=\"https:\/\/amcaonline.org.ar\/foswiki\/Main\/AMCA\/AmcaStyle\" target=\"_blank\" rel=\"noopener\"> estilo del AMCA<\/a>.<\/p>\n<p><strong>Nota:<\/strong>\u00a0En caso que el resumen sea aceptado, pero no se env\u00ede el Trabajo Completo, el mismo podr\u00e1 ser expuesto oralmente durante el congreso, pero el autor debe indicarlo antes de la fecha de cierre de Env\u00edo de Trabajos Completos y debe enviar el resumen en PDF siguiendo los pasos de Env\u00edo de Trabajo y respetando el\u00a0formato seg\u00fan el <a href=\"https:\/\/amcaonline.org.ar\/foswiki\/Main\/AMCA\/AmcaStyle\" target=\"_blank\" rel=\"noopener\">estilo del AMCA<\/a>. S\u00f3lo se publicar\u00e1n res\u00famenes aceptados que hayan sido enviados en PDF en el formato correcto y cuyo trabajo haya sido expuesto en el congreso.<\/p>\n<p>Ante cualquier inconveniente, consulte a la mesa de ayuda (<a href=\"mailto:amca.ocs.support@gmail.com\">amca.ocs.support@gmail.com<\/a>).<\/p>\n<p>&nbsp;<\/p>\n","protected":false},"excerpt":{"rendered":"<p>Env\u00edo de Trabajos El env\u00edo de los re\u00ads\u00fa\u00adme\u00adnes y tra\u00adba\u00adjos fi\u00adna\u00adles se rea\u00adli\u00adza\u00adr\u00e1 a tra\u00adv\u00e9s del sis\u00adte\u00adma OCS del AMCA. Para ello, el autor de\u00adbe\u00adr\u00e1 in\u00adgre\u00adsar al si\u00adguien\u00adte link y se\u00adguir las in\u00adtruc\u00adcio\u00adnes:\u00a0https:\/\/amcaonline.org.ar\/mecom2018 Para la confecci\u00f3n del trabajo completo y resumen final se utilizar\u00e1 el estilo del AMCA. Nota:\u00a0En caso que el resumen sea aceptado, [&hellip;]<\/p>\n","protected":false},"author":101037,"featured_media":0,"parent":0,"menu_order":5,"comment_status":"closed","ping_status":"closed","template":"","meta":[],"_links":{"self":[{"href":"https:\/\/www.facet.unt.edu.ar\/mecom2018\/wp-json\/wp\/v2\/pages\/118"}],"collection":[{"href":"https:\/\/www.facet.unt.edu.ar\/mecom2018\/wp-json\/wp\/v2\/pages"}],"about":[{"href":"https:\/\/www.facet.unt.edu.ar\/mecom2018\/wp-json\/wp\/v2\/types\/page"}],"author":[{"embeddable":true,"href":"https:\/\/www.facet.unt.edu.ar\/mecom2018\/wp-json\/wp\/v2\/users\/101037"}],"replies":[{"embeddable":true,"href":"https:\/\/www.facet.unt.edu.ar\/mecom2018\/wp-json\/wp\/v2\/comments?post=118"}],"version-history":[{"count":14,"href":"https:\/\/www.facet.unt.edu.ar\/mecom2018\/wp-json\/wp\/v2\/pages\/118\/revisions"}],"predecessor-version":[{"id":1178,"href":"https:\/\/www.facet.unt.edu.ar\/mecom2018\/wp-json\/wp\/v2\/pages\/118\/revisions\/1178"}],"wp:attachment":[{"href":"https:\/\/www.facet.unt.edu.ar\/mecom2018\/wp-json\/wp\/v2\/media?parent=118"}],"curies":[{"name":"wp","href":"https:\/\/api.w.org\/{rel}","templated":true}]}}