{"id":122,"date":"2018-02-16T12:24:17","date_gmt":"2018-02-16T15:24:17","guid":{"rendered":"https:\/\/www.facet.unt.edu.ar\/mecom2018\/?page_id=122"},"modified":"2018-10-02T17:36:14","modified_gmt":"2018-10-02T20:36:14","slug":"concurso-de-posters","status":"publish","type":"page","link":"https:\/\/www.facet.unt.edu.ar\/mecom2018\/concurso-de-posters\/","title":{"rendered":"Posters"},"content":{"rendered":"<h2>Concurso de P\u00f3sters<\/h2>\n<hr \/>\n<h3>Descripci\u00f3n<\/h3>\n<p style=\"text-align: justify;\">Como es tradici\u00f3n en los congresos organizados por AMCA, en el MECOM 2018 se realizar\u00e1 un concurso de p\u00f3ster de alumnos de grado en carreras regulares de licenciaturas e ingenier\u00edas. Un comit\u00e9 evaluador, designado por la Comisi\u00f3n Organizadora y el Comit\u00e9 Cient\u00edfico, elegir\u00e1 los mejores trabajos seg\u00fan criterios de originalidad y presentaci\u00f3n.<\/p>\n<p style=\"text-align: justify;\">Fecha l\u00edmite\u00a0para recepci\u00f3n del p\u00f3ster:<del>Hasta el 14 de Septiembre de 2018<\/del>. <del>Hasta el 30 de Septiembre de 2018.<\/del> <span style=\"color: #ff0000;\"><strong>Nueva fecha: Hasta el 14 de Octubre de 2018<\/strong><\/span><\/p>\n<p style=\"text-align: justify;\">Se aceptar\u00e1 hasta un trabajo por participante.<\/p>\n<h3>Env\u00edo de p\u00f3ster<\/h3>\n<p>Para participar del concurso de p\u00f3ster, los alumnos deber\u00e1n enviar:<\/p>\n<ul>\n<li>Resumen del poster, incluyendo t\u00edtulo, autores y filiaci\u00f3n.<\/li>\n<li>P\u00f3ster confeccionado seg\u00fan el estilo indicado m\u00e1s abajo.<\/li>\n<li>CV del autor principal del poster.<\/li>\n<\/ul>\n<p style=\"text-align: justify;\">Esta informaci\u00f3n debe ser enviada a\u00a0<a href=\"mailto:mecom2018@herrera.unt.edu.ar\">mecom2018@herrera.unt.edu.ar<\/a>\u00a0con asunto &#8220;CONCURSO POSTER MECOM 2018&#8221;.<\/p>\n<p style=\"text-align: justify;\">Aquellos alumnos que tengan un resumen aceptado para exponer en MECOM 2018 (con o sin trabajo completo asociado) pueden solicitar que su trabajo sea cambiado de sesi\u00f3n e incluirlo en el concurso de p\u00f3ster, enviando un correo a <a href=\"mailto:mecom2018@herrera.unt.edu.ar\">mecom2018@herrera.unt.edu.ar<\/a>\u00a0con el asunto &#8220;CONCURSO POSTER MECOM 2018&#8221;. El correo debe indicar el ID del trabajo a ser incluido en el concurso.<\/p>\n<p style=\"text-align: justify;\">Una vez finalizado el plazo de env\u00edo, al autor le llegar\u00e1 un correo de confirmaci\u00f3n y podr\u00e1 acceder al seguimiento del mismo a trav\u00e9s del sistema OCS en la sesi\u00f3n &#8220;Concurso p\u00f3ster de alumnos de grado&#8221;.<\/p>\n<h3>Exposici\u00f3n<\/h3>\n<p>El alumno debe estar inscripto en el congreso y exponer el p\u00f3ster en persona.<\/p>\n<h3>Instrucciones para la confecci\u00f3n del p\u00f3ster<\/h3>\n<p style=\"text-align: justify;\">El resumen debe respetar el formato que se establece para la primer p\u00e1gina de los trabajos del congreso (<a href=\"https:\/\/amcaonline.org.ar\/foswiki\/Main\/AMCA\/AmcaStyle\" target=\"_blank\" rel=\"noopener\">estilo AMCA<\/a>).<\/p>\n<p style=\"text-align: justify;\">El formato del p\u00f3ster puede descargarse aqui: <a href=\"https:\/\/www.facet.unt.edu.ar\/mecom2018\/wp-content\/uploads\/sites\/43\/2018\/06\/Formato_de_poster_MECOM_2018.zip\">FORMATO POSTER<\/a><\/p>\n<p style=\"text-align: justify;\">Si bien el poster es de formato libre (a excepci\u00f3n del encabezado en el que deben constar T\u00edtulo, Autores y Filiaci\u00f3n), este debe permitir la apreciaci\u00f3n de los \u00edtems: Introducci\u00f3n (Planteo de la generalidad del problema, la hip\u00f3tesis y los objetivos), Metodolog\u00eda (materiales y m\u00e9todos), Resultados y Conclusiones.<\/p>\n<h3>Evaluaci\u00f3n<\/h3>\n<p style=\"text-align: justify;\">La evaluaci\u00f3n del resumen, el p\u00f3ster y la exposici\u00f3n por parte del alumno estar\u00e1n a cargo de un jurado designado por la Comisi\u00f3n Organizadora y el Comit\u00e9 Cient\u00edfico.<\/p>\n<h3>Premios<\/h3>\n<p style=\"text-align: justify;\">El jurado confeccionar\u00e1 un orden de m\u00e9rito de los posters participantes del concurso y se premiar\u00e1n los 3 primeros lugares.<\/p>\n","protected":false},"excerpt":{"rendered":"<p>Concurso de P\u00f3sters Descripci\u00f3n Como es tradici\u00f3n en los congresos organizados por AMCA, en el MECOM 2018 se realizar\u00e1 un concurso de p\u00f3ster de alumnos de grado en carreras regulares de licenciaturas e ingenier\u00edas. Un comit\u00e9 evaluador, designado por la Comisi\u00f3n Organizadora y el Comit\u00e9 Cient\u00edfico, elegir\u00e1 los mejores trabajos seg\u00fan criterios de originalidad y [&hellip;]<\/p>\n","protected":false},"author":101037,"featured_media":0,"parent":0,"menu_order":10,"comment_status":"closed","ping_status":"closed","template":"","meta":[],"_links":{"self":[{"href":"https:\/\/www.facet.unt.edu.ar\/mecom2018\/wp-json\/wp\/v2\/pages\/122"}],"collection":[{"href":"https:\/\/www.facet.unt.edu.ar\/mecom2018\/wp-json\/wp\/v2\/pages"}],"about":[{"href":"https:\/\/www.facet.unt.edu.ar\/mecom2018\/wp-json\/wp\/v2\/types\/page"}],"author":[{"embeddable":true,"href":"https:\/\/www.facet.unt.edu.ar\/mecom2018\/wp-json\/wp\/v2\/users\/101037"}],"replies":[{"embeddable":true,"href":"https:\/\/www.facet.unt.edu.ar\/mecom2018\/wp-json\/wp\/v2\/comments?post=122"}],"version-history":[{"count":18,"href":"https:\/\/www.facet.unt.edu.ar\/mecom2018\/wp-json\/wp\/v2\/pages\/122\/revisions"}],"predecessor-version":[{"id":1439,"href":"https:\/\/www.facet.unt.edu.ar\/mecom2018\/wp-json\/wp\/v2\/pages\/122\/revisions\/1439"}],"wp:attachment":[{"href":"https:\/\/www.facet.unt.edu.ar\/mecom2018\/wp-json\/wp\/v2\/media?parent=122"}],"curies":[{"name":"wp","href":"https:\/\/api.w.org\/{rel}","templated":true}]}}