{"id":128,"date":"2018-02-18T00:54:36","date_gmt":"2018-02-18T03:54:36","guid":{"rendered":"https:\/\/www.facet.unt.edu.ar\/mecom2018\/?page_id=128"},"modified":"2018-03-07T16:47:30","modified_gmt":"2018-03-07T19:47:30","slug":"historia","status":"publish","type":"page","link":"https:\/\/www.facet.unt.edu.ar\/mecom2018\/historia\/","title":{"rendered":"Historia"},"content":{"rendered":"<div id=\"metaslider-id-572\" style=\"width: 100%; margin: 0 auto;\" class=\"ml-slider-3-27-5 metaslider metaslider-flex metaslider-572 ml-slider nav-hidden\">\n    <div id=\"metaslider_container_572\">\n        <div id=\"metaslider_572\">\n            <ul aria-live=\"polite\" class=\"slides\">\n                <li style=\"display: none; width: 100%;\" class=\"slide-637 ms-image\"><img src=\"https:\/\/www.facet.unt.edu.ar\/mecom2018\/wp-content\/uploads\/sites\/43\/2018\/02\/Congreso1984-250x500.jpg\" height=\"500\" width=\"250\" alt=\"\" class=\"slider-572 slide-637\" \/><div class=\"caption-wrap\"><div class=\"caption\">1984 Bariloche<\/div><\/div><\/li>\n                <li style=\"display: none; width: 100%;\" class=\"slide-638 ms-image\"><img src=\"https:\/\/www.facet.unt.edu.ar\/mecom2018\/wp-content\/uploads\/sites\/43\/2018\/02\/Congreso1985-250x500.jpg\" height=\"500\" width=\"250\" alt=\"\" class=\"slider-572 slide-638\" \/><div class=\"caption-wrap\"><div class=\"caption\">1985 Santa Fe<\/div><\/div><\/li>\n                <li style=\"display: none; width: 100%;\" class=\"slide-665 ms-image\"><img src=\"https:\/\/www.facet.unt.edu.ar\/mecom2018\/wp-content\/uploads\/sites\/43\/2018\/02\/Triptico1987-155x311.jpg\" height=\"500\" width=\"250\" alt=\"\" class=\"slider-572 slide-665\" \/><div class=\"caption-wrap\"><div class=\"caption\">1987 Bariloche<\/div><\/div><\/li>\n                <li style=\"display: none; width: 100%;\" class=\"slide-639 ms-image\"><img src=\"https:\/\/www.facet.unt.edu.ar\/mecom2018\/wp-content\/uploads\/sites\/43\/2018\/02\/Congreso1990-250x500.jpg\" height=\"500\" width=\"250\" alt=\"\" class=\"slider-572 slide-639\" \/><div class=\"caption-wrap\"><div class=\"caption\">1990 Mar del Plata<\/div><\/div><\/li>\n                <li style=\"display: none; width: 100%;\" class=\"slide-640 ms-image\"><img src=\"https:\/\/www.facet.unt.edu.ar\/mecom2018\/wp-content\/uploads\/sites\/43\/2018\/02\/Congreso1992-250x500.jpg\" height=\"500\" width=\"250\" alt=\"\" class=\"slider-572 slide-640\" \/><div class=\"caption-wrap\"><div class=\"caption\">1992 Bariloche<\/div><\/div><\/li>\n                <li style=\"display: none; width: 100%;\" class=\"slide-641 ms-image\"><img src=\"https:\/\/www.facet.unt.edu.ar\/mecom2018\/wp-content\/uploads\/sites\/43\/2018\/02\/Congreso1994-250x500.jpg\" height=\"500\" width=\"250\" alt=\"\" class=\"slider-572 slide-641\" \/><div class=\"caption-wrap\"><div class=\"caption\">1994 Mar del Plata<\/div><\/div><\/li>\n                <li style=\"display: none; width: 100%;\" class=\"slide-642 ms-image\"><img src=\"https:\/\/www.facet.unt.edu.ar\/mecom2018\/wp-content\/uploads\/sites\/43\/2018\/02\/Congreso1997-250x500.jpg\" height=\"500\" width=\"250\" alt=\"\" class=\"slider-572 slide-642\" \/><div class=\"caption-wrap\"><div class=\"caption\">1997 Bariloche<\/div><\/div><\/li>\n                <li style=\"display: none; width: 100%;\" class=\"slide-643 ms-image\"><img src=\"https:\/\/www.facet.unt.edu.ar\/mecom2018\/wp-content\/uploads\/sites\/43\/2018\/02\/Congreso1999-250x500.jpg\" height=\"500\" width=\"250\" alt=\"\" class=\"slider-572 slide-643\" \/><div class=\"caption-wrap\"><div class=\"caption\">1999 Mendoza<\/div><\/div><\/li>\n                <li style=\"display: none; width: 100%;\" class=\"slide-644 ms-image\"><img src=\"https:\/\/www.facet.unt.edu.ar\/mecom2018\/wp-content\/uploads\/sites\/43\/2018\/02\/Congreso2001-250x500.jpg\" height=\"500\" width=\"250\" alt=\"\" class=\"slider-572 slide-644\" \/><div class=\"caption-wrap\"><div class=\"caption\">2001 Cordoba<\/div><\/div><\/li>\n                <li style=\"display: none; width: 100%;\" class=\"slide-661 ms-image\"><img src=\"https:\/\/www.facet.unt.edu.ar\/mecom2018\/wp-content\/uploads\/sites\/43\/2018\/02\/Congreso2002-250x500.jpg\" height=\"500\" width=\"250\" alt=\"\" class=\"slider-572 slide-661\" \/><div class=\"caption-wrap\"><div class=\"caption\">2002 Santa Fe<\/div><\/div><\/li>\n                <li style=\"display: none; width: 100%;\" class=\"slide-645 ms-image\"><img src=\"https:\/\/www.facet.unt.edu.ar\/mecom2018\/wp-content\/uploads\/sites\/43\/2018\/02\/Congreso2003-250x500.jpg\" height=\"500\" width=\"250\" alt=\"\" class=\"slider-572 slide-645\" \/><div class=\"caption-wrap\"><div class=\"caption\">2003 Bah\u00eda Blanca<\/div><\/div><\/li>\n                <li style=\"display: none; width: 100%;\" class=\"slide-659 ms-image\"><img src=\"https:\/\/www.facet.unt.edu.ar\/mecom2018\/wp-content\/uploads\/sites\/43\/2018\/02\/Congreso2004-128x256.jpg\" height=\"500\" width=\"250\" alt=\"\" class=\"slider-572 slide-659\" \/><div class=\"caption-wrap\"><div class=\"caption\">2004 Bariloche<\/div><\/div><\/li>\n                <li style=\"display: none; width: 100%;\" class=\"slide-646 ms-image\"><img src=\"https:\/\/www.facet.unt.edu.ar\/mecom2018\/wp-content\/uploads\/sites\/43\/2018\/02\/Congreso2005-250x500.jpg\" height=\"500\" width=\"250\" alt=\"\" class=\"slider-572 slide-646\" \/><div class=\"caption-wrap\"><div class=\"caption\">2005 Buenos Aires<\/div><\/div><\/li>\n                <li style=\"display: none; width: 100%;\" class=\"slide-647 ms-image\"><img src=\"https:\/\/www.facet.unt.edu.ar\/mecom2018\/wp-content\/uploads\/sites\/43\/2018\/02\/Triptico2006-250x500.jpg\" height=\"500\" width=\"250\" alt=\"\" class=\"slider-572 slide-647\" \/><div class=\"caption-wrap\"><div class=\"caption\">2006 Santa Fe<\/div><\/div><\/li>\n                <li style=\"display: none; width: 100%;\" class=\"slide-648 ms-image\"><img src=\"https:\/\/www.facet.unt.edu.ar\/mecom2018\/wp-content\/uploads\/sites\/43\/2018\/02\/Triptico2007-250x500.jpg\" height=\"500\" width=\"250\" alt=\"\" class=\"slider-572 slide-648\" \/><div class=\"caption-wrap\"><div class=\"caption\">2007 Cordoba<\/div><\/div><\/li>\n                <li style=\"display: none; width: 100%;\" class=\"slide-649 ms-image\"><img src=\"https:\/\/www.facet.unt.edu.ar\/mecom2018\/wp-content\/uploads\/sites\/43\/2018\/02\/Triptico2008-250x500.jpg\" height=\"500\" width=\"250\" alt=\"\" class=\"slider-572 slide-649\" \/><div class=\"caption-wrap\"><div class=\"caption\">2008 San Luis<\/div><\/div><\/li>\n                <li style=\"display: none; width: 100%;\" class=\"slide-650 ms-image\"><img src=\"https:\/\/www.facet.unt.edu.ar\/mecom2018\/wp-content\/uploads\/sites\/43\/2018\/02\/Triptico2009-250x500.jpg\" height=\"500\" width=\"250\" alt=\"\" class=\"slider-572 slide-650\" \/><div class=\"caption-wrap\"><div class=\"caption\">2009 Tandil<\/div><\/div><\/li>\n                <li style=\"display: none; width: 100%;\" class=\"slide-663 ms-image\"><img src=\"https:\/\/www.facet.unt.edu.ar\/mecom2018\/wp-content\/uploads\/sites\/43\/2018\/02\/Triptico2010-250x500.jpg\" height=\"500\" width=\"250\" alt=\"\" class=\"slider-572 slide-663\" \/><div class=\"caption-wrap\"><div class=\"caption\">2010 Buenos Aires<\/div><\/div><\/li>\n                <li style=\"display: none; width: 100%;\" class=\"slide-651 ms-image\"><img src=\"https:\/\/www.facet.unt.edu.ar\/mecom2018\/wp-content\/uploads\/sites\/43\/2018\/02\/Triptico2011-250x500.jpg\" height=\"500\" width=\"250\" alt=\"\" class=\"slider-572 slide-651\" \/><div class=\"caption-wrap\"><div class=\"caption\">2011 Rosario<\/div><\/div><\/li>\n                <li style=\"display: none; width: 100%;\" class=\"slide-653 ms-image\"><img src=\"https:\/\/www.facet.unt.edu.ar\/mecom2018\/wp-content\/uploads\/sites\/43\/2018\/02\/Triptico2012-250x500.jpg\" height=\"500\" width=\"250\" alt=\"\" class=\"slider-572 slide-653\" \/><div class=\"caption-wrap\"><div class=\"caption\">2012 Salta<\/div><\/div><\/li>\n                <li style=\"display: none; width: 100%;\" class=\"slide-652 ms-image\"><img src=\"https:\/\/www.facet.unt.edu.ar\/mecom2018\/wp-content\/uploads\/sites\/43\/2018\/02\/Triptico2013-250x500.jpg\" height=\"500\" width=\"250\" alt=\"\" class=\"slider-572 slide-652\" \/><div class=\"caption-wrap\"><div class=\"caption\">2013 Mendoza<\/div><\/div><\/li>\n                <li style=\"display: none; width: 100%;\" class=\"slide-655 ms-image\"><img src=\"https:\/\/www.facet.unt.edu.ar\/mecom2018\/wp-content\/uploads\/sites\/43\/2018\/02\/Triptico2014-250x500.jpg\" height=\"500\" width=\"250\" alt=\"\" class=\"slider-572 slide-655\" \/><div class=\"caption-wrap\"><div class=\"caption\">2014 Bariloche<\/div><\/div><\/li>\n                <li style=\"display: none; width: 100%;\" class=\"slide-654 ms-image\"><img src=\"https:\/\/www.facet.unt.edu.ar\/mecom2018\/wp-content\/uploads\/sites\/43\/2018\/02\/Triptico2015-250x500.jpg\" height=\"500\" width=\"250\" alt=\"\" class=\"slider-572 slide-654\" \/><div class=\"caption-wrap\"><div class=\"caption\">2015 Buenos Aires<\/div><\/div><\/li>\n                <li style=\"display: none; width: 100%;\" class=\"slide-657 ms-image\"><img src=\"https:\/\/www.facet.unt.edu.ar\/mecom2018\/wp-content\/uploads\/sites\/43\/2018\/02\/Congreso2016.jpg\" height=\"500\" width=\"250\" alt=\"\" class=\"slider-572 slide-657\" \/><div class=\"caption-wrap\"><div class=\"caption\">2016 Cordoba<\/div><\/div><\/li>\n                <li style=\"display: none; width: 100%;\" class=\"slide-656 ms-image\"><img src=\"https:\/\/www.facet.unt.edu.ar\/mecom2018\/wp-content\/uploads\/sites\/43\/2018\/02\/Congreso2017a-129x259.jpg\" height=\"500\" width=\"250\" alt=\"\" class=\"slider-572 slide-656\" \/><div class=\"caption-wrap\"><div class=\"caption\">2017 La Plata<\/div><\/div><\/li>\n            <\/ul>\n        <\/div>\n        \n    <\/div>\n<\/div>\n<p>&nbsp;<\/p>\n<h1>Historia de los Congresos<\/h1>\n<p>Los Congresos sobre M\u00e9todos Num\u00e9ricos y sus Aplicaciones (ENIEF y\/o MECOM) poseen una s\u00f3lida historia en el pa\u00eds. El primero se realiz\u00f3 en 1983 en el Centro At\u00f3mico de Bariloche. Esta fue la semilla para la reuni\u00f3n de los investigadores que en Argentina estaban trabajando en M\u00e9todos Num\u00e9ricos para Ingenier\u00eda. El siguiente ENIEF se realiz\u00f3 tambi\u00e9n en Bariloche en 1984 y dio lugar a la creaci\u00f3n de la Asociaci\u00f3n Argentina de Mec\u00e1nica Computacional (AMCA) en 1985, a\u00f1o en que se realiz\u00f3 el MECOM: primer Congreso Argentino de Mec\u00e1nica Computacional. Desde entonces se han alternado en su realizaci\u00f3n once MECOM y veintitr\u00e9s ENIEF. Las actas de estos congresos forman parte de la serie \u201cMec\u00e1nica Computacional\u201d (<a href=\"http:\/\/www.cimec.org.ar\/ojs\/index.php\/mc\" target=\"_blank\" rel=\"noopener\">http:\/\/www.cimec.org.ar\/ojs\/index.php\/mc<\/a>) editada por la AMCA, que posee en la actualidad 35 vol\u00famenes. Algunos de estos congresos han trascendido el \u00e1mbito del pa\u00eds y as\u00ed en 2002 el VII MECOM en Paran\u00e1 fue el primer congreso Sudamericano en Mec\u00e1nica Computacional. Adem\u00e1s con motivo de conmemorarse en el a\u00f1o 2010 el Bicentenario, se ha realizado en noviembre del 2010 en la Ciudad Aut\u00f3noma de Bs. As. el MECOM-CILAMCE 2010 coorganizado por el AMCA y ABMEC (Associa\u00e7\u00e3o Brasileira de M\u00e9todos Computacionais em Engenharia). En el a\u00f1o 2015, AMCA gan\u00f3 en concurso abierto la organizaci\u00f3n del Primer Congreso Pan Americano en la especialidad, que se realiz\u00f3 en la Ciudad de Buenos Aires conjuntamente con el MECOM2015. En el a\u00f1o 2016, el congreso se realiz\u00f3 en la Ciudad de C\u00f3rdoba, en la segunda semana del mes de noviembre y fue organizado por la Facultad regional C\u00f3rdoba de la Universidad Tecnol\u00f3gica Nacional. En el 2017 ENIEF fue organizado por el Grupo Fluidodin\u00e1mico Computacional \u2013 GFC, de la Facultad de Ingenier\u00eda de la Universidad Nacional de La Plata. En en 2018, el congreso se llevar\u00e1 a cabo bajo el nombre MECOM, en la Ciudad de Yerba Buena, Tucum\u00e1n, organizado por la Facultad de Ciencias Exactas y Tecnolog\u00eda (FACET), de la Universidad Nacional de Tucum\u00e1n (UNT), en conjunto con la Asociaci\u00f3n Argentina de Mec\u00e1nica Computacional, AMCA<\/p>\n","protected":false},"excerpt":{"rendered":"<p>&nbsp; Historia de los Congresos Los Congresos sobre M\u00e9todos Num\u00e9ricos y sus Aplicaciones (ENIEF y\/o MECOM) poseen una s\u00f3lida historia en el pa\u00eds. El primero se realiz\u00f3 en 1983 en el Centro At\u00f3mico de Bariloche. Esta fue la semilla para la reuni\u00f3n de los investigadores que en Argentina estaban trabajando en M\u00e9todos Num\u00e9ricos para Ingenier\u00eda. [&hellip;]<\/p>\n","protected":false},"author":101037,"featured_media":0,"parent":0,"menu_order":8,"comment_status":"closed","ping_status":"closed","template":"","meta":[],"_links":{"self":[{"href":"https:\/\/www.facet.unt.edu.ar\/mecom2018\/wp-json\/wp\/v2\/pages\/128"}],"collection":[{"href":"https:\/\/www.facet.unt.edu.ar\/mecom2018\/wp-json\/wp\/v2\/pages"}],"about":[{"href":"https:\/\/www.facet.unt.edu.ar\/mecom2018\/wp-json\/wp\/v2\/types\/page"}],"author":[{"embeddable":true,"href":"https:\/\/www.facet.unt.edu.ar\/mecom2018\/wp-json\/wp\/v2\/users\/101037"}],"replies":[{"embeddable":true,"href":"https:\/\/www.facet.unt.edu.ar\/mecom2018\/wp-json\/wp\/v2\/comments?post=128"}],"version-history":[{"count":8,"href":"https:\/\/www.facet.unt.edu.ar\/mecom2018\/wp-json\/wp\/v2\/pages\/128\/revisions"}],"predecessor-version":[{"id":1096,"href":"https:\/\/www.facet.unt.edu.ar\/mecom2018\/wp-json\/wp\/v2\/pages\/128\/revisions\/1096"}],"wp:attachment":[{"href":"https:\/\/www.facet.unt.edu.ar\/mecom2018\/wp-json\/wp\/v2\/media?parent=128"}],"curies":[{"name":"wp","href":"https:\/\/api.w.org\/{rel}","templated":true}]}}