{"id":1493,"date":"2018-10-26T10:45:26","date_gmt":"2018-10-26T13:45:26","guid":{"rendered":"https:\/\/www.facet.unt.edu.ar\/mecom2018\/?page_id=1493"},"modified":"2018-10-27T17:21:34","modified_gmt":"2018-10-27T20:21:34","slug":"turismo","status":"publish","type":"page","link":"https:\/\/www.facet.unt.edu.ar\/mecom2018\/turismo\/","title":{"rendered":"Turismo"},"content":{"rendered":"<ul>\n<li>Puede encontrar distintas actividades tur\u00edsticas para realizar en la provincia de Tucum\u00e1n en la web del\u00a0<a href=\"https:\/\/www.tucumanturismo.gob.ar\/institucional\/15019\/147\/ente-autarquico-tucuman-turismo-eatt\" target=\"_blank\" rel=\"noopener\">Ente Aut\u00e1rquico Tucum\u00e1n Turismo<\/a>.<\/li>\n<li><strong>Excursiones en Bus<\/strong> realizadas por la la empresa Yastay: Ciudad y alrededores, San Javier y Villa Nougu\u00e9s, Cadillal, Raco, Taf\u00ed del Valle. (Para m\u00e1s Informaci\u00f3n visite el siguiente <a href=\"https:\/\/www.facet.unt.edu.ar\/mecom2018\/wp-content\/uploads\/sites\/43\/2018\/10\/Excursiones.pdf\" target=\"_blank\" rel=\"attachment noopener wp-att-1521\">enlace<\/a>).<\/li>\n<li><strong>Caminatas<\/strong> organizadas por distintos circuitos tur\u00edsticos (Para m\u00e1s Informaci\u00f3n visite el siguiente <a href=\"https:\/\/www.facet.unt.edu.ar\/mecom2018\/wp-content\/uploads\/sites\/43\/2018\/10\/Caminatas-1.pdf\" target=\"_blank\" rel=\"attachment noopener wp-att-1521\">enlace<\/a>).<\/li>\n<\/ul>\n","protected":false},"excerpt":{"rendered":"<p>Puede encontrar distintas actividades tur\u00edsticas para realizar en la provincia de Tucum\u00e1n en la web del\u00a0Ente Aut\u00e1rquico Tucum\u00e1n Turismo. Excursiones en Bus realizadas por la la empresa Yastay: Ciudad y alrededores, San Javier y Villa Nougu\u00e9s, Cadillal, Raco, Taf\u00ed del Valle. (Para m\u00e1s Informaci\u00f3n visite el siguiente enlace). Caminatas organizadas por distintos circuitos tur\u00edsticos (Para [&hellip;]<\/p>\n","protected":false},"author":101037,"featured_media":0,"parent":0,"menu_order":0,"comment_status":"closed","ping_status":"closed","template":"","meta":[],"_links":{"self":[{"href":"https:\/\/www.facet.unt.edu.ar\/mecom2018\/wp-json\/wp\/v2\/pages\/1493"}],"collection":[{"href":"https:\/\/www.facet.unt.edu.ar\/mecom2018\/wp-json\/wp\/v2\/pages"}],"about":[{"href":"https:\/\/www.facet.unt.edu.ar\/mecom2018\/wp-json\/wp\/v2\/types\/page"}],"author":[{"embeddable":true,"href":"https:\/\/www.facet.unt.edu.ar\/mecom2018\/wp-json\/wp\/v2\/users\/101037"}],"replies":[{"embeddable":true,"href":"https:\/\/www.facet.unt.edu.ar\/mecom2018\/wp-json\/wp\/v2\/comments?post=1493"}],"version-history":[{"count":24,"href":"https:\/\/www.facet.unt.edu.ar\/mecom2018\/wp-json\/wp\/v2\/pages\/1493\/revisions"}],"predecessor-version":[{"id":1533,"href":"https:\/\/www.facet.unt.edu.ar\/mecom2018\/wp-json\/wp\/v2\/pages\/1493\/revisions\/1533"}],"wp:attachment":[{"href":"https:\/\/www.facet.unt.edu.ar\/mecom2018\/wp-json\/wp\/v2\/media?parent=1493"}],"curies":[{"name":"wp","href":"https:\/\/api.w.org\/{rel}","templated":true}]}}