{"id":357,"date":"2018-02-21T00:25:55","date_gmt":"2018-02-21T03:25:55","guid":{"rendered":"https:\/\/www.facet.unt.edu.ar\/mecom2018\/?page_id=357"},"modified":"2018-03-03T02:29:11","modified_gmt":"2018-03-03T05:29:11","slug":"modelado-multiescala-de-materiales","status":"publish","type":"page","link":"https:\/\/www.facet.unt.edu.ar\/mecom2018\/sesiones\/modelado-multiescala-de-materiales\/","title":{"rendered":"MODELADO MULTIESCALA DE MATERIALES"},"content":{"rendered":"<table>\n<tbody>\n<tr>\n<td style=\"background-color: #424242; text-align: center; vertical-align: middle;\"><a href=\"https:\/\/www.facet.unt.edu.ar\/mecom2018\/sesiones\/modelado-de-sistemas-multicuerpos\/\"><span style=\"font-size: 18pt; font-family: 'arial black', sans-serif;\"><span style=\"color: #ffffff;\"><span style=\"font-size: 14pt;\">&lt;<\/span> <span style=\"font-family: arial, helvetica, sans-serif; font-size: 14pt;\">Anterior<\/span><\/span><\/span><\/a><\/td>\n<td style=\"text-align: center; vertical-align: middle;\"><span style=\"font-family: arial, helvetica, sans-serif; font-size: 14pt;\"><a href=\"https:\/\/www.facet.unt.edu.ar\/mecom2018\/sesiones\/\"><strong>Otras Sesiones<\/strong><\/a><\/span><\/td>\n<td style=\"background-color: #424242; text-align: center; vertical-align: middle;\"><a href=\"https:\/\/www.facet.unt.edu.ar\/mecom2018\/sesiones\/bioingenieria-y-biomecanica\/\"><span style=\"font-family: 'arial black', sans-serif;\"><span style=\"font-size: 14pt; font-family: arial, helvetica, sans-serif;\"><span style=\"color: #ffffff;\">Siguiente<\/span><\/span><span style=\"font-size: 14pt;\"><strong><span style=\"color: #ffffff;\"> &gt;<\/span><\/strong><\/span><\/span><\/a><\/td>\n<\/tr>\n<\/tbody>\n<\/table>\n<p><strong>Organizadores<\/strong><\/p>\n<p>Mart\u00edn I. Idiart, UNLP\/CONICET<\/p>\n<p>Sebasti\u00e1n Giusti, UTN\/CONICET<\/p>\n<p>Pablo Sanchez, UNL\/CONICET<\/p>\n<p>&nbsp;<\/p>\n<p><strong>Descripci\u00f3n:<\/strong><\/p>\n<p style=\"text-align: justify;\">Esta sesi\u00f3n reune contribuciones sobre avances recientes en el modelado de respuestas materiales a trav\u00e9s de m\u00faltiples escalas espaciales y temporales. Los temas de inter\u00e9s comprenden desarrollos y aplicaciones de teor\u00edas constitutivas que describan respuestas mec\u00e1nicas, f\u00edsicas y acopladas tales como elasto-plasticidad, visco-plasticidad, hiper-elasticidad, conductividad t\u00e9rmica, ferroelectricidad, etc. Desarrollos basados en m\u00e9todos de homogenizaci\u00f3n y de din\u00e1mica molecular ser\u00e1n de particular inter\u00e9s.<\/p>\n<p style=\"text-align: justify;\">PALABRAS CLAVE: modelado constitutivo; m\u00faltiples escalas; homogenizaci\u00f3n; din\u00e1mica molecular<\/p>\n<p style=\"text-align: justify;\">\n","protected":false},"excerpt":{"rendered":"<p>&lt; Anterior Otras Sesiones Siguiente &gt; Organizadores Mart\u00edn I. Idiart, UNLP\/CONICET Sebasti\u00e1n Giusti, UTN\/CONICET Pablo Sanchez, UNL\/CONICET &nbsp; Descripci\u00f3n: Esta sesi\u00f3n reune contribuciones sobre avances recientes en el modelado de respuestas materiales a trav\u00e9s de m\u00faltiples escalas espaciales y temporales. Los temas de inter\u00e9s comprenden desarrollos y aplicaciones de teor\u00edas constitutivas que describan respuestas mec\u00e1nicas, [&hellip;]<\/p>\n","protected":false},"author":20,"featured_media":0,"parent":112,"menu_order":0,"comment_status":"closed","ping_status":"closed","template":"","meta":[],"_links":{"self":[{"href":"https:\/\/www.facet.unt.edu.ar\/mecom2018\/wp-json\/wp\/v2\/pages\/357"}],"collection":[{"href":"https:\/\/www.facet.unt.edu.ar\/mecom2018\/wp-json\/wp\/v2\/pages"}],"about":[{"href":"https:\/\/www.facet.unt.edu.ar\/mecom2018\/wp-json\/wp\/v2\/types\/page"}],"author":[{"embeddable":true,"href":"https:\/\/www.facet.unt.edu.ar\/mecom2018\/wp-json\/wp\/v2\/users\/20"}],"replies":[{"embeddable":true,"href":"https:\/\/www.facet.unt.edu.ar\/mecom2018\/wp-json\/wp\/v2\/comments?post=357"}],"version-history":[{"count":19,"href":"https:\/\/www.facet.unt.edu.ar\/mecom2018\/wp-json\/wp\/v2\/pages\/357\/revisions"}],"predecessor-version":[{"id":1012,"href":"https:\/\/www.facet.unt.edu.ar\/mecom2018\/wp-json\/wp\/v2\/pages\/357\/revisions\/1012"}],"up":[{"embeddable":true,"href":"https:\/\/www.facet.unt.edu.ar\/mecom2018\/wp-json\/wp\/v2\/pages\/112"}],"wp:attachment":[{"href":"https:\/\/www.facet.unt.edu.ar\/mecom2018\/wp-json\/wp\/v2\/media?parent=357"}],"curies":[{"name":"wp","href":"https:\/\/api.w.org\/{rel}","templated":true}]}}