{"id":388,"date":"2018-02-21T09:09:46","date_gmt":"2018-02-21T12:09:46","guid":{"rendered":"https:\/\/www.facet.unt.edu.ar\/mecom2018\/?page_id=388"},"modified":"2018-03-03T02:24:59","modified_gmt":"2018-03-03T05:24:59","slug":"aplicaciones-industriales","status":"publish","type":"page","link":"https:\/\/www.facet.unt.edu.ar\/mecom2018\/sesiones\/aplicaciones-industriales\/","title":{"rendered":"APLICACIONES INDUSTRIALES"},"content":{"rendered":"<table>\n<tbody>\n<tr>\n<td style=\"background-color: #424242; text-align: center; vertical-align: middle;\"><a href=\"https:\/\/www.facet.unt.edu.ar\/mecom2018\/sesiones\/aplicaciones-de-wavelets\/\"><span style=\"font-size: 18pt; font-family: 'arial black', sans-serif;\"><span style=\"color: #ffffff;\"><span style=\"font-size: 14pt;\">&lt;<\/span> <span style=\"font-family: arial, helvetica, sans-serif; font-size: 14pt;\">Anterior<\/span><\/span><\/span><\/a><\/td>\n<td style=\"text-align: center; vertical-align: middle;\"><span style=\"font-family: arial, helvetica, sans-serif; font-size: 14pt;\"><strong><a href=\"https:\/\/www.facet.unt.edu.ar\/mecom2018\/sesiones\/\">Otras Sesiones<\/a><\/strong><\/span><\/td>\n<td style=\"background-color: #424242; text-align: center; vertical-align: middle;\"><a href=\"https:\/\/www.facet.unt.edu.ar\/mecom2018\/sesiones\/computacion-de-alto-desempeno\/\"><span style=\"font-family: 'arial black', sans-serif;\"><span style=\"font-size: 14pt; font-family: arial, helvetica, sans-serif;\"><span style=\"color: #ffffff;\">Siguiente<\/span><\/span><span style=\"font-size: 14pt;\"><strong><span style=\"color: #ffffff;\"> &gt;<\/span><\/strong><\/span><\/span><\/a><\/td>\n<\/tr>\n<\/tbody>\n<\/table>\n<p><strong>Organizadores<\/strong><\/p>\n<p>Dami\u00e1n E. Ramajo<\/p>\n<p>Javier Salomone<\/p>\n<p>Gonzalo Mognol<\/p>\n<p>&nbsp;<\/p>\n<p><strong>Descripci\u00f3n:<\/strong><\/p>\n<p style=\"text-align: justify;\">El objetivo de la sesi\u00f3n es mostrar casos de aplicaci\u00f3n de m\u00e9todos num\u00e9ricos para la resoluci\u00f3n de problemas de ingenier\u00eda derivados de la actividad industrial,\u00a0gubernamental, etc. Se pretende generar un \u00e1mbito de discusi\u00f3n donde los grupos de trabajo relacionados con esta tem\u00e1tica puedan mostrar sus avances y plantear las\u00a0dificultades, temas pendientes y propuestas de soluci\u00f3n, tendientes a brindar respuestas cada vez m\u00e1s completas y precisas a los problemas planteados por el sector industrial.<\/p>\n<p>Temas:<\/p>\n<ul>\n<li style=\"text-align: justify;\">Instalaciones industriales: industria de procesos, petroqu\u00edmica, metal\u00fargica, etc.<\/li>\n<li style=\"text-align: justify;\">M\u00e1quinas: solicitaciones mec\u00e1nicas, flujo externo e interno en componentes.<\/li>\n<li style=\"text-align: justify;\">Estructuras: sistemas de soporte, sistemas de transporte, cargas est\u00e1ticas y din\u00e1micas, vibraciones, etc.<\/li>\n<li style=\"text-align: justify;\">Veh\u00edculos: comportamiento din\u00e1mico, solicitaciones estructurales y aerodin\u00e1mica exterior, flujo interior en habit\u00e1culos, motores de combusti\u00f3n interna.<\/li>\n<li style=\"text-align: justify;\">Recipientes sometidos a presi\u00f3n y reactores: verificaci\u00f3n de equipos sometidos a presi\u00f3n y temperatura.<\/li>\n<li style=\"text-align: justify;\">Procesos de fabricaci\u00f3n: simulaci\u00f3n de fabricaci\u00f3n de partes met\u00e1licas, materiales compuestos, etc.<\/li>\n<li style=\"text-align: justify;\">Modelado de procesos f\u00edsicos y qu\u00edmicos de aplicaci\u00f3n industrial: procesos con transferencia de masa y energ\u00eda, sistemas multif\u00e1sicos y multicomponentes.<\/li>\n<li style=\"text-align: justify;\">An\u00e1lisis de fallas e ingenier\u00eda forense: peritajes, estudio de fallas.<\/li>\n<li style=\"text-align: justify;\">FEA y CFD para el dise\u00f1o y optimizaci\u00f3n de dispositivos.<\/li>\n<\/ul>\n<p style=\"text-align: justify;\">PALABRAS CLAVE:<\/p>\n<p style=\"text-align: justify;\">\n","protected":false},"excerpt":{"rendered":"<p>&lt; Anterior Otras Sesiones Siguiente &gt; Organizadores Dami\u00e1n E. Ramajo Javier Salomone Gonzalo Mognol &nbsp; Descripci\u00f3n: El objetivo de la sesi\u00f3n es mostrar casos de aplicaci\u00f3n de m\u00e9todos num\u00e9ricos para la resoluci\u00f3n de problemas de ingenier\u00eda derivados de la actividad industrial,\u00a0gubernamental, etc. Se pretende generar un \u00e1mbito de discusi\u00f3n donde los grupos de trabajo relacionados [&hellip;]<\/p>\n","protected":false},"author":101037,"featured_media":0,"parent":112,"menu_order":0,"comment_status":"closed","ping_status":"closed","template":"","meta":[],"_links":{"self":[{"href":"https:\/\/www.facet.unt.edu.ar\/mecom2018\/wp-json\/wp\/v2\/pages\/388"}],"collection":[{"href":"https:\/\/www.facet.unt.edu.ar\/mecom2018\/wp-json\/wp\/v2\/pages"}],"about":[{"href":"https:\/\/www.facet.unt.edu.ar\/mecom2018\/wp-json\/wp\/v2\/types\/page"}],"author":[{"embeddable":true,"href":"https:\/\/www.facet.unt.edu.ar\/mecom2018\/wp-json\/wp\/v2\/users\/101037"}],"replies":[{"embeddable":true,"href":"https:\/\/www.facet.unt.edu.ar\/mecom2018\/wp-json\/wp\/v2\/comments?post=388"}],"version-history":[{"count":12,"href":"https:\/\/www.facet.unt.edu.ar\/mecom2018\/wp-json\/wp\/v2\/pages\/388\/revisions"}],"predecessor-version":[{"id":1001,"href":"https:\/\/www.facet.unt.edu.ar\/mecom2018\/wp-json\/wp\/v2\/pages\/388\/revisions\/1001"}],"up":[{"embeddable":true,"href":"https:\/\/www.facet.unt.edu.ar\/mecom2018\/wp-json\/wp\/v2\/pages\/112"}],"wp:attachment":[{"href":"https:\/\/www.facet.unt.edu.ar\/mecom2018\/wp-json\/wp\/v2\/media?parent=388"}],"curies":[{"name":"wp","href":"https:\/\/api.w.org\/{rel}","templated":true}]}}