{"id":392,"date":"2018-02-21T09:13:15","date_gmt":"2018-02-21T12:13:15","guid":{"rendered":"https:\/\/www.facet.unt.edu.ar\/mecom2018\/?page_id=392"},"modified":"2018-03-03T02:29:35","modified_gmt":"2018-03-03T05:29:35","slug":"bioingenieria-y-biomecanica","status":"publish","type":"page","link":"https:\/\/www.facet.unt.edu.ar\/mecom2018\/sesiones\/bioingenieria-y-biomecanica\/","title":{"rendered":"MODELIZACI\u00d3N COMPUTACIONAL EN BIOINGENIER\u00cdA, BIOMEC\u00c1NICA Y SISTEMAS BIOM\u00c9DICOS"},"content":{"rendered":"<table>\n<tbody>\n<tr>\n<td style=\"background-color: #424242; text-align: center; vertical-align: middle;\"><a href=\"https:\/\/www.facet.unt.edu.ar\/mecom2018\/sesiones\/modelado-multiescala-de-materiales\/\"><span style=\"font-size: 18pt; font-family: 'arial black', sans-serif;\"><span style=\"color: #ffffff;\"><span style=\"font-size: 14pt;\">&lt;<\/span> <span style=\"font-family: arial, helvetica, sans-serif; font-size: 14pt;\">Anterior<\/span><\/span><\/span><\/a><\/td>\n<td style=\"text-align: center; vertical-align: middle;\"><span style=\"font-family: arial, helvetica, sans-serif; font-size: 14pt;\"><strong><a href=\"https:\/\/www.facet.unt.edu.ar\/mecom2018\/sesiones\/\">Otras Sesiones<\/a><\/strong><\/span><\/td>\n<td style=\"background-color: #424242; text-align: center; vertical-align: middle;\"><a href=\"https:\/\/www.facet.unt.edu.ar\/mecom2018\/sesiones\/multifisica\/\"><span style=\"font-family: 'arial black', sans-serif;\"><span style=\"font-size: 14pt; font-family: arial, helvetica, sans-serif;\"><span style=\"color: #ffffff;\">Siguiente<\/span><\/span><span style=\"font-size: 14pt;\"><strong><span style=\"color: #ffffff;\"> &gt;<\/span><\/strong><\/span><\/span><\/a><\/td>\n<\/tr>\n<\/tbody>\n<\/table>\n<p><strong>Organizadores<\/strong><\/p>\n<p>Santiago Urquiza,\u00a0UNMDP, Mar del Plata, Argentina, <a href=\"mailto:santiago.urquiza@fi.mdp.edu.ar\">santiago.urquiza@fi.mdp.edu.ar<\/a><\/p>\n<p>Pablo Blanco,\u00a0 LNCC\/MCTI, Petr\u00f3polis, Brazil,\u00a0 <a href=\"mailto:pjblanco@lncc.br\">pjblanco@lncc.br<\/a><\/p>\n<p><strong>Descripci\u00f3n:<\/strong><\/p>\n<p>El objetivo de esta session es reunir investigadores para compartir sus \u00faltimos logros cient\u00edficos en el campo de la modelaci\u00f3n computacional y simulaci\u00f3n num\u00e9rica de sistemas de bioingenier\u00eda y biom\u00e9dicos. Son bienvenidas contribuciones num\u00e9ricas y practices en las siguientes \u00e1reas y t\u00f3picos:<\/p>\n<ul>\n<li>Modelaci\u00f3n anat\u00f3mica a partir de im\u00e1genes m\u00e9dicas<\/li>\n<li>Interacci\u00f3n fluido-estructura en fluidos fisiol\u00f3gicos<\/li>\n<li>Problemas inversos para caracterizaci\u00f3n in vivo de materiales<\/li>\n<li>Modelaci\u00f3n y simulaci\u00f3n de crecimiento y remodelaci\u00f3n de tejidos<\/li>\n<li>Modelaci\u00f3n biomec\u00e1nica multiescala de tejidos vivos<\/li>\n<li>Modelaci\u00f3n fisiol\u00f3gica de \u00f3rganos y sistemas<\/li>\n<li>Transporte Biomec\u00e1nico<\/li>\n<li>Validaci\u00f3n de modelos biom\u00e9dicos<\/li>\n<li>Herramientas de realidad virtual y aumentada para simulaci\u00f3n y cirug\u00eda<\/li>\n<li>Tiempo-real en simulaci\u00f3n biom\u00e9dica<\/li>\n<li>Aplicaci\u00f3n de modelos en pr\u00e1ctica m\u00e9dica<\/li>\n<\/ul>\n<p style=\"text-align: justify;\">PALABRAS CLAVE:<\/p>\n<p style=\"text-align: justify;\">\n","protected":false},"excerpt":{"rendered":"<p>&lt; Anterior Otras Sesiones Siguiente &gt; Organizadores Santiago Urquiza,\u00a0UNMDP, Mar del Plata, Argentina, santiago.urquiza@fi.mdp.edu.ar Pablo Blanco,\u00a0 LNCC\/MCTI, Petr\u00f3polis, Brazil,\u00a0 pjblanco@lncc.br Descripci\u00f3n: El objetivo de esta session es reunir investigadores para compartir sus \u00faltimos logros cient\u00edficos en el campo de la modelaci\u00f3n computacional y simulaci\u00f3n num\u00e9rica de sistemas de bioingenier\u00eda y biom\u00e9dicos. Son bienvenidas contribuciones num\u00e9ricas [&hellip;]<\/p>\n","protected":false},"author":101037,"featured_media":0,"parent":112,"menu_order":0,"comment_status":"closed","ping_status":"closed","template":"","meta":[],"_links":{"self":[{"href":"https:\/\/www.facet.unt.edu.ar\/mecom2018\/wp-json\/wp\/v2\/pages\/392"}],"collection":[{"href":"https:\/\/www.facet.unt.edu.ar\/mecom2018\/wp-json\/wp\/v2\/pages"}],"about":[{"href":"https:\/\/www.facet.unt.edu.ar\/mecom2018\/wp-json\/wp\/v2\/types\/page"}],"author":[{"embeddable":true,"href":"https:\/\/www.facet.unt.edu.ar\/mecom2018\/wp-json\/wp\/v2\/users\/101037"}],"replies":[{"embeddable":true,"href":"https:\/\/www.facet.unt.edu.ar\/mecom2018\/wp-json\/wp\/v2\/comments?post=392"}],"version-history":[{"count":14,"href":"https:\/\/www.facet.unt.edu.ar\/mecom2018\/wp-json\/wp\/v2\/pages\/392\/revisions"}],"predecessor-version":[{"id":1013,"href":"https:\/\/www.facet.unt.edu.ar\/mecom2018\/wp-json\/wp\/v2\/pages\/392\/revisions\/1013"}],"up":[{"embeddable":true,"href":"https:\/\/www.facet.unt.edu.ar\/mecom2018\/wp-json\/wp\/v2\/pages\/112"}],"wp:attachment":[{"href":"https:\/\/www.facet.unt.edu.ar\/mecom2018\/wp-json\/wp\/v2\/media?parent=392"}],"curies":[{"name":"wp","href":"https:\/\/api.w.org\/{rel}","templated":true}]}}