{"id":403,"date":"2018-02-21T09:22:26","date_gmt":"2018-02-21T12:22:26","guid":{"rendered":"https:\/\/www.facet.unt.edu.ar\/mecom2018\/?page_id=403"},"modified":"2018-03-03T02:26:15","modified_gmt":"2018-03-03T05:26:15","slug":"dinamica-estructural","status":"publish","type":"page","link":"https:\/\/www.facet.unt.edu.ar\/mecom2018\/sesiones\/dinamica-estructural\/","title":{"rendered":"DIN\u00c1MICA ESTRUCTURAL"},"content":{"rendered":"<table>\n<tbody>\n<tr>\n<td style=\"background-color: #424242; text-align: center; vertical-align: middle;\"><a href=\"https:\/\/www.facet.unt.edu.ar\/mecom2018\/sesiones\/cuantificacion-de-incertidumbre-y-modelado-estocastico\/\"><span style=\"font-size: 18pt; font-family: 'arial black', sans-serif;\"><span style=\"color: #ffffff;\"><span style=\"font-size: 14pt;\">&lt;<\/span> <span style=\"font-family: arial, helvetica, sans-serif; font-size: 14pt;\">Anterior<\/span><\/span><\/span><\/a><\/td>\n<td style=\"text-align: center; vertical-align: middle;\"><span style=\"font-family: arial, helvetica, sans-serif; font-size: 14pt;\"><strong><a href=\"https:\/\/www.facet.unt.edu.ar\/mecom2018\/sesiones\/\">Otras Sesiones<\/a><\/strong><\/span><\/td>\n<td style=\"background-color: #424242; text-align: center; vertical-align: middle;\"><a href=\"https:\/\/www.facet.unt.edu.ar\/mecom2018\/sesiones\/ensenanza-de-metodos-numericos\/\"><span style=\"font-family: 'arial black', sans-serif;\"><span style=\"font-size: 14pt; font-family: arial, helvetica, sans-serif;\"><span style=\"color: #ffffff;\">Siguiente<\/span><\/span><span style=\"font-size: 14pt;\"><strong><span style=\"color: #ffffff;\"> &gt;<\/span><\/strong><\/span><\/span><\/a><\/td>\n<\/tr>\n<\/tbody>\n<\/table>\n<p><strong>Organizadores<\/strong><\/p>\n<p>Oscar Moller<\/p>\n<p>Victor Cortinez<\/p>\n<p>Jose Antonio Inaudi<\/p>\n<p>&nbsp;<\/p>\n<p><strong>Descripci\u00f3n:<\/strong><\/p>\n<p style=\"text-align: justify;\">Esta sesi\u00f3n est\u00e1 dirigida a trabajos que traten el an\u00e1lisis, dise\u00f1o y\u00a0 comportamiento de estructuras y componentes estructurales sometidos a la\u00a0 acci\u00f3n de cargas din\u00e1micas, tales como: viento, sismo, vibraciones,\u00a0 explosiones, impacto, etc. El \u00e9nfasis es en la aplicaci\u00f3n de m\u00e9todos\u00a0 num\u00e9ricos y t\u00e9cnicas computacionales que pueden acompa\u00f1arse de desarrollos\u00a0 te\u00f3ricos y\/o experimentales. El alcance es amplio y se incluyen trabajos\u00a0 relativos a: Sistemas discretos y continuos, lineales y no-lineales,\u00a0 determin\u00edsticos y aleatorios. Se considerar\u00e1n an\u00e1lisis de estructuras\u00a0 civiles, mec\u00e1nicas, aeron\u00e1uticas, y navales, entre otras.<\/p>\n<p style=\"text-align: justify;\">PALABRAS CLAVE:<\/p>\n","protected":false},"excerpt":{"rendered":"<p>&lt; Anterior Otras Sesiones Siguiente &gt; Organizadores Oscar Moller Victor Cortinez Jose Antonio Inaudi &nbsp; Descripci\u00f3n: Esta sesi\u00f3n est\u00e1 dirigida a trabajos que traten el an\u00e1lisis, dise\u00f1o y\u00a0 comportamiento de estructuras y componentes estructurales sometidos a la\u00a0 acci\u00f3n de cargas din\u00e1micas, tales como: viento, sismo, vibraciones,\u00a0 explosiones, impacto, etc. El \u00e9nfasis es en la aplicaci\u00f3n [&hellip;]<\/p>\n","protected":false},"author":101037,"featured_media":0,"parent":112,"menu_order":0,"comment_status":"closed","ping_status":"closed","template":"","meta":[],"_links":{"self":[{"href":"https:\/\/www.facet.unt.edu.ar\/mecom2018\/wp-json\/wp\/v2\/pages\/403"}],"collection":[{"href":"https:\/\/www.facet.unt.edu.ar\/mecom2018\/wp-json\/wp\/v2\/pages"}],"about":[{"href":"https:\/\/www.facet.unt.edu.ar\/mecom2018\/wp-json\/wp\/v2\/types\/page"}],"author":[{"embeddable":true,"href":"https:\/\/www.facet.unt.edu.ar\/mecom2018\/wp-json\/wp\/v2\/users\/101037"}],"replies":[{"embeddable":true,"href":"https:\/\/www.facet.unt.edu.ar\/mecom2018\/wp-json\/wp\/v2\/comments?post=403"}],"version-history":[{"count":6,"href":"https:\/\/www.facet.unt.edu.ar\/mecom2018\/wp-json\/wp\/v2\/pages\/403\/revisions"}],"predecessor-version":[{"id":1004,"href":"https:\/\/www.facet.unt.edu.ar\/mecom2018\/wp-json\/wp\/v2\/pages\/403\/revisions\/1004"}],"up":[{"embeddable":true,"href":"https:\/\/www.facet.unt.edu.ar\/mecom2018\/wp-json\/wp\/v2\/pages\/112"}],"wp:attachment":[{"href":"https:\/\/www.facet.unt.edu.ar\/mecom2018\/wp-json\/wp\/v2\/media?parent=403"}],"curies":[{"name":"wp","href":"https:\/\/api.w.org\/{rel}","templated":true}]}}