{"id":405,"date":"2018-02-21T09:23:36","date_gmt":"2018-02-21T12:23:36","guid":{"rendered":"https:\/\/www.facet.unt.edu.ar\/mecom2018\/?page_id=405"},"modified":"2018-03-04T00:37:19","modified_gmt":"2018-03-04T03:37:19","slug":"ensenanza-de-metodos-numericos","status":"publish","type":"page","link":"https:\/\/www.facet.unt.edu.ar\/mecom2018\/sesiones\/ensenanza-de-metodos-numericos\/","title":{"rendered":"ENSE\u00d1ANZA DE M\u00c9TODOS NUM\u00c9RICOS"},"content":{"rendered":"<table>\n<tbody>\n<tr>\n<td style=\"background-color: #424242; text-align: center; vertical-align: middle;\"><a href=\"https:\/\/www.facet.unt.edu.ar\/mecom2018\/sesiones\/dinamica-estructural\/\"><span style=\"font-size: 18pt; font-family: 'arial black', sans-serif;\"><span style=\"color: #ffffff;\"><span style=\"font-size: 14pt;\">&lt;<\/span> <span style=\"font-family: arial, helvetica, sans-serif; font-size: 14pt;\">Anterior<\/span><\/span><\/span><\/a><\/td>\n<td style=\"text-align: center; vertical-align: middle;\"><span style=\"font-family: arial, helvetica, sans-serif; font-size: 14pt;\"><a href=\"https:\/\/www.facet.unt.edu.ar\/mecom2018\/sesiones\/\"><strong>Otras Sesiones<\/strong><\/a><\/span><\/td>\n<td style=\"background-color: #424242; text-align: center; vertical-align: middle;\"><a href=\"https:\/\/www.facet.unt.edu.ar\/mecom2018\/sesiones\/flujo-y-transporte-multifasicos-en-medios-porosos-y-microescala\/\"><span style=\"font-family: 'arial black', sans-serif;\"><span style=\"font-size: 14pt; font-family: arial, helvetica, sans-serif;\"><span style=\"color: #ffffff;\">Siguiente<\/span><\/span><span style=\"font-size: 14pt;\"><strong><span style=\"color: #ffffff;\"> &gt;<\/span><\/strong><\/span><\/span><\/a><\/td>\n<\/tr>\n<\/tbody>\n<\/table>\n<p><strong>Organizadores<\/strong><\/p>\n<p>Maria Delia Crespo<\/p>\n<p>Javier Signorelli<\/p>\n<p>&nbsp;<\/p>\n<p><strong>Descripci\u00f3n:<\/strong><\/p>\n<p style=\"text-align: justify;\">La utilizaci\u00f3n de los M\u00e9todos Num\u00e9ricos en las distintas ramas de las Ciencias Exactas Ingenier\u00eda es un hecho que se viene profundizando desde hace algunos a\u00f1os. La ense\u00f1anza de dichos m\u00e9todos y sus aplicaciones se han ido incorporando gradualmente en las curr\u00edculas de grado, con diferentes grados de discusi\u00f3n previa, interacci\u00f3n entre las asignaturas de formaci\u00f3n b\u00e1sica y tecnol\u00f3gica que las involucran y en consecuencia diferentes resultados. El objetivo es generar un espacio de discusi\u00f3n sobre la Ense\u00f1anza en carreras de grado de los M\u00e9todos Num\u00e9ricos y sus Aplicaciones. Se podr\u00e1n presentar trabajos que traten tanto sobre \u00a0el dise\u00f1o de las curr\u00edculas de las diferentes carreras y asignaturas relacionadas, as\u00ed como de experiencias docentes innovadoras.<\/p>\n<p style=\"text-align: justify;\">PALABRAS CLAVE:<\/p>\n<p style=\"text-align: justify;\">\n","protected":false},"excerpt":{"rendered":"<p>&lt; Anterior Otras Sesiones Siguiente &gt; Organizadores Maria Delia Crespo Javier Signorelli &nbsp; Descripci\u00f3n: La utilizaci\u00f3n de los M\u00e9todos Num\u00e9ricos en las distintas ramas de las Ciencias Exactas Ingenier\u00eda es un hecho que se viene profundizando desde hace algunos a\u00f1os. La ense\u00f1anza de dichos m\u00e9todos y sus aplicaciones se han ido incorporando gradualmente en las [&hellip;]<\/p>\n","protected":false},"author":101037,"featured_media":0,"parent":112,"menu_order":0,"comment_status":"closed","ping_status":"closed","template":"","meta":[],"_links":{"self":[{"href":"https:\/\/www.facet.unt.edu.ar\/mecom2018\/wp-json\/wp\/v2\/pages\/405"}],"collection":[{"href":"https:\/\/www.facet.unt.edu.ar\/mecom2018\/wp-json\/wp\/v2\/pages"}],"about":[{"href":"https:\/\/www.facet.unt.edu.ar\/mecom2018\/wp-json\/wp\/v2\/types\/page"}],"author":[{"embeddable":true,"href":"https:\/\/www.facet.unt.edu.ar\/mecom2018\/wp-json\/wp\/v2\/users\/101037"}],"replies":[{"embeddable":true,"href":"https:\/\/www.facet.unt.edu.ar\/mecom2018\/wp-json\/wp\/v2\/comments?post=405"}],"version-history":[{"count":8,"href":"https:\/\/www.facet.unt.edu.ar\/mecom2018\/wp-json\/wp\/v2\/pages\/405\/revisions"}],"predecessor-version":[{"id":1072,"href":"https:\/\/www.facet.unt.edu.ar\/mecom2018\/wp-json\/wp\/v2\/pages\/405\/revisions\/1072"}],"up":[{"embeddable":true,"href":"https:\/\/www.facet.unt.edu.ar\/mecom2018\/wp-json\/wp\/v2\/pages\/112"}],"wp:attachment":[{"href":"https:\/\/www.facet.unt.edu.ar\/mecom2018\/wp-json\/wp\/v2\/media?parent=405"}],"curies":[{"name":"wp","href":"https:\/\/api.w.org\/{rel}","templated":true}]}}