{"id":407,"date":"2018-02-21T09:25:36","date_gmt":"2018-02-21T12:25:36","guid":{"rendered":"https:\/\/www.facet.unt.edu.ar\/mecom2018\/?page_id=407"},"modified":"2018-03-03T02:27:49","modified_gmt":"2018-03-03T05:27:49","slug":"mecanica-de-fluidos","status":"publish","type":"page","link":"https:\/\/www.facet.unt.edu.ar\/mecom2018\/sesiones\/mecanica-de-fluidos\/","title":{"rendered":"MEC\u00c1NICA DE FLUIDOS COMPUTACIONAL"},"content":{"rendered":"<table>\n<tbody>\n<tr>\n<td style=\"background-color: #424242; text-align: center; vertical-align: middle;\"><a href=\"https:\/\/www.facet.unt.edu.ar\/mecom2018\/sesiones\/fundamentos-matematicos-de-metodos-numericos\/\"><span style=\"font-size: 18pt; font-family: 'arial black', sans-serif;\"><span style=\"color: #ffffff;\"><span style=\"font-size: 14pt;\">&lt;<\/span> <span style=\"font-family: arial, helvetica, sans-serif; font-size: 14pt;\">Anterior<\/span><\/span><\/span><\/a><\/td>\n<td style=\"text-align: center; vertical-align: middle;\"><span style=\"font-family: arial, helvetica, sans-serif; font-size: 14pt;\"><a href=\"https:\/\/www.facet.unt.edu.ar\/mecom2018\/sesiones\/\"><strong>Otras Sesiones<\/strong><\/a><\/span><\/td>\n<td style=\"background-color: #424242; text-align: center; vertical-align: middle;\"><a href=\"https:\/\/www.facet.unt.edu.ar\/mecom2018\/sesiones\/mecanica-de-solidos\/\"><span style=\"font-family: 'arial black', sans-serif;\"><span style=\"font-size: 14pt; font-family: arial, helvetica, sans-serif;\"><span style=\"color: #ffffff;\">Siguiente<\/span><\/span><span style=\"font-size: 14pt;\"><strong><span style=\"color: #ffffff;\"> &gt;<\/span><\/strong><\/span><\/span><\/a><\/td>\n<\/tr>\n<\/tbody>\n<\/table>\n<p><strong>Organizadores<\/strong><\/p>\n<p>Rodrigo Paz<\/p>\n<p>Hugo Guillermo Castro<\/p>\n<p>Jorge D&#8217;Elia<\/p>\n<p>Mariano I. Cantero<\/p>\n<p>Miguel G. Coussirat<\/p>\n<p>Laura Battaglia<\/p>\n<p>&nbsp;<\/p>\n<p><strong>Descripci\u00f3n:<\/strong><\/p>\n<p style=\"text-align: justify;\">Esta Sesi\u00f3n abarca trabajos relacionados con el desarrollo de t\u00e9cnicas num\u00e9ricas o computacionales, o la aplicaci\u00f3n de t\u00e9cnicas num\u00e9ricas o computacionales ya consolidadas a problemas de la Mec\u00e1nica de Fluidos. Esta Sesi\u00f3n se encuentra abocada al desarrollo o estudio de t\u00e9cnicas num\u00e9ricas basadas en elementos finitos, vol\u00famenes finitos, diferencias finitas, elementos de borde, m\u00e9todos de part\u00edculas u otros para la resoluci\u00f3n de problemas de valores de borde, de valor inicial, o mixtos. Asimismo las aplicaciones comprenden las \u00e1reas de: aeron\u00e1utica, astrof\u00edsica, biolog\u00eda, qu\u00edmica, ingenier\u00eda mec\u00e1nica, biomec\u00e1nica, ingenier\u00eda de procesos, ingenier\u00eda ambiental, hidr\u00e1ulica, meteorolog\u00eda, oceanograf\u00eda, geolog\u00eda, ac\u00fastica, y combusti\u00f3n, entre otros. Esta variedad de aplicaciones permite abordar temas tales como simulaciones num\u00e9ricas de flujos a altos n\u00fameros de Reynolds, que implica un modelado de la turbulencia mediante distintas t\u00e9cnicas (DNS, LES, RANS, h\u00edbridos RANS\/LES u otros), la simulaci\u00f3n de flujos a bajo n\u00famero de Reynolds (flujos de Stokes), flujos multif\u00e1sicos, transporte de especies, viento, flujos en medios porosos, o microflu\u00eddica. En todos los casos, la validaci\u00f3n de los modelos num\u00e9ricos versus soluciones\/m\u00e9todos anal\u00edticos, semi-anal\u00edticos y\/o resultados experimentales, la adecuada calibraci\u00f3n de \u00e9stos, y su aplicaci\u00f3n a casos reales son tambi\u00e9n t\u00f3picos de importancia en esta Sesi\u00f3n.<\/p>\n<p style=\"text-align: justify;\">PALABRAS CLAVE:<\/p>\n<p style=\"text-align: justify;\">\n","protected":false},"excerpt":{"rendered":"<p>&lt; Anterior Otras Sesiones Siguiente &gt; Organizadores Rodrigo Paz Hugo Guillermo Castro Jorge D&#8217;Elia Mariano I. Cantero Miguel G. Coussirat Laura Battaglia &nbsp; Descripci\u00f3n: Esta Sesi\u00f3n abarca trabajos relacionados con el desarrollo de t\u00e9cnicas num\u00e9ricas o computacionales, o la aplicaci\u00f3n de t\u00e9cnicas num\u00e9ricas o computacionales ya consolidadas a problemas de la Mec\u00e1nica de Fluidos. Esta [&hellip;]<\/p>\n","protected":false},"author":101037,"featured_media":0,"parent":112,"menu_order":0,"comment_status":"closed","ping_status":"closed","template":"","meta":[],"_links":{"self":[{"href":"https:\/\/www.facet.unt.edu.ar\/mecom2018\/wp-json\/wp\/v2\/pages\/407"}],"collection":[{"href":"https:\/\/www.facet.unt.edu.ar\/mecom2018\/wp-json\/wp\/v2\/pages"}],"about":[{"href":"https:\/\/www.facet.unt.edu.ar\/mecom2018\/wp-json\/wp\/v2\/types\/page"}],"author":[{"embeddable":true,"href":"https:\/\/www.facet.unt.edu.ar\/mecom2018\/wp-json\/wp\/v2\/users\/101037"}],"replies":[{"embeddable":true,"href":"https:\/\/www.facet.unt.edu.ar\/mecom2018\/wp-json\/wp\/v2\/comments?post=407"}],"version-history":[{"count":10,"href":"https:\/\/www.facet.unt.edu.ar\/mecom2018\/wp-json\/wp\/v2\/pages\/407\/revisions"}],"predecessor-version":[{"id":1008,"href":"https:\/\/www.facet.unt.edu.ar\/mecom2018\/wp-json\/wp\/v2\/pages\/407\/revisions\/1008"}],"up":[{"embeddable":true,"href":"https:\/\/www.facet.unt.edu.ar\/mecom2018\/wp-json\/wp\/v2\/pages\/112"}],"wp:attachment":[{"href":"https:\/\/www.facet.unt.edu.ar\/mecom2018\/wp-json\/wp\/v2\/media?parent=407"}],"curies":[{"name":"wp","href":"https:\/\/api.w.org\/{rel}","templated":true}]}}