{"id":409,"date":"2018-02-21T09:26:18","date_gmt":"2018-02-21T12:26:18","guid":{"rendered":"https:\/\/www.facet.unt.edu.ar\/mecom2018\/?page_id=409"},"modified":"2018-03-03T02:28:53","modified_gmt":"2018-03-03T05:28:53","slug":"modelado-de-sistemas-multicuerpos","status":"publish","type":"page","link":"https:\/\/www.facet.unt.edu.ar\/mecom2018\/sesiones\/modelado-de-sistemas-multicuerpos\/","title":{"rendered":"MODELADO DE SISTEMAS MULTICUERPOS"},"content":{"rendered":"<table>\n<tbody>\n<tr>\n<td style=\"background-color: #424242; text-align: center; vertical-align: middle;\"><a href=\"https:\/\/www.facet.unt.edu.ar\/mecom2018\/sesiones\/modelado-de-falla-de-materiales\/\"><span style=\"font-size: 18pt; font-family: 'arial black', sans-serif;\"><span style=\"color: #ffffff;\"><span style=\"font-size: 14pt;\">&lt;<\/span> <span style=\"font-family: arial, helvetica, sans-serif; font-size: 14pt;\">Anterior<\/span><\/span><\/span><\/a><\/td>\n<td style=\"text-align: center; vertical-align: middle;\"><span style=\"font-family: arial, helvetica, sans-serif; font-size: 14pt;\"><strong><a href=\"https:\/\/www.facet.unt.edu.ar\/mecom2018\/sesiones\/\">Otras Sesiones<\/a><\/strong><\/span><\/td>\n<td style=\"background-color: #424242; text-align: center; vertical-align: middle;\"><a href=\"https:\/\/www.facet.unt.edu.ar\/mecom2018\/sesiones\/modelado-multiescala-de-materiales\/\"><span style=\"font-family: 'arial black', sans-serif;\"><span style=\"font-size: 14pt; font-family: arial, helvetica, sans-serif;\"><span style=\"color: #ffffff;\">Siguiente<\/span><\/span><span style=\"font-size: 14pt;\"><strong><span style=\"color: #ffffff;\"> &gt;<\/span><\/strong><\/span><\/span><\/a><\/td>\n<\/tr>\n<\/tbody>\n<\/table>\n<p><strong>Organizadores<\/strong><\/p>\n<div>Alberto Cardona, CIMEC (UNL-CONICET),\u00a0\u00a0<a href=\"mailto:acardona@cimec.unl.edu.ar\" target=\"_blank\" rel=\"noopener\">acardona@cimec.unl.edu.ar<\/a><\/div>\n<div><\/div>\n<div>Federico Cavalieri, CIMEC (UNL-CONICET) y UTN-FRSF,\u00a0\u00a0<a href=\"mailto:fcavalieri@cimec.unl.edu.ar\" target=\"_blank\" rel=\"noopener\">fcavalieri@cimec.unl.edu.ar<\/a><\/div>\n<div><\/div>\n<div>Mart\u00edn Pucheta,\u00a0 CIII UTN-FRC y CONICET,\u00a0<a href=\"mailto:mpucheta@frc.utn.edu.ar\" target=\"_blank\" rel=\"noopener\">mpucheta@frc.utn.edu.ar<\/a><\/div>\n<p>&nbsp;<\/p>\n<p><strong>Descripci\u00f3n:<\/strong><\/p>\n<p style=\"text-align: justify;\">Esta sesi\u00f3n intenta abarcar los nuevos avances en el modelado y en el desarrollo de m\u00e9todos num\u00e9ricos para sistemas multi-cuerpo (SMC). Est\u00e1 dedicada a explorar m\u00e9todos te\u00f3ricos y computacionales en sistemas multicuerpo r\u00edgidos y flexibles, sus aplicaciones y los procedimientos experimentales utilizados para validar los fundamentos te\u00f3ricos. El objetivo es presentar los nuevos enfoques fundamentales utilizados en an\u00e1lisis cinem\u00e1tico y din\u00e1mico de sistemas de m\u00faltiples cuerpos asistido por computadora, as\u00ed como m\u00e9todos para la s\u00edntesis de mecanismos, e identificar las direcciones futuras de investigaci\u00f3n en el \u00e1rea. En el contexto del modelado de los multicuerpos, los temas de inter\u00e9s incluyen, pero no se limitan a: nuevas formulaciones y modelos de mec\u00e1nica de multicuerpos flexibles; formulaciones para mec\u00e1nica de multicuerpos basados en Grupos de Lie, n\u00fameros duales, y teor\u00eda de helicoides; m\u00e9todos de integraci\u00f3n temporal para la din\u00e1mica multicuerpo con restricciones; mec\u00e1nica de contacto e impacto; m\u00e9todos de orden reducido en la din\u00e1mica de multicuerpos; m\u00e9todos para la s\u00edntesis cinem\u00e1tica de mecanismos. Tambi\u00e9n son bienvenidas aquellas aplicaciones avanzadas de modelado de sistemas multicuerpo en \u00e1reas como las de turbinas e\u00f3licas, veh\u00edculos, rob\u00f3tica, biomec\u00e1nica, ingenier\u00eda aeroespacial, motores, y en micro-electro-mec\u00e1nica, entre otras.<\/p>\n<p style=\"text-align: justify;\">PALABRAS CLAVE:\u00a0Din\u00e1mica de multicuerpos, integraci\u00f3n temporal, mec\u00e1nica de impacto y contacto, mecanismos, din\u00e1mica vehicular, din\u00e1mica de m\u00e1quinas, cinem\u00e1tica computacional<\/p>\n<p style=\"text-align: justify;\">\n","protected":false},"excerpt":{"rendered":"<p>&lt; Anterior Otras Sesiones Siguiente &gt; Organizadores Alberto Cardona, CIMEC (UNL-CONICET),\u00a0\u00a0acardona@cimec.unl.edu.ar Federico Cavalieri, CIMEC (UNL-CONICET) y UTN-FRSF,\u00a0\u00a0fcavalieri@cimec.unl.edu.ar Mart\u00edn Pucheta,\u00a0 CIII UTN-FRC y CONICET,\u00a0mpucheta@frc.utn.edu.ar &nbsp; Descripci\u00f3n: Esta sesi\u00f3n intenta abarcar los nuevos avances en el modelado y en el desarrollo de m\u00e9todos num\u00e9ricos para sistemas multi-cuerpo (SMC). Est\u00e1 dedicada a explorar m\u00e9todos te\u00f3ricos y computacionales en [&hellip;]<\/p>\n","protected":false},"author":101037,"featured_media":0,"parent":112,"menu_order":0,"comment_status":"closed","ping_status":"closed","template":"","meta":[],"_links":{"self":[{"href":"https:\/\/www.facet.unt.edu.ar\/mecom2018\/wp-json\/wp\/v2\/pages\/409"}],"collection":[{"href":"https:\/\/www.facet.unt.edu.ar\/mecom2018\/wp-json\/wp\/v2\/pages"}],"about":[{"href":"https:\/\/www.facet.unt.edu.ar\/mecom2018\/wp-json\/wp\/v2\/types\/page"}],"author":[{"embeddable":true,"href":"https:\/\/www.facet.unt.edu.ar\/mecom2018\/wp-json\/wp\/v2\/users\/101037"}],"replies":[{"embeddable":true,"href":"https:\/\/www.facet.unt.edu.ar\/mecom2018\/wp-json\/wp\/v2\/comments?post=409"}],"version-history":[{"count":12,"href":"https:\/\/www.facet.unt.edu.ar\/mecom2018\/wp-json\/wp\/v2\/pages\/409\/revisions"}],"predecessor-version":[{"id":1011,"href":"https:\/\/www.facet.unt.edu.ar\/mecom2018\/wp-json\/wp\/v2\/pages\/409\/revisions\/1011"}],"up":[{"embeddable":true,"href":"https:\/\/www.facet.unt.edu.ar\/mecom2018\/wp-json\/wp\/v2\/pages\/112"}],"wp:attachment":[{"href":"https:\/\/www.facet.unt.edu.ar\/mecom2018\/wp-json\/wp\/v2\/media?parent=409"}],"curies":[{"name":"wp","href":"https:\/\/api.w.org\/{rel}","templated":true}]}}