{"id":412,"date":"2018-02-21T09:30:34","date_gmt":"2018-02-21T12:30:34","guid":{"rendered":"https:\/\/www.facet.unt.edu.ar\/mecom2018\/?page_id=412"},"modified":"2018-03-04T00:32:46","modified_gmt":"2018-03-04T03:32:46","slug":"cuantificacion-de-incertidumbre-y-modelado-estocastico","status":"publish","type":"page","link":"https:\/\/www.facet.unt.edu.ar\/mecom2018\/sesiones\/cuantificacion-de-incertidumbre-y-modelado-estocastico\/","title":{"rendered":"CUANTIFICACI\u00d3N DE INCERTIDUMBRE Y MODELADO ESTOC\u00c1STICO"},"content":{"rendered":"<table>\n<tbody>\n<tr>\n<td style=\"background-color: #424242; text-align: center; vertical-align: middle;\"><a href=\"https:\/\/www.facet.unt.edu.ar\/mecom2018\/sesiones\/computacion-de-alto-desempeno\/\"><span style=\"font-size: 18pt; font-family: 'arial black', sans-serif;\"><span style=\"color: #ffffff;\"><span style=\"font-size: 14pt;\">&lt;<\/span> <span style=\"font-family: arial, helvetica, sans-serif; font-size: 14pt;\">Anterior<\/span><\/span><\/span><\/a><\/td>\n<td style=\"text-align: center; vertical-align: middle;\"><span style=\"font-family: arial, helvetica, sans-serif; font-size: 14pt;\"><strong><a href=\"https:\/\/www.facet.unt.edu.ar\/mecom2018\/sesiones\/\">Otras Sesiones<\/a><\/strong><\/span><\/td>\n<td style=\"background-color: #424242; text-align: center; vertical-align: middle;\"><a href=\"https:\/\/www.facet.unt.edu.ar\/mecom2018\/sesiones\/dinamica-estructural\/\"><span style=\"font-family: 'arial black', sans-serif;\"><span style=\"font-size: 14pt; font-family: arial, helvetica, sans-serif;\"><span style=\"color: #ffffff;\">Siguiente<\/span><\/span><span style=\"font-size: 14pt;\"><strong><span style=\"color: #ffffff;\"> &gt;<\/span><\/strong><\/span><\/span><\/a><\/td>\n<\/tr>\n<\/tbody>\n<\/table>\n<p><strong>Organizadores<\/strong><\/p>\n<p>Marcelo Tulio Piovan,\u00a0<a href=\"mailto:mpiovan@frbb.utn.edu.ar\">mpiovan@frbb.utn.edu.ar<\/a><\/p>\n<p>Rubens Sampaio,\u00a0<a href=\"mailto:rsampaio@puc-rio.br\">rsampaio@puc-rio.br<\/a><\/p>\n<p>Jorge Ballaben, <a href=\"mailto:jorge.ballaben@uns.edu.ar\">jorge.ballaben@uns.edu.ar<\/a><\/p>\n<p>&nbsp;<\/p>\n<p><strong>Descripci\u00f3n:<\/strong><\/p>\n<p style=\"text-align: justify;\">El tratamiento racional de incertidumbres y sus efectos en mec\u00e1nica computacional recibe, particularmente en los \u00faltimos a\u00f1os, una creciente atenci\u00f3n. En muchos casos y circunstancias, las condiciones de solicitaci\u00f3n, propiedades de materiales y\/o geometr\u00eda manifiestan variabilidades de cierta importancia. Las observaciones y mediciones sobre procesos f\u00edsicos as\u00ed como tambi\u00e9n los par\u00e1metros exhiben caracter\u00edsticas aleatorias. En consecuencia las t\u00e9cnicas estad\u00edsticas y los procedimientos probabil\u00edsticos aportan un marco muy \u00fatil con base racional para el an\u00e1lisis de estas incertidumbres. Adem\u00e1s de la incertidumbre en los par\u00e1metros de los modelos, la incertidumbre en los modelos como un todo tambi\u00e9n juega un rol important\u00edsimo en la mec\u00e1nica computacional contemporanea. En resumen ni un modelo verdadero ni los parametros del modelo son, en realidad, conocidos en forma deterministica. Es por la presencia de estas incertidumbres que se hace m\u00edtica la suposici\u00f3n que con discretizaciones m\u00e1s finas se logra mayor exactitud. En este contexto, los aspectos de validaci\u00f3n y verificaci\u00f3n del modelo son tambi\u00e9n atendidas. En este minisimposio se discutir\u00e1n aspectos computacionales y conceptuales del procesamiento de las incertidumbres.<\/p>\n<p style=\"text-align: justify;\">PALABRAS CLAVE: cuantificaci\u00f3n de incertidumbre, modelado matem\u00e1tico, m\u00e9todos probabilisticos, mec\u00e1nica<\/p>\n","protected":false},"excerpt":{"rendered":"<p>&lt; Anterior Otras Sesiones Siguiente &gt; Organizadores Marcelo Tulio Piovan,\u00a0mpiovan@frbb.utn.edu.ar Rubens Sampaio,\u00a0rsampaio@puc-rio.br Jorge Ballaben, jorge.ballaben@uns.edu.ar &nbsp; Descripci\u00f3n: El tratamiento racional de incertidumbres y sus efectos en mec\u00e1nica computacional recibe, particularmente en los \u00faltimos a\u00f1os, una creciente atenci\u00f3n. En muchos casos y circunstancias, las condiciones de solicitaci\u00f3n, propiedades de materiales y\/o geometr\u00eda manifiestan variabilidades de cierta [&hellip;]<\/p>\n","protected":false},"author":101037,"featured_media":0,"parent":112,"menu_order":0,"comment_status":"closed","ping_status":"closed","template":"","meta":[],"_links":{"self":[{"href":"https:\/\/www.facet.unt.edu.ar\/mecom2018\/wp-json\/wp\/v2\/pages\/412"}],"collection":[{"href":"https:\/\/www.facet.unt.edu.ar\/mecom2018\/wp-json\/wp\/v2\/pages"}],"about":[{"href":"https:\/\/www.facet.unt.edu.ar\/mecom2018\/wp-json\/wp\/v2\/types\/page"}],"author":[{"embeddable":true,"href":"https:\/\/www.facet.unt.edu.ar\/mecom2018\/wp-json\/wp\/v2\/users\/101037"}],"replies":[{"embeddable":true,"href":"https:\/\/www.facet.unt.edu.ar\/mecom2018\/wp-json\/wp\/v2\/comments?post=412"}],"version-history":[{"count":11,"href":"https:\/\/www.facet.unt.edu.ar\/mecom2018\/wp-json\/wp\/v2\/pages\/412\/revisions"}],"predecessor-version":[{"id":1069,"href":"https:\/\/www.facet.unt.edu.ar\/mecom2018\/wp-json\/wp\/v2\/pages\/412\/revisions\/1069"}],"up":[{"embeddable":true,"href":"https:\/\/www.facet.unt.edu.ar\/mecom2018\/wp-json\/wp\/v2\/pages\/112"}],"wp:attachment":[{"href":"https:\/\/www.facet.unt.edu.ar\/mecom2018\/wp-json\/wp\/v2\/media?parent=412"}],"curies":[{"name":"wp","href":"https:\/\/api.w.org\/{rel}","templated":true}]}}