{"id":415,"date":"2018-02-21T09:31:38","date_gmt":"2018-02-21T12:31:38","guid":{"rendered":"https:\/\/www.facet.unt.edu.ar\/mecom2018\/?page_id=415"},"modified":"2018-03-07T16:20:47","modified_gmt":"2018-03-07T19:20:47","slug":"multifisica","status":"publish","type":"page","link":"https:\/\/www.facet.unt.edu.ar\/mecom2018\/sesiones\/multifisica\/","title":{"rendered":"MULTIF\u00cdSICA"},"content":{"rendered":"<table>\n<tbody>\n<tr>\n<td style=\"background-color: #424242; text-align: center; vertical-align: middle;\"><a href=\"https:\/\/www.facet.unt.edu.ar\/mecom2018\/sesiones\/bioingenieria-y-biomecanica\/\"><span style=\"font-size: 18pt; font-family: 'arial black', sans-serif;\"><span style=\"color: #ffffff;\"><span style=\"font-size: 14pt;\">&lt;<\/span> <span style=\"font-family: arial, helvetica, sans-serif; font-size: 14pt;\">Anterior<\/span><\/span><\/span><\/a><\/td>\n<td style=\"text-align: center; vertical-align: middle;\"><span style=\"font-family: arial, helvetica, sans-serif; font-size: 14pt;\"><strong><a href=\"https:\/\/www.facet.unt.edu.ar\/mecom2018\/sesiones\/\">Otras Sesiones<\/a><\/strong><\/span><\/td>\n<td style=\"background-color: #424242; text-align: center; vertical-align: middle;\"><a href=\"https:\/\/www.facet.unt.edu.ar\/mecom2018\/sesiones\/optimizacion-y-control-teoria-y-aplicaciones\/\"><span style=\"font-family: 'arial black', sans-serif;\"><span style=\"font-size: 14pt; font-family: arial, helvetica, sans-serif;\"><span style=\"color: #ffffff;\">Siguiente<\/span><\/span><span style=\"font-size: 14pt;\"><strong><span style=\"color: #ffffff;\"> &gt;<\/span><\/strong><\/span><\/span><\/a><\/td>\n<\/tr>\n<\/tbody>\n<\/table>\n<p><strong>Organizadores<\/strong><\/p>\n<p>Cruchaga, Marcela (Univ. Santiago de Chile, Santiago, Chile) [<a href=\"mailto:marcela.cruchaga@usach.cl\">marcela.cruchaga@usach.cl<\/a>]<\/p>\n<p>R\u00edos Rodr\u00edguez, Gustavo (Univ. Nacional del Litoral y CONICET) [<a href=\"mailto:gusadrr@santafe-conicet.gov.ar\">gusadrr@santafe-conicet.gov.ar<\/a>]<\/p>\n<p>&nbsp;<\/p>\n<p><strong>Descripci\u00f3n:<\/strong><\/p>\n<p>Esta sesi\u00f3n trata sobre algoritmos, t\u00e9cnicas num\u00e9ricas y aplicaciones cient\u00edficas e industriales que abarcan problemas multif\u00edsica, es decir, problemas en los que se acoplan m\u00faltiples campos f\u00edsicos.<\/p>\n<p>Ejemplos t\u00edpicos son:<\/p>\n<ul>\n<li>Interacci\u00f3n Fluido Estructura<\/li>\n<li>Interacci\u00f3n El\u00e9ctrica y Termomec\u00e1nica<\/li>\n<li>Problemas de Superficie Libre<\/li>\n<li>Magneto Hidrodin\u00e1mica<\/li>\n<li>Din\u00e1mica de Fluidos con reacciones qu\u00edmicas<\/li>\n<li>Hidro- y Aeroelasticidad<\/li>\n<\/ul>\n<p>La sesi\u00f3n se enfoca particularmente en:<\/p>\n<ol style=\"list-style-type: lower-roman;\">\n<li>Aquellas situaciones en las que resulta fundamental la interacci\u00f3n entre los distintos campos f\u00edsicos;<\/li>\n<li>Nuevos algoritmos que tratan esta interacci\u00f3n de manera especial;<\/li>\n<li>An\u00e1lisis num\u00e9rico y t\u00e9cnicas de modelado empleadas en multif\u00edsica, entre otras.<\/li>\n<\/ol>\n<p style=\"text-align: justify;\">PALABRAS CLAVE:<\/p>\n<p>M\u00e1s informaci\u00f3n sobre esta sesi\u00f3n: <a href=\"http:\/\/www.cimec.org.ar\/twiki\/bin\/view\/Cimec\/MultiPhysics2018\" target=\"_blank\" rel=\"noopener\">http:\/\/www.cimec.org.ar\/twiki\/bin\/view\/Cimec\/MultiPhysics2018<\/a><\/p>\n<p style=\"text-align: justify;\">\n","protected":false},"excerpt":{"rendered":"<p>&lt; Anterior Otras Sesiones Siguiente &gt; Organizadores Cruchaga, Marcela (Univ. Santiago de Chile, Santiago, Chile) [marcela.cruchaga@usach.cl] R\u00edos Rodr\u00edguez, Gustavo (Univ. Nacional del Litoral y CONICET) [gusadrr@santafe-conicet.gov.ar] &nbsp; Descripci\u00f3n: Esta sesi\u00f3n trata sobre algoritmos, t\u00e9cnicas num\u00e9ricas y aplicaciones cient\u00edficas e industriales que abarcan problemas multif\u00edsica, es decir, problemas en los que se acoplan m\u00faltiples campos f\u00edsicos. [&hellip;]<\/p>\n","protected":false},"author":101037,"featured_media":0,"parent":112,"menu_order":0,"comment_status":"closed","ping_status":"closed","template":"","meta":[],"_links":{"self":[{"href":"https:\/\/www.facet.unt.edu.ar\/mecom2018\/wp-json\/wp\/v2\/pages\/415"}],"collection":[{"href":"https:\/\/www.facet.unt.edu.ar\/mecom2018\/wp-json\/wp\/v2\/pages"}],"about":[{"href":"https:\/\/www.facet.unt.edu.ar\/mecom2018\/wp-json\/wp\/v2\/types\/page"}],"author":[{"embeddable":true,"href":"https:\/\/www.facet.unt.edu.ar\/mecom2018\/wp-json\/wp\/v2\/users\/101037"}],"replies":[{"embeddable":true,"href":"https:\/\/www.facet.unt.edu.ar\/mecom2018\/wp-json\/wp\/v2\/comments?post=415"}],"version-history":[{"count":8,"href":"https:\/\/www.facet.unt.edu.ar\/mecom2018\/wp-json\/wp\/v2\/pages\/415\/revisions"}],"predecessor-version":[{"id":1014,"href":"https:\/\/www.facet.unt.edu.ar\/mecom2018\/wp-json\/wp\/v2\/pages\/415\/revisions\/1014"}],"up":[{"embeddable":true,"href":"https:\/\/www.facet.unt.edu.ar\/mecom2018\/wp-json\/wp\/v2\/pages\/112"}],"wp:attachment":[{"href":"https:\/\/www.facet.unt.edu.ar\/mecom2018\/wp-json\/wp\/v2\/media?parent=415"}],"curies":[{"name":"wp","href":"https:\/\/api.w.org\/{rel}","templated":true}]}}