{"id":417,"date":"2018-02-21T09:34:52","date_gmt":"2018-02-21T12:34:52","guid":{"rendered":"https:\/\/www.facet.unt.edu.ar\/mecom2018\/?page_id=417"},"modified":"2018-03-03T02:30:20","modified_gmt":"2018-03-03T05:30:20","slug":"optimizacion-y-control-teoria-y-aplicaciones","status":"publish","type":"page","link":"https:\/\/www.facet.unt.edu.ar\/mecom2018\/sesiones\/optimizacion-y-control-teoria-y-aplicaciones\/","title":{"rendered":"OPTIMIZACI\u00d3N Y CONTROL: TEOR\u00cdA Y APLICACIONES"},"content":{"rendered":"<table>\n<tbody>\n<tr>\n<td style=\"background-color: #424242; text-align: center; vertical-align: middle;\"><a href=\"https:\/\/www.facet.unt.edu.ar\/mecom2018\/sesiones\/multifisica\/\"><span style=\"font-size: 18pt; font-family: 'arial black', sans-serif;\"><span style=\"color: #ffffff;\"><span style=\"font-size: 14pt;\">&lt;<\/span> <span style=\"font-family: arial, helvetica, sans-serif; font-size: 14pt;\">Anterior<\/span><\/span><\/span><\/a><\/td>\n<td style=\"text-align: center; vertical-align: middle;\"><span style=\"font-family: arial, helvetica, sans-serif; font-size: 14pt;\"><strong><a href=\"https:\/\/www.facet.unt.edu.ar\/mecom2018\/sesiones\/\">Otras Sesiones<\/a><\/strong><\/span><\/td>\n<td style=\"background-color: #424242; text-align: center; vertical-align: middle;\"><a href=\"https:\/\/www.facet.unt.edu.ar\/mecom2018\/sesiones\/transferencia-de-calor-y-materia\/\"><span style=\"font-family: 'arial black', sans-serif;\"><span style=\"font-size: 14pt; font-family: arial, helvetica, sans-serif;\"><span style=\"color: #ffffff;\">Siguiente<\/span><\/span><span style=\"font-size: 14pt;\"><strong><span style=\"color: #ffffff;\"> &gt;<\/span><\/strong><\/span><\/span><\/a><\/td>\n<\/tr>\n<\/tbody>\n<\/table>\n<p><strong>Organizadores<\/strong><\/p>\n<p>Pablo A. Lotito,\u00a0UNCPBA-PLADEMA, Tandil,\u00a0<a href=\"mailto:pablo.lotito@gmail.com\">pablo.lotito@gmail.com<\/a><\/p>\n<p>Damian Fernandez,\u00a0UNC-FAMAF, C\u00f3rdoba, <a href=\"mailto:dfernandez@famaf.unc.edu.ar\">dfernandez@famaf.unc.edu.ar<\/a><\/p>\n<p>Lisandro A. Parente,\u00a0UNR-CIFASIS, Rosario,\u00a0<a href=\"mailto:lisandroparente@gmail.com\">lisandroparente@gmail.com<\/a><\/p>\n<p>&nbsp;<\/p>\n<p><strong>Descripci\u00f3n:<\/strong><\/p>\n<p>En esta sesi\u00f3n se incluir\u00e1n trabajos sobre m\u00e9todos num\u00e9ricos y aplicaciones relacionadas con optimizaci\u00f3n, control y control \u00f3ptimo. Ser\u00e1n bienvenidas las aplicaciones al transporte de personas, mercader\u00edas, combustibles y tr\u00e1fico vehicular, adem\u00e1s de aplicaciones en energ\u00eda el\u00e9ctrica, medicina, biolog\u00eda, salud y medio ambiente, entre otras.<\/p>\n<p>T\u00f3picos de inter\u00e9s:<\/p>\n<ul>\n<li>Optimizaci\u00f3n Lineal, No lineal y\u00a0Combinatoria.<\/li>\n<li>Optimizaci\u00f3n Continua, Estoc\u00e1stica y Juegos<\/li>\n<li>Inecuaciones Variacionales, Equilibrios y juegos de campo medio.<\/li>\n<li>Control \u00d3ptimo, Soluci\u00f3n num\u00e9rica de ecuaciones HJB y Control \u00d3ptimo de sistemas en tiempo real.<\/li>\n<li>M\u00e9todos adaptados para la resoluci\u00f3n de problemas de gran tama\u00f1o.<\/li>\n<li>Soluciones Num\u00e9ricas e Implementaci\u00f3n Computacional<\/li>\n<\/ul>\n<p style=\"text-align: justify;\">PALABRAS CLAVE:<\/p>\n<p style=\"text-align: justify;\">\n","protected":false},"excerpt":{"rendered":"<p>&lt; Anterior Otras Sesiones Siguiente &gt; Organizadores Pablo A. Lotito,\u00a0UNCPBA-PLADEMA, Tandil,\u00a0pablo.lotito@gmail.com Damian Fernandez,\u00a0UNC-FAMAF, C\u00f3rdoba, dfernandez@famaf.unc.edu.ar Lisandro A. Parente,\u00a0UNR-CIFASIS, Rosario,\u00a0lisandroparente@gmail.com &nbsp; Descripci\u00f3n: En esta sesi\u00f3n se incluir\u00e1n trabajos sobre m\u00e9todos num\u00e9ricos y aplicaciones relacionadas con optimizaci\u00f3n, control y control \u00f3ptimo. Ser\u00e1n bienvenidas las aplicaciones al transporte de personas, mercader\u00edas, combustibles y tr\u00e1fico vehicular, adem\u00e1s de aplicaciones [&hellip;]<\/p>\n","protected":false},"author":101037,"featured_media":0,"parent":112,"menu_order":0,"comment_status":"closed","ping_status":"closed","template":"","meta":[],"_links":{"self":[{"href":"https:\/\/www.facet.unt.edu.ar\/mecom2018\/wp-json\/wp\/v2\/pages\/417"}],"collection":[{"href":"https:\/\/www.facet.unt.edu.ar\/mecom2018\/wp-json\/wp\/v2\/pages"}],"about":[{"href":"https:\/\/www.facet.unt.edu.ar\/mecom2018\/wp-json\/wp\/v2\/types\/page"}],"author":[{"embeddable":true,"href":"https:\/\/www.facet.unt.edu.ar\/mecom2018\/wp-json\/wp\/v2\/users\/101037"}],"replies":[{"embeddable":true,"href":"https:\/\/www.facet.unt.edu.ar\/mecom2018\/wp-json\/wp\/v2\/comments?post=417"}],"version-history":[{"count":8,"href":"https:\/\/www.facet.unt.edu.ar\/mecom2018\/wp-json\/wp\/v2\/pages\/417\/revisions"}],"predecessor-version":[{"id":1015,"href":"https:\/\/www.facet.unt.edu.ar\/mecom2018\/wp-json\/wp\/v2\/pages\/417\/revisions\/1015"}],"up":[{"embeddable":true,"href":"https:\/\/www.facet.unt.edu.ar\/mecom2018\/wp-json\/wp\/v2\/pages\/112"}],"wp:attachment":[{"href":"https:\/\/www.facet.unt.edu.ar\/mecom2018\/wp-json\/wp\/v2\/media?parent=417"}],"curies":[{"name":"wp","href":"https:\/\/api.w.org\/{rel}","templated":true}]}}