{"id":422,"date":"2018-02-21T09:38:18","date_gmt":"2018-02-21T12:38:18","guid":{"rendered":"https:\/\/www.facet.unt.edu.ar\/mecom2018\/?page_id=422"},"modified":"2018-03-03T02:28:10","modified_gmt":"2018-03-03T05:28:10","slug":"mecanica-de-solidos","status":"publish","type":"page","link":"https:\/\/www.facet.unt.edu.ar\/mecom2018\/sesiones\/mecanica-de-solidos\/","title":{"rendered":"MEC\u00c1NICA DE S\u00d3LIDOS"},"content":{"rendered":"<table>\n<tbody>\n<tr>\n<td style=\"background-color: #424242; text-align: center; vertical-align: middle;\"><a href=\"https:\/\/www.facet.unt.edu.ar\/mecom2018\/sesiones\/mecanica-de-fluidos\/\"><span style=\"font-size: 18pt; font-family: 'arial black', sans-serif;\"><span style=\"color: #ffffff;\"><span style=\"font-size: 14pt;\">&lt;<\/span> <span style=\"font-family: arial, helvetica, sans-serif; font-size: 14pt;\">Anterior<\/span><\/span><\/span><\/a><\/td>\n<td style=\"text-align: center; vertical-align: middle;\"><span style=\"font-family: arial, helvetica, sans-serif; font-size: 14pt;\"><strong><a href=\"https:\/\/www.facet.unt.edu.ar\/mecom2018\/sesiones\/\">Otras Sesiones<\/a><\/strong><\/span><\/td>\n<td style=\"background-color: #424242; text-align: center; vertical-align: middle;\"><a href=\"https:\/\/www.facet.unt.edu.ar\/mecom2018\/sesiones\/modelado-de-falla-de-materiales\/\"><span style=\"font-family: 'arial black', sans-serif;\"><span style=\"font-size: 14pt; font-family: arial, helvetica, sans-serif;\"><span style=\"color: #ffffff;\">Siguiente<\/span><\/span><span style=\"font-size: 14pt;\"><strong><span style=\"color: #ffffff;\"> &gt;<\/span><\/strong><\/span><\/span><\/a><\/td>\n<\/tr>\n<\/tbody>\n<\/table>\n<p><strong>Organizadores<\/strong><\/p>\n<p>Bibiana Luccioni<\/p>\n<p>Victor Fachinotti<\/p>\n<p>&nbsp;<\/p>\n<p><strong>Descripci\u00f3n:<\/strong><\/p>\n<p style=\"text-align: justify;\">Aplicaci\u00f3n y desarrollo de m\u00e9todos num\u00e9ricos para la soluci\u00f3n de problemas de Mec\u00e1nica de S\u00f3lidos en general, incluyendo herramientas para la optimizaci\u00f3n del dise\u00f1o y la simulaci\u00f3n de procesos de fabricaci\u00f3n y problemas de ingenier\u00eda que involucren cuerpos s\u00f3lidos. Desarrollo de m\u00e9todos innovadores para problemas tradicionales o utilizaci\u00f3n de m\u00e9todos existentes para la soluci\u00f3n de nuevos problemas.<\/p>\n<ul>\n<li style=\"text-align: justify;\">Modelado num\u00e9rico de s\u00f3lidos homog\u00e9neos o heterog\u00e9neos, lineales o no lineales.<\/li>\n<li style=\"text-align: justify;\">Modelado num\u00e9rico de problemas de grandes deformaciones, contacto e impacto.<\/li>\n<li style=\"text-align: justify;\">Modelado num\u00e9rico de problemas relacionados al uso de nuevos materiales s\u00f3lidos<\/li>\n<li style=\"text-align: justify;\">Modelado num\u00e9rico de interfaces y adherencia en sistemas compuestos.<\/li>\n<li style=\"text-align: justify;\">Acciones mec\u00e1nicas, t\u00e9rmicas e inducidas por transformaciones metal\u00fargicas entre otras.<\/li>\n<\/ul>\n<p style=\"text-align: justify;\">PALABRAS CLAVE:<\/p>\n<p style=\"text-align: justify;\">\n","protected":false},"excerpt":{"rendered":"<p>&lt; Anterior Otras Sesiones Siguiente &gt; Organizadores Bibiana Luccioni Victor Fachinotti &nbsp; Descripci\u00f3n: Aplicaci\u00f3n y desarrollo de m\u00e9todos num\u00e9ricos para la soluci\u00f3n de problemas de Mec\u00e1nica de S\u00f3lidos en general, incluyendo herramientas para la optimizaci\u00f3n del dise\u00f1o y la simulaci\u00f3n de procesos de fabricaci\u00f3n y problemas de ingenier\u00eda que involucren cuerpos s\u00f3lidos. Desarrollo de m\u00e9todos [&hellip;]<\/p>\n","protected":false},"author":101037,"featured_media":0,"parent":112,"menu_order":0,"comment_status":"closed","ping_status":"closed","template":"","meta":[],"_links":{"self":[{"href":"https:\/\/www.facet.unt.edu.ar\/mecom2018\/wp-json\/wp\/v2\/pages\/422"}],"collection":[{"href":"https:\/\/www.facet.unt.edu.ar\/mecom2018\/wp-json\/wp\/v2\/pages"}],"about":[{"href":"https:\/\/www.facet.unt.edu.ar\/mecom2018\/wp-json\/wp\/v2\/types\/page"}],"author":[{"embeddable":true,"href":"https:\/\/www.facet.unt.edu.ar\/mecom2018\/wp-json\/wp\/v2\/users\/101037"}],"replies":[{"embeddable":true,"href":"https:\/\/www.facet.unt.edu.ar\/mecom2018\/wp-json\/wp\/v2\/comments?post=422"}],"version-history":[{"count":6,"href":"https:\/\/www.facet.unt.edu.ar\/mecom2018\/wp-json\/wp\/v2\/pages\/422\/revisions"}],"predecessor-version":[{"id":1009,"href":"https:\/\/www.facet.unt.edu.ar\/mecom2018\/wp-json\/wp\/v2\/pages\/422\/revisions\/1009"}],"up":[{"embeddable":true,"href":"https:\/\/www.facet.unt.edu.ar\/mecom2018\/wp-json\/wp\/v2\/pages\/112"}],"wp:attachment":[{"href":"https:\/\/www.facet.unt.edu.ar\/mecom2018\/wp-json\/wp\/v2\/media?parent=422"}],"curies":[{"name":"wp","href":"https:\/\/api.w.org\/{rel}","templated":true}]}}