{"id":424,"date":"2018-02-21T09:40:44","date_gmt":"2018-02-21T12:40:44","guid":{"rendered":"https:\/\/www.facet.unt.edu.ar\/mecom2018\/?page_id=424"},"modified":"2018-03-07T17:13:10","modified_gmt":"2018-03-07T20:13:10","slug":"analisis-estructural","status":"publish","type":"page","link":"https:\/\/www.facet.unt.edu.ar\/mecom2018\/sesiones\/analisis-estructural\/","title":{"rendered":"AN\u00c1LISIS ESTRUCTURAL"},"content":{"rendered":"<table>\n<tbody>\n<tr>\n<td style=\"background-color: #424242; text-align: center; vertical-align: middle;\"><a href=\"https:\/\/www.facet.unt.edu.ar\/mecom2018\/sesiones\/acustica-y-vibraciones\/\"><span style=\"font-size: 18pt; font-family: 'arial black', sans-serif;\"><span style=\"color: #ffffff;\"><span style=\"font-size: 14pt;\">&lt;<\/span> <span style=\"font-family: arial, helvetica, sans-serif; font-size: 14pt;\">Anterior<\/span><\/span><\/span><\/a><\/td>\n<td style=\"text-align: center; vertical-align: middle;\"><span style=\"font-family: arial, helvetica, sans-serif; font-size: 14pt;\"><strong><a href=\"https:\/\/www.facet.unt.edu.ar\/mecom2018\/sesiones\/\">Otras Sesiones<\/a><\/strong><\/span><\/td>\n<td style=\"background-color: #424242; text-align: center; vertical-align: middle;\"><a href=\"https:\/\/www.facet.unt.edu.ar\/mecom2018\/sesiones\/aplicaciones-a-reactores-nucleares-de-potencia\/\"><span style=\"font-family: 'arial black', sans-serif;\"><span style=\"font-size: 14pt; font-family: arial, helvetica, sans-serif;\"><span style=\"color: #ffffff;\">Siguiente<\/span><\/span><span style=\"font-size: 14pt;\"><strong><span style=\"color: #ffffff;\"> &gt;<\/span><\/strong><\/span><\/span><\/a><\/td>\n<\/tr>\n<\/tbody>\n<\/table>\n<p><strong>Organizadores<\/strong><\/p>\n<p>Diana Bambill, Departamento de Ingenier\u00eda, Universidad Nacional del Sur, CONICET, Bah\u00eda Blanca,Argentina. <a href=\"mailto:dbambill@criba.edu.ar\">dbambill@criba.edu.ar<\/a><\/p>\n<p>Rossana Jaca, Facultad de Ingenier\u00eda, Universidad Nacional del Comahue, Argentina, Neuqu\u00e9n, Argentina. <a href=\"mailto:rossana.jaca@fain.uncoma.edu.ar\">rossana.jaca@fain.uncoma.edu.ar<\/a><\/p>\n<p>&nbsp;<\/p>\n<p><strong>Descripci\u00f3n:<\/strong><\/p>\n<p>Esta sesi\u00f3n tiene como objetivo la presentaci\u00f3n y discusi\u00f3n de trabajos sobre an\u00e1lisis y dise\u00f1o estructural, que utilicen m\u00e9todos num\u00e9ricos en su desarrollo.<\/p>\n<p>Esta tem\u00e1tica considera:<\/p>\n<ul>\n<li>Estructuras de diversas tipolog\u00edas: vigas, p\u00f3rticos, placas, c\u00e1scaras<\/li>\n<li>Estructuras de diversos materiales: aceros, hormig\u00f3n armado o pretensado, estructuras mixtas, estructuras de materiales compuestos.<\/li>\n<li>Evaluaci\u00f3n de estados de solicitaci\u00f3n para el proyecto estructural: vibraciones, cargas est\u00e1ticas y din\u00e1micas, viento, sismo, impactos, etc.<\/li>\n<li>Procedimientos para el dimensionamiento estructural<\/li>\n<li>Evaluaci\u00f3n de da\u00f1o y confiabilidad estructural.<\/li>\n<\/ul>\n<p style=\"text-align: justify;\">PALABRAS CLAVE:<\/p>\n","protected":false},"excerpt":{"rendered":"<p>&lt; Anterior Otras Sesiones Siguiente &gt; Organizadores Diana Bambill, Departamento de Ingenier\u00eda, Universidad Nacional del Sur, CONICET, Bah\u00eda Blanca,Argentina. dbambill@criba.edu.ar Rossana Jaca, Facultad de Ingenier\u00eda, Universidad Nacional del Comahue, Argentina, Neuqu\u00e9n, Argentina. rossana.jaca@fain.uncoma.edu.ar &nbsp; Descripci\u00f3n: Esta sesi\u00f3n tiene como objetivo la presentaci\u00f3n y discusi\u00f3n de trabajos sobre an\u00e1lisis y dise\u00f1o estructural, que utilicen m\u00e9todos num\u00e9ricos [&hellip;]<\/p>\n","protected":false},"author":101037,"featured_media":0,"parent":112,"menu_order":0,"comment_status":"closed","ping_status":"closed","template":"","meta":[],"_links":{"self":[{"href":"https:\/\/www.facet.unt.edu.ar\/mecom2018\/wp-json\/wp\/v2\/pages\/424"}],"collection":[{"href":"https:\/\/www.facet.unt.edu.ar\/mecom2018\/wp-json\/wp\/v2\/pages"}],"about":[{"href":"https:\/\/www.facet.unt.edu.ar\/mecom2018\/wp-json\/wp\/v2\/types\/page"}],"author":[{"embeddable":true,"href":"https:\/\/www.facet.unt.edu.ar\/mecom2018\/wp-json\/wp\/v2\/users\/101037"}],"replies":[{"embeddable":true,"href":"https:\/\/www.facet.unt.edu.ar\/mecom2018\/wp-json\/wp\/v2\/comments?post=424"}],"version-history":[{"count":12,"href":"https:\/\/www.facet.unt.edu.ar\/mecom2018\/wp-json\/wp\/v2\/pages\/424\/revisions"}],"predecessor-version":[{"id":1134,"href":"https:\/\/www.facet.unt.edu.ar\/mecom2018\/wp-json\/wp\/v2\/pages\/424\/revisions\/1134"}],"up":[{"embeddable":true,"href":"https:\/\/www.facet.unt.edu.ar\/mecom2018\/wp-json\/wp\/v2\/pages\/112"}],"wp:attachment":[{"href":"https:\/\/www.facet.unt.edu.ar\/mecom2018\/wp-json\/wp\/v2\/media?parent=424"}],"curies":[{"name":"wp","href":"https:\/\/api.w.org\/{rel}","templated":true}]}}