{"id":427,"date":"2018-02-21T09:41:46","date_gmt":"2018-02-21T12:41:46","guid":{"rendered":"https:\/\/www.facet.unt.edu.ar\/mecom2018\/?page_id=427"},"modified":"2018-03-07T17:13:49","modified_gmt":"2018-03-07T20:13:49","slug":"transferencia-de-calor-y-materia","status":"publish","type":"page","link":"https:\/\/www.facet.unt.edu.ar\/mecom2018\/sesiones\/transferencia-de-calor-y-materia\/","title":{"rendered":"TRANSFERENCIA DE CALOR Y MASA"},"content":{"rendered":"<table>\n<tbody>\n<tr>\n<td style=\"background-color: #424242; text-align: center; vertical-align: middle;\"><a href=\"https:\/\/www.facet.unt.edu.ar\/mecom2018\/sesiones\/optimizacion-y-control-teoria-y-aplicaciones\/\"><span style=\"font-size: 18pt; font-family: 'arial black', sans-serif;\"><span style=\"color: #ffffff;\"><span style=\"font-size: 14pt;\">&lt;<\/span> <span style=\"font-family: arial, helvetica, sans-serif; font-size: 14pt;\">Anterior<\/span><\/span><\/span><\/a><\/td>\n<td style=\"text-align: center; vertical-align: middle;\"><span style=\"font-family: arial, helvetica, sans-serif; font-size: 14pt;\"><strong><a href=\"https:\/\/www.facet.unt.edu.ar\/mecom2018\/sesiones\/\">Otras Sesiones<\/a><\/strong><\/span><\/td>\n<td style=\"background-color: #424242; text-align: center; vertical-align: middle;\"><a href=\"https:\/\/www.facet.unt.edu.ar\/mecom2018\/sesiones\/acustica-y-vibraciones\/\"><span style=\"font-family: 'arial black', sans-serif;\"><span style=\"font-size: 14pt; font-family: arial, helvetica, sans-serif;\"><span style=\"color: #ffffff;\">Siguiente<\/span><\/span><span style=\"font-size: 14pt;\"><strong><span style=\"color: #ffffff;\"> &gt;<\/span><\/strong><\/span><\/span><\/a><\/td>\n<\/tr>\n<\/tbody>\n<\/table>\n<p><strong>Organizadores<\/strong><\/p>\n<p>Anal\u00eda Gast\u00f3n,<\/p>\n<p>Daniel Rebollo,<\/p>\n<p>&nbsp;<\/p>\n<p><strong>Descripci\u00f3n:<\/strong><\/p>\n<p style=\"text-align: justify;\">El objetivo de la sesi\u00f3n es difundir nuevos desarrollos en el modelado num\u00e9rico y computacional de los fen\u00f3menos de transporte de calor y materia presentes en la conducci\u00f3n del calor, difusi\u00f3n de especies qu\u00edmicas, convecci\u00f3n forzada, natural o combinadas, evaporaci\u00f3n, ebullici\u00f3n y condensaci\u00f3n, radiaci\u00f3n t\u00e9rmica, transporte en medios porosos, dise\u00f1o y c\u00e1lculo de intercambiadores de calor, sistemas de aislaci\u00f3n t\u00e9rmica, enfriamiento de componentes electr\u00f3nicos, propiedades termof\u00edsicas de materiales y fluidos, as\u00ed como la aplicaci\u00f3n de los mismos para analizar diversos procesos industriales ligadas a la Ingenier\u00eda Mec\u00e1nica, Qu\u00edmica, Aeroespacial, Tecnolog\u00eda de Alimentos, Ingenier\u00eda Agr\u00edcola, Medio ambiente y cualquier otra disciplina en la que est\u00e9n involucrados los procesos de transferencia de calor y materia.<\/p>\n<p style=\"text-align: justify;\">PALABRAS CLAVE:<\/p>\n<p style=\"text-align: justify;\">\n","protected":false},"excerpt":{"rendered":"<p>&lt; Anterior Otras Sesiones Siguiente &gt; Organizadores Anal\u00eda Gast\u00f3n, Daniel Rebollo, &nbsp; Descripci\u00f3n: El objetivo de la sesi\u00f3n es difundir nuevos desarrollos en el modelado num\u00e9rico y computacional de los fen\u00f3menos de transporte de calor y materia presentes en la conducci\u00f3n del calor, difusi\u00f3n de especies qu\u00edmicas, convecci\u00f3n forzada, natural o combinadas, evaporaci\u00f3n, ebullici\u00f3n y [&hellip;]<\/p>\n","protected":false},"author":101037,"featured_media":0,"parent":112,"menu_order":0,"comment_status":"closed","ping_status":"closed","template":"","meta":[],"_links":{"self":[{"href":"https:\/\/www.facet.unt.edu.ar\/mecom2018\/wp-json\/wp\/v2\/pages\/427"}],"collection":[{"href":"https:\/\/www.facet.unt.edu.ar\/mecom2018\/wp-json\/wp\/v2\/pages"}],"about":[{"href":"https:\/\/www.facet.unt.edu.ar\/mecom2018\/wp-json\/wp\/v2\/types\/page"}],"author":[{"embeddable":true,"href":"https:\/\/www.facet.unt.edu.ar\/mecom2018\/wp-json\/wp\/v2\/users\/101037"}],"replies":[{"embeddable":true,"href":"https:\/\/www.facet.unt.edu.ar\/mecom2018\/wp-json\/wp\/v2\/comments?post=427"}],"version-history":[{"count":10,"href":"https:\/\/www.facet.unt.edu.ar\/mecom2018\/wp-json\/wp\/v2\/pages\/427\/revisions"}],"predecessor-version":[{"id":1135,"href":"https:\/\/www.facet.unt.edu.ar\/mecom2018\/wp-json\/wp\/v2\/pages\/427\/revisions\/1135"}],"up":[{"embeddable":true,"href":"https:\/\/www.facet.unt.edu.ar\/mecom2018\/wp-json\/wp\/v2\/pages\/112"}],"wp:attachment":[{"href":"https:\/\/www.facet.unt.edu.ar\/mecom2018\/wp-json\/wp\/v2\/media?parent=427"}],"curies":[{"name":"wp","href":"https:\/\/api.w.org\/{rel}","templated":true}]}}