{"id":429,"date":"2018-02-21T09:43:35","date_gmt":"2018-02-21T12:43:35","guid":{"rendered":"https:\/\/www.facet.unt.edu.ar\/mecom2018\/?page_id=429"},"modified":"2018-03-03T02:24:14","modified_gmt":"2018-03-03T05:24:14","slug":"aplicaciones-de-wavelets","status":"publish","type":"page","link":"https:\/\/www.facet.unt.edu.ar\/mecom2018\/sesiones\/aplicaciones-de-wavelets\/","title":{"rendered":"APLICACIONES DE WAVELETS"},"content":{"rendered":"<table>\n<tbody>\n<tr>\n<td style=\"background-color: #424242; text-align: center; vertical-align: middle;\"><a href=\"https:\/\/www.facet.unt.edu.ar\/mecom2018\/sesiones\/aplicaciones-a-reactores-nucleares-de-potencia\/\"><span style=\"font-size: 18pt; font-family: 'arial black', sans-serif;\"><span style=\"color: #ffffff;\"><span style=\"font-size: 14pt;\">&lt;<\/span> <span style=\"font-family: arial, helvetica, sans-serif; font-size: 14pt;\">Anterior<\/span><\/span><\/span><\/a><\/td>\n<td style=\"text-align: center; vertical-align: middle;\"><span style=\"font-family: arial, helvetica, sans-serif; font-size: 14pt;\"><strong><a href=\"https:\/\/www.facet.unt.edu.ar\/mecom2018\/sesiones\/\">Otras Sesiones<\/a><\/strong><\/span><\/td>\n<td style=\"background-color: #424242; text-align: center; vertical-align: middle;\"><a href=\"https:\/\/www.facet.unt.edu.ar\/mecom2018\/sesiones\/aplicaciones-industriales\/\"><span style=\"font-family: 'arial black', sans-serif;\"><span style=\"font-size: 14pt; font-family: arial, helvetica, sans-serif;\"><span style=\"color: #ffffff;\">Siguiente<\/span><\/span><span style=\"font-size: 14pt;\"><strong><span style=\"color: #ffffff;\"> &gt;<\/span><\/strong><\/span><\/span><\/a><\/td>\n<\/tr>\n<\/tbody>\n<\/table>\n<p><strong>Organizadores<\/strong><\/p>\n<p>Mar\u00eda Teresa Mart\u00edn, FCE-UNLP CONICET,\u00a0<a href=\"mailto:teremartin.map@gmail.com\">teremartin.map@gmail.com<\/a><\/p>\n<p>Victoria Vampa, FCE-UNLP,\u00a0<a href=\"mailto:victoriavampa@gmail.com\">victoriavampa@gmail.com<\/a><\/p>\n<p>&nbsp;<\/p>\n<p><strong>Descripci\u00f3n:<\/strong><\/p>\n<p style=\"text-align: justify;\">La Teor\u00eda de Wavelets es una poderosa herramienta matem\u00e1tica desarrollada a fines del siglo XX que ha despertado gran atenci\u00f3n en diversos campos de la ingenier\u00eda, la f\u00edsica y las ciencias aplicadas, tales como el procesamiento de se\u00f1ales e im\u00e1genes, el reconocimiento de patrones, la f\u00edsica cu\u00e1ntica, el diagn\u00f3stico por im\u00e1genes, etc. Las wavelets\u00a0 son funciones elementales, oscilantes, suaves y de soporte compacto o r\u00e1pido decaimiento. Brindan bases ortogonales, bases de Riesz o marcos del espacio de se\u00f1ales de energ\u00eda finita. Sus propiedades las convierten en elementos atractivos para las soluciones de forma d\u00e9bil de ecuaciones diferenciales, ya que pueden ser usadas para representar con eficacia soluciones con gradientes pronunciados. El an\u00e1lisis basado en la transformada wavelet representa una combinaci\u00f3n perfecta del an\u00e1lisis funcional, la transformada de Fourier, el an\u00e1lisis arm\u00f3nico y el an\u00e1lisis num\u00e9rico.<\/p>\n<p style=\"text-align: justify;\">PALABRAS CLAVE:\u00a0Transformada Wavelet, An\u00e1lisis Multirresoluci\u00f3n<\/p>\n","protected":false},"excerpt":{"rendered":"<p>&lt; Anterior Otras Sesiones Siguiente &gt; Organizadores Mar\u00eda Teresa Mart\u00edn, FCE-UNLP CONICET,\u00a0teremartin.map@gmail.com Victoria Vampa, FCE-UNLP,\u00a0victoriavampa@gmail.com &nbsp; Descripci\u00f3n: La Teor\u00eda de Wavelets es una poderosa herramienta matem\u00e1tica desarrollada a fines del siglo XX que ha despertado gran atenci\u00f3n en diversos campos de la ingenier\u00eda, la f\u00edsica y las ciencias aplicadas, tales como el procesamiento de se\u00f1ales [&hellip;]<\/p>\n","protected":false},"author":101037,"featured_media":0,"parent":112,"menu_order":0,"comment_status":"closed","ping_status":"closed","template":"","meta":[],"_links":{"self":[{"href":"https:\/\/www.facet.unt.edu.ar\/mecom2018\/wp-json\/wp\/v2\/pages\/429"}],"collection":[{"href":"https:\/\/www.facet.unt.edu.ar\/mecom2018\/wp-json\/wp\/v2\/pages"}],"about":[{"href":"https:\/\/www.facet.unt.edu.ar\/mecom2018\/wp-json\/wp\/v2\/types\/page"}],"author":[{"embeddable":true,"href":"https:\/\/www.facet.unt.edu.ar\/mecom2018\/wp-json\/wp\/v2\/users\/101037"}],"replies":[{"embeddable":true,"href":"https:\/\/www.facet.unt.edu.ar\/mecom2018\/wp-json\/wp\/v2\/comments?post=429"}],"version-history":[{"count":15,"href":"https:\/\/www.facet.unt.edu.ar\/mecom2018\/wp-json\/wp\/v2\/pages\/429\/revisions"}],"predecessor-version":[{"id":1000,"href":"https:\/\/www.facet.unt.edu.ar\/mecom2018\/wp-json\/wp\/v2\/pages\/429\/revisions\/1000"}],"up":[{"embeddable":true,"href":"https:\/\/www.facet.unt.edu.ar\/mecom2018\/wp-json\/wp\/v2\/pages\/112"}],"wp:attachment":[{"href":"https:\/\/www.facet.unt.edu.ar\/mecom2018\/wp-json\/wp\/v2\/media?parent=429"}],"curies":[{"name":"wp","href":"https:\/\/api.w.org\/{rel}","templated":true}]}}