{"id":437,"date":"2018-02-21T09:45:54","date_gmt":"2018-02-21T12:45:54","guid":{"rendered":"https:\/\/www.facet.unt.edu.ar\/mecom2018\/?page_id=437"},"modified":"2018-03-03T02:28:28","modified_gmt":"2018-03-03T05:28:28","slug":"modelado-de-falla-de-materiales","status":"publish","type":"page","link":"https:\/\/www.facet.unt.edu.ar\/mecom2018\/sesiones\/modelado-de-falla-de-materiales\/","title":{"rendered":"MODELADO DE FALLA DE MATERIALES"},"content":{"rendered":"<table>\n<tbody>\n<tr>\n<td style=\"background-color: #424242; text-align: center; vertical-align: middle;\"><a href=\"https:\/\/www.facet.unt.edu.ar\/mecom2018\/sesiones\/mecanica-de-solidos\/\"><span style=\"font-size: 18pt; font-family: 'arial black', sans-serif;\"><span style=\"color: #ffffff;\"><span style=\"font-size: 14pt;\">&lt;<\/span> <span style=\"font-family: arial, helvetica, sans-serif; font-size: 14pt;\">Anterior<\/span><\/span><\/span><\/a><\/td>\n<td style=\"text-align: center; vertical-align: middle;\"><span style=\"font-family: arial, helvetica, sans-serif; font-size: 14pt;\"><strong><a href=\"https:\/\/www.facet.unt.edu.ar\/mecom2018\/sesiones\/\">Otras Sesiones<\/a><\/strong><\/span><\/td>\n<td style=\"background-color: #424242; text-align: center; vertical-align: middle;\"><a href=\"https:\/\/www.facet.unt.edu.ar\/mecom2018\/sesiones\/modelado-de-sistemas-multicuerpos\/\"><span style=\"font-family: 'arial black', sans-serif;\"><span style=\"font-size: 14pt; font-family: arial, helvetica, sans-serif;\"><span style=\"color: #ffffff;\">Siguiente<\/span><\/span><span style=\"font-size: 14pt;\"><strong><span style=\"color: #ffffff;\"> &gt;<\/span><\/strong><\/span><\/span><\/a><\/td>\n<\/tr>\n<\/tbody>\n<\/table>\n<p><strong>Organizadores<\/strong><\/p>\n<p>Adri\u00e1n Cisilino,\u00a0INTEMA\/UNMdP-CONICET, Mar del Plata, Argentina.<\/p>\n<p>Alfredo Huespe, CIMEC\/UNL-CONICET, Santa Fe, Argentina.<\/p>\n<p>&nbsp;<\/p>\n<p><strong>Descripci\u00f3n:<\/strong><\/p>\n<p style=\"text-align: justify;\">Esta sesi\u00f3n trata sobre el modelado num\u00e9rico y el an\u00e1lisis computacional de la degradaci\u00f3n, fractura y falla de materiales s\u00f3lidos y compuestos a diferentes escalas de observaci\u00f3n. Los temas de inter\u00e9s incluyen el an\u00e1lisis multiescala de la mec\u00e1nica de fallas, formulaciones constitutivas basadas en enfoques discretos y fisuras difusas, procedimientos num\u00e9ricos, tecnolog\u00eda de elementos finitos, an\u00e1lisis de localizaci\u00f3n de fallas, objetividad de malla y an\u00e1lisis de fallas acopladas. La comparaci\u00f3n entre los resultados computacionales y experimentales es de gran inter\u00e9s, as\u00ed como la correlaci\u00f3n entre las formulaciones constitutivas y los fen\u00f3menos f\u00edsicos. El objetivo principal de esta sesi\u00f3n es la discusi\u00f3n abierta y profunda de todos los diferentes aspectos involucrados en el an\u00e1lisis computacional de la fractura y falla de materiales.<\/p>\n<p style=\"text-align: justify;\">PALABRAS CLAVE:<\/p>\n<p style=\"text-align: justify;\">\n","protected":false},"excerpt":{"rendered":"<p>&lt; Anterior Otras Sesiones Siguiente &gt; Organizadores Adri\u00e1n Cisilino,\u00a0INTEMA\/UNMdP-CONICET, Mar del Plata, Argentina. Alfredo Huespe, CIMEC\/UNL-CONICET, Santa Fe, Argentina. &nbsp; Descripci\u00f3n: Esta sesi\u00f3n trata sobre el modelado num\u00e9rico y el an\u00e1lisis computacional de la degradaci\u00f3n, fractura y falla de materiales s\u00f3lidos y compuestos a diferentes escalas de observaci\u00f3n. Los temas de inter\u00e9s incluyen el an\u00e1lisis [&hellip;]<\/p>\n","protected":false},"author":101037,"featured_media":0,"parent":112,"menu_order":0,"comment_status":"closed","ping_status":"closed","template":"","meta":[],"_links":{"self":[{"href":"https:\/\/www.facet.unt.edu.ar\/mecom2018\/wp-json\/wp\/v2\/pages\/437"}],"collection":[{"href":"https:\/\/www.facet.unt.edu.ar\/mecom2018\/wp-json\/wp\/v2\/pages"}],"about":[{"href":"https:\/\/www.facet.unt.edu.ar\/mecom2018\/wp-json\/wp\/v2\/types\/page"}],"author":[{"embeddable":true,"href":"https:\/\/www.facet.unt.edu.ar\/mecom2018\/wp-json\/wp\/v2\/users\/101037"}],"replies":[{"embeddable":true,"href":"https:\/\/www.facet.unt.edu.ar\/mecom2018\/wp-json\/wp\/v2\/comments?post=437"}],"version-history":[{"count":10,"href":"https:\/\/www.facet.unt.edu.ar\/mecom2018\/wp-json\/wp\/v2\/pages\/437\/revisions"}],"predecessor-version":[{"id":1010,"href":"https:\/\/www.facet.unt.edu.ar\/mecom2018\/wp-json\/wp\/v2\/pages\/437\/revisions\/1010"}],"up":[{"embeddable":true,"href":"https:\/\/www.facet.unt.edu.ar\/mecom2018\/wp-json\/wp\/v2\/pages\/112"}],"wp:attachment":[{"href":"https:\/\/www.facet.unt.edu.ar\/mecom2018\/wp-json\/wp\/v2\/media?parent=437"}],"curies":[{"name":"wp","href":"https:\/\/api.w.org\/{rel}","templated":true}]}}