{"id":446,"date":"2018-02-21T09:50:37","date_gmt":"2018-02-21T12:50:37","guid":{"rendered":"https:\/\/www.facet.unt.edu.ar\/mecom2018\/?page_id=446"},"modified":"2018-03-03T02:26:59","modified_gmt":"2018-03-03T05:26:59","slug":"flujo-y-transporte-multifasicos-en-medios-porosos-y-microescala","status":"publish","type":"page","link":"https:\/\/www.facet.unt.edu.ar\/mecom2018\/sesiones\/flujo-y-transporte-multifasicos-en-medios-porosos-y-microescala\/","title":{"rendered":"FLUJO Y TRANSPORTE MULTIF\u00c1SICOS EN MEDIOS POROSOS Y MICROESCALA"},"content":{"rendered":"<table>\n<tbody>\n<tr>\n<td style=\"background-color: #424242; text-align: center; vertical-align: middle;\"><a href=\"https:\/\/www.facet.unt.edu.ar\/mecom2018\/sesiones\/ensenanza-de-metodos-numericos\/\"><span style=\"font-size: 18pt; font-family: 'arial black', sans-serif;\"><span style=\"color: #ffffff;\"><span style=\"font-size: 14pt;\">&lt;<\/span> <span style=\"font-family: arial, helvetica, sans-serif; font-size: 14pt;\">Anterior<\/span><\/span><\/span><\/a><\/td>\n<td style=\"text-align: center; vertical-align: middle;\"><span style=\"font-family: arial, helvetica, sans-serif; font-size: 14pt;\"><strong><a href=\"https:\/\/www.facet.unt.edu.ar\/mecom2018\/sesiones\/\">Otras Sesiones<\/a><\/strong><\/span><\/td>\n<td style=\"background-color: #424242; text-align: center; vertical-align: middle;\"><a href=\"https:\/\/www.facet.unt.edu.ar\/mecom2018\/sesiones\/fundamentos-matematicos-de-metodos-numericos\/\"><span style=\"font-family: 'arial black', sans-serif;\"><span style=\"font-size: 14pt; font-family: arial, helvetica, sans-serif;\"><span style=\"color: #ffffff;\">Siguiente<\/span><\/span><span style=\"font-size: 14pt;\"><strong><span style=\"color: #ffffff;\"> &gt;<\/span><\/strong><\/span><\/span><\/a><\/td>\n<\/tr>\n<\/tbody>\n<\/table>\n<p><strong>Organizadores<\/strong><\/p>\n<p>Gustavo Buscaglia, <a href=\"mailto:gustavo.buscaglia@icmc.usp.br\">gustavo.buscaglia@icmc.usp.br<\/a><\/p>\n<p>Santiago M\u00e1rquez Dami\u00e1n,\u00a0<a href=\"mailto:marquezds@cimec.unl.edu.ar\">marquezds@cimec.unl.edu.ar<\/a><\/p>\n<p>Pablo Kler,\u00a0<a href=\"mailto:kler@cimec.unl.edu.ar\">kler@cimec.unl.edu.ar<\/a><\/p>\n<p>&nbsp;<\/p>\n<p><strong>Descripci\u00f3n:<\/strong><\/p>\n<p style=\"text-align: justify;\">La sesi\u00f3n se encuentra destinada a la presentaci\u00f3n de aquellos trabajos que involucren la resoluci\u00f3n de flujo de fluidos y\/o transporte en medios o sistemas no homog\u00e9neos. Generalmente,\u00a0estas no-homogeneidades se dan en una escala microm\u00e9trica, y como ejemplos podemos citar medios porosos, microgotas, microemulsiones o heterogeneidades por acumulaci\u00f3n de cargas el\u00e9ctricas en soluci\u00f3n, entre otras. Dos de las caracter\u00edsticas intr\u00ednsecas de los sistemas f\u00edsicos mencionados son los reg\u00edmenes de flujo de fluidos laminares o a muy bajo n\u00famero de Reynolds, y para el caso del transporte, el alto n\u00famero de P\u00e8clet. Entre las aplicaciones que a priori entendemos pueden llegar a integrar esta sesi\u00f3n podemos incluir: microflu\u00eddica en papel, estudios de microgotas y microemulsiones, transporte en medios biol\u00f3gicos artificiales, transporte de biomol\u00e9culas en espacios micro y nanoestructurados y flujo de lubricaci\u00f3n, entre otros.<\/p>\n<p style=\"text-align: justify;\">PALABRAS CLAVE:<\/p>\n<p style=\"text-align: justify;\">\n","protected":false},"excerpt":{"rendered":"<p>&lt; Anterior Otras Sesiones Siguiente &gt; Organizadores Gustavo Buscaglia, gustavo.buscaglia@icmc.usp.br Santiago M\u00e1rquez Dami\u00e1n,\u00a0marquezds@cimec.unl.edu.ar Pablo Kler,\u00a0kler@cimec.unl.edu.ar &nbsp; Descripci\u00f3n: La sesi\u00f3n se encuentra destinada a la presentaci\u00f3n de aquellos trabajos que involucren la resoluci\u00f3n de flujo de fluidos y\/o transporte en medios o sistemas no homog\u00e9neos. Generalmente,\u00a0estas no-homogeneidades se dan en una escala microm\u00e9trica, y como ejemplos [&hellip;]<\/p>\n","protected":false},"author":101037,"featured_media":0,"parent":112,"menu_order":0,"comment_status":"closed","ping_status":"closed","template":"","meta":[],"_links":{"self":[{"href":"https:\/\/www.facet.unt.edu.ar\/mecom2018\/wp-json\/wp\/v2\/pages\/446"}],"collection":[{"href":"https:\/\/www.facet.unt.edu.ar\/mecom2018\/wp-json\/wp\/v2\/pages"}],"about":[{"href":"https:\/\/www.facet.unt.edu.ar\/mecom2018\/wp-json\/wp\/v2\/types\/page"}],"author":[{"embeddable":true,"href":"https:\/\/www.facet.unt.edu.ar\/mecom2018\/wp-json\/wp\/v2\/users\/101037"}],"replies":[{"embeddable":true,"href":"https:\/\/www.facet.unt.edu.ar\/mecom2018\/wp-json\/wp\/v2\/comments?post=446"}],"version-history":[{"count":9,"href":"https:\/\/www.facet.unt.edu.ar\/mecom2018\/wp-json\/wp\/v2\/pages\/446\/revisions"}],"predecessor-version":[{"id":1006,"href":"https:\/\/www.facet.unt.edu.ar\/mecom2018\/wp-json\/wp\/v2\/pages\/446\/revisions\/1006"}],"up":[{"embeddable":true,"href":"https:\/\/www.facet.unt.edu.ar\/mecom2018\/wp-json\/wp\/v2\/pages\/112"}],"wp:attachment":[{"href":"https:\/\/www.facet.unt.edu.ar\/mecom2018\/wp-json\/wp\/v2\/media?parent=446"}],"curies":[{"name":"wp","href":"https:\/\/api.w.org\/{rel}","templated":true}]}}