{"id":699,"date":"2018-02-22T15:12:38","date_gmt":"2018-02-22T18:12:38","guid":{"rendered":"https:\/\/www.facet.unt.edu.ar\/mecom2018\/?page_id=699"},"modified":"2018-06-19T07:42:01","modified_gmt":"2018-06-19T10:42:01","slug":"openfoam","status":"publish","type":"page","link":"https:\/\/www.facet.unt.edu.ar\/mecom2018\/openfoam\/","title":{"rendered":"OpenFOAM"},"content":{"rendered":"<h2>VIII Encuentro de usuarios OpenFOAM<\/h2>\n<p style=\"text-align: justify;\"><strong>Octavo Encuentro de Usuarios OpenFOAM\u00ae de Argentina<\/strong> (Tucum\u00e1n, Argentina, Noviembre de 2018). Se invita a usuarios, desarrolladores y otros interesados a participar de este octavo encuentro a realizarse durante el MECOM 2018 en el mes de Noviembre.<\/p>\n<p style=\"text-align: justify;\">OpenFOAM\u00ae es una librer\u00eda de c\u00f3mputo por Vol\u00famenes Finitos orientada a la operaci\u00f3n de todo tipo de campos escalares, vectoriales y tensoriales. El usuario tiene, a partir de ella, la posibilidad de implementar solvers propios o utilizar los que son provistos seleccion\u00e1ndolos entre una amplia gama que incluye la simulaci\u00f3n num\u00e9rica directa, flujo a superficie libre (VOF), problemas multifluido, flujo incompresible, interacci\u00f3n fluido-estructura, tensiones en s\u00f3lidos, etc. Los c\u00e1lculos se llevan a cabo mediante c\u00f3digo C++ compilado y haciendo uso de la paralelizaci\u00f3n con velocidades de ejecuci\u00f3n y resultados acorde a c\u00f3digos de primer nivel.<\/p>\n<p style=\"text-align: justify;\">Todas estas capacidades y el hecho de que OpenFOAM\u00ae es una librer\u00eda de c\u00f3digo abierto (licencia GNU GPL) hacen de ella un gran aporte a la comunidad profesional y cient\u00edfica, siendo posible utilizarla para investigaci\u00f3n y desarrollo.<\/p>\n<p style=\"text-align: justify;\">El encuentro provee una oportunidad para que los asistentes compartan experiencias en el uso de esta herramienta, casos de \u00e9xito en investigaci\u00f3n, desarrollo y consultor\u00eda, implementaci\u00f3n de nuevos solvers, uso en general, documentaci\u00f3n, etc., fortaleciendo as\u00ed la actual red de colaboraci\u00f3n existente.<\/p>\n<p style=\"text-align: justify;\">Se invita especialmente a quienes est\u00e9n dando su primeros pasos en el uso de OpenFOAM\u00ae o est\u00e9n interesados en conocer la herramienta.<\/p>\n<p style=\"text-align: justify;\">Los interesados pueden comunicarse con:\u00a0Santiago M\u00e1rquez Dami\u00e1n; email:\u00a0<a href=\"mailto:santiagomarquezd@gmail.com\">santiagomarquezd@gmail.com<\/a><\/p>\n","protected":false},"excerpt":{"rendered":"<p>VIII Encuentro de usuarios OpenFOAM Octavo Encuentro de Usuarios OpenFOAM\u00ae de Argentina (Tucum\u00e1n, Argentina, Noviembre de 2018). Se invita a usuarios, desarrolladores y otros interesados a participar de este octavo encuentro a realizarse durante el MECOM 2018 en el mes de Noviembre. OpenFOAM\u00ae es una librer\u00eda de c\u00f3mputo por Vol\u00famenes Finitos orientada a la operaci\u00f3n [&hellip;]<\/p>\n","protected":false},"author":101037,"featured_media":0,"parent":0,"menu_order":9,"comment_status":"closed","ping_status":"closed","template":"","meta":[],"_links":{"self":[{"href":"https:\/\/www.facet.unt.edu.ar\/mecom2018\/wp-json\/wp\/v2\/pages\/699"}],"collection":[{"href":"https:\/\/www.facet.unt.edu.ar\/mecom2018\/wp-json\/wp\/v2\/pages"}],"about":[{"href":"https:\/\/www.facet.unt.edu.ar\/mecom2018\/wp-json\/wp\/v2\/types\/page"}],"author":[{"embeddable":true,"href":"https:\/\/www.facet.unt.edu.ar\/mecom2018\/wp-json\/wp\/v2\/users\/101037"}],"replies":[{"embeddable":true,"href":"https:\/\/www.facet.unt.edu.ar\/mecom2018\/wp-json\/wp\/v2\/comments?post=699"}],"version-history":[{"count":9,"href":"https:\/\/www.facet.unt.edu.ar\/mecom2018\/wp-json\/wp\/v2\/pages\/699\/revisions"}],"predecessor-version":[{"id":1302,"href":"https:\/\/www.facet.unt.edu.ar\/mecom2018\/wp-json\/wp\/v2\/pages\/699\/revisions\/1302"}],"wp:attachment":[{"href":"https:\/\/www.facet.unt.edu.ar\/mecom2018\/wp-json\/wp\/v2\/media?parent=699"}],"curies":[{"name":"wp","href":"https:\/\/api.w.org\/{rel}","templated":true}]}}