{"id":866,"date":"2018-03-02T14:40:50","date_gmt":"2018-03-02T17:40:50","guid":{"rendered":"https:\/\/www.facet.unt.edu.ar\/mecom2018\/?page_id=866"},"modified":"2018-09-06T12:53:16","modified_gmt":"2018-09-06T15:53:16","slug":"sessions","status":"publish","type":"page","link":"https:\/\/www.facet.unt.edu.ar\/mecom2018\/en\/sessions\/","title":{"rendered":"Sessions"},"content":{"rendered":"<p><a id=\"organizers_sessions\"><\/a><span style=\"color: #ffffff;\">MECOM2018<\/span><\/p>\n<table width=\"790\">\n<tbody>\n<tr style=\"background-color: #424242; height: 46px;\">\n<td style=\"text-align: center; vertical-align: middle; height: 46px;\" width=\"80\"><span style=\"color: #ffffff;\">\u00a0<\/span><\/td>\n<td style=\"text-align: center; vertical-align: middle; height: 46px;\" width=\"355\"><span style=\"color: #ffffff;\"><strong>SESSIONS<\/strong><\/span><\/td>\n<td style=\"text-align: center; vertical-align: middle; height: 46px;\" width=\"355\"><span style=\"color: #ffffff;\">\u00a0<strong>ORGANIZERS<\/strong><\/span><\/td>\n<\/tr>\n<tr>\n<td style=\"width: 80px; height: 90px; text-align: center; vertical-align: middle;\" rowspan=\"6\" width=\"80\">1<\/td>\n<td style=\"width: 355px; vertical-align: middle;\" rowspan=\"6\" width=\"355\"><a href=\"https:\/\/www.facet.unt.edu.ar\/mecom2018\/en\/sessions\/acoustics-and-vibrations\/\" rel=\"noopener\">ACOUSTICS AND VIBRATIONS<\/a><\/td>\n<td style=\"width: 355px; vertical-align: middle;\" width=\"355\">Fabi\u00e1n C. Tommasini<\/td>\n<\/tr>\n<tr>\n<td style=\"width: 355px; vertical-align: middle;\" width=\"355\">Mar\u00eda Hinalaf<\/td>\n<\/tr>\n<tr>\n<td style=\"width: 355px; vertical-align: middle;\" width=\"355\">Jorge Perez Villalobo<\/td>\n<\/tr>\n<tr>\n<td style=\"width: 355px; vertical-align: middle;\" width=\"355\">Sebasti\u00e1n P. Ferreyra<\/td>\n<\/tr>\n<tr>\n<td style=\"width: 355px; vertical-align: middle;\" width=\"355\">Leonardo Molisani<\/td>\n<\/tr>\n<tr>\n<td style=\"width: 355px; vertical-align: middle;\" width=\"355\">Ronald O&#8217;Brien<\/td>\n<\/tr>\n<tr>\n<td style=\"background-color: #c8c8c8; width: 80px; height: 90px; text-align: center; vertical-align: middle;\" rowspan=\"2\" width=\"80\">2<\/td>\n<td style=\"background-color: #c8c8c8; width: 355px; vertical-align: middle;\" rowspan=\"2\" width=\"355\"><a href=\"https:\/\/www.facet.unt.edu.ar\/mecom2018\/en\/sessions\/structural-analysis\/\">STRUCTURAL ANALYSIS<\/a><\/td>\n<td style=\"background-color: #c8c8c8; width: 355px; vertical-align: middle;\" width=\"355\">Rossana Jaca<\/td>\n<\/tr>\n<tr>\n<td style=\"background-color: #c8c8c8; width: 355px; vertical-align: middle;\" width=\"355\">Diana Bambill<\/td>\n<\/tr>\n<tr>\n<td style=\"width: 80px; height: 90px; text-align: center; vertical-align: middle;\" rowspan=\"2\" width=\"80\">3<\/td>\n<td style=\"width: 355px; vertical-align: middle;\" rowspan=\"2\" width=\"355\"><a href=\"https:\/\/www.facet.unt.edu.ar\/mecom2018\/en\/sessions\/applications-to-nuclear-power-reactors\/\">APPLICATIONS TO NUCLEAR POWER REACTORS<\/a><\/td>\n<td style=\"width: 355px; vertical-align: middle;\" width=\"355\">Juan Nervi<\/td>\n<\/tr>\n<tr>\n<td style=\"width: 355px; vertical-align: middle;\" width=\"355\">Fernando Schroeter<\/td>\n<\/tr>\n<tr>\n<td style=\"background-color: #c8c8c8; height: 90px; width: 80px; text-align: center; vertical-align: middle;\" rowspan=\"2\" width=\"80\">4<\/td>\n<td style=\"background-color: #c8c8c8; width: 355px; vertical-align: middle;\" rowspan=\"2\" width=\"355\"><a href=\"https:\/\/www.facet.unt.edu.ar\/mecom2018\/en\/sessions\/wavelets-applications\/\">WAVELETS APPLICATIONS<\/a><\/td>\n<td style=\"background-color: #c8c8c8; width: 355px; vertical-align: middle;\" width=\"355\">Mar\u00eda Teresa Mart\u00edn<\/td>\n<\/tr>\n<tr>\n<td style=\"background-color: #c8c8c8; width: 355px; vertical-align: middle;\" width=\"355\">Victoria Vampa<\/td>\n<\/tr>\n<tr>\n<td style=\"width: 80px; height: 90px; text-align: center; vertical-align: middle;\" rowspan=\"3\" width=\"80\">5<\/td>\n<td style=\"width: 355px; vertical-align: middle;\" rowspan=\"3\" width=\"355\"><a href=\"https:\/\/www.facet.unt.edu.ar\/mecom2018\/en\/sessions\/industrial-applications\/\">INDUSTRIAL APPLICATIONS<\/a><\/td>\n<td style=\"width: 355px; vertical-align: middle;\" width=\"355\">Dami\u00e1n E. Ramajo<\/td>\n<\/tr>\n<tr>\n<td style=\"width: 355px; vertical-align: middle;\" width=\"355\">Javier Salomone<\/td>\n<\/tr>\n<tr>\n<td style=\"width: 355px; vertical-align: middle;\" width=\"355\">Gonzalo Mognol<\/td>\n<\/tr>\n<tr>\n<td style=\"background-color: #c8c8c8; width: 80px; height: 90px; text-align: center; vertical-align: middle;\" rowspan=\"2\" width=\"80\">6<\/td>\n<td style=\"background-color: #c8c8c8; width: 355px; vertical-align: middle;\" rowspan=\"2\" width=\"355\"><a href=\"https:\/\/www.facet.unt.edu.ar\/mecom2018\/en\/sessions\/high-performance-computing\/\">HIGH PERFORMANCE COMPUTING<\/a><\/td>\n<td style=\"background-color: #c8c8c8; width: 355px; vertical-align: middle;\" width=\"355\">Luciano Garelli<\/td>\n<\/tr>\n<tr>\n<td style=\"background-color: #c8c8c8; width: 355px; vertical-align: middle;\" width=\"355\">Nicolas Wolovick<\/td>\n<\/tr>\n<tr>\n<td style=\"height: 90px; width: 80px; text-align: center; vertical-align: middle;\" rowspan=\"3\" width=\"80\">7<\/td>\n<td style=\"width: 355px; vertical-align: middle;\" rowspan=\"3\" width=\"355\"><a href=\"https:\/\/www.facet.unt.edu.ar\/mecom2018\/en\/sessions\/uncertainty-quantification-and-stochastic-modeling\/\">UNCERTAINTY QUANTIFICATION AND STOCHASTIC MODELING<\/a><\/td>\n<td style=\"width: 355px; vertical-align: middle;\" width=\"355\">Marcelo Tulio Piovan<\/td>\n<\/tr>\n<tr>\n<td style=\"width: 355px; vertical-align: middle;\" width=\"355\">Rubens Sampaio<\/td>\n<\/tr>\n<tr>\n<td style=\"width: 355px; vertical-align: middle;\" width=\"355\">Jorge Ballaben<\/td>\n<\/tr>\n<tr>\n<td style=\"background-color: #c8c8c8; height: 90px; width: 80px; text-align: center; vertical-align: middle;\" rowspan=\"3\" width=\"80\">8<\/td>\n<td style=\"background-color: #c8c8c8; vertical-align: middle;\" rowspan=\"3\" width=\"355\"><a href=\"https:\/\/www.facet.unt.edu.ar\/mecom2018\/en\/sessions\/structural-dynamics\/\">STRUCTURAL DYNAMICS<\/a><\/td>\n<td style=\"background-color: #c8c8c8; width: 355px; vertical-align: middle;\" width=\"355\">Oscar Moller<\/td>\n<\/tr>\n<tr>\n<td style=\"background-color: #c8c8c8; vertical-align: middle;\" width=\"355\">Victor Cortinez<\/td>\n<\/tr>\n<tr>\n<td style=\"background-color: #c8c8c8; vertical-align: middle;\" width=\"355\">Jose Antonio Inaudi<\/td>\n<\/tr>\n<tr>\n<td style=\"width: 80px; height: 90px; text-align: center; vertical-align: middle;\" rowspan=\"2\" width=\"80\">9<\/td>\n<td style=\"width: 355px; vertical-align: middle;\" rowspan=\"2\" width=\"355\"><a href=\"https:\/\/www.facet.unt.edu.ar\/mecom2018\/en\/sessions\/teaching-of-numerical-methods\/\">TEACHING OF NUMERICAL METHODS<\/a><\/td>\n<td style=\"vertical-align: middle;\" width=\"355\">Maria Delia Crespo<\/td>\n<\/tr>\n<tr>\n<td style=\"vertical-align: middle;\" width=\"355\">Javier Signorelli<\/td>\n<\/tr>\n<tr>\n<td style=\"background-color: #c8c8c8; height: 90px; text-align: center; vertical-align: middle;\" rowspan=\"3\">10<\/td>\n<td style=\"background-color: #c8c8c8; width: 355px; vertical-align: middle;\" rowspan=\"3\" width=\"355\"><a href=\"https:\/\/www.facet.unt.edu.ar\/mecom2018\/en\/sessions\/multiphase-flow-and-transport-in-porous-media-and-microscale\/\">MULTIPHASE FLOW AND TRANSPORT IN POROUS MEDIA AND MICROSCALE<\/a><\/td>\n<td style=\"background-color: #c8c8c8; width: 355px; vertical-align: middle;\" width=\"355\">Gustavo Buscaglia<\/td>\n<\/tr>\n<tr>\n<td style=\"background-color: #c8c8c8; width: 355px; vertical-align: middle;\" width=\"355\">Santiago M\u00e1rquez Dami\u00e1n<\/td>\n<\/tr>\n<tr>\n<td style=\"background-color: #c8c8c8; width: 355px; vertical-align: middle;\" width=\"355\">Pablo Kler<\/td>\n<\/tr>\n<tr>\n<td style=\"width: 80px; height: 90px; text-align: center; vertical-align: middle;\" rowspan=\"3\" width=\"80\">11<\/td>\n<td style=\"width: 355px; vertical-align: middle;\" rowspan=\"3\" width=\"355\"><a href=\"https:\/\/www.facet.unt.edu.ar\/mecom2018\/en\/sessions\/mathematical-foundations-of-numerical-methods\/\">MATHEMATICAL FOUNDATIONS OF NUMERICAL METHODS<\/a><\/td>\n<td style=\"width: 355px; vertical-align: middle;\" width=\"355\">Ezequiel L\u00f3pez<\/td>\n<\/tr>\n<tr>\n<td style=\"width: 355px; vertical-align: middle;\" width=\"355\">Sof\u00eda Sarraf<\/td>\n<\/tr>\n<tr>\n<td style=\"width: 355px; vertical-align: middle;\" width=\"355\">Alejandro Cosimo<\/td>\n<\/tr>\n<tr>\n<td style=\"background-color: #c8c8c8; height: 150px; width: 80px; text-align: center; vertical-align: middle;\" rowspan=\"6\" width=\"80\">12<\/td>\n<td style=\"background-color: #c8c8c8; width: 355px; vertical-align: middle;\" rowspan=\"6\" width=\"355\"><a href=\"https:\/\/www.facet.unt.edu.ar\/mecom2018\/en\/sessions\/computational-fluid-mechanics\/\">COMPUTATIONAL FLUID MECHANICS<\/a><\/td>\n<td style=\"background-color: #c8c8c8; width: 355px; vertical-align: middle;\" width=\"355\">Rodrigo Paz<\/td>\n<\/tr>\n<tr>\n<td style=\"background-color: #c8c8c8; height: 25px;\" width=\"355\">Hugo Guillermo Castro<\/td>\n<\/tr>\n<tr>\n<td style=\"background-color: #c8c8c8; width: 355px; vertical-align: middle;\" width=\"355\">Jorge D&#8217;Elia<\/td>\n<\/tr>\n<tr>\n<td style=\"background-color: #c8c8c8; width: 355px; vertical-align: middle;\" width=\"355\">Mariano I. Cantero<\/td>\n<\/tr>\n<tr>\n<td style=\"background-color: #c8c8c8; width: 355px; vertical-align: middle;\" width=\"355\">Miguel G. Coussirat<\/td>\n<\/tr>\n<tr>\n<td style=\"background-color: #c8c8c8; width: 355px; vertical-align: middle;\" width=\"355\">Laura Battaglia<\/td>\n<\/tr>\n<tr>\n<td style=\"width: 80px; height: 90px; text-align: center; vertical-align: middle;\" rowspan=\"2\" width=\"80\">13<\/td>\n<td style=\"width: 355px; vertical-align: middle;\" rowspan=\"2\" width=\"355\"><a href=\"https:\/\/www.facet.unt.edu.ar\/mecom2018\/en\/sessions\/solid-mechanics\/\">SOLID MECHANICS<\/a><\/td>\n<td style=\"width: 355px; vertical-align: middle;\" width=\"355\">Bibiana Luccioni<\/td>\n<\/tr>\n<tr>\n<td style=\"width: 355px; vertical-align: middle;\" width=\"355\">Victor Fachinotti<\/td>\n<\/tr>\n<tr>\n<td style=\"background-color: #c8c8c8; width: 80px; height: 90px; text-align: center; vertical-align: middle;\" rowspan=\"2\" width=\"80\">14<\/td>\n<td style=\"background-color: #c8c8c8; width: 355px; vertical-align: middle;\" rowspan=\"2\" width=\"355\"><a href=\"https:\/\/www.facet.unt.edu.ar\/mecom2018\/en\/sessions\/failure-modeling-of-material\/\">FAILURE MODELING OF MATERIALS<\/a><\/td>\n<td style=\"background-color: #c8c8c8; vertical-align: middle;\" width=\"355\">Adri\u00e1n Cisilino<\/td>\n<\/tr>\n<tr>\n<td style=\"background-color: #c8c8c8; vertical-align: middle;\" width=\"355\">Alfredo Huespe<\/td>\n<\/tr>\n<tr>\n<td style=\"width: 80px; height: 90px; text-align: center; vertical-align: middle;\" rowspan=\"3\" width=\"80\">15<\/td>\n<td style=\"width: 355px; vertical-align: middle;\" rowspan=\"3\" width=\"355\"><a href=\"https:\/\/www.facet.unt.edu.ar\/mecom2018\/en\/sessions\/modeling-of-multibody-systems\/\">MODELING OF MULTIBODY SYSTEMS<\/a><\/td>\n<td style=\"width: 355px; vertical-align: middle;\" width=\"355\">Mart\u00edn Pucheta<\/td>\n<\/tr>\n<tr>\n<td style=\"width: 355px; vertical-align: middle;\" width=\"355\">Alberto Cardona<\/td>\n<\/tr>\n<tr>\n<td style=\"width: 355px; vertical-align: middle;\" width=\"355\">Federico Cavalieri<\/td>\n<\/tr>\n<tr>\n<td style=\"background-color: #c8c8c8; width: 80px; height: 90px; text-align: center; vertical-align: middle;\" rowspan=\"3\" width=\"80\">16<\/td>\n<td style=\"background-color: #c8c8c8; width: 355px; vertical-align: middle;\" rowspan=\"3\" width=\"355\"><a href=\"https:\/\/www.facet.unt.edu.ar\/mecom2018\/en\/sessions\/multi-scale-modeling-of-materials\/\">MULTI-SCALE MODELING OF MATERIALS<\/a><\/td>\n<td style=\"background-color: #c8c8c8; width: 355px; vertical-align: middle;\" width=\"355\">Sebasti\u00e1n Giusti<\/td>\n<\/tr>\n<tr>\n<td style=\"background-color: #c8c8c8; width: 355px; vertical-align: middle;\" width=\"355\">Pablo Sanchez<\/td>\n<\/tr>\n<tr>\n<td style=\"background-color: #c8c8c8; width: 355px; vertical-align: middle;\" width=\"355\">Martin Idiart<\/td>\n<\/tr>\n<tr>\n<td style=\"height: 90px; width: 80px; text-align: center; vertical-align: middle;\" rowspan=\"2\" width=\"80\">17<\/td>\n<td style=\"width: 355px; vertical-align: middle;\" rowspan=\"2\" width=\"355\"><a href=\"https:\/\/www.facet.unt.edu.ar\/mecom2018\/en\/sessions\/computational-modeling-in-bioengineering-biomechanics-and-biomedical-systems\/\">COMPUTATIONAL MODELING IN BIOENGINEERING, BIOMECHANICS AND BIOMEDICAL SYSTEMS<\/a><\/td>\n<td style=\"width: 355px; vertical-align: middle;\" width=\"355\">Santiago Urquiza<\/td>\n<\/tr>\n<tr>\n<td style=\"width: 355px; vertical-align: middle;\" width=\"355\">Pablo Blanco<\/td>\n<\/tr>\n<tr>\n<td style=\"background-color: #c8c8c8; height: 90px; width: 80px; text-align: center; vertical-align: middle;\" rowspan=\"2\" width=\"80\">18<\/td>\n<td style=\"background-color: #c8c8c8; width: 355px; vertical-align: middle;\" rowspan=\"2\" width=\"355\"><a href=\"https:\/\/www.facet.unt.edu.ar\/mecom2018\/en\/sessions\/multi-physics\/\">MULTI-PHYSICS<\/a><\/td>\n<td style=\"background-color: #c8c8c8; vertical-align: middle;\" width=\"355\">Marcela Cruchaga<\/td>\n<\/tr>\n<tr>\n<td style=\"background-color: #c8c8c8; vertical-align: middle;\" width=\"355\">Gustavo R\u00edos Rodr\u00edguez<\/td>\n<\/tr>\n<tr>\n<td style=\"width: 80px; height: 90px; text-align: center; vertical-align: middle;\" rowspan=\"3\" width=\"80\">19<\/td>\n<td style=\"width: 355px; vertical-align: middle;\" rowspan=\"3\" width=\"355\"><a href=\"https:\/\/www.facet.unt.edu.ar\/mecom2018\/en\/sessions\/optimization-and-control-theory-and-applications\/\">OPTIMIZATION AND CONTROL: THEORY AND APPLICATIONS<\/a><\/td>\n<td style=\"width: 355px; vertical-align: middle;\" width=\"355\">Pablo A. Lotito<\/td>\n<\/tr>\n<tr>\n<td style=\"width: 355px; vertical-align: middle;\" width=\"355\">Damian Fernandez<\/td>\n<\/tr>\n<tr>\n<td style=\"width: 355px; vertical-align: middle;\" width=\"355\">Lisandro A. Parente<\/td>\n<\/tr>\n<tr>\n<td style=\"background-color: #c8c8c8; width: 80px; height: 90px; text-align: center; vertical-align: middle;\" rowspan=\"2\" width=\"80\">20<\/td>\n<td style=\"background-color: #c8c8c8; width: 355px; vertical-align: middle;\" rowspan=\"2\" width=\"355\"><a href=\"https:\/\/www.facet.unt.edu.ar\/mecom2018\/en\/sessions\/heat-and-mass-transfer\/\">HEAT AND MASS TRANSFER<\/a><\/td>\n<td style=\"background-color: #c8c8c8; width: 355px; vertical-align: middle;\" width=\"355\">Anal\u00eda Gast\u00f3n<\/td>\n<\/tr>\n<tr>\n<td style=\"background-color: #c8c8c8; width: 355px; vertical-align: middle;\" width=\"355\">Daniel Rebollo<\/td>\n<\/tr>\n<\/tbody>\n<\/table>\n","protected":false},"excerpt":{"rendered":"<p>MECOM2018 \u00a0 SESSIONS \u00a0ORGANIZERS 1 ACOUSTICS AND VIBRATIONS Fabi\u00e1n C. Tommasini Mar\u00eda Hinalaf Jorge Perez Villalobo Sebasti\u00e1n P. Ferreyra Leonardo Molisani Ronald O&#8217;Brien 2 STRUCTURAL ANALYSIS Rossana Jaca Diana Bambill 3 APPLICATIONS TO NUCLEAR POWER REACTORS Juan Nervi Fernando Schroeter 4 WAVELETS APPLICATIONS Mar\u00eda Teresa Mart\u00edn Victoria Vampa 5 INDUSTRIAL APPLICATIONS Dami\u00e1n E. Ramajo Javier [&hellip;]<\/p>\n","protected":false},"author":20,"featured_media":0,"parent":0,"menu_order":3,"comment_status":"closed","ping_status":"closed","template":"","meta":[],"_links":{"self":[{"href":"https:\/\/www.facet.unt.edu.ar\/mecom2018\/wp-json\/wp\/v2\/pages\/866"}],"collection":[{"href":"https:\/\/www.facet.unt.edu.ar\/mecom2018\/wp-json\/wp\/v2\/pages"}],"about":[{"href":"https:\/\/www.facet.unt.edu.ar\/mecom2018\/wp-json\/wp\/v2\/types\/page"}],"author":[{"embeddable":true,"href":"https:\/\/www.facet.unt.edu.ar\/mecom2018\/wp-json\/wp\/v2\/users\/20"}],"replies":[{"embeddable":true,"href":"https:\/\/www.facet.unt.edu.ar\/mecom2018\/wp-json\/wp\/v2\/comments?post=866"}],"version-history":[{"count":11,"href":"https:\/\/www.facet.unt.edu.ar\/mecom2018\/wp-json\/wp\/v2\/pages\/866\/revisions"}],"predecessor-version":[{"id":1410,"href":"https:\/\/www.facet.unt.edu.ar\/mecom2018\/wp-json\/wp\/v2\/pages\/866\/revisions\/1410"}],"wp:attachment":[{"href":"https:\/\/www.facet.unt.edu.ar\/mecom2018\/wp-json\/wp\/v2\/media?parent=866"}],"curies":[{"name":"wp","href":"https:\/\/api.w.org\/{rel}","templated":true}]}}