{"id":894,"date":"2018-03-02T15:34:10","date_gmt":"2018-03-02T18:34:10","guid":{"rendered":"https:\/\/www.facet.unt.edu.ar\/mecom2018\/?page_id=894"},"modified":"2018-03-04T01:16:08","modified_gmt":"2018-03-04T04:16:08","slug":"history","status":"publish","type":"page","link":"https:\/\/www.facet.unt.edu.ar\/mecom2018\/en\/history\/","title":{"rendered":"History"},"content":{"rendered":"<div id=\"metaslider-id-572\" style=\"width: 100%; margin: 0 auto;\" class=\"ml-slider-3-27-5 metaslider metaslider-flex metaslider-572 ml-slider nav-hidden\">\n    <div id=\"metaslider_container_572\">\n        <div id=\"metaslider_572\">\n            <ul aria-live=\"polite\" class=\"slides\">\n                <li style=\"display: none; width: 100%;\" class=\"slide-637 ms-image\"><img src=\"https:\/\/www.facet.unt.edu.ar\/mecom2018\/wp-content\/uploads\/sites\/43\/2018\/02\/Congreso1984-250x500.jpg\" height=\"500\" width=\"250\" alt=\"\" class=\"slider-572 slide-637\" \/><div class=\"caption-wrap\"><div class=\"caption\">1984 Bariloche<\/div><\/div><\/li>\n                <li style=\"display: none; width: 100%;\" class=\"slide-638 ms-image\"><img src=\"https:\/\/www.facet.unt.edu.ar\/mecom2018\/wp-content\/uploads\/sites\/43\/2018\/02\/Congreso1985-250x500.jpg\" height=\"500\" width=\"250\" alt=\"\" class=\"slider-572 slide-638\" \/><div class=\"caption-wrap\"><div class=\"caption\">1985 Santa Fe<\/div><\/div><\/li>\n                <li style=\"display: none; width: 100%;\" class=\"slide-665 ms-image\"><img src=\"https:\/\/www.facet.unt.edu.ar\/mecom2018\/wp-content\/uploads\/sites\/43\/2018\/02\/Triptico1987-155x311.jpg\" height=\"500\" width=\"250\" alt=\"\" class=\"slider-572 slide-665\" \/><div class=\"caption-wrap\"><div class=\"caption\">1987 Bariloche<\/div><\/div><\/li>\n                <li style=\"display: none; width: 100%;\" class=\"slide-639 ms-image\"><img src=\"https:\/\/www.facet.unt.edu.ar\/mecom2018\/wp-content\/uploads\/sites\/43\/2018\/02\/Congreso1990-250x500.jpg\" height=\"500\" width=\"250\" alt=\"\" class=\"slider-572 slide-639\" \/><div class=\"caption-wrap\"><div class=\"caption\">1990 Mar del Plata<\/div><\/div><\/li>\n                <li style=\"display: none; width: 100%;\" class=\"slide-640 ms-image\"><img src=\"https:\/\/www.facet.unt.edu.ar\/mecom2018\/wp-content\/uploads\/sites\/43\/2018\/02\/Congreso1992-250x500.jpg\" height=\"500\" width=\"250\" alt=\"\" class=\"slider-572 slide-640\" \/><div class=\"caption-wrap\"><div class=\"caption\">1992 Bariloche<\/div><\/div><\/li>\n                <li style=\"display: none; width: 100%;\" class=\"slide-641 ms-image\"><img src=\"https:\/\/www.facet.unt.edu.ar\/mecom2018\/wp-content\/uploads\/sites\/43\/2018\/02\/Congreso1994-250x500.jpg\" height=\"500\" width=\"250\" alt=\"\" class=\"slider-572 slide-641\" \/><div class=\"caption-wrap\"><div class=\"caption\">1994 Mar del Plata<\/div><\/div><\/li>\n                <li style=\"display: none; width: 100%;\" class=\"slide-642 ms-image\"><img src=\"https:\/\/www.facet.unt.edu.ar\/mecom2018\/wp-content\/uploads\/sites\/43\/2018\/02\/Congreso1997-250x500.jpg\" height=\"500\" width=\"250\" alt=\"\" class=\"slider-572 slide-642\" \/><div class=\"caption-wrap\"><div class=\"caption\">1997 Bariloche<\/div><\/div><\/li>\n                <li style=\"display: none; width: 100%;\" class=\"slide-643 ms-image\"><img src=\"https:\/\/www.facet.unt.edu.ar\/mecom2018\/wp-content\/uploads\/sites\/43\/2018\/02\/Congreso1999-250x500.jpg\" height=\"500\" width=\"250\" alt=\"\" class=\"slider-572 slide-643\" \/><div class=\"caption-wrap\"><div class=\"caption\">1999 Mendoza<\/div><\/div><\/li>\n                <li style=\"display: none; width: 100%;\" class=\"slide-644 ms-image\"><img src=\"https:\/\/www.facet.unt.edu.ar\/mecom2018\/wp-content\/uploads\/sites\/43\/2018\/02\/Congreso2001-250x500.jpg\" height=\"500\" width=\"250\" alt=\"\" class=\"slider-572 slide-644\" \/><div class=\"caption-wrap\"><div class=\"caption\">2001 Cordoba<\/div><\/div><\/li>\n                <li style=\"display: none; width: 100%;\" class=\"slide-661 ms-image\"><img src=\"https:\/\/www.facet.unt.edu.ar\/mecom2018\/wp-content\/uploads\/sites\/43\/2018\/02\/Congreso2002-250x500.jpg\" height=\"500\" width=\"250\" alt=\"\" class=\"slider-572 slide-661\" \/><div class=\"caption-wrap\"><div class=\"caption\">2002 Santa Fe<\/div><\/div><\/li>\n                <li style=\"display: none; width: 100%;\" class=\"slide-645 ms-image\"><img src=\"https:\/\/www.facet.unt.edu.ar\/mecom2018\/wp-content\/uploads\/sites\/43\/2018\/02\/Congreso2003-250x500.jpg\" height=\"500\" width=\"250\" alt=\"\" class=\"slider-572 slide-645\" \/><div class=\"caption-wrap\"><div class=\"caption\">2003 Bah\u00eda Blanca<\/div><\/div><\/li>\n                <li style=\"display: none; width: 100%;\" class=\"slide-659 ms-image\"><img src=\"https:\/\/www.facet.unt.edu.ar\/mecom2018\/wp-content\/uploads\/sites\/43\/2018\/02\/Congreso2004-128x256.jpg\" height=\"500\" width=\"250\" alt=\"\" class=\"slider-572 slide-659\" \/><div class=\"caption-wrap\"><div class=\"caption\">2004 Bariloche<\/div><\/div><\/li>\n                <li style=\"display: none; width: 100%;\" class=\"slide-646 ms-image\"><img src=\"https:\/\/www.facet.unt.edu.ar\/mecom2018\/wp-content\/uploads\/sites\/43\/2018\/02\/Congreso2005-250x500.jpg\" height=\"500\" width=\"250\" alt=\"\" class=\"slider-572 slide-646\" \/><div class=\"caption-wrap\"><div class=\"caption\">2005 Buenos Aires<\/div><\/div><\/li>\n                <li style=\"display: none; width: 100%;\" class=\"slide-647 ms-image\"><img src=\"https:\/\/www.facet.unt.edu.ar\/mecom2018\/wp-content\/uploads\/sites\/43\/2018\/02\/Triptico2006-250x500.jpg\" height=\"500\" width=\"250\" alt=\"\" class=\"slider-572 slide-647\" \/><div class=\"caption-wrap\"><div class=\"caption\">2006 Santa Fe<\/div><\/div><\/li>\n                <li style=\"display: none; width: 100%;\" class=\"slide-648 ms-image\"><img src=\"https:\/\/www.facet.unt.edu.ar\/mecom2018\/wp-content\/uploads\/sites\/43\/2018\/02\/Triptico2007-250x500.jpg\" height=\"500\" width=\"250\" alt=\"\" class=\"slider-572 slide-648\" \/><div class=\"caption-wrap\"><div class=\"caption\">2007 Cordoba<\/div><\/div><\/li>\n                <li style=\"display: none; width: 100%;\" class=\"slide-649 ms-image\"><img src=\"https:\/\/www.facet.unt.edu.ar\/mecom2018\/wp-content\/uploads\/sites\/43\/2018\/02\/Triptico2008-250x500.jpg\" height=\"500\" width=\"250\" alt=\"\" class=\"slider-572 slide-649\" \/><div class=\"caption-wrap\"><div class=\"caption\">2008 San Luis<\/div><\/div><\/li>\n                <li style=\"display: none; width: 100%;\" class=\"slide-650 ms-image\"><img src=\"https:\/\/www.facet.unt.edu.ar\/mecom2018\/wp-content\/uploads\/sites\/43\/2018\/02\/Triptico2009-250x500.jpg\" height=\"500\" width=\"250\" alt=\"\" class=\"slider-572 slide-650\" \/><div class=\"caption-wrap\"><div class=\"caption\">2009 Tandil<\/div><\/div><\/li>\n                <li style=\"display: none; width: 100%;\" class=\"slide-663 ms-image\"><img src=\"https:\/\/www.facet.unt.edu.ar\/mecom2018\/wp-content\/uploads\/sites\/43\/2018\/02\/Triptico2010-250x500.jpg\" height=\"500\" width=\"250\" alt=\"\" class=\"slider-572 slide-663\" \/><div class=\"caption-wrap\"><div class=\"caption\">2010 Buenos Aires<\/div><\/div><\/li>\n                <li style=\"display: none; width: 100%;\" class=\"slide-651 ms-image\"><img src=\"https:\/\/www.facet.unt.edu.ar\/mecom2018\/wp-content\/uploads\/sites\/43\/2018\/02\/Triptico2011-250x500.jpg\" height=\"500\" width=\"250\" alt=\"\" class=\"slider-572 slide-651\" \/><div class=\"caption-wrap\"><div class=\"caption\">2011 Rosario<\/div><\/div><\/li>\n                <li style=\"display: none; width: 100%;\" class=\"slide-653 ms-image\"><img src=\"https:\/\/www.facet.unt.edu.ar\/mecom2018\/wp-content\/uploads\/sites\/43\/2018\/02\/Triptico2012-250x500.jpg\" height=\"500\" width=\"250\" alt=\"\" class=\"slider-572 slide-653\" \/><div class=\"caption-wrap\"><div class=\"caption\">2012 Salta<\/div><\/div><\/li>\n                <li style=\"display: none; width: 100%;\" class=\"slide-652 ms-image\"><img src=\"https:\/\/www.facet.unt.edu.ar\/mecom2018\/wp-content\/uploads\/sites\/43\/2018\/02\/Triptico2013-250x500.jpg\" height=\"500\" width=\"250\" alt=\"\" class=\"slider-572 slide-652\" \/><div class=\"caption-wrap\"><div class=\"caption\">2013 Mendoza<\/div><\/div><\/li>\n                <li style=\"display: none; width: 100%;\" class=\"slide-655 ms-image\"><img src=\"https:\/\/www.facet.unt.edu.ar\/mecom2018\/wp-content\/uploads\/sites\/43\/2018\/02\/Triptico2014-250x500.jpg\" height=\"500\" width=\"250\" alt=\"\" class=\"slider-572 slide-655\" \/><div class=\"caption-wrap\"><div class=\"caption\">2014 Bariloche<\/div><\/div><\/li>\n                <li style=\"display: none; width: 100%;\" class=\"slide-654 ms-image\"><img src=\"https:\/\/www.facet.unt.edu.ar\/mecom2018\/wp-content\/uploads\/sites\/43\/2018\/02\/Triptico2015-250x500.jpg\" height=\"500\" width=\"250\" alt=\"\" class=\"slider-572 slide-654\" \/><div class=\"caption-wrap\"><div class=\"caption\">2015 Buenos Aires<\/div><\/div><\/li>\n                <li style=\"display: none; width: 100%;\" class=\"slide-657 ms-image\"><img src=\"https:\/\/www.facet.unt.edu.ar\/mecom2018\/wp-content\/uploads\/sites\/43\/2018\/02\/Congreso2016.jpg\" height=\"500\" width=\"250\" alt=\"\" class=\"slider-572 slide-657\" \/><div class=\"caption-wrap\"><div class=\"caption\">2016 Cordoba<\/div><\/div><\/li>\n                <li style=\"display: none; width: 100%;\" class=\"slide-656 ms-image\"><img src=\"https:\/\/www.facet.unt.edu.ar\/mecom2018\/wp-content\/uploads\/sites\/43\/2018\/02\/Congreso2017a-129x259.jpg\" height=\"500\" width=\"250\" alt=\"\" class=\"slider-572 slide-656\" \/><div class=\"caption-wrap\"><div class=\"caption\">2017 La Plata<\/div><\/div><\/li>\n            <\/ul>\n        <\/div>\n        \n    <\/div>\n<\/div>\n<p>&nbsp;<\/p>\n<h1>History of the Congresses<\/h1>\n<p>The Congresses on Numerical Methods and their Applications (ENIEF and \/ or MECOM) have a solid history in the country. The first was carried out in 1983 at the Atomic Center of Bariloche. This congress was the seed for the meeting of the researchers who were working on Numerical Methods for Engineering in Argentina. The following ENIEF was also carried out in Bariloche in 1984 and led to the creation of the Argentine Association of Computational Mechanics (AMCA) in 1985, the year in which the MECOM: the first Argentine Congress of Computational Mechanics was held. Since then, eleven MECOM and twenty-three ENIEF have alternated. The proceedings of these congresses are part of the series &amp;quot;Computational Mechanics&amp;quot; (<a href=\"http:\/\/www.cimec.org.ar\/ojs\/index.php\/mc\" target=\"_blank\" rel=\"noopener\">http:\/\/www.cimec.org.ar\/ojs\/index.php\/mc<\/a>) edited by the AMCA, which currently has 35 volumes. Some of these congresses have transcended the country and in 2002 the VII MECOM was the first South American congress on Computational Mechanics held in Paran\u00e1. In addition, to commemorate the Bicentennial, the MECOM-CILAMCE 2010 co-organized by the AMCA and ABMEC (Associa\u00e7\u00e3o Brasileira de Methods Computacionais em Engenharia) was held in November 2010 in the Autonomous City of Buenos Aires. In 2015, AMCA won in an open competition the organization of the First Pan American Congress in the specialty, which was held in the City of Buenos Aires together with MECOM2015. In 2016, the congress was held in the City of C\u00f3rdoba, in the second week of November and it was organized by the Cordoba Regional Faculty of the National Technological University. In 2017 ENIEF was organized by the Computational Fluid Dynamics Group &#8211; GFC, of \u200b\u200bthe Engineering Faculty of the National University of La Plata. In 2018, the congress will be held under the name of MECOM, and will be organized in the City of Yerba Buena, Tucum\u00e1n, by the Faculty of Exact Sciences and Technology (FACET) of the National University of Tucum\u00e1n (UNT), together with the Argentine Association of Computational Mechanics, AMCA.<\/p>\n","protected":false},"excerpt":{"rendered":"<p>&nbsp; History of the Congresses The Congresses on Numerical Methods and their Applications (ENIEF and \/ or MECOM) have a solid history in the country. The first was carried out in 1983 at the Atomic Center of Bariloche. This congress was the seed for the meeting of the researchers who were working on Numerical Methods [&hellip;]<\/p>\n","protected":false},"author":20,"featured_media":0,"parent":0,"menu_order":8,"comment_status":"closed","ping_status":"closed","template":"","meta":[],"_links":{"self":[{"href":"https:\/\/www.facet.unt.edu.ar\/mecom2018\/wp-json\/wp\/v2\/pages\/894"}],"collection":[{"href":"https:\/\/www.facet.unt.edu.ar\/mecom2018\/wp-json\/wp\/v2\/pages"}],"about":[{"href":"https:\/\/www.facet.unt.edu.ar\/mecom2018\/wp-json\/wp\/v2\/types\/page"}],"author":[{"embeddable":true,"href":"https:\/\/www.facet.unt.edu.ar\/mecom2018\/wp-json\/wp\/v2\/users\/20"}],"replies":[{"embeddable":true,"href":"https:\/\/www.facet.unt.edu.ar\/mecom2018\/wp-json\/wp\/v2\/comments?post=894"}],"version-history":[{"count":5,"href":"https:\/\/www.facet.unt.edu.ar\/mecom2018\/wp-json\/wp\/v2\/pages\/894\/revisions"}],"predecessor-version":[{"id":1097,"href":"https:\/\/www.facet.unt.edu.ar\/mecom2018\/wp-json\/wp\/v2\/pages\/894\/revisions\/1097"}],"wp:attachment":[{"href":"https:\/\/www.facet.unt.edu.ar\/mecom2018\/wp-json\/wp\/v2\/media?parent=894"}],"curies":[{"name":"wp","href":"https:\/\/api.w.org\/{rel}","templated":true}]}}