{"id":143,"date":"2023-02-14T11:29:37","date_gmt":"2023-02-14T14:29:37","guid":{"rendered":"https:\/\/www.facet.unt.edu.ar\/mig\/?page_id=143"},"modified":"2023-07-11T09:41:47","modified_gmt":"2023-07-11T12:41:47","slug":"sedes","status":"publish","type":"page","link":"https:\/\/www.facet.unt.edu.ar\/mig\/sedes\/","title":{"rendered":"ESTRUCTURA CURRICULAR"},"content":{"rendered":"<p>El dise\u00f1o curricular de la Carrera se basa en los est\u00e1ndares definidos en la reglamentaci\u00f3n establecida por la CONEAU para las carreras de posgrado argentinas.<\/p>\n<p>La Carrera tiene una duraci\u00f3n total de 4 semestres distribuidos de la siguiente forma: 3 semestres se destinar\u00e1n al cursado de las Asignaturas B\u00e1sicas y de las Asignaturas de Especializaci\u00f3n y 1 semestre ser\u00e1 empleado para el desarrollo de la Tesis de Maestr\u00eda.<\/p>\n<p>El Plan de Estudios de la Carrera establece una cantidad fija de Asignaturas B\u00e1sicas (obligatorias) y una cantidad variable de Asignaturas de Especializaci\u00f3n (optativas). El cursado de las Asignaturas B\u00e1sicas y de Especializaci\u00f3n implica un total de 540 h. El desarrollo de la Tesis computa un total de 160 h.<\/p>\n<p>Los estudiantes que participan del Programa de Doble Titulaci\u00f3n deber\u00e1n realizar el primer semestre en su universidad de origen y al menos deber\u00e1n desarrollar un semestre de estudios en la universidad socia. En la siguiente tabla se presentan el plan de estudios para estudiantes de TUM que asisten a UNT (Plan de Estudios 1) y el correspondiente a estudiantes de UNT que asisten a TUM (Plan de Estudios 2).<\/p>\n<p><a href=\"https:\/\/www.facet.unt.edu.ar\/mig\/wp-content\/uploads\/sites\/84\/2023\/02\/PLAN.png\"><img decoding=\"async\" loading=\"lazy\" class=\"aligncenter wp-image-175\" src=\"https:\/\/www.facet.unt.edu.ar\/mig\/wp-content\/uploads\/sites\/84\/2023\/02\/PLAN.png\" alt=\"\" width=\"776\" height=\"236\" \/><\/a><\/p>\n<p>Los estudiantes de UNT que participen del Programa deber\u00e1n cursar 2 asignaturas obligatorias en TUM: Ingenier\u00eda de Cimentaciones y Construcci\u00f3n en Rocas (6 ECTS) y Estructuras de Hormig\u00f3n e Ingenier\u00eda Geod\u00e9sica en T\u00faneles (6 ECTS). En el marco de este Programa, se considera que los 12 ECTS de las asignaturas obligatorias a cursar en TUM equivalen a 80 h c\u00e1tedra. Los estudiantes deber\u00e1n cursar adem\u00e1s asignaturas optativas disponibles en UNT o en TUM, totalizando al menos 140 h c\u00e1tedra o 21 ECTS.<\/p>\n<p>La Carrera culminar\u00e1 con un trabajo final, individual y escrito con formato de tesis, el que se deber\u00e1 desarrollar bajo la supervisi\u00f3n de un Director y, eventualmente, un Codirector.<\/p>\n<p>Superado el Plan de Estudios del Programa de Doble Titulaci\u00f3n se obtendr\u00e1n los siguientes t\u00edtulos:<\/p>\n<ul>\n<li>Magister en Ingenier\u00eda Geot\u00e9cnica (Universidad Nacional de Tucum\u00e1n);<\/li>\n<li>Master of Science (Technische Universit\u00e4t M\u00fcnchen).<\/li>\n<\/ul>\n<p>Puede encontrar m\u00e1s informaci\u00f3n sobre las instituciones participantes en los siguientes enlaces: <a href=\"https:\/\/www.cee.ed.tum.de\/gbft\/lehre\/masterstudiengang-bauingenieurwesen\/double-degree-programm-geotechnik\/\">TUM<\/a>, <a href=\"https:\/\/www.facet.unt.edu.ar\/\">UNT<\/a><\/p>\n<p>&nbsp;<\/p>\n<p>&nbsp;<\/p>\n","protected":false},"excerpt":{"rendered":"<p>El dise\u00f1o curricular de la Carrera se basa en los est\u00e1ndares definidos en la reglamentaci\u00f3n establecida por la CONEAU para las carreras de posgrado argentinas. La Carrera tiene una duraci\u00f3n total de 4 semestres distribuidos de la siguiente forma: 3 semestres se destinar\u00e1n al cursado de las Asignaturas B\u00e1sicas y de las Asignaturas de Especializaci\u00f3n [&hellip;]<\/p>\n","protected":false},"author":123482,"featured_media":0,"parent":0,"menu_order":3,"comment_status":"closed","ping_status":"closed","template":"","meta":[],"_links":{"self":[{"href":"https:\/\/www.facet.unt.edu.ar\/mig\/wp-json\/wp\/v2\/pages\/143"}],"collection":[{"href":"https:\/\/www.facet.unt.edu.ar\/mig\/wp-json\/wp\/v2\/pages"}],"about":[{"href":"https:\/\/www.facet.unt.edu.ar\/mig\/wp-json\/wp\/v2\/types\/page"}],"author":[{"embeddable":true,"href":"https:\/\/www.facet.unt.edu.ar\/mig\/wp-json\/wp\/v2\/users\/123482"}],"replies":[{"embeddable":true,"href":"https:\/\/www.facet.unt.edu.ar\/mig\/wp-json\/wp\/v2\/comments?post=143"}],"version-history":[{"count":19,"href":"https:\/\/www.facet.unt.edu.ar\/mig\/wp-json\/wp\/v2\/pages\/143\/revisions"}],"predecessor-version":[{"id":281,"href":"https:\/\/www.facet.unt.edu.ar\/mig\/wp-json\/wp\/v2\/pages\/143\/revisions\/281"}],"wp:attachment":[{"href":"https:\/\/www.facet.unt.edu.ar\/mig\/wp-json\/wp\/v2\/media?parent=143"}],"curies":[{"name":"wp","href":"https:\/\/api.w.org\/{rel}","templated":true}]}}