{"id":290,"date":"2023-07-10T18:55:17","date_gmt":"2023-07-10T21:55:17","guid":{"rendered":"https:\/\/www.facet.unt.edu.ar\/mig\/?page_id=290"},"modified":"2025-06-09T18:11:43","modified_gmt":"2025-06-09T21:11:43","slug":"admision","status":"publish","type":"page","link":"https:\/\/www.facet.unt.edu.ar\/mig\/admision\/","title":{"rendered":"ADMISI\u00d3N"},"content":{"rendered":"<p>Para la solicitar la admisi\u00f3n a la Maestr\u00eda en Ingenier\u00eda Geot\u00e9cnica, el interesado deber\u00e1 completar la nota y el formulario que descargar\u00e1 de esta p\u00e1gina, y adjuntar la siguiente documentaci\u00f3n:<\/p>\n<p>1. Copia del t\u00edtulo universitario.<br \/>\n2. Certificado anal\u00edtico final de estudios universitarios.<br \/>\n3. Curriculum vitae de hasta tres p\u00e1ginas con car\u00e1cter de declaraci\u00f3n jurada.<br \/>\n4. Dos cartas de recomendaci\u00f3n de car\u00e1cter confidencial suscriptas por profesores universitarios, investigadores o profesionales reconocidos en la especialidad de la Maestr\u00eda.<br \/>\n5. Una carta personal de motivaci\u00f3n.<\/p>\n<p><a href=\"https:\/\/www.facet.unt.edu.ar\/mig\/wp-content\/uploads\/sites\/84\/2025\/05\/1-NotaDirector.pdf\">01-NotaDirector<\/a><\/p>\n<p><a href=\"https:\/\/www.facet.unt.edu.ar\/mig\/wp-content\/uploads\/sites\/84\/2025\/05\/2-FormularioAdmision.pdf\">02-FormularioAdmisi\u00f3n<\/a><\/p>\n<p><a href=\"https:\/\/www.facet.unt.edu.ar\/mig\/wp-content\/uploads\/sites\/84\/2025\/05\/3-Documentacion.pdf\">03-Documentaci\u00f3n<\/a><\/p>\n<p><span style=\"color: #0000ff;\"><strong>INICIO DEL CURSADO: SEPTIEMBRE 2025<\/strong><\/span><\/p>\n<p>Los postulantes estar\u00e1n sometidos a un proceso de selecci\u00f3n, a cargo del Comit\u00e9 Acad\u00e9mico, que tendr\u00e1 en consideraci\u00f3n: el promedio general de notas de la Carrera de Grado, la experiencia profesional en Geotecnia, el contenido de las cartas de recomendaci\u00f3n y el contenido de la carta personal de motivaci\u00f3n. El Comit\u00e9 Acad\u00e9mico establecer\u00e1 la necesidad o no de realizar una entrevista con el postulante.<\/p>\n<p>Como etapa final del proceso de selecci\u00f3n, el Comit\u00e9 Acad\u00e9mico elaborar\u00e1 una lista con un orden de m\u00e9rito de los candidatos que re\u00fanen las condiciones para ser admitidos.<\/p>\n","protected":false},"excerpt":{"rendered":"<p>Para la solicitar la admisi\u00f3n a la Maestr\u00eda en Ingenier\u00eda Geot\u00e9cnica, el interesado deber\u00e1 completar la nota y el formulario que descargar\u00e1 de esta p\u00e1gina, y adjuntar la siguiente documentaci\u00f3n: 1. Copia del t\u00edtulo universitario. 2. Certificado anal\u00edtico final de estudios universitarios. 3. Curriculum vitae de hasta tres p\u00e1ginas con car\u00e1cter de declaraci\u00f3n jurada. 4. [&hellip;]<\/p>\n","protected":false},"author":123482,"featured_media":0,"parent":0,"menu_order":6,"comment_status":"closed","ping_status":"closed","template":"","meta":[],"_links":{"self":[{"href":"https:\/\/www.facet.unt.edu.ar\/mig\/wp-json\/wp\/v2\/pages\/290"}],"collection":[{"href":"https:\/\/www.facet.unt.edu.ar\/mig\/wp-json\/wp\/v2\/pages"}],"about":[{"href":"https:\/\/www.facet.unt.edu.ar\/mig\/wp-json\/wp\/v2\/types\/page"}],"author":[{"embeddable":true,"href":"https:\/\/www.facet.unt.edu.ar\/mig\/wp-json\/wp\/v2\/users\/123482"}],"replies":[{"embeddable":true,"href":"https:\/\/www.facet.unt.edu.ar\/mig\/wp-json\/wp\/v2\/comments?post=290"}],"version-history":[{"count":10,"href":"https:\/\/www.facet.unt.edu.ar\/mig\/wp-json\/wp\/v2\/pages\/290\/revisions"}],"predecessor-version":[{"id":484,"href":"https:\/\/www.facet.unt.edu.ar\/mig\/wp-json\/wp\/v2\/pages\/290\/revisions\/484"}],"wp:attachment":[{"href":"https:\/\/www.facet.unt.edu.ar\/mig\/wp-json\/wp\/v2\/media?parent=290"}],"curies":[{"name":"wp","href":"https:\/\/api.w.org\/{rel}","templated":true}]}}