{"id":305,"date":"2023-07-11T09:36:22","date_gmt":"2023-07-11T12:36:22","guid":{"rendered":"https:\/\/www.facet.unt.edu.ar\/mig\/?page_id=305"},"modified":"2023-07-11T09:44:23","modified_gmt":"2023-07-11T12:44:23","slug":"becas-y-aranceles","status":"publish","type":"page","link":"https:\/\/www.facet.unt.edu.ar\/mig\/becas-y-aranceles\/","title":{"rendered":"BECAS Y ARANCELES"},"content":{"rendered":"<p>Se otorgar\u00e1 una cantidad limitada de becas para estudiantes de UNT admitidos al Programa de Doble Titulaci\u00f3n. La modalidad de financiamiento es directa e incluye pasajes, mensualidad y seguro de salud.<\/p>\n<p>Cuando el total de solicitudes de beca sea mayor que la cantidad disponible, \u00e9stas se adjudicar\u00e1n de acuerdo con un orden de m\u00e9rito elaborado por el Comit\u00e9 Acad\u00e9mico que considerar\u00e1 el rendimiento en los estudios de grado, la experiencia laboral en proyectos de ingenier\u00eda y el conocimiento de idiomas.<\/p>\n<p>Desde la Carrera se brindar\u00e1 apoyo para postularse a becas de instituciones p\u00fablicas o privadas.<\/p>\n","protected":false},"excerpt":{"rendered":"<p>Se otorgar\u00e1 una cantidad limitada de becas para estudiantes de UNT admitidos al Programa de Doble Titulaci\u00f3n. La modalidad de financiamiento es directa e incluye pasajes, mensualidad y seguro de salud. Cuando el total de solicitudes de beca sea mayor que la cantidad disponible, \u00e9stas se adjudicar\u00e1n de acuerdo con un orden de m\u00e9rito elaborado [&hellip;]<\/p>\n","protected":false},"author":123482,"featured_media":0,"parent":0,"menu_order":7,"comment_status":"closed","ping_status":"closed","template":"","meta":[],"_links":{"self":[{"href":"https:\/\/www.facet.unt.edu.ar\/mig\/wp-json\/wp\/v2\/pages\/305"}],"collection":[{"href":"https:\/\/www.facet.unt.edu.ar\/mig\/wp-json\/wp\/v2\/pages"}],"about":[{"href":"https:\/\/www.facet.unt.edu.ar\/mig\/wp-json\/wp\/v2\/types\/page"}],"author":[{"embeddable":true,"href":"https:\/\/www.facet.unt.edu.ar\/mig\/wp-json\/wp\/v2\/users\/123482"}],"replies":[{"embeddable":true,"href":"https:\/\/www.facet.unt.edu.ar\/mig\/wp-json\/wp\/v2\/comments?post=305"}],"version-history":[{"count":2,"href":"https:\/\/www.facet.unt.edu.ar\/mig\/wp-json\/wp\/v2\/pages\/305\/revisions"}],"predecessor-version":[{"id":308,"href":"https:\/\/www.facet.unt.edu.ar\/mig\/wp-json\/wp\/v2\/pages\/305\/revisions\/308"}],"wp:attachment":[{"href":"https:\/\/www.facet.unt.edu.ar\/mig\/wp-json\/wp\/v2\/media?parent=305"}],"curies":[{"name":"wp","href":"https:\/\/api.w.org\/{rel}","templated":true}]}}