{"id":116,"date":"2017-05-21T23:08:16","date_gmt":"2017-05-22T02:08:16","guid":{"rendered":"https:\/\/www.facet.unt.edu.ar\/nanoproject\/?page_id=116"},"modified":"2019-07-04T11:16:28","modified_gmt":"2019-07-04T14:16:28","slug":"related-websites","status":"publish","type":"page","link":"https:\/\/www.facet.unt.edu.ar\/nanoproject\/related-websites\/","title":{"rendered":"Related Websites"},"content":{"rendered":"<p class=\"Estilo15\" style=\"text-align: left\" align=\"center\"><strong><a href=\"http:\/\/www.fan.org.ar\/\" target=\"new\" rel=\"noopener noreferrer\">Instituto de F\u00edsica del Noroeste Argentino<\/a><a href=\"https:\/\/infinoa.conicet.gov.ar\/\" target=\"new\" rel=\"noopener noreferrer\"> (INFINOA)<\/a><\/strong><\/p>\n<p class=\"Estilo15\" style=\"text-align: left\" align=\"center\"><strong><a href=\"http:\/\/www.fan.org.ar\/\" target=\"new\" rel=\"noopener noreferrer\">Fundaci\u00f3n Argentina de Nanotecnol<\/a><a href=\"http:\/\/www.fan.org.ar\/\" target=\"new\" rel=\"noopener noreferrer\">og\u00eda (FAN)<\/a><\/strong><\/p>\n<p class=\"Estilo13\" style=\"text-align: left\" align=\"center\"><strong><span class=\"Estilo15\"><a href=\"http:\/\/www.facet.unt.edu.ar\/lafiso\" target=\"_blank\" rel=\"noopener noreferrer\">UNT Solid State Physics Laboratory (LAFISO)<\/a><\/span><\/strong><\/p>\n<p class=\"Estilo16\" style=\"text-align: left\" align=\"center\"><strong><a href=\"http:\/\/cienciahoy.org.ar\/\" target=\"_blank\" rel=\"noopener noreferrer\">Ciencia Hoy<\/a><\/strong><\/p>\n<p class=\"Estilo16\" style=\"text-align: left\" align=\"center\"><strong><a href=\"http:\/\/phys.org\/\" target=\"_blank\" rel=\"noopener noreferrer\">Phys.org<\/a><\/strong><\/p>\n<p class=\"Estilo16\" style=\"text-align: left\" align=\"center\"><strong><a href=\"http:\/\/phys.org\/nanotech-news\/\" target=\"_blank\" rel=\"noopener noreferrer\">Phys.org\/nanotech-news<\/a><\/strong><\/p>\n<p style=\"text-align: left\" align=\"center\"><strong><span class=\"Estilo16\"><a href=\"http:\/\/nanotechweb.org\/\" target=\"_blank\" rel=\"noopener noreferrer\">Nanotechweb.org<\/a><\/span><\/strong><\/p>\n<p style=\"text-align: left\" align=\"center\"><strong><a class=\"Estilo16\" href=\"http:\/\/www.nodaltec.am\/\" target=\"_blank\" rel=\"noopener noreferrer\">NODALTEC<\/a><\/strong><br \/>\n<span class=\"Estilo16\">&#8220;un portal dedicado a la ciencia y tecnolog\u00eda de Am\u00e9rica Latina y el Caribe con el objetivo de divulgar<br \/>\nlos proyectos ligados a la ciencia, la tecnolog\u00eda y la innovaci\u00f3n con visi\u00f3n de futuro que se realizan en nuestra regi\u00f3n.&#8221;<\/span><\/p>\n","protected":false},"excerpt":{"rendered":"<p>Instituto de F\u00edsica del Noroeste Argentino (INFINOA) Fundaci\u00f3n Argentina de Nanotecnolog\u00eda (FAN) UNT Solid State Physics Laboratory (LAFISO) Ciencia Hoy Phys.org Phys.org\/nanotech-news Nanotechweb.org NODALTEC &#8220;un portal dedicado a la ciencia y tecnolog\u00eda de Am\u00e9rica Latina y el Caribe con el objetivo de divulgar los proyectos ligados a la ciencia, la tecnolog\u00eda y la innovaci\u00f3n con [&hellip;]<\/p>\n","protected":false},"author":101028,"featured_media":0,"parent":0,"menu_order":5,"comment_status":"closed","ping_status":"closed","template":"","meta":[],"_links":{"self":[{"href":"https:\/\/www.facet.unt.edu.ar\/nanoproject\/wp-json\/wp\/v2\/pages\/116"}],"collection":[{"href":"https:\/\/www.facet.unt.edu.ar\/nanoproject\/wp-json\/wp\/v2\/pages"}],"about":[{"href":"https:\/\/www.facet.unt.edu.ar\/nanoproject\/wp-json\/wp\/v2\/types\/page"}],"author":[{"embeddable":true,"href":"https:\/\/www.facet.unt.edu.ar\/nanoproject\/wp-json\/wp\/v2\/users\/101028"}],"replies":[{"embeddable":true,"href":"https:\/\/www.facet.unt.edu.ar\/nanoproject\/wp-json\/wp\/v2\/comments?post=116"}],"version-history":[{"count":11,"href":"https:\/\/www.facet.unt.edu.ar\/nanoproject\/wp-json\/wp\/v2\/pages\/116\/revisions"}],"predecessor-version":[{"id":285,"href":"https:\/\/www.facet.unt.edu.ar\/nanoproject\/wp-json\/wp\/v2\/pages\/116\/revisions\/285"}],"wp:attachment":[{"href":"https:\/\/www.facet.unt.edu.ar\/nanoproject\/wp-json\/wp\/v2\/media?parent=116"}],"curies":[{"name":"wp","href":"https:\/\/api.w.org\/{rel}","templated":true}]}}