{"id":146,"date":"2023-05-12T19:11:53","date_gmt":"2023-05-12T22:11:53","guid":{"rendered":"https:\/\/www.facet.unt.edu.ar\/peritajeinformatico\/?page_id=146"},"modified":"2023-05-23T09:19:05","modified_gmt":"2023-05-23T12:19:05","slug":"docentes","status":"publish","type":"page","link":"https:\/\/www.facet.unt.edu.ar\/peritajeinformatico\/docentes\/","title":{"rendered":"Docentes"},"content":{"rendered":"<div id=\"pl-146\"  class=\"panel-layout\" ><div id=\"pg-146-0\"  class=\"panel-grid panel-no-style\" ><div id=\"pgc-146-0-0\"  class=\"panel-grid-cell\" ><div id=\"panel-146-0-0-0\" class=\"so-panel widget widget_sow-editor panel-first-child panel-last-child\" data-index=\"0\" ><div\n\t\t\t\n\t\t\tclass=\"so-widget-sow-editor so-widget-sow-editor-base\"\n\t\t\t\n\t\t>\n<div class=\"siteorigin-widget-tinymce textwidget\">\n\t<p>&nbsp;<\/p>\n<table style=\"border: white 0px;\">\n<tbody>\n<tr>\n<td><img decoding=\"async\" loading=\"lazy\" class=\" wp-image-463 alignleft\" src=\"https:\/\/www.facet.unt.edu.ar\/peritajeinformatico\/wp-content\/uploads\/sites\/91\/2023\/05\/Alejandra-Silva.jpeg\" alt=\"\" width=\"108\" height=\"105\" \/><strong>Mag. Abog. Mar\u00eda Alejandra Silva:<\/strong> Especialista \u201cDerecho P\u00fablico Global\u201d Universidad de Castilla-La Mancha- Toledo \u2013 Espa\u00f1a. Certificado en Competencia para el Ejercicio de la Magistratura. Docente Derecho Constitucional Fac. de Derecho y Cs. Ss. UNT- Miembro Asociado de la Asociaci\u00f3n Argentina de Derecho Constitucional. Miembro del Grupo de Tecnolog\u00edas y Estrategias Digitales-TED-FACET, Posgrado en Cibercrimen y Evidencia Digital UBA, Posgrado IA y Derecho IALab-UBA. Directora de Diplomatura en Delitos Inform\u00e1ticos y Forensia Digital UTN- Reg. Tucum\u00e1n a\u00f1o 2021).<\/td>\n<\/tr>\n<tr>\n<td><img decoding=\"async\" loading=\"lazy\" class=\"wp-image-481 alignright\" src=\"https:\/\/www.facet.unt.edu.ar\/peritajeinformatico\/wp-content\/uploads\/sites\/91\/2023\/05\/Carmela-Colqui.jpeg\" alt=\"\" width=\"110\" height=\"115\" \/><strong>Ing. Nieves Carmela Colqui:<\/strong> (Perito Forense - Ex Docente en Inform\u00e1tica Jur\u00eddica USPT, Coordinadora Diplomatura en Delitos Inform\u00e1ticos y Forensia Digital UTN Regional Tucum\u00e1n -2021)<\/td>\n<\/tr>\n<tr>\n<td><img decoding=\"async\" loading=\"lazy\" class=\"wp-image-462 alignleft\" src=\"https:\/\/www.facet.unt.edu.ar\/peritajeinformatico\/wp-content\/uploads\/sites\/91\/2023\/05\/aguero.png\" alt=\"\" width=\"101\" height=\"100\" \/><strong>Lic. Cesar Ag\u00fcero:<\/strong> Ceo del Departamento de Inform\u00e1tica Forense del MPF- Provincia de Tucum\u00e1n.<\/td>\n<\/tr>\n<tr>\n<td><img decoding=\"async\" loading=\"lazy\" class=\" wp-image-519 alignright\" src=\"https:\/\/www.facet.unt.edu.ar\/peritajeinformatico\/wp-content\/uploads\/sites\/91\/2023\/05\/Patricia-Moyata.png\" alt=\"\" width=\"92\" height=\"95\" \/><strong>Ing. Patricia Moyata:<\/strong> Perito inform\u00e1tico forense, Docente de la Universidad Nacional de Jujuy en la materia Legislaci\u00f3n y \u00c9tica Profesional, docente de la UCASAL en la materia Inform\u00e1tica Forense.<\/td>\n<\/tr>\n<tr>\n<td><strong><img decoding=\"async\" loading=\"lazy\" class=\" wp-image-467 alignleft\" src=\"https:\/\/www.facet.unt.edu.ar\/peritajeinformatico\/wp-content\/uploads\/sites\/91\/2023\/05\/FOTO-MARCO-ROSSI.jpg\" alt=\"\" width=\"100\" height=\"102\" \/>Abog. Marco Rossi:<\/strong> Director del Laboratorio de Inteligencia Artificial, Innovaci\u00f3n y Transformaci\u00f3n Digital de la Facultad de Derecho y Cs Sociales de Tucum\u00e1n, Argentina. Secretario Judicial en el primer Juzgado Laboral \u00edntegramente digital de Argentina.<\/td>\n<\/tr>\n<tr>\n<td><strong>Gustavo Jorge Enrique Cadenas:<\/strong> Perito inform\u00e1tico en el gabinete de inform\u00e1tica del cuerpo de investigadores fiscales del Ministerio Publico Fiscal (CIF) Prov. Salta.<\/td>\n<\/tr>\n<tr>\n<td><strong><img decoding=\"async\" loading=\"lazy\" class=\" wp-image-476 alignleft\" src=\"https:\/\/www.facet.unt.edu.ar\/peritajeinformatico\/wp-content\/uploads\/sites\/91\/2023\/05\/Victor-Portillo.jpg\" alt=\"\" width=\"92\" height=\"92\" \/>Dr. V\u00edctor Portillo:<\/strong> Especialista en Derecho Penal por la Facultad de Derecho UBA.<\/td>\n<\/tr>\n<tr>\n<td><strong><img decoding=\"async\" loading=\"lazy\" class=\" wp-image-468 alignright\" src=\"https:\/\/www.facet.unt.edu.ar\/peritajeinformatico\/wp-content\/uploads\/sites\/91\/2023\/05\/gustavo-presman-.jpg\" alt=\"\" width=\"103\" height=\"103\" \/>Mg. Ing. Gustavo Presman:<\/strong> Perito Forense- Master en Tecnolog\u00edas de la Informaci\u00f3n y las Comunicaciones del Programa GADEX, Espa\u00f1a 2011. Posee las certificaciones Internacionales en t\u00f3picos forenses CCE, EnCE, MCFE y CNPFA. Miembro de HTCIA y otras asociaciones internacionales de Inform\u00e1tica Forense. Cuenta con m\u00e1s de treinta a\u00f1os de actividad profesional privada en las \u00e1reas de Inform\u00e1tica y redes de computadoras.<\/td>\n<\/tr>\n<tr>\n<td><strong><img decoding=\"async\" loading=\"lazy\" class=\" wp-image-466 alignleft\" src=\"https:\/\/www.facet.unt.edu.ar\/peritajeinformatico\/wp-content\/uploads\/sites\/91\/2023\/05\/Foto-marcela-machado-.jpg\" alt=\"\" width=\"102\" height=\"103\" \/>Ing. Marcela Alejandra Machado:<\/strong> Perito inform\u00e1tica Corte Suprema de Justicia Prov. De Tucum\u00e1n. Reingenieria de Sistemas Dibursa S.A. Servicios financieros e inmobiliarios sistema inform\u00e1tico de soporte marketing electoral (NOA). Sistemas inform\u00e1ticos con reconocimientos biom\u00e9tricos.<\/td>\n<\/tr>\n<tr>\n<td><strong><img decoding=\"async\" loading=\"lazy\" class=\" wp-image-474 alignright\" src=\"https:\/\/www.facet.unt.edu.ar\/peritajeinformatico\/wp-content\/uploads\/sites\/91\/2023\/05\/MRomero.png\" alt=\"\" width=\"97\" height=\"99\" \/>Tec. Superior. Marcelo Romero:<\/strong> Diplomado en Cibercrimen y Delitos Inform\u00e1ticos, Diplomado en Criminolog\u00eda Aplicada por la Universidad Abierta Interamericana. Ministerio P\u00fablico Fiscal CABA \u2013 Auxiliar Perito inform\u00e1tico, investigador digital<\/td>\n<\/tr>\n<tr>\n<td><strong>Auditor Carlos Maldonado Ram\u00edrez:<\/strong> Auditor de Seguridad en Sistemas y Redes. Certificaci\u00f3n Internacional. Licenciatura en Seguridad Inform\u00e1tica Jefe de la Oficina de Inform\u00e1tica Forense y Pericias Inform\u00e1ticas de la Jefatura Departamental Uruguay \u2013 divisi\u00f3n investigaciones \u2013 polic\u00eda de la provincia de Entre R\u00edos.<\/td>\n<\/tr>\n<tr>\n<td><strong><img decoding=\"async\" loading=\"lazy\" class=\" wp-image-464 alignright\" src=\"https:\/\/www.facet.unt.edu.ar\/peritajeinformatico\/wp-content\/uploads\/sites\/91\/2023\/05\/Foto-Beatriz-Gallo-2022.jpg\" alt=\"\" width=\"110\" height=\"105\" \/>Dra. Ing. Beatriz Gallo:<\/strong> Especialista en Inform\u00e1tica Forense, Docente de UCASAL- Grupo I+D+d de Forensia Digital, Perito de Parte, Presidente de la Red CIIDDI la Red Iberoamericana de Docentes e Investigadores en Derecho e Inform\u00e1tica, desde 2021Vocal Suplente en la Red UNIF.<\/td>\n<\/tr>\n<tr>\n<td><strong><img decoding=\"async\" loading=\"lazy\" class=\" wp-image-470 alignleft\" src=\"https:\/\/www.facet.unt.edu.ar\/peritajeinformatico\/wp-content\/uploads\/sites\/91\/2023\/05\/Imagen-Diego-Stratiotis.jpg\" alt=\"\" width=\"103\" height=\"104\" \/>Mag. Abog. Diego Stratiotis:<\/strong> abogado especializado en derecho penal por UBA, diplomado en cibercrimen por Universidad de Hartman, maestrando en razonamiento probatorio por la Universidad de Girona y Universidad de G\u00e9nova, Docente UBA.<\/td>\n<\/tr>\n<tr>\n<td><strong><img decoding=\"async\" loading=\"lazy\" class=\" wp-image-475 alignright\" src=\"https:\/\/www.facet.unt.edu.ar\/peritajeinformatico\/wp-content\/uploads\/sites\/91\/2023\/05\/ortega.png\" alt=\"\" width=\"139\" height=\"106\" \/>Mag. Ing. Hugo Ortega:<\/strong> Profesor Titular en la Facultad de Ciencias Exactas y Tecnolog\u00eda, dise\u00f1ador e implementador de Soluciones de Infraestructura Inform\u00e1tica: Centros de C\u00f3mputos, Datacenters y Redes LAN cableadas y Wireless, virtualizaci\u00f3n de servidores.<\/td>\n<\/tr>\n<tr>\n<td><strong><img decoding=\"async\" loading=\"lazy\" class=\" wp-image-465 alignleft\" src=\"https:\/\/www.facet.unt.edu.ar\/peritajeinformatico\/wp-content\/uploads\/sites\/91\/2023\/05\/foto-Jesus-abel-lafuente.jpeg\" alt=\"\" width=\"101\" height=\"98\" \/>Dr. Lafuente Jes\u00fas Abel:<\/strong> Juez en el Fuero Civil y Comercial Poder Judicial de Tucum\u00e1n.<\/td>\n<\/tr>\n<tr>\n<td><strong>Abog. Marcelo Temperini:<\/strong> Especializado en Derecho Inform\u00e1tico y Cibercrimen, Doctorando en Derecho. Facultad de Ciencias Jur\u00eddicas y Sociales de la Universidad Nacional del Litoral, Posgrado en Ciberdelincuencia en Facultad de Derecho de la Universidad Internacional de Catalunya - Espa\u00f1a, Co-Director de ODILA. Provincia de Santa Fe.<\/td>\n<\/tr>\n<tr>\n<td><strong>Maximiliano Macedo:<\/strong> Analista en Inform\u00e1tica Aplicada UNL, Perito Inform\u00e1tico Forense. Co-Director de ODILA. Provincia de Santa Fe.<\/td>\n<\/tr>\n<\/tbody>\n<\/table>\n<p>&nbsp;<\/p>\n<\/div>\n<\/div><\/div><\/div><\/div><\/div>","protected":false},"excerpt":{"rendered":"<p>&nbsp; Mag. Abog. Mar\u00eda Alejandra Silva: Especialista \u201cDerecho P\u00fablico Global\u201d Universidad de Castilla-La Mancha- Toledo \u2013 Espa\u00f1a. Certificado en Competencia para el Ejercicio de la Magistratura. Docente Derecho Constitucional Fac. de Derecho y Cs. Ss. UNT- Miembro Asociado de la Asociaci\u00f3n Argentina de Derecho Constitucional. Miembro del Grupo de Tecnolog\u00edas y Estrategias Digitales-TED-FACET, Posgrado en [&hellip;]<\/p>\n","protected":false},"author":1,"featured_media":0,"parent":0,"menu_order":0,"comment_status":"closed","ping_status":"closed","template":"home-panels.php","meta":[],"_links":{"self":[{"href":"https:\/\/www.facet.unt.edu.ar\/peritajeinformatico\/wp-json\/wp\/v2\/pages\/146"}],"collection":[{"href":"https:\/\/www.facet.unt.edu.ar\/peritajeinformatico\/wp-json\/wp\/v2\/pages"}],"about":[{"href":"https:\/\/www.facet.unt.edu.ar\/peritajeinformatico\/wp-json\/wp\/v2\/types\/page"}],"author":[{"embeddable":true,"href":"https:\/\/www.facet.unt.edu.ar\/peritajeinformatico\/wp-json\/wp\/v2\/users\/1"}],"replies":[{"embeddable":true,"href":"https:\/\/www.facet.unt.edu.ar\/peritajeinformatico\/wp-json\/wp\/v2\/comments?post=146"}],"version-history":[{"count":8,"href":"https:\/\/www.facet.unt.edu.ar\/peritajeinformatico\/wp-json\/wp\/v2\/pages\/146\/revisions"}],"predecessor-version":[{"id":523,"href":"https:\/\/www.facet.unt.edu.ar\/peritajeinformatico\/wp-json\/wp\/v2\/pages\/146\/revisions\/523"}],"wp:attachment":[{"href":"https:\/\/www.facet.unt.edu.ar\/peritajeinformatico\/wp-json\/wp\/v2\/media?parent=146"}],"curies":[{"name":"wp","href":"https:\/\/api.w.org\/{rel}","templated":true}]}}