{"id":124,"date":"2017-11-04T17:23:03","date_gmt":"2017-11-04T20:23:03","guid":{"rendered":"https:\/\/www.facet.unt.edu.ar\/posgrado\/?page_id=124"},"modified":"2023-11-14T10:56:01","modified_gmt":"2023-11-14T13:56:01","slug":"doctorado-en-ciencias-y-tecnologias-de-la-luz","status":"publish","type":"page","link":"https:\/\/www.facet.unt.edu.ar\/posgrado\/doctorado-en-ciencias-y-tecnologias-de-la-luz\/","title":{"rendered":"Doctorado en Ciencias y Tecnolog\u00edas de la Luz"},"content":{"rendered":"<div id=\"pl-124\"  class=\"panel-layout\" ><div id=\"pg-124-0\"  class=\"panel-grid panel-no-style\" ><div id=\"pgc-124-0-0\"  class=\"panel-grid-cell\" ><div id=\"panel-124-0-0-0\" class=\"so-panel widget widget_sow-editor panel-first-child panel-last-child\" data-index=\"0\" ><div\n\t\t\t\n\t\t\tclass=\"so-widget-sow-editor so-widget-sow-editor-base\"\n\t\t\t\n\t\t>\n<div class=\"siteorigin-widget-tinymce textwidget\">\n\t<p align=\"justify\">La construcci\u00f3n de un espacio interdisciplinario en un \u00e1rea emergente en el mundo, y de vacancia en nuestro pa\u00eds y la regi\u00f3n como lo es el campo de la Ingenier\u00eda en Iluminaci\u00f3n y las Ciencias de la Visi\u00f3n, constituye todo un desaf\u00edo a la capacidad cient\u00edfico-tecnol\u00f3gica del pa\u00eds y de la regi\u00f3n. En particular, en el campo de la iluminaci\u00f3n, se enfrentan cambios de paradigmas en producci\u00f3n, uso y eficiencia de las fuentes generadoras de luz, el impacto creciente de los sistemas electr\u00f3nicos de control, el afianzamiento de la nanotecnolog\u00eda, o el desarrollo de nuevos conocimientos referidos a los efectos visuales y no visuales de la radiaci\u00f3n \u00f3ptica, la interacci\u00f3n entre procesos fisiol\u00f3gicos y psicol\u00f3gicos en un campo en auge como es el que relaciona a la luz con la salud. La creciente necesidad de sistemas de alumbrado m\u00e1s eficientes y menos contaminantes exige criterios de dise\u00f1o y de mantenimiento que integren eficiencia energ\u00e9tica con confort y satisfacci\u00f3n de las personas, en el marco de la inclusi\u00f3n social. Este escenario representa un desaf\u00edo enorme en la formaci\u00f3n de doctores con capacidad para afrontar estos cambios en campos tan variados como los que confluyen en el \u00e1rea de las ciencias de la luz, la iluminaci\u00f3n y la visi\u00f3n, a partir de profesionales con formaciones diversas como f\u00edsicos, ingenieros, arquitectos, dise\u00f1adores y psic\u00f3logos. Enfrentar estos desaf\u00edos y brindar respuestas apropiadas a estas demandas exige criterios amplios, flexibles y acad\u00e9micamente rigurosos.<\/p>\n<p align=\"justify\">La carrera se crea en el a\u00f1o 1998 (Res HCS N\u00ba 1628-997) y ha sido Acreditada y Categorizada A por CONEAU en 2022 (<a href=\"https:\/\/www.facet.unt.edu.ar\/posgrado\/wp-content\/uploads\/sites\/54\/2022\/11\/RSPU-N\u00b0-453-2022-RS-2022-115683490-APN-SECPUME.pdf\" target=\"_blank\" rel=\"noopener\">Resoluci\u00f3n N\u00b0 160\/22<\/a>) con reconocimiento oficial y validez nacional del T\u00edtulo en tr\u00e1mite ante el M.E. Es actualmente Director, el Dr Jos\u00e9 Barraza (UNT - CONICET), Co \u2013 Director, el Dr. Luis Issolio (UNT \u2013 CONICET) y Secretario Acad\u00e9mico Dr. Andr\u00e9s Mart\u00edn (UTN - CONICET).\u00a0 La Comisi\u00f3n Acad\u00e9mica est\u00e1 integrada,\u00a0adem\u00e1s por\u00a0el Dr. Ing. Eduardo Manzano y la Dra. Graciela Tonello.<\/p>\n<p align=\"justify\">Las actividades curriculares se desarrollan en el Departamento. de Luminotecnia, Luz y Visi\u00f3n (DLLyV) \u201cIng. Herberto C. Buhler\u201d de la FACET e Instituto de Luz, Ambiente y Visi\u00f3n (ILAV- UNT -CONICET). El Plan de Estudios es semiestructurado y con modalidad presencial, su dictado es de car\u00e1cter continuo. En el DLLyV-ILAV se dictan otras dos carreras de postgrado: Maestr\u00eda en Luminotecnia y la Especializaci\u00f3n en medio Ambiente Visual e Iluminaci\u00f3n Eficiente, con las cuales articula la formaci\u00f3n b\u00e1sica de los doctorandos<\/p>\n<p align=\"justify\">La duraci\u00f3n de la Carrera de Doctorado es de 48 meses con un total de 500 horas obligatorias. Para el ingreso el aspirante debe poseer t\u00edtulo universitario de grado y aprobar un examen con bases generales de matem\u00e1ticas (salvo que los antecedentes acad\u00e9micos y profesionales previos evidencien esa formaci\u00f3n). La evaluaci\u00f3n final consiste en una Tesis, siendo el plazo para la presentaci\u00f3n de la misma de 60 meses, que incluye todas las actividades curriculares previstas.<\/p>\n<p align=\"justify\">Las actividades curriculares comunes son cursos obligatorios, comunes a todas las l\u00edneas de investigaci\u00f3n (200 horas). Los cursos optativos (70%), relacionados con las distintas l\u00edneas de investigaci\u00f3n, pueden ampliarse cada a\u00f1o, y los cursos de formaci\u00f3n general (30%) incluyen un curso obligatorio de Fundamentos y Metodolog\u00edas de la Investigaci\u00f3n Cient\u00edfica. Los proyectos de tesis est\u00e1n directamente vinculados con actividades de investigaci\u00f3n del DLLyV - ILAV y los alumnos tienen una participaci\u00f3n activa en estas actividades, fortaleciendo de esta manera el proceso de formaci\u00f3n.<\/p>\n<p align=\"justify\">Los alumnos de la Carrera son actualmente 32. Los egresados, 19 hasta la fecha, ocupan cargos docentes en la FACET, en otras UUNN o en universidades extranjeras; son Investigadores del CONICET, Becarios Postdoctorales o trabajan en empresas privadas relacionadas con el \u00e1rea.<\/p>\n<p align=\"justify\">El cuerpo docente est\u00e1 formado por 27 profesores, 14 estables y 13 invitados, todos con t\u00edtulo m\u00e1ximo de doctor en \u00e1reas disciplinares afines a la Carrera, casi todos han dirigido tesis o trabajos de postgrado y participan en proyectos de investigaci\u00f3n. Algunos de ellos pertenecen al CONICET y la mayor\u00eda tiene el cargo de Profesor en la FACET. Tanto el DELLyV como el ILAV tienen una larga trayectoria en proyectos de transferencia en el \u00e1mbito institucional, de las cuales participan docentes y alumnos. La infraestructura disponible para el desarrollo de las actividades curriculares permite que cada estudiante posea equipamiento inform\u00e1tico actualizado y conectado con las redes que le provee f\u00e1cil acceso a las bases de datos de bibliotecas propias y externas.<\/p>\n<h3>Resoluciones<\/h3>\n<ul>\n<li><a href=\"https:\/\/www.facet.unt.edu.ar\/posgrado\/wp-content\/uploads\/sites\/54\/2019\/04\/Creacion-Esp-y-Doctorado-MAVILE-1162897.pdf\">HCS 1628\/997<\/a> -\u00a0<a href=\"https:\/\/www.facet.unt.edu.ar\/posgrado\/wp-content\/uploads\/sites\/54\/2019\/04\/Creaci\u00f3n-Doctorado-en-Medio-Ambiente-Visual-e-Iluminaci\u00f3n-Eficiente.pdf\">HCS 745\/007<\/a><\/li>\n<li><a href=\"https:\/\/www.facet.unt.edu.ar\/posgrado\/wp-content\/uploads\/sites\/54\/2023\/11\/0569-2020-modificacion-reglamento-y-cambio-nombre-doctorado-MAVILE.pdf\">Res HCS 0569-2020 modificacion reglamento y cambio nombre doctorado MAVILE<\/a><\/li>\n<li><a href=\"https:\/\/www.facet.unt.edu.ar\/posgrado\/wp-content\/uploads\/sites\/54\/2023\/11\/Res.-160-22-Coneau-160-22-Doctorado-en-Ciencias-y-Tecnologias-de-la-Luz.pdf\">Res 160-22 CONEAU Doctorado en Ciencias y Tecnolog\u00edas de la Luz<\/a><\/li>\n<li><a href=\"https:\/\/www.facet.unt.edu.ar\/posgrado\/wp-content\/uploads\/sites\/54\/2023\/11\/RSPU-N\u00b0-453-2022-Doct.-Ciencias-y-Tecnologia-de-la-Luz.pdf\">Res.Ministerial 453-2022 Doct. Ciencias y Tecnolog\u00eda de la Luz<\/a><\/li>\n<\/ul>\n<h3>Sitio web<\/h3>\n<blockquote class=\"wp-embedded-content\" data-secret=\"nH2AHds15E\"><p><a href=\"https:\/\/www.facet.unt.edu.ar\/luminotecnia\/doctorado\/\">Doctorado en Ciencias y Tecnolog\u00edas de la Luz<\/a><\/p><\/blockquote>\n<p><iframe class=\"wp-embedded-content\" sandbox=\"allow-scripts\" security=\"restricted\" style=\"position: absolute; clip: rect(1px, 1px, 1px, 1px);\" title=\"\u00abDoctorado en Ciencias y Tecnolog\u00edas de la Luz\u00bb \u2014 Departamento de Luminotecnia, Luz y Visi\u00f3n (UNT) - Instituto de Investigaci\u00f3n en Luz, Ambiente y Visi\u00f3n (CONICET)\" src=\"https:\/\/www.facet.unt.edu.ar\/luminotecnia\/doctorado\/embed\/#?secret=U5salQ3Vjm#?secret=nH2AHds15E\" data-secret=\"nH2AHds15E\" width=\"600\" height=\"338\" frameborder=\"0\" marginwidth=\"0\" marginheight=\"0\" scrolling=\"no\"><\/iframe><\/p>\n<\/div>\n<\/div><\/div><\/div><\/div><div id=\"pg-124-1\"  class=\"panel-grid panel-no-style\" ><div id=\"pgc-124-1-0\"  class=\"panel-grid-cell\" ><div id=\"panel-124-1-0-0\" class=\"so-panel widget widget_metaslider_widget panel-first-child panel-last-child\" data-index=\"1\" ><div id=\"metaslider-id-134\" style=\"width: 100%; margin: 0 auto;\" class=\"ml-slider-3-27-5 metaslider metaslider-flex metaslider-134 ml-slider\">\n    <div id=\"metaslider_container_134\">\n        <div id=\"metaslider_134\">\n            <ul aria-live=\"polite\" class=\"slides\">\n                <li style=\"display: none; width: 100%;\" class=\"slide-138 ms-image\"><img src=\"https:\/\/www.facet.unt.edu.ar\/posgrado\/wp-content\/uploads\/sites\/54\/2017\/11\/doctorado-medio-ambiente-visual-1-471x252.jpg\" height=\"300\" width=\"560\" alt=\"\" class=\"slider-134 slide-138\" \/><\/li>\n                <li style=\"display: none; width: 100%;\" class=\"slide-139 ms-image\"><img src=\"https:\/\/www.facet.unt.edu.ar\/posgrado\/wp-content\/uploads\/sites\/54\/2017\/11\/doctorado-medio-ambiente-visual-2-449x240.png\" height=\"300\" width=\"560\" alt=\"\" class=\"slider-134 slide-139\" \/><\/li>\n                <li style=\"display: none; width: 100%;\" class=\"slide-140 ms-image\"><img src=\"https:\/\/www.facet.unt.edu.ar\/posgrado\/wp-content\/uploads\/sites\/54\/2017\/11\/doctorado-medio-ambiente-visual-3-473x253.jpg\" height=\"300\" width=\"560\" alt=\"\" class=\"slider-134 slide-140\" \/><\/li>\n            <\/ul>\n        <\/div>\n        \n    <\/div>\n<\/div><\/div><\/div><\/div><\/div>","protected":false},"excerpt":{"rendered":"<p>La construcci\u00f3n de un espacio interdisciplinario en un \u00e1rea emergente en el mundo, y de vacancia en nuestro pa\u00eds y la regi\u00f3n como lo es el campo de la Ingenier\u00eda en Iluminaci\u00f3n y las Ciencias de la Visi\u00f3n, constituye todo un desaf\u00edo a la capacidad cient\u00edfico-tecnol\u00f3gica del pa\u00eds y de la regi\u00f3n. En particular, en [&hellip;]<\/p>\n","protected":false},"author":1,"featured_media":126,"parent":0,"menu_order":0,"comment_status":"closed","ping_status":"closed","template":"","meta":[],"_links":{"self":[{"href":"https:\/\/www.facet.unt.edu.ar\/posgrado\/wp-json\/wp\/v2\/pages\/124"}],"collection":[{"href":"https:\/\/www.facet.unt.edu.ar\/posgrado\/wp-json\/wp\/v2\/pages"}],"about":[{"href":"https:\/\/www.facet.unt.edu.ar\/posgrado\/wp-json\/wp\/v2\/types\/page"}],"author":[{"embeddable":true,"href":"https:\/\/www.facet.unt.edu.ar\/posgrado\/wp-json\/wp\/v2\/users\/1"}],"replies":[{"embeddable":true,"href":"https:\/\/www.facet.unt.edu.ar\/posgrado\/wp-json\/wp\/v2\/comments?post=124"}],"version-history":[{"count":46,"href":"https:\/\/www.facet.unt.edu.ar\/posgrado\/wp-json\/wp\/v2\/pages\/124\/revisions"}],"predecessor-version":[{"id":1338,"href":"https:\/\/www.facet.unt.edu.ar\/posgrado\/wp-json\/wp\/v2\/pages\/124\/revisions\/1338"}],"wp:featuredmedia":[{"embeddable":true,"href":"https:\/\/www.facet.unt.edu.ar\/posgrado\/wp-json\/wp\/v2\/media\/126"}],"wp:attachment":[{"href":"https:\/\/www.facet.unt.edu.ar\/posgrado\/wp-json\/wp\/v2\/media?parent=124"}],"curies":[{"name":"wp","href":"https:\/\/api.w.org\/{rel}","templated":true}]}}