{"id":146,"date":"2017-11-04T17:51:50","date_gmt":"2017-11-04T20:51:50","guid":{"rendered":"https:\/\/www.facet.unt.edu.ar\/posgrado\/?page_id=146"},"modified":"2023-12-15T10:43:28","modified_gmt":"2023-12-15T13:43:28","slug":"doctorado-en-ciencias-biologicas","status":"publish","type":"page","link":"https:\/\/www.facet.unt.edu.ar\/posgrado\/doctorado-en-ciencias-biologicas\/","title":{"rendered":"Doctorado en Ciencias Biol\u00f3gicas"},"content":{"rendered":"<div id=\"pl-146\"  class=\"panel-layout\" ><div id=\"pg-146-0\"  class=\"panel-grid panel-no-style\" ><div id=\"pgc-146-0-0\"  class=\"panel-grid-cell\" ><div id=\"panel-146-0-0-0\" class=\"so-panel widget widget_sow-editor panel-first-child\" data-index=\"0\" ><div\n\t\t\t\n\t\t\tclass=\"so-widget-sow-editor so-widget-sow-editor-base\"\n\t\t\t\n\t\t>\n<div class=\"siteorigin-widget-tinymce textwidget\">\n\t<p style=\"text-align: justify;\"><a href=\"https:\/\/www.facet.unt.edu.ar\/posgrado\/wp-content\/uploads\/sites\/54\/2019\/11\/ciencias-biol\u00f3gicas.jpg\"><img decoding=\"async\" loading=\"lazy\" class=\" wp-image-500 alignleft\" src=\"https:\/\/www.facet.unt.edu.ar\/posgrado\/wp-content\/uploads\/sites\/54\/2019\/11\/ciencias-biol\u00f3gicas-300x169.jpg\" alt=\"\" width=\"309\" height=\"174\" srcset=\"https:\/\/www.facet.unt.edu.ar\/posgrado\/wp-content\/uploads\/sites\/54\/2019\/11\/ciencias-biol\u00f3gicas-300x169.jpg 300w, https:\/\/www.facet.unt.edu.ar\/posgrado\/wp-content\/uploads\/sites\/54\/2019\/11\/ciencias-biol\u00f3gicas-768x432.jpg 768w, https:\/\/www.facet.unt.edu.ar\/posgrado\/wp-content\/uploads\/sites\/54\/2019\/11\/ciencias-biol\u00f3gicas.jpg 800w\" sizes=\"(max-width: 309px) 100vw, 309px\" \/><\/a>Acreditada por la CONEAU en el a\u00f1o 2013 seg\u00fan Res. N\u00ba 750\/13 y en el a\u00f1o 2022 seg\u00fan Res. N\u00b0 279\/22, con Categor\u00eda A y su t\u00edtulo tiene reconocimiento oficial y validez nacional (R.M N\u00b0 3106\/2015).<\/p>\n<p align=\"justify\"><strong>Director<\/strong>: Carlos Javier Minahk, <strong>Co- Directora<\/strong>: Mar\u00eda Pia Taranto (Res. HCS 0447\/19). <strong>Comit\u00e9 Acad\u00e9mico<\/strong>: Dra. Luc\u00eda Elena Claps; Dra. Silvina Graciela Fadda; Dr. Alfredo Grau y Dr. Ra\u00fal Osvaldo Pedraza.<\/p>\n<p align=\"justify\"><strong>A\u00f1o de creaci\u00f3n<\/strong>: 1996 (Res. HCS N\u00ba 1007\/96).<\/p>\n<p align=\"justify\"><strong>Duraci\u00f3n<\/strong>: dos a\u00f1os como m\u00ednimo (500 horas de cursos te\u00f3rico- pr\u00e1cticos).<\/p>\n<\/div>\n<\/div><\/div><div id=\"panel-146-0-0-1\" class=\"so-panel widget widget_sow-accordion panel-last-child\" data-index=\"1\" ><div\n\t\t\t\n\t\t\tclass=\"so-widget-sow-accordion so-widget-sow-accordion-default-ee72afc3965f-146\"\n\t\t\t\n\t\t><div>\n\t<div class=\"sow-accordion\">\n\t\t\t<div class=\"sow-accordion-panel\"\n\t\t\t data-anchor=\"descripci%c3%b3n\">\n\t\t\t\t<div class=\"sow-accordion-panel-header-container\" role=\"heading\" aria-level=\"2\">\n\t\t\t\t\t<div class=\"sow-accordion-panel-header\" tabindex=\"0\" role=\"button\" id=\"accordion-label-descripci%c3%b3n\" aria-controls=\"accordion-content-descripci%c3%b3n\" aria-expanded=\"false\">\n\t\t\t\t\t\t<div class=\"sow-accordion-title sow-accordion-title-icon-left\">\n\t\t\t\t\t\t\t\t\t\t\t\t\t\tDescripci\u00f3n\t\t\t\t\t\t\t\t\t\t\t\t\t<\/div>\n\t\t\t\t\t\t<div class=\"sow-accordion-open-close-button\">\n\t\t\t\t\t\t\t<div class=\"sow-accordion-open-button\">\n\t\t\t\t\t\t\t\t<span class=\"sow-icon-ionicons\" data-sow-icon=\"&#xf218;\"\n\t\t \n\t\taria-hidden=\"true\"><\/span>\t\t\t\t\t\t\t<\/div>\n\t\t\t\t\t\t\t<div class=\"sow-accordion-close-button\">\n\t\t\t\t\t\t\t\t<span class=\"sow-icon-ionicons\" data-sow-icon=\"&#xf209;\"\n\t\t \n\t\taria-hidden=\"true\"><\/span>\t\t\t\t\t\t\t<\/div>\n\t\t\t\t\t\t<\/div>\n\t\t\t\t\t<\/div>\n\t\t\t\t<\/div>\n\n\t\t\t<div\n\t\t\t\tclass=\"sow-accordion-panel-content\"\n\t\t\t\trole=\"region\"\n\t\t\t\taria-labelledby=\"accordion-label-descripci%c3%b3n\"\n\t\t\t\tid=\"accordion-content-descripci%c3%b3n\"\n\t\t\t\tstyle=\"display: none;\"\t\t\t>\n\t\t\t\t<div class=\"sow-accordion-panel-border\" tabindex=\"0\">\n\t\t\t\t\t<p>La carrera de Doctorado en Ciencias Biol\u00f3gicas, de la Universidad Nacional de Tucum\u00e1n, se dicta en colaboraci\u00f3n con cinco Facultades: Facultad de Agronom\u00eda y Zootecnia; Facultad de Bioqu\u00edmica, Qu\u00edmica y Farmacia; Facultad de Ciencias Exactas y Tecnolog\u00eda; Facultad de Ciencias Naturales e Instituto Miguel Lillo y Facultad de Medicina. Tambi\u00e9n la integran los siguientes centros de investigaci\u00f3n pertenecientes al CONICET, radicados en la provincia de Tucum\u00e1n: Centro de Referencia para Lactobacilos (CERELA), Instituto Superior de Investigaciones Biol\u00f3gicas (INSIBIO) y Planta de Procesos Microbiol\u00f3gicos (PROIMI). Adem\u00e1s, esta carrera forma parte del Consorcio de Doctorados de Ciencias de la Vida, del que participan carreras de diversas Universidades de la Argentina; asimismo integra la <a href=\"http:\/\/www.riabin.usm.cl\">Red Iberoamericana de Biotecnolog\u00eda Isla Negra (RIABIN)<\/a> del programa Pablo Neruda de la Organizaciones de Pa\u00edses Iberoamericanos.<\/p>\n<p>Cuenta con un plantel de aproximadamente 200 docentes estables, todos con t\u00edtulo m\u00e1ximo de doctor. El Comit\u00e9 Acad\u00e9mico funciona en las distintas unidades acad\u00e9micas involucradas.<\/p>\n<p>La carrera, en sus diversas especializaciones, coordina y optimiza la disponibilidad de cursos y equipos, y propugna la interdisciplinariedad del conocimiento. Recibe docentes \/ investigadores de las otras Universidades del pa\u00eds para la realizaci\u00f3n de estudios superiores, con lo que contribuye a su desarrollo, as\u00ed como de otros pa\u00edses de Am\u00e9rica Latina tales como Cuba, Colombia, Bolivia.<\/p>\n<p>Es una carrera de estudios personalizados, siendo las Comisiones de Supervisi\u00f3n respectivas las encargadas de reconocer y valorar cursos, seminarios, entrenamientos y\/o pasant\u00edas y actividades de investigaci\u00f3n efectuados por el postulante durante y con anterioridad a su ingreso al Sistema de Posgrado. El n\u00famero de horas requerido de cursos te\u00f3rico-pr\u00e1cticos, sujetos a examen evaluativo, es de 500, de los cuales el 70 % deben corresponder a temas relacionados al trabajo de Tesis. El doctorado tiene un tiempo m\u00ednimo de dos y un m\u00e1ximo de cinco a\u00f1os para la realizaci\u00f3n de su tesis.<\/p>\n\t\t\t\t<\/div>\n\t\t\t<\/div>\n\t\t<\/div>\n\t\t\t<div class=\"sow-accordion-panel\"\n\t\t\t data-anchor=\"objetivo\">\n\t\t\t\t<div class=\"sow-accordion-panel-header-container\" role=\"heading\" aria-level=\"2\">\n\t\t\t\t\t<div class=\"sow-accordion-panel-header\" tabindex=\"0\" role=\"button\" id=\"accordion-label-objetivo\" aria-controls=\"accordion-content-objetivo\" aria-expanded=\"false\">\n\t\t\t\t\t\t<div class=\"sow-accordion-title sow-accordion-title-icon-left\">\n\t\t\t\t\t\t\t\t\t\t\t\t\t\tObjetivo\t\t\t\t\t\t\t\t\t\t\t\t\t<\/div>\n\t\t\t\t\t\t<div class=\"sow-accordion-open-close-button\">\n\t\t\t\t\t\t\t<div class=\"sow-accordion-open-button\">\n\t\t\t\t\t\t\t\t<span class=\"sow-icon-ionicons\" data-sow-icon=\"&#xf218;\"\n\t\t \n\t\taria-hidden=\"true\"><\/span>\t\t\t\t\t\t\t<\/div>\n\t\t\t\t\t\t\t<div class=\"sow-accordion-close-button\">\n\t\t\t\t\t\t\t\t<span class=\"sow-icon-ionicons\" data-sow-icon=\"&#xf209;\"\n\t\t \n\t\taria-hidden=\"true\"><\/span>\t\t\t\t\t\t\t<\/div>\n\t\t\t\t\t\t<\/div>\n\t\t\t\t\t<\/div>\n\t\t\t\t<\/div>\n\n\t\t\t<div\n\t\t\t\tclass=\"sow-accordion-panel-content\"\n\t\t\t\trole=\"region\"\n\t\t\t\taria-labelledby=\"accordion-label-objetivo\"\n\t\t\t\tid=\"accordion-content-objetivo\"\n\t\t\t\tstyle=\"display: none;\"\t\t\t>\n\t\t\t\t<div class=\"sow-accordion-panel-border\" tabindex=\"0\">\n\t\t\t\t\t<p>Preparar un graduado universitario en Ciencias Biol\u00f3gicas con capacidad de resolver problemas del \u00e1rea de su especialidad con autonom\u00eda e idoneidad, creatividad e iniciativa, dentro de un perfil fuertemente experimental, pero sin descuidar la formaci\u00f3n te\u00f3rica.<\/p>\n\t\t\t\t<\/div>\n\t\t\t<\/div>\n\t\t<\/div>\n\t\t\t<div class=\"sow-accordion-panel\"\n\t\t\t data-anchor=\"destinatarios\">\n\t\t\t\t<div class=\"sow-accordion-panel-header-container\" role=\"heading\" aria-level=\"2\">\n\t\t\t\t\t<div class=\"sow-accordion-panel-header\" tabindex=\"0\" role=\"button\" id=\"accordion-label-destinatarios\" aria-controls=\"accordion-content-destinatarios\" aria-expanded=\"false\">\n\t\t\t\t\t\t<div class=\"sow-accordion-title sow-accordion-title-icon-left\">\n\t\t\t\t\t\t\t\t\t\t\t\t\t\tDestinatarios\t\t\t\t\t\t\t\t\t\t\t\t\t<\/div>\n\t\t\t\t\t\t<div class=\"sow-accordion-open-close-button\">\n\t\t\t\t\t\t\t<div class=\"sow-accordion-open-button\">\n\t\t\t\t\t\t\t\t<span class=\"sow-icon-ionicons\" data-sow-icon=\"&#xf218;\"\n\t\t \n\t\taria-hidden=\"true\"><\/span>\t\t\t\t\t\t\t<\/div>\n\t\t\t\t\t\t\t<div class=\"sow-accordion-close-button\">\n\t\t\t\t\t\t\t\t<span class=\"sow-icon-ionicons\" data-sow-icon=\"&#xf209;\"\n\t\t \n\t\taria-hidden=\"true\"><\/span>\t\t\t\t\t\t\t<\/div>\n\t\t\t\t\t\t<\/div>\n\t\t\t\t\t<\/div>\n\t\t\t\t<\/div>\n\n\t\t\t<div\n\t\t\t\tclass=\"sow-accordion-panel-content\"\n\t\t\t\trole=\"region\"\n\t\t\t\taria-labelledby=\"accordion-label-destinatarios\"\n\t\t\t\tid=\"accordion-content-destinatarios\"\n\t\t\t\tstyle=\"display: none;\"\t\t\t>\n\t\t\t\t<div class=\"sow-accordion-panel-border\" tabindex=\"0\">\n\t\t\t\t\t<p>Est\u00e1 dirigido a una amplia gama de profesionales relacionados de distintas maneras con la biolog\u00eda, que posean t\u00edtulo universitario de una carrera de no menos de cinco a\u00f1os de duraci\u00f3n. Posee una modalidad tutorial (plan de estudio no estructurado), de dictado presencial y de car\u00e1cter continuo.<\/p>\n\t\t\t\t<\/div>\n\t\t\t<\/div>\n\t\t<\/div>\n\t\t\t<div class=\"sow-accordion-panel\"\n\t\t\t data-anchor=\"perfil-del-graduado\">\n\t\t\t\t<div class=\"sow-accordion-panel-header-container\" role=\"heading\" aria-level=\"2\">\n\t\t\t\t\t<div class=\"sow-accordion-panel-header\" tabindex=\"0\" role=\"button\" id=\"accordion-label-perfil-del-graduado\" aria-controls=\"accordion-content-perfil-del-graduado\" aria-expanded=\"false\">\n\t\t\t\t\t\t<div class=\"sow-accordion-title sow-accordion-title-icon-left\">\n\t\t\t\t\t\t\t\t\t\t\t\t\t\tPerfil del Graduado\t\t\t\t\t\t\t\t\t\t\t\t\t<\/div>\n\t\t\t\t\t\t<div class=\"sow-accordion-open-close-button\">\n\t\t\t\t\t\t\t<div class=\"sow-accordion-open-button\">\n\t\t\t\t\t\t\t\t<span class=\"sow-icon-ionicons\" data-sow-icon=\"&#xf218;\"\n\t\t \n\t\taria-hidden=\"true\"><\/span>\t\t\t\t\t\t\t<\/div>\n\t\t\t\t\t\t\t<div class=\"sow-accordion-close-button\">\n\t\t\t\t\t\t\t\t<span class=\"sow-icon-ionicons\" data-sow-icon=\"&#xf209;\"\n\t\t \n\t\taria-hidden=\"true\"><\/span>\t\t\t\t\t\t\t<\/div>\n\t\t\t\t\t\t<\/div>\n\t\t\t\t\t<\/div>\n\t\t\t\t<\/div>\n\n\t\t\t<div\n\t\t\t\tclass=\"sow-accordion-panel-content\"\n\t\t\t\trole=\"region\"\n\t\t\t\taria-labelledby=\"accordion-label-perfil-del-graduado\"\n\t\t\t\tid=\"accordion-content-perfil-del-graduado\"\n\t\t\t\tstyle=\"display: none;\"\t\t\t>\n\t\t\t\t<div class=\"sow-accordion-panel-border\" tabindex=\"0\">\n\t\t\t\t\t<p>Esta carrera prepara graduados universitarios en Ciencias Biol\u00f3gicas con capacidad de resolver problemas del \u00e1rea de su especialidad con autonom\u00eda e idoneidad, creatividad e iniciativa, dentro de un perfil fuertemente experimental, pero sin descuidar la formaci\u00f3n te\u00f3rica. Se enfocan estas ciencias con criterio amplio y flexible para permitir su r\u00e1pida actualizaci\u00f3n.<\/p>\n\t\t\t\t<\/div>\n\t\t\t<\/div>\n\t\t<\/div>\n\t\t\t<div class=\"sow-accordion-panel\"\n\t\t\t data-anchor=\"tesis\">\n\t\t\t\t<div class=\"sow-accordion-panel-header-container\" role=\"heading\" aria-level=\"2\">\n\t\t\t\t\t<div class=\"sow-accordion-panel-header\" tabindex=\"0\" role=\"button\" id=\"accordion-label-tesis\" aria-controls=\"accordion-content-tesis\" aria-expanded=\"false\">\n\t\t\t\t\t\t<div class=\"sow-accordion-title sow-accordion-title-icon-left\">\n\t\t\t\t\t\t\t\t\t\t\t\t\t\tTesis\t\t\t\t\t\t\t\t\t\t\t\t\t<\/div>\n\t\t\t\t\t\t<div class=\"sow-accordion-open-close-button\">\n\t\t\t\t\t\t\t<div class=\"sow-accordion-open-button\">\n\t\t\t\t\t\t\t\t<span class=\"sow-icon-ionicons\" data-sow-icon=\"&#xf218;\"\n\t\t \n\t\taria-hidden=\"true\"><\/span>\t\t\t\t\t\t\t<\/div>\n\t\t\t\t\t\t\t<div class=\"sow-accordion-close-button\">\n\t\t\t\t\t\t\t\t<span class=\"sow-icon-ionicons\" data-sow-icon=\"&#xf209;\"\n\t\t \n\t\taria-hidden=\"true\"><\/span>\t\t\t\t\t\t\t<\/div>\n\t\t\t\t\t\t<\/div>\n\t\t\t\t\t<\/div>\n\t\t\t\t<\/div>\n\n\t\t\t<div\n\t\t\t\tclass=\"sow-accordion-panel-content\"\n\t\t\t\trole=\"region\"\n\t\t\t\taria-labelledby=\"accordion-label-tesis\"\n\t\t\t\tid=\"accordion-content-tesis\"\n\t\t\t\tstyle=\"display: none;\"\t\t\t>\n\t\t\t\t<div class=\"sow-accordion-panel-border\" tabindex=\"0\">\n\t\t\t\t\t<p>El trabajo de tesis deber\u00e1 constituir una contribuci\u00f3n significativa al conocimiento existente en el \u00e1rea pertinente y evidenciar originalidad ya sea por el descubrimiento o creaci\u00f3n de conocimiento o por el ejercicio de capacidad cr\u00edtica independiente.<\/p>\n\t\t\t\t<\/div>\n\t\t\t<\/div>\n\t\t<\/div>\n\t\t\t<div class=\"sow-accordion-panel\"\n\t\t\t data-anchor=\"tr%c3%a1mite-de-admisi%c3%b3n\">\n\t\t\t\t<div class=\"sow-accordion-panel-header-container\" role=\"heading\" aria-level=\"2\">\n\t\t\t\t\t<div class=\"sow-accordion-panel-header\" tabindex=\"0\" role=\"button\" id=\"accordion-label-tr%c3%a1mite-de-admisi%c3%b3n\" aria-controls=\"accordion-content-tr%c3%a1mite-de-admisi%c3%b3n\" aria-expanded=\"false\">\n\t\t\t\t\t\t<div class=\"sow-accordion-title sow-accordion-title-icon-left\">\n\t\t\t\t\t\t\t\t\t\t\t\t\t\tTr\u00e1mite de Admisi\u00f3n\t\t\t\t\t\t\t\t\t\t\t\t\t<\/div>\n\t\t\t\t\t\t<div class=\"sow-accordion-open-close-button\">\n\t\t\t\t\t\t\t<div class=\"sow-accordion-open-button\">\n\t\t\t\t\t\t\t\t<span class=\"sow-icon-ionicons\" data-sow-icon=\"&#xf218;\"\n\t\t \n\t\taria-hidden=\"true\"><\/span>\t\t\t\t\t\t\t<\/div>\n\t\t\t\t\t\t\t<div class=\"sow-accordion-close-button\">\n\t\t\t\t\t\t\t\t<span class=\"sow-icon-ionicons\" data-sow-icon=\"&#xf209;\"\n\t\t \n\t\taria-hidden=\"true\"><\/span>\t\t\t\t\t\t\t<\/div>\n\t\t\t\t\t\t<\/div>\n\t\t\t\t\t<\/div>\n\t\t\t\t<\/div>\n\n\t\t\t<div\n\t\t\t\tclass=\"sow-accordion-panel-content\"\n\t\t\t\trole=\"region\"\n\t\t\t\taria-labelledby=\"accordion-label-tr%c3%a1mite-de-admisi%c3%b3n\"\n\t\t\t\tid=\"accordion-content-tr%c3%a1mite-de-admisi%c3%b3n\"\n\t\t\t\tstyle=\"display: none;\"\t\t\t>\n\t\t\t\t<div class=\"sow-accordion-panel-border\" tabindex=\"0\">\n\t\t\t\t\t<p>El tr\u00e1mite de Admisi\u00f3n se realiza en la Unidad Acad\u00e9mica donde el solicitante va a realizar sus actividades de investigaci\u00f3n o est\u00e9 vinculado por su t\u00edtulo de grado.<\/p>\n\t\t\t\t<\/div>\n\t\t\t<\/div>\n\t\t<\/div>\n\t\t\t<div class=\"sow-accordion-panel\"\n\t\t\t data-anchor=\"resoluciones\">\n\t\t\t\t<div class=\"sow-accordion-panel-header-container\" role=\"heading\" aria-level=\"2\">\n\t\t\t\t\t<div class=\"sow-accordion-panel-header\" tabindex=\"0\" role=\"button\" id=\"accordion-label-resoluciones\" aria-controls=\"accordion-content-resoluciones\" aria-expanded=\"false\">\n\t\t\t\t\t\t<div class=\"sow-accordion-title sow-accordion-title-icon-left\">\n\t\t\t\t\t\t\t\t\t\t\t\t\t\tResoluciones\t\t\t\t\t\t\t\t\t\t\t\t\t<\/div>\n\t\t\t\t\t\t<div class=\"sow-accordion-open-close-button\">\n\t\t\t\t\t\t\t<div class=\"sow-accordion-open-button\">\n\t\t\t\t\t\t\t\t<span class=\"sow-icon-ionicons\" data-sow-icon=\"&#xf218;\"\n\t\t \n\t\taria-hidden=\"true\"><\/span>\t\t\t\t\t\t\t<\/div>\n\t\t\t\t\t\t\t<div class=\"sow-accordion-close-button\">\n\t\t\t\t\t\t\t\t<span class=\"sow-icon-ionicons\" data-sow-icon=\"&#xf209;\"\n\t\t \n\t\taria-hidden=\"true\"><\/span>\t\t\t\t\t\t\t<\/div>\n\t\t\t\t\t\t<\/div>\n\t\t\t\t\t<\/div>\n\t\t\t\t<\/div>\n\n\t\t\t<div\n\t\t\t\tclass=\"sow-accordion-panel-content\"\n\t\t\t\trole=\"region\"\n\t\t\t\taria-labelledby=\"accordion-label-resoluciones\"\n\t\t\t\tid=\"accordion-content-resoluciones\"\n\t\t\t\tstyle=\"display: none;\"\t\t\t>\n\t\t\t\t<div class=\"sow-accordion-panel-border\" tabindex=\"0\">\n\t\t\t\t\t<ul>\n<li><a href=\"https:\/\/www.facet.unt.edu.ar\/posgrado\/wp-content\/uploads\/sites\/54\/2019\/04\/ResCONEAU750-13C4627.pdf\">CONEAU 750\/13<\/a><\/li>\n<li><a href=\"https:\/\/www.facet.unt.edu.ar\/posgrado\/wp-content\/uploads\/sites\/54\/2019\/04\/RES-3106-15-DOCTOR-EN-CIENCIAS-BIOL\u00d3GICAS.pdf\">Ministerio de Educaci\u00f3n 3106\/15<\/a><\/li>\n<li><a href=\"https:\/\/www.facet.unt.edu.ar\/posgrado\/wp-content\/uploads\/sites\/54\/2022\/08\/Resolucion-DCB-HCS-1355-2021.pdf\" target=\"_blank\" rel=\"noopener\">Resoluci\u00f3n DCB-HCS-1355-2021<\/a><\/li>\n<li><a href=\"https:\/\/www.facet.unt.edu.ar\/posgrado\/wp-content\/uploads\/sites\/54\/2022\/08\/Doctorado-en-Ciencias-Biologicas-Acreditacion-2021-Coneau.pdf\" target=\"_blank\" rel=\"noopener\">Resoluci\u00f3n acreditaci\u00f3n CONEAU 279\/2022<\/a><\/li>\n<\/ul>\n\t\t\t\t<\/div>\n\t\t\t<\/div>\n\t\t<\/div>\n\t\t<\/div>\n<\/div>\n<\/div><\/div><\/div><div id=\"pgc-146-0-1\"  class=\"panel-grid-cell\" ><div id=\"panel-146-0-1-0\" class=\"so-panel widget widget_rss panel-first-child panel-last-child\" data-index=\"2\" ><h3 class=\"widget-title\"><a class=\"rsswidget rss-widget-feed\" href=\"https:\/\/www.facet.unt.edu.ar\/facetinforma\/category\/cursosdeposgrado\/feed\"><img class=\"rss-widget-icon\" style=\"border:0\" width=\"14\" height=\"14\" src=\"https:\/\/www.facet.unt.edu.ar\/posgrado\/wp-includes\/images\/rss.png\" alt=\"RSS\" loading=\"lazy\" \/><\/a> <a class=\"rsswidget rss-widget-title\" href=\"https:\/\/www.facet.unt.edu.ar\/facetinforma\">Cursos de Posgrado<\/a><\/h3><ul><li><a class='rsswidget' href='https:\/\/www.facet.unt.edu.ar\/facetinforma\/2024\/10\/04\/curso-de-posgrado-y-actualizacion-gestion-de-riesgo-de-inundaciones\/'>Curso de Posgrado y Actualizaci\u00f3n: Gesti\u00f3n de Riesgo de Inundaciones<\/a><div class=\"rssSummary\">La Facultad de Ciencias\u00a0 Exactas y\u00a0 Tecnolog\u00eda (FACET-UNT) invita a participar del Curso de Posgrado y Actualizaci\u00f3n: Gesti\u00f3n de Riesgo de Inundaciones, a cargo de Prof. Dr. Ing. Gerhard Haimerl, Decano y Coordinador de Asuntos Internacionales de la Facultad de Ingenier\u00eda Civil y Gerenciamiento de Proyectos de la Universidad de Ciencias Aplicadas de Biberach (HBC-Alemania), [&hellip;]<\/div><\/li><li><a class='rsswidget' href='https:\/\/www.facet.unt.edu.ar\/facetinforma\/2024\/09\/19\/acto-inaugural-del-encuentro-internacional-dialogos-sobre-el-agua\/'>Acto Inaugural del Encuentro Internacional: Di\u00e1logos sobre el agua<\/a><div class=\"rssSummary\">En la ma\u00f1ana de hoy en el Anfiteatro de Luminotecnia de la Facultad de Ciencias Exactas y Tecnolog\u00eda de la UNT, se llev\u00f3 a cabo el acto inaugural del Encuentro Internacional\u00a0 Di\u00e1logos sobre el agua: buena gobernanza, alianzas y cooperaci\u00f3n.\u00a0 Presenciaron la mesa de honor\u00a0 el Rector de la UNT, Ing. Sergio Pagani, la Vicerrectora, [&hellip;]<\/div><\/li><li><a class='rsswidget' href='https:\/\/www.facet.unt.edu.ar\/facetinforma\/2024\/09\/04\/curso-de-posgrado-herramientas-avanzadas-para-aulas-virtuales-2\/'>Curso de posgrado \u201cHerramientas Avanzadas para Aulas Virtuales\u201d<\/a><div class=\"rssSummary\">El Centro de Educaci\u00f3n a Distancia e Investigaci\u00f3n en Tecnolog\u00edas Educativas (CEDITE) de la Facultad de Ciencias Exactas y Tecnolog\u00eda, invita a participar en el curso de posgrado &quot;Herramientas Avanzadas para Aulas Virtuales&quot;.\u00a0 Durante 5 semanas, aprender\u00e1s a dominar las herramientas m\u00e1s eficaces de Moodle, desde la creaci\u00f3n de grupos y r\u00fabricas hasta la coevaluaci\u00f3n [&hellip;]<\/div><\/li><li><a class='rsswidget' href='https:\/\/www.facet.unt.edu.ar\/facetinforma\/2024\/09\/03\/curso-de-posgrado-taller-de-diseno-de-propuestas-de-ensenanza-innovadoras-para-el-ciclo-basico-en-facet\/'>Curso de Posgrado \u201cTaller de dise\u00f1o de propuestas de ense\u00f1anza innovadoras para el ciclo b\u00e1sico en FACET\u201d<\/a><div class=\"rssSummary\">El \u00c1rea de Formaci\u00f3n Docente de la FACET,informa: Invitamos a docentes que dictan asignaturas del ciclo b\u00e1sico de la FACET a participar del Curso de Posgrado \u201cTaller de dise\u00f1o de propuestas de ense\u00f1anza innovadoras para el ciclo b\u00e1sico en FACET\u201d, dictado por la Dra. D\u00e9borah Saientz. Temas que se abordar\u00e1n:\u00a0 La ense\u00f1anza y la innovaci\u00f3n [&hellip;]<\/div><\/li><li><a class='rsswidget' href='https:\/\/www.facet.unt.edu.ar\/facetinforma\/2024\/08\/26\/en-la-facet-se-dictara-la-maestria-en-electronica\/'>En la FACET se dictar\u00e1 la Maestr\u00eda en Electr\u00f3nica<\/a><div class=\"rssSummary\">La Secretar\u00eda de Educaci\u00f3n del Ministerio del Capital Humano, decidi\u00f3 otorgar reconocimiento oficial provisorio y la consecuente validez nacional seg\u00fan el Dictamen considerado por la Comisi\u00f3n Nacional de Evaluaci\u00f3n Y Acreditaci\u00f3n Universitaria al t\u00edtulo de posgrado de Mag\u00edster en Electr\u00f3nica, que expide la Universidad Nacional de Tucum\u00e1n, Facultad de Ciencias Exactas y Tecnolog\u00eda, perteneciente a [&hellip;]<\/div><\/li><\/ul><\/div><\/div><\/div><\/div>","protected":false},"excerpt":{"rendered":"<p>Acreditada por la CONEAU en el a\u00f1o 2013 seg\u00fan Res. N\u00ba 750\/13 y en el a\u00f1o 2022 seg\u00fan Res. N\u00b0 279\/22, con Categor\u00eda A y su t\u00edtulo tiene reconocimiento oficial y validez nacional (R.M N\u00b0 3106\/2015). Director: Carlos Javier Minahk, Co- Directora: Mar\u00eda Pia Taranto (Res. HCS 0447\/19). Comit\u00e9 Acad\u00e9mico: Dra. Luc\u00eda Elena Claps; Dra. [&hellip;]<\/p>\n","protected":false},"author":1,"featured_media":0,"parent":0,"menu_order":0,"comment_status":"closed","ping_status":"closed","template":"","meta":[],"_links":{"self":[{"href":"https:\/\/www.facet.unt.edu.ar\/posgrado\/wp-json\/wp\/v2\/pages\/146"}],"collection":[{"href":"https:\/\/www.facet.unt.edu.ar\/posgrado\/wp-json\/wp\/v2\/pages"}],"about":[{"href":"https:\/\/www.facet.unt.edu.ar\/posgrado\/wp-json\/wp\/v2\/types\/page"}],"author":[{"embeddable":true,"href":"https:\/\/www.facet.unt.edu.ar\/posgrado\/wp-json\/wp\/v2\/users\/1"}],"replies":[{"embeddable":true,"href":"https:\/\/www.facet.unt.edu.ar\/posgrado\/wp-json\/wp\/v2\/comments?post=146"}],"version-history":[{"count":24,"href":"https:\/\/www.facet.unt.edu.ar\/posgrado\/wp-json\/wp\/v2\/pages\/146\/revisions"}],"predecessor-version":[{"id":1374,"href":"https:\/\/www.facet.unt.edu.ar\/posgrado\/wp-json\/wp\/v2\/pages\/146\/revisions\/1374"}],"wp:attachment":[{"href":"https:\/\/www.facet.unt.edu.ar\/posgrado\/wp-json\/wp\/v2\/media?parent=146"}],"curies":[{"name":"wp","href":"https:\/\/api.w.org\/{rel}","templated":true}]}}