{"id":152,"date":"2017-11-09T19:43:44","date_gmt":"2017-11-09T22:43:44","guid":{"rendered":"https:\/\/www.facet.unt.edu.ar\/posgrado\/?page_id=152"},"modified":"2025-09-09T17:55:49","modified_gmt":"2025-09-09T20:55:49","slug":"doctorado-en-ciencia-y-tecnologia-de-alimentos","status":"publish","type":"page","link":"https:\/\/www.facet.unt.edu.ar\/posgrado\/doctorado-en-ciencia-y-tecnologia-de-alimentos\/","title":{"rendered":"Doctorado en Ciencia y Tecnolog\u00eda de Alimentos"},"content":{"rendered":"<div id=\"pl-152\"  class=\"panel-layout\" ><div id=\"pg-152-0\"  class=\"panel-grid panel-no-style\" ><div id=\"pgc-152-0-0\"  class=\"panel-grid-cell\" ><div id=\"panel-152-0-0-0\" class=\"so-panel widget widget_sow-editor panel-first-child\" data-index=\"0\" ><div\n\t\t\t\n\t\t\tclass=\"so-widget-sow-editor so-widget-sow-editor-base\"\n\t\t\t\n\t\t>\n<div class=\"siteorigin-widget-tinymce textwidget\">\n\t<p><img decoding=\"async\" loading=\"lazy\" class=\"alignleft wp-image-481\" src=\"https:\/\/www.facet.unt.edu.ar\/posgrado\/wp-content\/uploads\/sites\/54\/2019\/11\/doctorado-alimentos1-300x300.png\" alt=\"\" width=\"221\" height=\"221\" srcset=\"https:\/\/www.facet.unt.edu.ar\/posgrado\/wp-content\/uploads\/sites\/54\/2019\/11\/doctorado-alimentos1-300x300.png 300w, https:\/\/www.facet.unt.edu.ar\/posgrado\/wp-content\/uploads\/sites\/54\/2019\/11\/doctorado-alimentos1-150x150.png 150w, https:\/\/www.facet.unt.edu.ar\/posgrado\/wp-content\/uploads\/sites\/54\/2019\/11\/doctorado-alimentos1-768x768.png 768w, https:\/\/www.facet.unt.edu.ar\/posgrado\/wp-content\/uploads\/sites\/54\/2019\/11\/doctorado-alimentos1-1024x1024.png 1024w, https:\/\/www.facet.unt.edu.ar\/posgrado\/wp-content\/uploads\/sites\/54\/2019\/11\/doctorado-alimentos1.png 1867w\" sizes=\"(max-width: 221px) 100vw, 221px\" \/>T\u00edtulo: <strong>Doctor\/a en Alimentos, Orientaci\u00f3n en Ciencia o Doctor\/a en Alimentos, orientaci\u00f3n en Ingenier\u00eda<\/strong>.<\/p>\n<p style=\"text-align: justify;\">Carrera categor\u00eda A, acreditada por CONEAU seg\u00fan Resoluci\u00f3n N\u00ba 276\/2022 Y seg\u00fan Resoluci\u00f3n Ministerial N\u00ba 427\/2023.<\/p>\n<p><strong>DIRECTORA<\/strong>: Dra. Silvia del C. Rodr\u00edguez. (UNSE)<\/p>\n<p><strong>CODIRECTORA<\/strong>: Dra Mar\u00eda Alejandra Bertuzzi. (UNSa)<\/p>\n<p><strong>Representante del CAR Facultad de Bioqu\u00edmica, Qu\u00edmica y Farmacia-UNT<\/strong>: Dra. Analia Rossi<\/p>\n<p>Contacto: <a href=\"mailto:analia.rossi@fbqf.unt.edu.ar\">analia.rossi@fbqf.unt.edu.ar<\/a><\/p>\n<p><strong>Representante del CAR- Unidades Ejecutoras de institutos de CONICET:<\/strong> Dra. Marisa Selva Garro<br \/>\nContacto: <a href=\"mailto:mgarro@cerela.org.ar\">mgarro@cerela.org.ar<\/a><\/p>\n<p><strong>Representante del CAR en FACET-UNT<\/strong>: Dra Mar\u00eda Laura Tereschuk<\/p>\n<p>Contacto: <a href=\"mailto:mtereschuk@herrera.unt.edu.ar\">mtereschuk@herrera.unt.edu.ar<\/a><\/p>\n<h5 align=\"center\"><b>Comit\u00e9 Acad\u00e9mico Regional<\/b><\/h5>\n<p align=\"center\">Directora: Dra. Silvia Rodr\u00edguez (UNSE)<\/p>\n<p align=\"center\">Dra. Mar\u00eda Alejandra Bertuzzi (UNSA)<\/p>\n<p align=\"center\">Dra. Mar\u00eda Laura Tereschuk (FACET.UNT)<\/p>\n<p align=\"center\">Dra. Anal\u00eda Rossi (FBQF.UNT)<\/p>\n<p align=\"center\">Dra. Marisa Selva Garro (CERELA.CONICET)<\/p>\n<p align=\"center\">Dra. Mara Romero (UNCAUS)<\/p>\n<p align=\"center\">Dra. Carmen Viturro (UNJU)<\/p>\n<p align=\"center\">Dra. Norma Samm\u00e1n (UNJU)<\/p>\n<p align=\"center\">Dra. Carina Audisio (UNSA)<\/p>\n<p align=\"center\">Dr. Oscar Garro (UNCAUS)<\/p>\n<p align=\"center\">Dra. Sandra Mart\u00ednez (UNSE)<\/p>\n<p style=\"text-align: left;\" align=\"center\"><strong>Tesis-FACET<\/strong><br \/>\n2024 - Lic. Noelia Natalia Fern\u00e1ndez \u201cDise\u00f1o de una bebida funcional con fitoqu\u00edmicos bioactivos y microalgas del NOA\u201d<br \/>\nDoctora en alimentos, Orientaci\u00f3n Ciencias<\/p>\n<\/div>\n<\/div><\/div><div id=\"panel-152-0-0-1\" class=\"so-panel widget widget_sow-accordion\" data-index=\"1\" ><div\n\t\t\t\n\t\t\tclass=\"so-widget-sow-accordion so-widget-sow-accordion-default-6d82fcc5013d-152\"\n\t\t\t\n\t\t><div>\n\t<div class=\"sow-accordion\">\n\t\t\t<div class=\"sow-accordion-panel\"\n\t\t\t data-anchor=\"descripci%c3%b3n\">\n\t\t\t\t<div class=\"sow-accordion-panel-header-container\" role=\"heading\" aria-level=\"2\">\n\t\t\t\t\t<div class=\"sow-accordion-panel-header\" tabindex=\"0\" role=\"button\" id=\"accordion-label-descripci%c3%b3n\" aria-controls=\"accordion-content-descripci%c3%b3n\" aria-expanded=\"false\">\n\t\t\t\t\t\t<div class=\"sow-accordion-title sow-accordion-title-icon-left\">\n\t\t\t\t\t\t\t\t\t\t\t\t\t\tDescripci\u00f3n\t\t\t\t\t\t\t\t\t\t\t\t\t<\/div>\n\t\t\t\t\t\t<div class=\"sow-accordion-open-close-button\">\n\t\t\t\t\t\t\t<div class=\"sow-accordion-open-button\">\n\t\t\t\t\t\t\t\t<span class=\"sow-icon-ionicons\" data-sow-icon=\"&#xf218;\"\n\t\t \n\t\taria-hidden=\"true\"><\/span>\t\t\t\t\t\t\t<\/div>\n\t\t\t\t\t\t\t<div class=\"sow-accordion-close-button\">\n\t\t\t\t\t\t\t\t<span class=\"sow-icon-ionicons\" data-sow-icon=\"&#xf209;\"\n\t\t \n\t\taria-hidden=\"true\"><\/span>\t\t\t\t\t\t\t<\/div>\n\t\t\t\t\t\t<\/div>\n\t\t\t\t\t<\/div>\n\t\t\t\t<\/div>\n\n\t\t\t<div\n\t\t\t\tclass=\"sow-accordion-panel-content\"\n\t\t\t\trole=\"region\"\n\t\t\t\taria-labelledby=\"accordion-label-descripci%c3%b3n\"\n\t\t\t\tid=\"accordion-content-descripci%c3%b3n\"\n\t\t\t\tstyle=\"display: none;\"\t\t\t>\n\t\t\t\t<div class=\"sow-accordion-panel-border\" tabindex=\"0\">\n\t\t\t\t\t<p>La estructura de la carrera corresponde a la modalidad de Doctorado Personalizado. El Plan de Estudios para cada doctorando, determinado por la Comisi\u00f3n de Supervisi\u00f3n, ser\u00e1 presentado por su Director de Tesis para su aprobaci\u00f3n por el Comit\u00e9 Acad\u00e9mico Regional de la carrera, en adelante CAR. Estar\u00e1 constituido por cursos, talleres y seminarios seleccionados en funci\u00f3n de.la tem\u00e1tica propuesta por el doctorando para su trabajo\u00a0\u00a0 de tesis, con una dedicaci\u00f3n horaria de 500 horas totales de actividades acad\u00e9mica (cursos, seminarios, talleres, pasant\u00edas), acorde con lo especificado en el Reglamento de Funcionamiento\u00a0\u00a0 de la Carrera. Anualmente el Comit\u00e9 Acad\u00e9mico Regional\u00a0\u00a0 presentar\u00e1 una oferta de cursos tentativos a dictarse en las universidades de la Red. Ser\u00e1n v\u00e1lidos los cursos aprobados por el doctorando, documentado fehacientemente, en otros centros de \u00a1estudio e investigaci\u00f3n del pa\u00eds o del exterior, con la conformidad del CAR.<\/p>\n\t\t\t\t<\/div>\n\t\t\t<\/div>\n\t\t<\/div>\n\t\t\t<div class=\"sow-accordion-panel\"\n\t\t\t data-anchor=\"objetivos\">\n\t\t\t\t<div class=\"sow-accordion-panel-header-container\" role=\"heading\" aria-level=\"2\">\n\t\t\t\t\t<div class=\"sow-accordion-panel-header\" tabindex=\"0\" role=\"button\" id=\"accordion-label-objetivos\" aria-controls=\"accordion-content-objetivos\" aria-expanded=\"false\">\n\t\t\t\t\t\t<div class=\"sow-accordion-title sow-accordion-title-icon-left\">\n\t\t\t\t\t\t\t\t\t\t\t\t\t\tObjetivos\t\t\t\t\t\t\t\t\t\t\t\t\t<\/div>\n\t\t\t\t\t\t<div class=\"sow-accordion-open-close-button\">\n\t\t\t\t\t\t\t<div class=\"sow-accordion-open-button\">\n\t\t\t\t\t\t\t\t<span class=\"sow-icon-ionicons\" data-sow-icon=\"&#xf218;\"\n\t\t \n\t\taria-hidden=\"true\"><\/span>\t\t\t\t\t\t\t<\/div>\n\t\t\t\t\t\t\t<div class=\"sow-accordion-close-button\">\n\t\t\t\t\t\t\t\t<span class=\"sow-icon-ionicons\" data-sow-icon=\"&#xf209;\"\n\t\t \n\t\taria-hidden=\"true\"><\/span>\t\t\t\t\t\t\t<\/div>\n\t\t\t\t\t\t<\/div>\n\t\t\t\t\t<\/div>\n\t\t\t\t<\/div>\n\n\t\t\t<div\n\t\t\t\tclass=\"sow-accordion-panel-content\"\n\t\t\t\trole=\"region\"\n\t\t\t\taria-labelledby=\"accordion-label-objetivos\"\n\t\t\t\tid=\"accordion-content-objetivos\"\n\t\t\t\tstyle=\"display: none;\"\t\t\t>\n\t\t\t\t<div class=\"sow-accordion-panel-border\" tabindex=\"0\">\n\t\t\t\t\t<p align=\"justify\">A partir de los principios convocantes, se definen los principales objetivos de la carrera:<\/p>\n<ul>\n<li>Formar recursos humanos del m\u00e1s alto nivel capaces de desarrollar actividades creativas y docentes en \u00e1reas especializadas de las ciencias y las tecnolog\u00edas de los alimentos.<\/li>\n<li>Impulsar la investigaci\u00f3n, transferir tecnolog\u00eda y asesorar a organismos p\u00fablicos y privados en un \u00e1rea prioritaria de importante impacto sobre el desarrollo industrial de la regi\u00f3n y sobre la calidad de vida y mejoramiento de la situaci\u00f3n nutricional de su poblaci\u00f3n.<\/li>\n<\/ul>\n\t\t\t\t<\/div>\n\t\t\t<\/div>\n\t\t<\/div>\n\t\t\t<div class=\"sow-accordion-panel\"\n\t\t\t data-anchor=\"programa-de-cursos-y-actividades-acad%c3%a9micas-de-la-carrera\">\n\t\t\t\t<div class=\"sow-accordion-panel-header-container\" role=\"heading\" aria-level=\"2\">\n\t\t\t\t\t<div class=\"sow-accordion-panel-header\" tabindex=\"0\" role=\"button\" id=\"accordion-label-programa-de-cursos-y-actividades-acad%c3%a9micas-de-la-carrera\" aria-controls=\"accordion-content-programa-de-cursos-y-actividades-acad%c3%a9micas-de-la-carrera\" aria-expanded=\"false\">\n\t\t\t\t\t\t<div class=\"sow-accordion-title sow-accordion-title-icon-left\">\n\t\t\t\t\t\t\t\t\t\t\t\t\t\tPrograma de Cursos y Actividades Acad\u00e9micas de la Carrera\t\t\t\t\t\t\t\t\t\t\t\t\t<\/div>\n\t\t\t\t\t\t<div class=\"sow-accordion-open-close-button\">\n\t\t\t\t\t\t\t<div class=\"sow-accordion-open-button\">\n\t\t\t\t\t\t\t\t<span class=\"sow-icon-ionicons\" data-sow-icon=\"&#xf218;\"\n\t\t \n\t\taria-hidden=\"true\"><\/span>\t\t\t\t\t\t\t<\/div>\n\t\t\t\t\t\t\t<div class=\"sow-accordion-close-button\">\n\t\t\t\t\t\t\t\t<span class=\"sow-icon-ionicons\" data-sow-icon=\"&#xf209;\"\n\t\t \n\t\taria-hidden=\"true\"><\/span>\t\t\t\t\t\t\t<\/div>\n\t\t\t\t\t\t<\/div>\n\t\t\t\t\t<\/div>\n\t\t\t\t<\/div>\n\n\t\t\t<div\n\t\t\t\tclass=\"sow-accordion-panel-content\"\n\t\t\t\trole=\"region\"\n\t\t\t\taria-labelledby=\"accordion-label-programa-de-cursos-y-actividades-acad%c3%a9micas-de-la-carrera\"\n\t\t\t\tid=\"accordion-content-programa-de-cursos-y-actividades-acad%c3%a9micas-de-la-carrera\"\n\t\t\t\tstyle=\"display: none;\"\t\t\t>\n\t\t\t\t<div class=\"sow-accordion-panel-border\" tabindex=\"0\">\n\t\t\t\t\t<p align=\"justify\">La estructura de la carrera corresponde a la modalidad Doctorado Personalizado. El Plan de Estudios para cada doctorando es presentado por su Director de Tesis para su aprobaci\u00f3n por el\u00a0<strong>Comit\u00e9 Acad\u00e9mico Regional (CAR)<\/strong>\u00a0de la carrera. Est\u00e1 constituido por cursos, talleres y seminarios seleccionados en funci\u00f3n de la tem\u00e1tica propuesta por el doctorando para su trabajo de tesis, con 500 horas de actividades acad\u00e9micas (cursos, seminarios, talleres y\/o pasant\u00edas), de acuerdo con el Reglamento de Funcionamiento de la Carrera. Anualmente el CAR presenta la oferta de cursos a dictarse en las universidades de la Red. Son v\u00e1lidos tambi\u00e9n, otros cursos aprobados por el doctorando en otros centros de estudio e investigaci\u00f3n del pa\u00eds o del exterior, pertinentes al Plan de Trabajo y fehacientemente documentados, que cuenten con la conformidad de la Comisi\u00f3n de Supervisi\u00f3n del tesista y del CAR.<\/p>\n<p align=\"justify\">La mayor\u00eda de los cursos que se ofrecen est\u00e1n a cargo del cuerpo docente del postgrado regional, normalmente el CAR propone cursos pertinentes a los objetivos del Doctorado en funci\u00f3n de nuevas ofertas surgidas por convenios, invitaciones o propuestas de docentes de la regi\u00f3n o externos a ella.<\/p>\n<p><strong>Carga Horaria de la Carrera<\/strong>: 500 horas de actividades acad\u00e9micas (cursos, seminarios, talleres, pasant\u00edas) con un m\u00ednimo de 300 horas totales en cursos.<\/p>\n<p align=\"justify\"><strong>Cuerpo Acad\u00e9mico<\/strong>: est\u00e1 constituido por los miembros del Comit\u00e9 Acad\u00e9mico Regional (CAR), los Directores de Tesis, los miembros de las comisiones de supervisi\u00f3n de los doctorandos y los docentes a cargo de cursos, todos ellos pertenecientes a Universidades y\/o Institutos de Investigaci\u00f3n son expertos de reconocido prestigio en el medio. Las funciones del CAR, de los Directores y de la Comisi\u00f3n de Supervisi\u00f3n est\u00e1n especificadas en el Reglamento de la Carrera. El personal docente actual encargado del dictado de los cursos corresponde aproximadamente en un 20% a docentes e investigadores externos de la regi\u00f3n y Profesores Visitantes bajo convenio.<\/p>\n<p align=\"justify\"><strong>Actividades de Investigaci\u00f3n<\/strong>: Los distintos Institutos y Laboratorios intervinientes en el postgrado, tienen proyectos de investigaci\u00f3n y desarrollo, en los cuales trabaja todo el cuerpo acad\u00e9mico de la carrera. Estos proyectos se enriquecen con la participaci\u00f3n de los doctorandos que luego pueden incorporarse a los mismos como investigadores formados.<\/p>\n\t\t\t\t<\/div>\n\t\t\t<\/div>\n\t\t<\/div>\n\t\t\t<div class=\"sow-accordion-panel\"\n\t\t\t data-anchor=\"resoluciones\">\n\t\t\t\t<div class=\"sow-accordion-panel-header-container\" role=\"heading\" aria-level=\"2\">\n\t\t\t\t\t<div class=\"sow-accordion-panel-header\" tabindex=\"0\" role=\"button\" id=\"accordion-label-resoluciones\" aria-controls=\"accordion-content-resoluciones\" aria-expanded=\"false\">\n\t\t\t\t\t\t<div class=\"sow-accordion-title sow-accordion-title-icon-left\">\n\t\t\t\t\t\t\t\t\t\t\t\t\t\tResoluciones\t\t\t\t\t\t\t\t\t\t\t\t\t<\/div>\n\t\t\t\t\t\t<div class=\"sow-accordion-open-close-button\">\n\t\t\t\t\t\t\t<div class=\"sow-accordion-open-button\">\n\t\t\t\t\t\t\t\t<span class=\"sow-icon-ionicons\" data-sow-icon=\"&#xf218;\"\n\t\t \n\t\taria-hidden=\"true\"><\/span>\t\t\t\t\t\t\t<\/div>\n\t\t\t\t\t\t\t<div class=\"sow-accordion-close-button\">\n\t\t\t\t\t\t\t\t<span class=\"sow-icon-ionicons\" data-sow-icon=\"&#xf209;\"\n\t\t \n\t\taria-hidden=\"true\"><\/span>\t\t\t\t\t\t\t<\/div>\n\t\t\t\t\t\t<\/div>\n\t\t\t\t\t<\/div>\n\t\t\t\t<\/div>\n\n\t\t\t<div\n\t\t\t\tclass=\"sow-accordion-panel-content\"\n\t\t\t\trole=\"region\"\n\t\t\t\taria-labelledby=\"accordion-label-resoluciones\"\n\t\t\t\tid=\"accordion-content-resoluciones\"\n\t\t\t\tstyle=\"display: none;\"\t\t\t>\n\t\t\t\t<div class=\"sow-accordion-panel-border\" tabindex=\"0\">\n\t\t\t\t\t<ul>\n<li><a href=\"https:\/\/www.facet.unt.edu.ar\/posgrado\/wp-content\/uploads\/sites\/54\/2019\/04\/Creaci%C3%B3n-Doctorado-en-ciencia-y-tecnologia-de-alimentos-Resolucion-1631-997-1.pdf\">HCS 1631\/997<\/a><\/li>\n<li><a href=\"https:\/\/www.facet.unt.edu.ar\/posgrado\/wp-content\/uploads\/sites\/54\/2019\/04\/RES-120-18.pdf\">Ministerio de Educaci\u00f3n 120\/18<\/a><\/li>\n<li><a href=\"https:\/\/www.facet.unt.edu.ar\/posgrado\/wp-content\/uploads\/sites\/54\/2023\/11\/Res.276-22-CONEAU-Doctorado-en-Alimentos.pdf\">Res.276-22 CONEAU Doctorado en Ciencia y Tecnolog\u00eda de los Alimentos<\/a><\/li>\n<\/ul>\n\t\t\t\t<\/div>\n\t\t\t<\/div>\n\t\t<\/div>\n\t\t\t<div class=\"sow-accordion-panel\"\n\t\t\t data-anchor=\"instituciones-que-intervienen\">\n\t\t\t\t<div class=\"sow-accordion-panel-header-container\" role=\"heading\" aria-level=\"2\">\n\t\t\t\t\t<div class=\"sow-accordion-panel-header\" tabindex=\"0\" role=\"button\" id=\"accordion-label-instituciones-que-intervienen\" aria-controls=\"accordion-content-instituciones-que-intervienen\" aria-expanded=\"false\">\n\t\t\t\t\t\t<div class=\"sow-accordion-title sow-accordion-title-icon-left\">\n\t\t\t\t\t\t\t\t\t\t\t\t\t\tInstituciones que intervienen\t\t\t\t\t\t\t\t\t\t\t\t\t<\/div>\n\t\t\t\t\t\t<div class=\"sow-accordion-open-close-button\">\n\t\t\t\t\t\t\t<div class=\"sow-accordion-open-button\">\n\t\t\t\t\t\t\t\t<span class=\"sow-icon-ionicons\" data-sow-icon=\"&#xf218;\"\n\t\t \n\t\taria-hidden=\"true\"><\/span>\t\t\t\t\t\t\t<\/div>\n\t\t\t\t\t\t\t<div class=\"sow-accordion-close-button\">\n\t\t\t\t\t\t\t\t<span class=\"sow-icon-ionicons\" data-sow-icon=\"&#xf209;\"\n\t\t \n\t\taria-hidden=\"true\"><\/span>\t\t\t\t\t\t\t<\/div>\n\t\t\t\t\t\t<\/div>\n\t\t\t\t\t<\/div>\n\t\t\t\t<\/div>\n\n\t\t\t<div\n\t\t\t\tclass=\"sow-accordion-panel-content\"\n\t\t\t\trole=\"region\"\n\t\t\t\taria-labelledby=\"accordion-label-instituciones-que-intervienen\"\n\t\t\t\tid=\"accordion-content-instituciones-que-intervienen\"\n\t\t\t\tstyle=\"display: none;\"\t\t\t>\n\t\t\t\t<div class=\"sow-accordion-panel-border\" tabindex=\"0\">\n\t\t\t\t\t<p><strong>FACULTADES<\/strong><\/p>\n<p>Facultad de Agronom\u00eda y Agroindustrias. Universidad Nacional de Santiago del Estero<\/p>\n<p>Facultad de Bioqu\u00edmica, Qu\u00edmica y Farmacia. Universidad Nacional de Tucum\u00e1n<\/p>\n<p>Facultad de Ciencias Exactas y Tecnolog\u00edas. Universidad Nacional de Tucum\u00e1n<\/p>\n<p>Facultad de Ingenier\u00eda. Universidad Nacional de Jujuy<\/p>\n<p>Secretar\u00eda Acad\u00e9mica. Universidad Nacional del Chaco Austral<\/p>\n<p>Facultad de Ingenier\u00eda. Universidad Nacional de Salta<\/p>\n<p><strong>CENTROS E INSTITUTOS DE CONICET<\/strong><\/p>\n<p>Centro de Referencia para Lactobacilos (CERELA, Tucum\u00e1n)<\/p>\n<p>Instituto Superior de Investigaciones Biol\u00f3gicas (INSIBIO-Tucum\u00e1n)<\/p>\n<p>Planta Piloto de Procesos Industriales Microbiol\u00f3gicos (PROIMI-Tucum\u00e1n)<\/p>\n<p>Instituto de Investigaciones para la Industria Qu\u00edmica (INIQUI-Salta).<\/p>\n\t\t\t\t<\/div>\n\t\t\t<\/div>\n\t\t<\/div>\n\t\t\t<div class=\"sow-accordion-panel\"\n\t\t\t data-anchor=\"graduados\">\n\t\t\t\t<div class=\"sow-accordion-panel-header-container\" role=\"heading\" aria-level=\"2\">\n\t\t\t\t\t<div class=\"sow-accordion-panel-header\" tabindex=\"0\" role=\"button\" id=\"accordion-label-graduados\" aria-controls=\"accordion-content-graduados\" aria-expanded=\"false\">\n\t\t\t\t\t\t<div class=\"sow-accordion-title sow-accordion-title-icon-left\">\n\t\t\t\t\t\t\t\t\t\t\t\t\t\tGraduados\t\t\t\t\t\t\t\t\t\t\t\t\t<\/div>\n\t\t\t\t\t\t<div class=\"sow-accordion-open-close-button\">\n\t\t\t\t\t\t\t<div class=\"sow-accordion-open-button\">\n\t\t\t\t\t\t\t\t<span class=\"sow-icon-ionicons\" data-sow-icon=\"&#xf218;\"\n\t\t \n\t\taria-hidden=\"true\"><\/span>\t\t\t\t\t\t\t<\/div>\n\t\t\t\t\t\t\t<div class=\"sow-accordion-close-button\">\n\t\t\t\t\t\t\t\t<span class=\"sow-icon-ionicons\" data-sow-icon=\"&#xf209;\"\n\t\t \n\t\taria-hidden=\"true\"><\/span>\t\t\t\t\t\t\t<\/div>\n\t\t\t\t\t\t<\/div>\n\t\t\t\t\t<\/div>\n\t\t\t\t<\/div>\n\n\t\t\t<div\n\t\t\t\tclass=\"sow-accordion-panel-content\"\n\t\t\t\trole=\"region\"\n\t\t\t\taria-labelledby=\"accordion-label-graduados\"\n\t\t\t\tid=\"accordion-content-graduados\"\n\t\t\t\tstyle=\"display: none;\"\t\t\t>\n\t\t\t\t<div class=\"sow-accordion-panel-border\" tabindex=\"0\">\n\t\t\t\t\t<table width=\"992\">\n<tbody>\n<tr>\n<td width=\"107\"><strong>FECHA DE EGRESO<\/strong><\/td>\n<td width=\"196\"><strong>APELLIDO Y NOMBRE <\/strong><\/td>\n<td width=\"427\"><strong>TITULO TESIS<\/strong><\/td>\n<td width=\"263\"><strong>T\u00edtulo<\/strong><\/td>\n<\/tr>\n<tr>\n<td width=\"107\">2007<\/td>\n<td width=\"196\">Barrionuevo Maria Julia<\/td>\n<td width=\"427\">Obtenci\u00f3n, purificaci\u00f3n, identificaci\u00f3n y aplicaci\u00f3n de poli\u00e9steres de sacarosa<\/td>\n<td width=\"263\">Doctora en Ciencia y Tecnolog\u00eda de los Alimentos<\/td>\n<\/tr>\n<tr>\n<td width=\"107\">2013<\/td>\n<td width=\"196\">Zossi Silvia<\/td>\n<td width=\"427\">Desarrollo de un modelo para la clarificaci\u00f3n de jugos de ca\u00f1a<\/td>\n<td width=\"263\">Doctora en Alimentos Orientaci\u00f3n Ingenier\u00eda<\/td>\n<\/tr>\n<tr>\n<td width=\"107\">2017<\/td>\n<td width=\"196\">Alvarez Alejandro<\/td>\n<td width=\"427\">Par\u00e1metros fisicoqu\u00edmicos del jugo de lim\u00f3n de Tucum\u00e1n para caracterizar su genuinidad<\/td>\n<td width=\"263\">Doctor en Alimentos Orientaci\u00f3n Ingenier\u00eda<\/td>\n<\/tr>\n<tr>\n<td width=\"107\">2018<\/td>\n<td width=\"196\">Saracho Bottero Amalia Carolina<\/td>\n<td width=\"427\">Determinaci\u00f3n e identificaci\u00f3n de aflatoxinas en man\u00ed producido en el noroeste argentino<\/td>\n<td width=\"263\">Doctora en Alimentos Orientaci\u00f3n Ingenier\u00eda<\/td>\n<\/tr>\n<\/tbody>\n<\/table>\n\t\t\t\t<\/div>\n\t\t\t<\/div>\n\t\t<\/div>\n\t\t<\/div>\n<\/div>\n<\/div><\/div><div id=\"panel-152-0-0-2\" class=\"so-panel widget widget_black-studio-tinymce widget_black_studio_tinymce panel-last-child\" data-index=\"2\" ><h3 class=\"widget-title\">Tesis<\/h3><div class=\"textwidget\"><p><iframe style=\"border: none;\" src=\"https:\/\/docs.google.com\/viewer?url=https:\/\/www.facet.unt.edu.ar\/posgrado\/wp-content\/uploads\/sites\/54\/2020\/03\/Tesis-Alimentos-2019.pdf&amp;embedded=true\" width=\"650\" height=\"400\"><\/iframe><\/p>\n<\/div><\/div><\/div><div id=\"pgc-152-0-1\"  class=\"panel-grid-cell\" ><div id=\"panel-152-0-1-0\" class=\"so-panel widget widget_rss panel-first-child panel-last-child\" data-index=\"3\" ><h3 class=\"widget-title\"><a class=\"rsswidget rss-widget-feed\" href=\"https:\/\/www.facet.unt.edu.ar\/facetinforma\/category\/cursosdeposgrado\/feed\"><img class=\"rss-widget-icon\" style=\"border:0\" width=\"14\" height=\"14\" src=\"https:\/\/www.facet.unt.edu.ar\/posgrado\/wp-includes\/images\/rss.png\" alt=\"RSS\" loading=\"lazy\" \/><\/a> <a class=\"rsswidget rss-widget-title\" href=\"https:\/\/www.facet.unt.edu.ar\/facetinforma\">Cursos de Posgrado<\/a><\/h3><ul><li><a class='rsswidget' href='https:\/\/www.facet.unt.edu.ar\/facetinforma\/2024\/10\/04\/curso-de-posgrado-y-actualizacion-gestion-de-riesgo-de-inundaciones\/'>Curso de Posgrado y Actualizaci\u00f3n: Gesti\u00f3n de Riesgo de Inundaciones<\/a><div class=\"rssSummary\">La Facultad de Ciencias\u00a0 Exactas y\u00a0 Tecnolog\u00eda (FACET-UNT) invita a participar del Curso de Posgrado y Actualizaci\u00f3n: Gesti\u00f3n de Riesgo de Inundaciones, a cargo de Prof. Dr. Ing. Gerhard Haimerl, Decano y Coordinador de Asuntos Internacionales de la Facultad de Ingenier\u00eda Civil y Gerenciamiento de Proyectos de la Universidad de Ciencias Aplicadas de Biberach (HBC-Alemania), [&hellip;]<\/div><\/li><li><a class='rsswidget' href='https:\/\/www.facet.unt.edu.ar\/facetinforma\/2024\/09\/19\/acto-inaugural-del-encuentro-internacional-dialogos-sobre-el-agua\/'>Acto Inaugural del Encuentro Internacional: Di\u00e1logos sobre el agua<\/a><div class=\"rssSummary\">En la ma\u00f1ana de hoy en el Anfiteatro de Luminotecnia de la Facultad de Ciencias Exactas y Tecnolog\u00eda de la UNT, se llev\u00f3 a cabo el acto inaugural del Encuentro Internacional\u00a0 Di\u00e1logos sobre el agua: buena gobernanza, alianzas y cooperaci\u00f3n.\u00a0 Presenciaron la mesa de honor\u00a0 el Rector de la UNT, Ing. Sergio Pagani, la Vicerrectora, [&hellip;]<\/div><\/li><li><a class='rsswidget' href='https:\/\/www.facet.unt.edu.ar\/facetinforma\/2024\/09\/04\/curso-de-posgrado-herramientas-avanzadas-para-aulas-virtuales-2\/'>Curso de posgrado \u201cHerramientas Avanzadas para Aulas Virtuales\u201d<\/a><div class=\"rssSummary\">El Centro de Educaci\u00f3n a Distancia e Investigaci\u00f3n en Tecnolog\u00edas Educativas (CEDITE) de la Facultad de Ciencias Exactas y Tecnolog\u00eda, invita a participar en el curso de posgrado &quot;Herramientas Avanzadas para Aulas Virtuales&quot;.\u00a0 Durante 5 semanas, aprender\u00e1s a dominar las herramientas m\u00e1s eficaces de Moodle, desde la creaci\u00f3n de grupos y r\u00fabricas hasta la coevaluaci\u00f3n [&hellip;]<\/div><\/li><li><a class='rsswidget' href='https:\/\/www.facet.unt.edu.ar\/facetinforma\/2024\/09\/03\/curso-de-posgrado-taller-de-diseno-de-propuestas-de-ensenanza-innovadoras-para-el-ciclo-basico-en-facet\/'>Curso de Posgrado \u201cTaller de dise\u00f1o de propuestas de ense\u00f1anza innovadoras para el ciclo b\u00e1sico en FACET\u201d<\/a><div class=\"rssSummary\">El \u00c1rea de Formaci\u00f3n Docente de la FACET,informa: Invitamos a docentes que dictan asignaturas del ciclo b\u00e1sico de la FACET a participar del Curso de Posgrado \u201cTaller de dise\u00f1o de propuestas de ense\u00f1anza innovadoras para el ciclo b\u00e1sico en FACET\u201d, dictado por la Dra. D\u00e9borah Saientz. Temas que se abordar\u00e1n:\u00a0 La ense\u00f1anza y la innovaci\u00f3n [&hellip;]<\/div><\/li><li><a class='rsswidget' href='https:\/\/www.facet.unt.edu.ar\/facetinforma\/2024\/08\/26\/en-la-facet-se-dictara-la-maestria-en-electronica\/'>En la FACET se dictar\u00e1 la Maestr\u00eda en Electr\u00f3nica<\/a><div class=\"rssSummary\">La Secretar\u00eda de Educaci\u00f3n del Ministerio del Capital Humano, decidi\u00f3 otorgar reconocimiento oficial provisorio y la consecuente validez nacional seg\u00fan el Dictamen considerado por la Comisi\u00f3n Nacional de Evaluaci\u00f3n Y Acreditaci\u00f3n Universitaria al t\u00edtulo de posgrado de Mag\u00edster en Electr\u00f3nica, que expide la Universidad Nacional de Tucum\u00e1n, Facultad de Ciencias Exactas y Tecnolog\u00eda, perteneciente a [&hellip;]<\/div><\/li><\/ul><\/div><\/div><\/div><\/div>","protected":false},"excerpt":{"rendered":"<p>T\u00edtulo: Doctor\/a en Alimentos, Orientaci\u00f3n en Ciencia o Doctor\/a en Alimentos, orientaci\u00f3n en Ingenier\u00eda. Carrera categor\u00eda A, acreditada por CONEAU seg\u00fan Resoluci\u00f3n N\u00ba 276\/2022 Y seg\u00fan Resoluci\u00f3n Ministerial N\u00ba 427\/2023. DIRECTORA: Dra. Silvia del C. Rodr\u00edguez. (UNSE) CODIRECTORA: Dra Mar\u00eda Alejandra Bertuzzi. (UNSa) Representante del CAR Facultad de Bioqu\u00edmica, Qu\u00edmica y Farmacia-UNT: Dra. Analia Rossi [&hellip;]<\/p>\n","protected":false},"author":1,"featured_media":0,"parent":0,"menu_order":0,"comment_status":"closed","ping_status":"closed","template":"","meta":[],"_links":{"self":[{"href":"https:\/\/www.facet.unt.edu.ar\/posgrado\/wp-json\/wp\/v2\/pages\/152"}],"collection":[{"href":"https:\/\/www.facet.unt.edu.ar\/posgrado\/wp-json\/wp\/v2\/pages"}],"about":[{"href":"https:\/\/www.facet.unt.edu.ar\/posgrado\/wp-json\/wp\/v2\/types\/page"}],"author":[{"embeddable":true,"href":"https:\/\/www.facet.unt.edu.ar\/posgrado\/wp-json\/wp\/v2\/users\/1"}],"replies":[{"embeddable":true,"href":"https:\/\/www.facet.unt.edu.ar\/posgrado\/wp-json\/wp\/v2\/comments?post=152"}],"version-history":[{"count":70,"href":"https:\/\/www.facet.unt.edu.ar\/posgrado\/wp-json\/wp\/v2\/pages\/152\/revisions"}],"predecessor-version":[{"id":1871,"href":"https:\/\/www.facet.unt.edu.ar\/posgrado\/wp-json\/wp\/v2\/pages\/152\/revisions\/1871"}],"wp:attachment":[{"href":"https:\/\/www.facet.unt.edu.ar\/posgrado\/wp-json\/wp\/v2\/media?parent=152"}],"curies":[{"name":"wp","href":"https:\/\/api.w.org\/{rel}","templated":true}]}}