{"id":1538,"date":"2024-11-14T08:38:31","date_gmt":"2024-11-14T11:38:31","guid":{"rendered":"https:\/\/www.facet.unt.edu.ar\/posgrado\/?page_id=1538"},"modified":"2024-11-21T09:17:27","modified_gmt":"2024-11-21T12:17:27","slug":"maestria-en-electronica","status":"publish","type":"page","link":"https:\/\/www.facet.unt.edu.ar\/posgrado\/maestria-en-electronica\/","title":{"rendered":"Maestr\u00eda en Electr\u00f3nica"},"content":{"rendered":"<div id=\"pl-1538\"  class=\"panel-layout\" ><div id=\"pg-1538-0\"  class=\"panel-grid panel-no-style\" ><div id=\"pgc-1538-0-0\"  class=\"panel-grid-cell panel-grid-cell-mobile-last\" ><div id=\"panel-1538-0-0-0\" class=\"so-panel widget widget_sow-editor panel-first-child\" data-index=\"0\" ><div\n\t\t\t\n\t\t\tclass=\"so-widget-sow-editor so-widget-sow-editor-base\"\n\t\t\t\n\t\t>\n<div class=\"siteorigin-widget-tinymce textwidget\">\n\t<p style=\"text-align: justify;\"><a href=\"https:\/\/www.facet.unt.edu.ar\/posgrado\/wp-content\/uploads\/sites\/54\/2024\/11\/logo-maestria-en-electronica.png\"><img decoding=\"async\" loading=\"lazy\" class=\"wp-image-1577 alignleft\" src=\"https:\/\/www.facet.unt.edu.ar\/posgrado\/wp-content\/uploads\/sites\/54\/2024\/11\/logo-maestria-en-electronica.png\" alt=\"\" width=\"337\" height=\"133\" \/><\/a>La Facultad de Ciencias Exactas y Tecnolog\u00eda (FACET) de la Universidad Nacional de Tucum\u00e1n ofrece un posgrado orientado a formar profesionales de alta competencia en el campo de la Electr\u00f3nica. Esta carrera est\u00e1 destinada a ingenieros electr\u00f3nicos, el\u00e9ctricos, en computaci\u00f3n, inform\u00e1ticos, y disciplinas afines. Con una duraci\u00f3n de <strong>dos a\u00f1os<\/strong>, su modalidad 100% a distancia permite a profesionales de distintas partes del mundo acceder a una formaci\u00f3n de excelencia.<\/p>\n<\/div>\n<\/div><\/div><div id=\"panel-1538-0-0-1\" class=\"so-panel widget widget_sow-accordion panel-last-child\" data-index=\"1\" ><div\n\t\t\t\n\t\t\tclass=\"so-widget-sow-accordion so-widget-sow-accordion-default-9935e830f65f-1538\"\n\t\t\t\n\t\t><div>\n\t<div class=\"sow-accordion\">\n\t\t\t<div class=\"sow-accordion-panel\"\n\t\t\t data-anchor=\"objetivos-generales\">\n\t\t\t\t<div class=\"sow-accordion-panel-header-container\" role=\"heading\" aria-level=\"2\">\n\t\t\t\t\t<div class=\"sow-accordion-panel-header\" tabindex=\"0\" role=\"button\" id=\"accordion-label-objetivos-generales\" aria-controls=\"accordion-content-objetivos-generales\" aria-expanded=\"false\">\n\t\t\t\t\t\t<div class=\"sow-accordion-title sow-accordion-title-icon-left\">\n\t\t\t\t\t\t\t\t\t\t\t\t\t\tObjetivos Generales\t\t\t\t\t\t\t\t\t\t\t\t\t<\/div>\n\t\t\t\t\t\t<div class=\"sow-accordion-open-close-button\">\n\t\t\t\t\t\t\t<div class=\"sow-accordion-open-button\">\n\t\t\t\t\t\t\t\t<span class=\"sow-icon-ionicons\" data-sow-icon=\"&#xf218;\"\n\t\t \n\t\taria-hidden=\"true\"><\/span>\t\t\t\t\t\t\t<\/div>\n\t\t\t\t\t\t\t<div class=\"sow-accordion-close-button\">\n\t\t\t\t\t\t\t\t<span class=\"sow-icon-ionicons\" data-sow-icon=\"&#xf209;\"\n\t\t \n\t\taria-hidden=\"true\"><\/span>\t\t\t\t\t\t\t<\/div>\n\t\t\t\t\t\t<\/div>\n\t\t\t\t\t<\/div>\n\t\t\t\t<\/div>\n\n\t\t\t<div\n\t\t\t\tclass=\"sow-accordion-panel-content\"\n\t\t\t\trole=\"region\"\n\t\t\t\taria-labelledby=\"accordion-label-objetivos-generales\"\n\t\t\t\tid=\"accordion-content-objetivos-generales\"\n\t\t\t\tstyle=\"display: none;\"\t\t\t>\n\t\t\t\t<div class=\"sow-accordion-panel-border\" tabindex=\"0\">\n\t\t\t\t\t<ul>\n<li style=\"text-align: justify;\">Capacitar a profesionales en el desarrollo de <strong>productos tecnol\u00f3gicos avanzados<\/strong> y en la implementaci\u00f3n de <strong>soluciones innovadoras<\/strong> en Electr\u00f3nica.<\/li>\n<li style=\"text-align: justify;\">Fomentar la <strong>investigaci\u00f3n aplicada<\/strong> en el \u00e1mbito acad\u00e9mico y en el sector productivo.<\/li>\n<li style=\"text-align: justify;\">Promover el <strong>liderazgo en proyectos tecnol\u00f3gicos<\/strong> de alto impacto social y econ\u00f3mico.<\/li>\n<\/ul>\n\t\t\t\t<\/div>\n\t\t\t<\/div>\n\t\t<\/div>\n\t\t\t<div class=\"sow-accordion-panel\"\n\t\t\t data-anchor=\"%c3%a1reas-de-especializaci%c3%b3n\">\n\t\t\t\t<div class=\"sow-accordion-panel-header-container\" role=\"heading\" aria-level=\"2\">\n\t\t\t\t\t<div class=\"sow-accordion-panel-header\" tabindex=\"0\" role=\"button\" id=\"accordion-label-%c3%a1reas-de-especializaci%c3%b3n\" aria-controls=\"accordion-content-%c3%a1reas-de-especializaci%c3%b3n\" aria-expanded=\"false\">\n\t\t\t\t\t\t<div class=\"sow-accordion-title sow-accordion-title-icon-left\">\n\t\t\t\t\t\t\t\t\t\t\t\t\t\t\u00c1reas de Especializaci\u00f3n\t\t\t\t\t\t\t\t\t\t\t\t\t<\/div>\n\t\t\t\t\t\t<div class=\"sow-accordion-open-close-button\">\n\t\t\t\t\t\t\t<div class=\"sow-accordion-open-button\">\n\t\t\t\t\t\t\t\t<span class=\"sow-icon-ionicons\" data-sow-icon=\"&#xf218;\"\n\t\t \n\t\taria-hidden=\"true\"><\/span>\t\t\t\t\t\t\t<\/div>\n\t\t\t\t\t\t\t<div class=\"sow-accordion-close-button\">\n\t\t\t\t\t\t\t\t<span class=\"sow-icon-ionicons\" data-sow-icon=\"&#xf209;\"\n\t\t \n\t\taria-hidden=\"true\"><\/span>\t\t\t\t\t\t\t<\/div>\n\t\t\t\t\t\t<\/div>\n\t\t\t\t\t<\/div>\n\t\t\t\t<\/div>\n\n\t\t\t<div\n\t\t\t\tclass=\"sow-accordion-panel-content\"\n\t\t\t\trole=\"region\"\n\t\t\t\taria-labelledby=\"accordion-label-%c3%a1reas-de-especializaci%c3%b3n\"\n\t\t\t\tid=\"accordion-content-%c3%a1reas-de-especializaci%c3%b3n\"\n\t\t\t\tstyle=\"display: none;\"\t\t\t>\n\t\t\t\t<div class=\"sow-accordion-panel-border\" tabindex=\"0\">\n\t\t\t\t\t<ol>\n<li style=\"text-align: justify;\"><strong>Automatizaci\u00f3n y Control<\/strong>: Enfoque en sistemas de automatizaci\u00f3n industrial, control de procesos y aplicaciones en la rob\u00f3tica.<\/li>\n<li style=\"text-align: justify;\"><strong>Sistemas Digitales<\/strong>: Dise\u00f1o y desarrollo de hardware y software para aplicaciones industriales y cient\u00edficas.<\/li>\n<li style=\"text-align: justify;\"><strong>Telecomunicaciones<\/strong>: Estudio de las redes de comunicaci\u00f3n, transmisi\u00f3n de datos y desarrollo de infraestructuras tecnol\u00f3gicas.<\/li>\n<\/ol>\n\t\t\t\t<\/div>\n\t\t\t<\/div>\n\t\t<\/div>\n\t\t\t<div class=\"sow-accordion-panel\"\n\t\t\t data-anchor=\"caracter%c3%adsticas-del-programa\">\n\t\t\t\t<div class=\"sow-accordion-panel-header-container\" role=\"heading\" aria-level=\"2\">\n\t\t\t\t\t<div class=\"sow-accordion-panel-header\" tabindex=\"0\" role=\"button\" id=\"accordion-label-caracter%c3%adsticas-del-programa\" aria-controls=\"accordion-content-caracter%c3%adsticas-del-programa\" aria-expanded=\"false\">\n\t\t\t\t\t\t<div class=\"sow-accordion-title sow-accordion-title-icon-left\">\n\t\t\t\t\t\t\t\t\t\t\t\t\t\tCaracter\u00edsticas del Programa\t\t\t\t\t\t\t\t\t\t\t\t\t<\/div>\n\t\t\t\t\t\t<div class=\"sow-accordion-open-close-button\">\n\t\t\t\t\t\t\t<div class=\"sow-accordion-open-button\">\n\t\t\t\t\t\t\t\t<span class=\"sow-icon-ionicons\" data-sow-icon=\"&#xf218;\"\n\t\t \n\t\taria-hidden=\"true\"><\/span>\t\t\t\t\t\t\t<\/div>\n\t\t\t\t\t\t\t<div class=\"sow-accordion-close-button\">\n\t\t\t\t\t\t\t\t<span class=\"sow-icon-ionicons\" data-sow-icon=\"&#xf209;\"\n\t\t \n\t\taria-hidden=\"true\"><\/span>\t\t\t\t\t\t\t<\/div>\n\t\t\t\t\t\t<\/div>\n\t\t\t\t\t<\/div>\n\t\t\t\t<\/div>\n\n\t\t\t<div\n\t\t\t\tclass=\"sow-accordion-panel-content\"\n\t\t\t\trole=\"region\"\n\t\t\t\taria-labelledby=\"accordion-label-caracter%c3%adsticas-del-programa\"\n\t\t\t\tid=\"accordion-content-caracter%c3%adsticas-del-programa\"\n\t\t\t\tstyle=\"display: none;\"\t\t\t>\n\t\t\t\t<div class=\"sow-accordion-panel-border\" tabindex=\"0\">\n\t\t\t\t\t<ul>\n<li><strong>Duraci\u00f3n<\/strong>: Dos a\u00f1os<\/li>\n<li><strong>Modalidad<\/strong>: 100% a distancia<\/li>\n<li><strong>Carga horaria<\/strong>: 700 horas totales<\/li>\n<\/ul>\n\t\t\t\t<\/div>\n\t\t\t<\/div>\n\t\t<\/div>\n\t\t\t<div class=\"sow-accordion-panel\"\n\t\t\t data-anchor=\"resoluciones\">\n\t\t\t\t<div class=\"sow-accordion-panel-header-container\" role=\"heading\" aria-level=\"2\">\n\t\t\t\t\t<div class=\"sow-accordion-panel-header\" tabindex=\"0\" role=\"button\" id=\"accordion-label-resoluciones\" aria-controls=\"accordion-content-resoluciones\" aria-expanded=\"false\">\n\t\t\t\t\t\t<div class=\"sow-accordion-title sow-accordion-title-icon-left\">\n\t\t\t\t\t\t\t\t\t\t\t\t\t\tResoluciones\t\t\t\t\t\t\t\t\t\t\t\t\t<\/div>\n\t\t\t\t\t\t<div class=\"sow-accordion-open-close-button\">\n\t\t\t\t\t\t\t<div class=\"sow-accordion-open-button\">\n\t\t\t\t\t\t\t\t<span class=\"sow-icon-ionicons\" data-sow-icon=\"&#xf218;\"\n\t\t \n\t\taria-hidden=\"true\"><\/span>\t\t\t\t\t\t\t<\/div>\n\t\t\t\t\t\t\t<div class=\"sow-accordion-close-button\">\n\t\t\t\t\t\t\t\t<span class=\"sow-icon-ionicons\" data-sow-icon=\"&#xf209;\"\n\t\t \n\t\taria-hidden=\"true\"><\/span>\t\t\t\t\t\t\t<\/div>\n\t\t\t\t\t\t<\/div>\n\t\t\t\t\t<\/div>\n\t\t\t\t<\/div>\n\n\t\t\t<div\n\t\t\t\tclass=\"sow-accordion-panel-content\"\n\t\t\t\trole=\"region\"\n\t\t\t\taria-labelledby=\"accordion-label-resoluciones\"\n\t\t\t\tid=\"accordion-content-resoluciones\"\n\t\t\t\tstyle=\"display: none;\"\t\t\t>\n\t\t\t\t<div class=\"sow-accordion-panel-border\" tabindex=\"0\">\n\t\t\t\t\t<ul>\n<li><a href=\"https:\/\/drive.google.com\/open?id=1yiqnOanif9bc-284ezR5jWQDUBiBQZJd&amp;usp=drive_fs\">Res 0491-CD FACET-2021 Creaci\u00f3n de carrera Maestr\u00eda en Electr\u00f3nica<\/a><\/li>\n<li><a href=\"https:\/\/drive.google.com\/open?id=19IdIV7vc3T0wUhPB9vOiIk2mlPaHyZg5&amp;usp=drive_fs\">Res 1662-HCS UNT-2021 Creaci\u00f3n-Plan de Estudio Maestr\u00eda en Electr\u00f3nica<\/a><\/li>\n<li><a href=\"https:\/\/drive.google.com\/file\/d\/1icUVwVQBWt_yO5H-SIbLIHoEOI59m6sO\/view?usp=sharing\">RESOL-2024-502-APN-SE#MCH<\/a><\/li>\n<\/ul>\n\t\t\t\t<\/div>\n\t\t\t<\/div>\n\t\t<\/div>\n\t\t\t<div class=\"sow-accordion-panel\"\n\t\t\t data-anchor=\"contacto-y-m%c3%a1s-informaci%c3%b3n\">\n\t\t\t\t<div class=\"sow-accordion-panel-header-container\" role=\"heading\" aria-level=\"2\">\n\t\t\t\t\t<div class=\"sow-accordion-panel-header\" tabindex=\"0\" role=\"button\" id=\"accordion-label-contacto-y-m%c3%a1s-informaci%c3%b3n\" aria-controls=\"accordion-content-contacto-y-m%c3%a1s-informaci%c3%b3n\" aria-expanded=\"false\">\n\t\t\t\t\t\t<div class=\"sow-accordion-title sow-accordion-title-icon-left\">\n\t\t\t\t\t\t\t\t\t\t\t\t\t\tContacto y m\u00e1s informaci\u00f3n\t\t\t\t\t\t\t\t\t\t\t\t\t<\/div>\n\t\t\t\t\t\t<div class=\"sow-accordion-open-close-button\">\n\t\t\t\t\t\t\t<div class=\"sow-accordion-open-button\">\n\t\t\t\t\t\t\t\t<span class=\"sow-icon-ionicons\" data-sow-icon=\"&#xf218;\"\n\t\t \n\t\taria-hidden=\"true\"><\/span>\t\t\t\t\t\t\t<\/div>\n\t\t\t\t\t\t\t<div class=\"sow-accordion-close-button\">\n\t\t\t\t\t\t\t\t<span class=\"sow-icon-ionicons\" data-sow-icon=\"&#xf209;\"\n\t\t \n\t\taria-hidden=\"true\"><\/span>\t\t\t\t\t\t\t<\/div>\n\t\t\t\t\t\t<\/div>\n\t\t\t\t\t<\/div>\n\t\t\t\t<\/div>\n\n\t\t\t<div\n\t\t\t\tclass=\"sow-accordion-panel-content\"\n\t\t\t\trole=\"region\"\n\t\t\t\taria-labelledby=\"accordion-label-contacto-y-m%c3%a1s-informaci%c3%b3n\"\n\t\t\t\tid=\"accordion-content-contacto-y-m%c3%a1s-informaci%c3%b3n\"\n\t\t\t\tstyle=\"display: none;\"\t\t\t>\n\t\t\t\t<div class=\"sow-accordion-panel-border\" tabindex=\"0\">\n\t\t\t\t\t<ul>\n<li><strong>Dpto. de Electricidad, Electr\u00f3nica y Computaci\u00f3n- Facultad de Ciencias Exactas y Tecnolog\u00eda - Universidad Nacional de Tucum\u00e1n.<\/strong><\/li>\n<li><strong>Correo electr\u00f3nico: <\/strong><em>maestriaenelectronica@herrera.unt.edu.ar<\/em><\/li>\n<li><strong>Sitio web: <\/strong><a href=\"https:\/\/www.facet.unt.edu.ar\/maestriaelectronica\/\">https:\/\/www.facet.unt.edu.ar\/maestriaelectronica\/<\/a><\/li>\n<li><strong>C\u00f3digo QR:<\/strong><\/li>\n<\/ul>\n<p><a href=\"https:\/\/www.facet.unt.edu.ar\/posgrado\/wp-content\/uploads\/sites\/54\/2024\/11\/qr-maestria-electronica.png\"><img class=\"wp-image-1552 aligncenter\" src=\"https:\/\/www.facet.unt.edu.ar\/posgrado\/wp-content\/uploads\/sites\/54\/2024\/11\/qr-maestria-electronica.png\" alt=\"\" width=\"193\" height=\"193\" \/><\/a><\/p>\n\t\t\t\t<\/div>\n\t\t\t<\/div>\n\t\t<\/div>\n\t\t<\/div>\n<\/div>\n<\/div><\/div><\/div><div id=\"pgc-1538-0-1\"  class=\"panel-grid-cell panel-grid-cell-empty\" ><\/div><\/div><\/div>","protected":false},"excerpt":{"rendered":"<p>La Facultad de Ciencias Exactas y Tecnolog\u00eda (FACET) de la Universidad Nacional de Tucum\u00e1n ofrece un posgrado orientado a formar profesionales de alta competencia en el campo de la Electr\u00f3nica. Esta carrera est\u00e1 destinada a ingenieros electr\u00f3nicos, el\u00e9ctricos, en computaci\u00f3n, inform\u00e1ticos, y disciplinas afines. Con una duraci\u00f3n de dos a\u00f1os, su modalidad 100% a distancia [&hellip;]<\/p>\n","protected":false},"author":6,"featured_media":0,"parent":0,"menu_order":0,"comment_status":"closed","ping_status":"closed","template":"","meta":[],"_links":{"self":[{"href":"https:\/\/www.facet.unt.edu.ar\/posgrado\/wp-json\/wp\/v2\/pages\/1538"}],"collection":[{"href":"https:\/\/www.facet.unt.edu.ar\/posgrado\/wp-json\/wp\/v2\/pages"}],"about":[{"href":"https:\/\/www.facet.unt.edu.ar\/posgrado\/wp-json\/wp\/v2\/types\/page"}],"author":[{"embeddable":true,"href":"https:\/\/www.facet.unt.edu.ar\/posgrado\/wp-json\/wp\/v2\/users\/6"}],"replies":[{"embeddable":true,"href":"https:\/\/www.facet.unt.edu.ar\/posgrado\/wp-json\/wp\/v2\/comments?post=1538"}],"version-history":[{"count":25,"href":"https:\/\/www.facet.unt.edu.ar\/posgrado\/wp-json\/wp\/v2\/pages\/1538\/revisions"}],"predecessor-version":[{"id":1853,"href":"https:\/\/www.facet.unt.edu.ar\/posgrado\/wp-json\/wp\/v2\/pages\/1538\/revisions\/1853"}],"wp:attachment":[{"href":"https:\/\/www.facet.unt.edu.ar\/posgrado\/wp-json\/wp\/v2\/media?parent=1538"}],"curies":[{"name":"wp","href":"https:\/\/api.w.org\/{rel}","templated":true}]}}