{"id":161,"date":"2017-11-12T18:26:18","date_gmt":"2017-11-12T21:26:18","guid":{"rendered":"https:\/\/www.facet.unt.edu.ar\/posgrado\/?page_id=161"},"modified":"2023-12-15T10:35:57","modified_gmt":"2023-12-15T13:35:57","slug":"maestria-en-ingenieria-estructural","status":"publish","type":"page","link":"https:\/\/www.facet.unt.edu.ar\/posgrado\/maestria-en-ingenieria-estructural\/","title":{"rendered":"Maestr\u00eda en Ingenier\u00eda Estructural"},"content":{"rendered":"<div id=\"pl-161\"  class=\"panel-layout\" ><div id=\"pg-161-0\"  class=\"panel-grid panel-no-style\" ><div id=\"pgc-161-0-0\"  class=\"panel-grid-cell\" ><div id=\"panel-161-0-0-0\" class=\"so-panel widget widget_sow-editor panel-first-child panel-last-child\" data-index=\"0\" ><div\n\t\t\t\n\t\t\tclass=\"so-widget-sow-editor so-widget-sow-editor-base\"\n\t\t\t\n\t\t>\n<div class=\"siteorigin-widget-tinymce textwidget\">\n\t<p align=\"justify\">Creada en el a\u00f1o 1986, la carrera est\u00e1 acreditada por la CONEAU (<a href=\"https:\/\/www.facet.unt.edu.ar\/posgrado\/wp-content\/uploads\/sites\/54\/2022\/09\/Maestria-en-Ingenieria-Estructural-FACET-22.pdf\" target=\"_blank\" rel=\"noopener\">Resoluci\u00f3n N\u00b0 30\/2022<\/a>) con categor\u00eda A. El t\u00edtulo tiene reconocimiento oficial y validez nacional (seg\u00fan R.M. 274\/2023).<\/p>\n<p align=\"justify\"><u>Director Acad\u00e9mico actual<\/u>: <strong>Dr. Bibiana Mar\u00eda Luccioni<\/strong>. <u>Coordinador Acad\u00e9mico<\/u>: <strong>Mg. Sergio Guti\u00e9rrez<\/strong><\/p>\n<p align=\"justify\">Esta carrera tiene como objetivo la formaci\u00f3n de recursos humanos para la investigaci\u00f3n cient\u00edfica y tecnol\u00f3gica y la docencia universitaria y la capacitaci\u00f3n para la realizaci\u00f3n de trabajos de consultor\u00eda de avanzada en el \u00e1rea de la Mec\u00e1nica Estructural. Est\u00e1 destinada a Ingenieros con t\u00edtulo otorgado por la Universidad Argentina o extranjera que acredite por lo menos cinco a\u00f1os de estudio y con promedio mayor de 7, particularmente a Ingenieros Civiles, Ingenieros en Construcciones, Ingenieros Aeron\u00e1uticos, Ingenieros en Materiales, Ingenieros Mec\u00e1nicos o Ingenieros Electromec\u00e1nicos.<\/p>\n<p align=\"justify\">El Plan de Estudios es de tipo semiestructurado (Res N\u00ba. 033\/2020). La duraci\u00f3n total de la carrera es de 24 meses con un total de 540 horas obligatorias (270 te\u00f3ricas y .270 pr\u00e1cticas), a las que se agregan 160 horas destinadas actividades de investigaci\u00f3n y la tesis.<\/p>\n<p align=\"justify\">Las 540 hs se distribuyen en 12 meses de cursado presencial que abarca: tres cursos instrumentales te\u00f3rico-pr\u00e1cticos obligatorios (140 horas), ocho cursos te\u00f3rico-pr\u00e1cticos fundamentales obligatorios (360 horas), uno o dos cursos te\u00f3rico-pr\u00e1cticos especializados optativos (40 horas).<\/p>\n<p align=\"justify\">La Maestr\u00eda en Ingenier\u00eda Estructural cubre parte de las necesidades sociales y profesionales de nuestro medio en los temas relacionadas a esa carrera y pr\u00e1cticamente todas las necesidades acad\u00e9micas en esa \u00e1rea a trav\u00e9s de sus docentes y egresados.<\/p>\n<p align=\"justify\">El aporte a la comunidad, en respuesta a las necesidades sociales y profesionales, se da a trav\u00e9s de la adecuada formaci\u00f3n de los profesionales brindada por la Maestr\u00eda que egresan capacitados para identificar e intervenir en la resoluci\u00f3n de problemas de mayor complejidad. Esto se traduce directamente en un beneficio a la sociedad en temas relacionados con: problemas de seguridad y recuperaci\u00f3n de edificios de viviendas, obras de infraestructura u otras (estructuras mec\u00e1nicas, aeron\u00e1uticas, maquinarias, otras), lo que trae aparejado el aprovechamiento de los recursos.<\/p>\n<p align=\"justify\">En los Proyectos de Investigaci\u00f3n participan docentes y alumnos de la Maestr\u00eda en el marco de sus Tesis contribuyendo as\u00ed al avance cient\u00edfico tecnol\u00f3gico y transferencia en estas l\u00edneas. En los \u00faltimos a\u00f1os, los temas investigaci\u00f3n han ido orient\u00e1ndose cada vez m\u00e1s a resolver problemas de las empresas del medio.<\/p>\n<p align=\"justify\">Por otro lado, las actividades de divulgaci\u00f3n vinculadas con la Maestr\u00eda en Ingenier\u00eda Estructural (seminarios, conferencias, difusi\u00f3n de las actividades de posgrado) contribuyen a fortalecer la formaci\u00f3n de los profesionales del medio.<\/p>\n<p align=\"justify\">La carrera se dicta cada dos a\u00f1os. Se han desarrollado ya 16 ciclos de la misma. La carrera cuenta actualmente tres alumnos realizando tesis y 56 egresados. El 22% de los egresados realiz\u00f3 luego el Doctorado en Ingenier\u00eda de la UNT, 23% en otras universidades. 30% de los egresados son docentes de la FACET, 54% en otras. 11% son investigadores de CONICET y 39% tiene empresas de consultor\u00edas propias, trabaja o trabaj\u00f3 en departamentos de investigaci\u00f3n de empresas p\u00fablicas o privadas.<\/p>\n<p align=\"justify\">Las clases y tesis de la Maestr\u00eda en Ingenier\u00eda Estructural se desarrollan en el Instituto de Estructuras de la FACET UNT.<\/p>\n<h3>Resoluciones<\/h3>\n<ul>\n<li><a href=\"https:\/\/www.facet.unt.edu.ar\/posgrado\/wp-content\/uploads\/sites\/54\/2019\/04\/Creaci\u00f3n-Maestr\u00eda-en-Ingenier\u00eda-Estructural.pdf\">HCS 1783\/2009<\/a><\/li>\n<li><a href=\"https:\/\/www.facet.unt.edu.ar\/posgrado\/wp-content\/uploads\/sites\/54\/2021\/03\/Res-HCS-0033-2020.pdf\">HCD 033\/2020<\/a> (Nuevo Plan de Estudio)<\/li>\n<li><a href=\"https:\/\/www.facet.unt.edu.ar\/posgrado\/wp-content\/uploads\/sites\/54\/2023\/12\/Resolucion-CONEAU-30-2022-Maestria-en-Ingenieria-Estructural-1.pdf\">Resoluci\u00f3n CONEAU 30-2022 Maestr\u00eda en Ingenieria Estructural<\/a><\/li>\n<li><a href=\"https:\/\/www.facet.unt.edu.ar\/posgrado\/wp-content\/uploads\/sites\/54\/2023\/12\/Res-CONEAU-30-2022-Anexo-Maestria-en-Ingenieria-Estructural-1.pdf\">Res CONEAU 30-2022 Anexo Maestr\u00eda en Ingenier\u00eda Estructural<\/a><\/li>\n<li><a href=\"https:\/\/www.facet.unt.edu.ar\/posgrado\/wp-content\/uploads\/sites\/54\/2023\/12\/Resolucion-Ministerial-SPU-274-23-MAGISTER-EN-INGENIERIA-ESTRUCTURAL-1.pdf\">Resoluci\u00f3n Ministerial SPU 274-23 MAG\u00cdSTER EN INGENIER\u00cdA ESTRUCTURAL<\/a><\/li>\n<\/ul>\n<h3>Sitio web<\/h3>\n<blockquote class=\"wp-embedded-content\" data-secret=\"4nj8mP7x31\"><p><a href=\"https:\/\/www.facet.unt.edu.ar\/iest\/docencia\/maestria\/\">Maestr\u00eda en Ingenier\u00eda Estructural<\/a><\/p><\/blockquote>\n<p><iframe class=\"wp-embedded-content\" sandbox=\"allow-scripts\" security=\"restricted\" style=\"position: absolute; clip: rect(1px, 1px, 1px, 1px);\" title=\"\u00abMaestr\u00eda en Ingenier\u00eda Estructural\u00bb \u2014 Instituto de Estructuras\" src=\"https:\/\/www.facet.unt.edu.ar\/iest\/docencia\/maestria\/embed\/#?secret=yhjlpjPod0#?secret=4nj8mP7x31\" data-secret=\"4nj8mP7x31\" width=\"600\" height=\"338\" frameborder=\"0\" marginwidth=\"0\" marginheight=\"0\" scrolling=\"no\"><\/iframe><\/p>\n<div id=\"attachment_162\" style=\"width: 730px\" class=\"wp-caption aligncenter\"><a href=\"https:\/\/www.facet.unt.edu.ar\/posgrado\/wp-content\/uploads\/sites\/54\/2017\/11\/maestria-ingenieria-estructural.jpg\"><img aria-describedby=\"caption-attachment-162\" decoding=\"async\" loading=\"lazy\" class=\"wp-image-162 size-large\" src=\"https:\/\/www.facet.unt.edu.ar\/posgrado\/wp-content\/uploads\/sites\/54\/2017\/11\/maestria-ingenieria-estructural-1024x683.jpg\" alt=\"25 a\u00f1os de la Maestr\u00eda en Ingenier\u00eda Estructural\" width=\"720\" height=\"480\" srcset=\"https:\/\/www.facet.unt.edu.ar\/posgrado\/wp-content\/uploads\/sites\/54\/2017\/11\/maestria-ingenieria-estructural-1024x683.jpg 1024w, https:\/\/www.facet.unt.edu.ar\/posgrado\/wp-content\/uploads\/sites\/54\/2017\/11\/maestria-ingenieria-estructural-300x200.jpg 300w, https:\/\/www.facet.unt.edu.ar\/posgrado\/wp-content\/uploads\/sites\/54\/2017\/11\/maestria-ingenieria-estructural-768x512.jpg 768w, https:\/\/www.facet.unt.edu.ar\/posgrado\/wp-content\/uploads\/sites\/54\/2017\/11\/maestria-ingenieria-estructural-272x182.jpg 272w, https:\/\/www.facet.unt.edu.ar\/posgrado\/wp-content\/uploads\/sites\/54\/2017\/11\/maestria-ingenieria-estructural.jpg 1837w\" sizes=\"(max-width: 720px) 100vw, 720px\" \/><\/a><p id=\"caption-attachment-162\" class=\"wp-caption-text\">25 a\u00f1os de la Maestr\u00eda en Ingenier\u00eda Estructural<\/p><\/div>\n<\/div>\n<\/div><\/div><\/div><div id=\"pgc-161-0-1\"  class=\"panel-grid-cell\" ><div id=\"panel-161-0-1-0\" class=\"so-panel widget widget_rss panel-first-child panel-last-child\" data-index=\"1\" ><h3 class=\"widget-title\"><a class=\"rsswidget rss-widget-feed\" href=\"https:\/\/www.facet.unt.edu.ar\/facetinforma\/category\/cursosdeposgrado\/feed\"><img class=\"rss-widget-icon\" style=\"border:0\" width=\"14\" height=\"14\" src=\"https:\/\/www.facet.unt.edu.ar\/posgrado\/wp-includes\/images\/rss.png\" alt=\"RSS\" loading=\"lazy\" \/><\/a> <a class=\"rsswidget rss-widget-title\" href=\"https:\/\/www.facet.unt.edu.ar\/facetinforma\">Noticias<\/a><\/h3><ul><li><a class='rsswidget' href='https:\/\/www.facet.unt.edu.ar\/facetinforma\/2024\/10\/04\/curso-de-posgrado-y-actualizacion-gestion-de-riesgo-de-inundaciones\/'>Curso de Posgrado y Actualizaci\u00f3n: Gesti\u00f3n de Riesgo de Inundaciones<\/a><div class=\"rssSummary\">La Facultad de Ciencias\u00a0 Exactas y\u00a0 Tecnolog\u00eda (FACET-UNT) invita a participar del Curso de Posgrado y Actualizaci\u00f3n: Gesti\u00f3n de Riesgo de Inundaciones, a cargo de Prof. Dr. Ing. Gerhard Haimerl, Decano y Coordinador de Asuntos Internacionales de la Facultad de Ingenier\u00eda Civil y Gerenciamiento de Proyectos de la Universidad de Ciencias Aplicadas de Biberach (HBC-Alemania), [&hellip;]<\/div><\/li><li><a class='rsswidget' href='https:\/\/www.facet.unt.edu.ar\/facetinforma\/2024\/09\/19\/acto-inaugural-del-encuentro-internacional-dialogos-sobre-el-agua\/'>Acto Inaugural del Encuentro Internacional: Di\u00e1logos sobre el agua<\/a><div class=\"rssSummary\">En la ma\u00f1ana de hoy en el Anfiteatro de Luminotecnia de la Facultad de Ciencias Exactas y Tecnolog\u00eda de la UNT, se llev\u00f3 a cabo el acto inaugural del Encuentro Internacional\u00a0 Di\u00e1logos sobre el agua: buena gobernanza, alianzas y cooperaci\u00f3n.\u00a0 Presenciaron la mesa de honor\u00a0 el Rector de la UNT, Ing. Sergio Pagani, la Vicerrectora, [&hellip;]<\/div><\/li><li><a class='rsswidget' href='https:\/\/www.facet.unt.edu.ar\/facetinforma\/2024\/09\/04\/curso-de-posgrado-herramientas-avanzadas-para-aulas-virtuales-2\/'>Curso de posgrado \u201cHerramientas Avanzadas para Aulas Virtuales\u201d<\/a><div class=\"rssSummary\">El Centro de Educaci\u00f3n a Distancia e Investigaci\u00f3n en Tecnolog\u00edas Educativas (CEDITE) de la Facultad de Ciencias Exactas y Tecnolog\u00eda, invita a participar en el curso de posgrado &quot;Herramientas Avanzadas para Aulas Virtuales&quot;.\u00a0 Durante 5 semanas, aprender\u00e1s a dominar las herramientas m\u00e1s eficaces de Moodle, desde la creaci\u00f3n de grupos y r\u00fabricas hasta la coevaluaci\u00f3n [&hellip;]<\/div><\/li><li><a class='rsswidget' href='https:\/\/www.facet.unt.edu.ar\/facetinforma\/2024\/09\/03\/curso-de-posgrado-taller-de-diseno-de-propuestas-de-ensenanza-innovadoras-para-el-ciclo-basico-en-facet\/'>Curso de Posgrado \u201cTaller de dise\u00f1o de propuestas de ense\u00f1anza innovadoras para el ciclo b\u00e1sico en FACET\u201d<\/a><div class=\"rssSummary\">El \u00c1rea de Formaci\u00f3n Docente de la FACET,informa: Invitamos a docentes que dictan asignaturas del ciclo b\u00e1sico de la FACET a participar del Curso de Posgrado \u201cTaller de dise\u00f1o de propuestas de ense\u00f1anza innovadoras para el ciclo b\u00e1sico en FACET\u201d, dictado por la Dra. D\u00e9borah Saientz. Temas que se abordar\u00e1n:\u00a0 La ense\u00f1anza y la innovaci\u00f3n [&hellip;]<\/div><\/li><li><a class='rsswidget' href='https:\/\/www.facet.unt.edu.ar\/facetinforma\/2024\/08\/26\/en-la-facet-se-dictara-la-maestria-en-electronica\/'>En la FACET se dictar\u00e1 la Maestr\u00eda en Electr\u00f3nica<\/a><div class=\"rssSummary\">La Secretar\u00eda de Educaci\u00f3n del Ministerio del Capital Humano, decidi\u00f3 otorgar reconocimiento oficial provisorio y la consecuente validez nacional seg\u00fan el Dictamen considerado por la Comisi\u00f3n Nacional de Evaluaci\u00f3n Y Acreditaci\u00f3n Universitaria al t\u00edtulo de posgrado de Mag\u00edster en Electr\u00f3nica, que expide la Universidad Nacional de Tucum\u00e1n, Facultad de Ciencias Exactas y Tecnolog\u00eda, perteneciente a [&hellip;]<\/div><\/li><\/ul><\/div><\/div><\/div><\/div>","protected":false},"excerpt":{"rendered":"<p>Creada en el a\u00f1o 1986, la carrera est\u00e1 acreditada por la CONEAU (Resoluci\u00f3n N\u00b0 30\/2022) con categor\u00eda A. El t\u00edtulo tiene reconocimiento oficial y validez nacional (seg\u00fan R.M. 274\/2023). Director Acad\u00e9mico actual: Dr. Bibiana Mar\u00eda Luccioni. Coordinador Acad\u00e9mico: Mg. Sergio Guti\u00e9rrez Esta carrera tiene como objetivo la formaci\u00f3n de recursos humanos para la investigaci\u00f3n cient\u00edfica [&hellip;]<\/p>\n","protected":false},"author":1,"featured_media":0,"parent":0,"menu_order":0,"comment_status":"closed","ping_status":"closed","template":"","meta":[],"_links":{"self":[{"href":"https:\/\/www.facet.unt.edu.ar\/posgrado\/wp-json\/wp\/v2\/pages\/161"}],"collection":[{"href":"https:\/\/www.facet.unt.edu.ar\/posgrado\/wp-json\/wp\/v2\/pages"}],"about":[{"href":"https:\/\/www.facet.unt.edu.ar\/posgrado\/wp-json\/wp\/v2\/types\/page"}],"author":[{"embeddable":true,"href":"https:\/\/www.facet.unt.edu.ar\/posgrado\/wp-json\/wp\/v2\/users\/1"}],"replies":[{"embeddable":true,"href":"https:\/\/www.facet.unt.edu.ar\/posgrado\/wp-json\/wp\/v2\/comments?post=161"}],"version-history":[{"count":39,"href":"https:\/\/www.facet.unt.edu.ar\/posgrado\/wp-json\/wp\/v2\/pages\/161\/revisions"}],"predecessor-version":[{"id":1370,"href":"https:\/\/www.facet.unt.edu.ar\/posgrado\/wp-json\/wp\/v2\/pages\/161\/revisions\/1370"}],"wp:attachment":[{"href":"https:\/\/www.facet.unt.edu.ar\/posgrado\/wp-json\/wp\/v2\/media?parent=161"}],"curies":[{"name":"wp","href":"https:\/\/api.w.org\/{rel}","templated":true}]}}