{"id":170,"date":"2017-11-12T18:38:21","date_gmt":"2017-11-12T21:38:21","guid":{"rendered":"https:\/\/www.facet.unt.edu.ar\/posgrado\/?page_id=170"},"modified":"2024-11-21T09:01:21","modified_gmt":"2024-11-21T12:01:21","slug":"maestria-en-metodos-numericos-y-computacionales-en-ingenieria","status":"publish","type":"page","link":"https:\/\/www.facet.unt.edu.ar\/posgrado\/maestria-en-metodos-numericos-y-computacionales-en-ingenieria\/","title":{"rendered":"Maestr\u00eda en M\u00e9todos Num\u00e9ricos y Computacionales en Ingenier\u00eda"},"content":{"rendered":"<div id=\"pl-170\"  class=\"panel-layout\" ><div id=\"pg-170-0\"  class=\"panel-grid panel-no-style\" ><div id=\"pgc-170-0-0\"  class=\"panel-grid-cell\" ><div id=\"panel-170-0-0-0\" class=\"so-panel widget widget_sow-editor panel-first-child panel-last-child\" data-index=\"0\" ><div\n\t\t\t\n\t\t\tclass=\"so-widget-sow-editor so-widget-sow-editor-base\"\n\t\t\t\n\t\t>\n<div class=\"siteorigin-widget-tinymce textwidget\">\n\t<p><strong>Director<\/strong>: Dr. Ricardo D\u00edaz<\/p>\n<p><strong>Comisi\u00f3n Acad\u00e9mica<\/strong>: Dr. Guillermo Etse, Dra. Sonia M. Vrech, Dr. Mario Cesca<\/p>\n<p><strong>A\u00f1o de creaci\u00f3n<\/strong>: 1999, <strong>A\u00f1o de funcionamiento<\/strong>: 2000, Cat. A, Res. CONEAU nro. 604\/13<\/p>\n<p style=\"text-align: justify;\">Acreditaci\u00f3n CONEAU N\u00ba 604\/13, Categor\u00eda A. 2013.<\/p>\n<p style=\"text-align: justify;\">Acreditaci\u00f3n CONEAU N\u00ba 256\/22, Categor\u00eda A. 2022.<\/p>\n<p style=\"text-align: justify;\">Reconocimiento oficial y validez nacional de T\u00edtulo: Res. Ministerio de Educaci\u00f3n 573\/22.<\/p>\n<h3>Fundamentos de la Carrera<\/h3>\n<p>Los acelerados cambios cient\u00edficos que se produjeron en las \u00faltimas d\u00e9cadas han favorecido el surgimiento de un nuevo perfil de ingeniero y de tecn\u00f3logo, con habilidades para la simulaci\u00f3n num\u00e9rica y el aprovechamiento de la elevada capacidad de c\u00e1lculo de las nuevas herramientas de c\u00f3mputo. Estas competencias adicionales requieren una formaci\u00f3n complementaria para aplicar con \u00e9xito m\u00e9todos num\u00e9ricos sofisticados que incrementan la exactitud de los c\u00e1lculos necesarios para el an\u00e1lisis y el dise\u00f1o de dispositivos y sistemas complejos. El consiguiente desarrollo de los M\u00e9todos Num\u00e9ricos y Computacionales ha dado lugar a un \u00e1rea diferenciada en la formaci\u00f3n de ingenieros y tecn\u00f3logos. El uso adecuado de estos m\u00e9todos requiere no solamente del dominio de la matem\u00e1tica num\u00e9rica y de la inform\u00e1tica sino tambi\u00e9n del s\u00f3lido conocimiento de los fen\u00f3menos f\u00edsicos, los modelos y las teor\u00edas que los sustentan. En l\u00ednea con este concepto, el programa de posgrado de esta Maestr\u00eda tiene como objetivo fundamental proveer una s\u00f3lida formaci\u00f3n en c\u00e1lculo num\u00e9rico y en m\u00e9todos computacionales, para su aplicaci\u00f3n en problemas de ingenier\u00eda. El cumplimiento de las metas acad\u00e9micas permite a los graduados abordar problemas de gran complejidad y desarrollar actividades cient\u00edficas de alto nivel.<\/p>\n<p>El car\u00e1cter multidisciplinario de este postgrado se sustenta en las actividades cient\u00edficas y acad\u00e9micas de excelencia que se desarrollan en la FACET-UNT en Ciencias B\u00e1sicas y Aplicadas. El mismo permite que egresados de las diversas carreras de grado de la FACET alcancen un elevado nivel en ramas cient\u00edficas de su profesi\u00f3n y\/o en otras \u00e1reas multidisciplinarias. Maestr\u00eda en M\u00e9todos num\u00e9ricos y Computacionales en Ingenier\u00eda se relaciona con la gran mayor\u00eda de las carreras de grado de la Facultad de Ciencias Exactas y Tecnolog\u00eda, UNT. Entre ellas, Ing Civil, Ing Mec\u00e1nica, Ing Industrial, Ing Qu\u00edmica, Ing El\u00e9ctrica, Ing Electr\u00f3nica, Ing en Computaci\u00f3n, Bioingenier\u00eda, Licenciatura en F\u00edsica, y Lic en Matem\u00e1tica.<\/p>\n<h3>Objetivos<\/h3>\n<p>Formar recursos humanos altamente capacitados para el desarrollo y la aplicaci\u00f3n de los M\u00e9todos Num\u00e9ricos y Computacionales en Ingenier\u00eda y Ciencias B\u00e1sicas. Brindar apoyo a la docencia universitaria (de grado y posgrado) y a la investigaci\u00f3n en t\u00f3picos relacionados con m\u00e9todos num\u00e9ricos y computacionales.<\/p>\n<h3>Destinatarios<\/h3>\n<p>Egresados de carreras de Ingenier\u00eda en cualquiera de sus especialidades, de Licenciaturas en Matem\u00e1tica, en F\u00edsica o en Inform\u00e1tica, de universidades nacionales o privadas, argentinas o extranjeras.<\/p>\n<h3>Los egresados tendr\u00e1n las siguientes calificaciones<\/h3>\n<p>Cient\u00edficos y tecn\u00f3logos capacitados para planificar y desarrollar un proyecto de investigaci\u00f3n que alcance las fronteras del conocimiento en el tema espec\u00edfico de investigaci\u00f3n. Capacidad para desarrollar publicaciones cient\u00edficas relacionadas con los temas de su tesis. M\u00e1ximo conocimiento en el tema central de su tesis.<\/p>\n<h3>Fortalezas de la carrera<\/h3>\n<ul>\n<li>La integraci\u00f3n entre las \u00e1reas del conocimiento de las ciencias b\u00e1sicas y las ingenier\u00edas.<\/li>\n<li>Los variados grupos de investigaci\u00f3n en donde se desarrollan las tesis.<\/li>\n<li>La formaci\u00f3n sistematizada en temas fundamentales de los m\u00e9todos num\u00e9ricos y la formaci\u00f3n opcional en diversos temas multidisciplinarios.<\/li>\n<\/ul>\n<p>La Maestr\u00eda en Ciencia y Tecnolog\u00eda de Alimentos es una Carrera Semiestructurada.<\/p>\n<p>Se aceptar\u00e1 hasta un 25 % de la carga horaria en cursos aprobados en otras instituciones externas a la Red y\/o pasant\u00edas en centros acad\u00e9micos y cursos con otra denominaci\u00f3n, en el caso que el tema de tesis lo requiera.<\/p>\n<p>Para su aceptaci\u00f3n, el CAR evaluar\u00e1 las equivalencias de denominaciones y cargas horarias, teniendo en cuenta los contenidos y el nivel acad\u00e9mico de la actividad realizada. En todos los casos la convalidaci\u00f3n final estar\u00e1 avalada por la Comisi\u00f3n de Supervisi\u00f3n del tesista y aprobada por el CAR.<\/p>\n<h3>Trabajo de Tesis<\/h3>\n<p>El Trabajo de Tesis consistir\u00e1 en un desarrollo te\u00f3rico-experimental asociado a actividades de investigaci\u00f3n y\/o transferencia que contribuya a la ampliaci\u00f3n del conocimiento y\/o profundizaci\u00f3n en el \u00e1rea tem\u00e1tica elegida.<\/p>\n<p>La Tesis es un trabajo individual y escrito sobre los resultados de las investigaciones y desarrollos te\u00f3ricos y\/o pr\u00e1cticos realizados, que satisfaga los siguientes requisitos: Contener un relevamiento y an\u00e1lisis cr\u00edtico de trabajos publicados. - Demostrar destrezas en el manejo conceptual y metodol\u00f3gico en la investigaci\u00f3n cient\u00edfica. - Constituir un aporte al tema estudiado.<\/p>\n<p>La propuesta del Director y Codirector, nota de aceptaci\u00f3n del mismo y Plan de Tesis, indicando la fuente de financiaci\u00f3n, deber\u00e1n ser presentados por el postulante para su an\u00e1lisis y aprobaci\u00f3n por el CAR, el que la elevar\u00e1 para su aprobaci\u00f3n final a la Unidad Acad\u00e9mica correspondiente.<\/p>\n<h3>Resoluciones<\/h3>\n<ul>\n<li><a href=\"https:\/\/www.facet.unt.edu.ar\/posgrado\/wp-content\/uploads\/sites\/54\/2019\/04\/Creaci\u00f3n-Maestria-en-M\u00e9todos-num\u00e9ricos.pdf\">HCS 64\/00<\/a><\/li>\n<li><a href=\"https:\/\/www.facet.unt.edu.ar\/wp-content\/uploads\/2022\/09\/Res.-256-22-Maestria-en-Metodos-Numericos-y-Computacionles-en-Ingenieria-22.pdf\" target=\"_blank\" rel=\"noopener\">Res. 256-22 Maestr\u00eda en M\u00e9todos Num\u00e9ricos y Computacionles en Ingenier\u00eda - 22<\/a><\/li>\n<li><a href=\"https:\/\/www.facet.unt.edu.ar\/posgrado\/wp-content\/uploads\/sites\/54\/2023\/09\/RSPU-573-22-MAGISTER-EN-METODOS-NUMERICOS-Y-COMPUTACIONALES-EN-INGENIERIA-1.pdf\">RSPU 573-22 MAG\u00cdSTER EN M\u00c9TODOS NUM\u00c9RICOS Y COMPUTACIONALES EN INGENIER\u00cdA<\/a><\/li>\n<\/ul>\n<\/div>\n<\/div><\/div><\/div><div id=\"pgc-170-0-1\"  class=\"panel-grid-cell\" ><div id=\"panel-170-0-1-0\" class=\"so-panel widget widget_rss panel-first-child panel-last-child\" data-index=\"1\" ><h3 class=\"widget-title\"><a class=\"rsswidget rss-widget-feed\" href=\"https:\/\/www.facet.unt.edu.ar\/facetinforma\/category\/cursosdeposgrado\/feed\"><img class=\"rss-widget-icon\" style=\"border:0\" width=\"14\" height=\"14\" src=\"https:\/\/www.facet.unt.edu.ar\/posgrado\/wp-includes\/images\/rss.png\" alt=\"RSS\" loading=\"lazy\" \/><\/a> <a class=\"rsswidget rss-widget-title\" href=\"https:\/\/www.facet.unt.edu.ar\/facetinforma\">Cursos de Posgrado<\/a><\/h3><ul><li><a class='rsswidget' href='https:\/\/www.facet.unt.edu.ar\/facetinforma\/2024\/10\/04\/curso-de-posgrado-y-actualizacion-gestion-de-riesgo-de-inundaciones\/'>Curso de Posgrado y Actualizaci\u00f3n: Gesti\u00f3n de Riesgo de Inundaciones<\/a><div class=\"rssSummary\">La Facultad de Ciencias\u00a0 Exactas y\u00a0 Tecnolog\u00eda (FACET-UNT) invita a participar del Curso de Posgrado y Actualizaci\u00f3n: Gesti\u00f3n de Riesgo de Inundaciones, a cargo de Prof. Dr. Ing. Gerhard Haimerl, Decano y Coordinador de Asuntos Internacionales de la Facultad de Ingenier\u00eda Civil y Gerenciamiento de Proyectos de la Universidad de Ciencias Aplicadas de Biberach (HBC-Alemania), [&hellip;]<\/div><\/li><li><a class='rsswidget' href='https:\/\/www.facet.unt.edu.ar\/facetinforma\/2024\/09\/19\/acto-inaugural-del-encuentro-internacional-dialogos-sobre-el-agua\/'>Acto Inaugural del Encuentro Internacional: Di\u00e1logos sobre el agua<\/a><div class=\"rssSummary\">En la ma\u00f1ana de hoy en el Anfiteatro de Luminotecnia de la Facultad de Ciencias Exactas y Tecnolog\u00eda de la UNT, se llev\u00f3 a cabo el acto inaugural del Encuentro Internacional\u00a0 Di\u00e1logos sobre el agua: buena gobernanza, alianzas y cooperaci\u00f3n.\u00a0 Presenciaron la mesa de honor\u00a0 el Rector de la UNT, Ing. Sergio Pagani, la Vicerrectora, [&hellip;]<\/div><\/li><li><a class='rsswidget' href='https:\/\/www.facet.unt.edu.ar\/facetinforma\/2024\/09\/04\/curso-de-posgrado-herramientas-avanzadas-para-aulas-virtuales-2\/'>Curso de posgrado \u201cHerramientas Avanzadas para Aulas Virtuales\u201d<\/a><div class=\"rssSummary\">El Centro de Educaci\u00f3n a Distancia e Investigaci\u00f3n en Tecnolog\u00edas Educativas (CEDITE) de la Facultad de Ciencias Exactas y Tecnolog\u00eda, invita a participar en el curso de posgrado &quot;Herramientas Avanzadas para Aulas Virtuales&quot;.\u00a0 Durante 5 semanas, aprender\u00e1s a dominar las herramientas m\u00e1s eficaces de Moodle, desde la creaci\u00f3n de grupos y r\u00fabricas hasta la coevaluaci\u00f3n [&hellip;]<\/div><\/li><li><a class='rsswidget' href='https:\/\/www.facet.unt.edu.ar\/facetinforma\/2024\/09\/03\/curso-de-posgrado-taller-de-diseno-de-propuestas-de-ensenanza-innovadoras-para-el-ciclo-basico-en-facet\/'>Curso de Posgrado \u201cTaller de dise\u00f1o de propuestas de ense\u00f1anza innovadoras para el ciclo b\u00e1sico en FACET\u201d<\/a><div class=\"rssSummary\">El \u00c1rea de Formaci\u00f3n Docente de la FACET,informa: Invitamos a docentes que dictan asignaturas del ciclo b\u00e1sico de la FACET a participar del Curso de Posgrado \u201cTaller de dise\u00f1o de propuestas de ense\u00f1anza innovadoras para el ciclo b\u00e1sico en FACET\u201d, dictado por la Dra. D\u00e9borah Saientz. Temas que se abordar\u00e1n:\u00a0 La ense\u00f1anza y la innovaci\u00f3n [&hellip;]<\/div><\/li><li><a class='rsswidget' href='https:\/\/www.facet.unt.edu.ar\/facetinforma\/2024\/08\/26\/en-la-facet-se-dictara-la-maestria-en-electronica\/'>En la FACET se dictar\u00e1 la Maestr\u00eda en Electr\u00f3nica<\/a><div class=\"rssSummary\">La Secretar\u00eda de Educaci\u00f3n del Ministerio del Capital Humano, decidi\u00f3 otorgar reconocimiento oficial provisorio y la consecuente validez nacional seg\u00fan el Dictamen considerado por la Comisi\u00f3n Nacional de Evaluaci\u00f3n Y Acreditaci\u00f3n Universitaria al t\u00edtulo de posgrado de Mag\u00edster en Electr\u00f3nica, que expide la Universidad Nacional de Tucum\u00e1n, Facultad de Ciencias Exactas y Tecnolog\u00eda, perteneciente a [&hellip;]<\/div><\/li><\/ul><\/div><\/div><\/div><\/div>","protected":false},"excerpt":{"rendered":"<p>Director: Dr. Ricardo D\u00edaz Comisi\u00f3n Acad\u00e9mica: Dr. Guillermo Etse, Dra. Sonia M. Vrech, Dr. Mario Cesca A\u00f1o de creaci\u00f3n: 1999, A\u00f1o de funcionamiento: 2000, Cat. A, Res. CONEAU nro. 604\/13 Acreditaci\u00f3n CONEAU N\u00ba 604\/13, Categor\u00eda A. 2013. Acreditaci\u00f3n CONEAU N\u00ba 256\/22, Categor\u00eda A. 2022. Reconocimiento oficial y validez nacional de T\u00edtulo: Res. Ministerio de Educaci\u00f3n [&hellip;]<\/p>\n","protected":false},"author":1,"featured_media":0,"parent":0,"menu_order":0,"comment_status":"closed","ping_status":"closed","template":"","meta":[],"_links":{"self":[{"href":"https:\/\/www.facet.unt.edu.ar\/posgrado\/wp-json\/wp\/v2\/pages\/170"}],"collection":[{"href":"https:\/\/www.facet.unt.edu.ar\/posgrado\/wp-json\/wp\/v2\/pages"}],"about":[{"href":"https:\/\/www.facet.unt.edu.ar\/posgrado\/wp-json\/wp\/v2\/types\/page"}],"author":[{"embeddable":true,"href":"https:\/\/www.facet.unt.edu.ar\/posgrado\/wp-json\/wp\/v2\/users\/1"}],"replies":[{"embeddable":true,"href":"https:\/\/www.facet.unt.edu.ar\/posgrado\/wp-json\/wp\/v2\/comments?post=170"}],"version-history":[{"count":43,"href":"https:\/\/www.facet.unt.edu.ar\/posgrado\/wp-json\/wp\/v2\/pages\/170\/revisions"}],"predecessor-version":[{"id":1572,"href":"https:\/\/www.facet.unt.edu.ar\/posgrado\/wp-json\/wp\/v2\/pages\/170\/revisions\/1572"}],"wp:attachment":[{"href":"https:\/\/www.facet.unt.edu.ar\/posgrado\/wp-json\/wp\/v2\/media?parent=170"}],"curies":[{"name":"wp","href":"https:\/\/api.w.org\/{rel}","templated":true}]}}