{"id":174,"date":"2017-11-20T17:41:55","date_gmt":"2017-11-20T20:41:55","guid":{"rendered":"https:\/\/www.facet.unt.edu.ar\/posgrado\/?page_id=174"},"modified":"2023-12-15T10:54:08","modified_gmt":"2023-12-15T13:54:08","slug":"maestria-en-matematica","status":"publish","type":"page","link":"https:\/\/www.facet.unt.edu.ar\/posgrado\/maestria-en-matematica\/","title":{"rendered":"Maestr\u00eda en Matem\u00e1tica"},"content":{"rendered":"<div id=\"pl-174\"  class=\"panel-layout\" ><div id=\"pg-174-0\"  class=\"panel-grid panel-no-style\" ><div id=\"pgc-174-0-0\"  class=\"panel-grid-cell\" ><div id=\"panel-174-0-0-0\" class=\"so-panel widget widget_sow-editor panel-first-child panel-last-child\" data-index=\"0\" ><div\n\t\t\t\n\t\t\tclass=\"so-widget-sow-editor so-widget-sow-editor-base\"\n\t\t\t\n\t\t>\n<div class=\"siteorigin-widget-tinymce textwidget\">\n\t<h3>Objetivos Generales<\/h3>\n<p style=\"text-align: justify;\" align=\"justify\">La Maestr\u00eda en Matem\u00e1tica tiene como principal objetivo impartir una formaci\u00f3n matem\u00e1tica avanzada tendiente al desarrollo del pensamiento aut\u00f3nomo, de la capacidad cr\u00edtica y de una visi\u00f3n integradora de la Matem\u00e1tica y sus aplicaciones, al perfeccionamiento de la formaci\u00f3n cient\u00edfica y profesional de la carrera de grado y asimismo capacitar al egresado para continuar estudios de doctorado y para proyectar nuevas l\u00edneas de desarrollo. As\u00ed tambi\u00e9n apoyar la investigaci\u00f3n y aplicaci\u00f3n de la Matem\u00e1tica para satisfacer las demandas que plantea el medio.<\/p>\n<h4>Objetivos Espec\u00edficos<\/h4>\n<ul>\n<li style=\"text-align: justify;\">Atender a la formaci\u00f3n de matem\u00e1ticos con mejores posibilidades de inserci\u00f3n en departamentos de matem\u00e1tica de carreras afines y en el sistema productivo.<\/li>\n<li style=\"text-align: justify;\">Contribuir al mejoramiento de la ense\u00f1anza de la Matem\u00e1tica, impartida en los numerosos cursos que el Departamento de Matem\u00e1tica ofrece en el \u00e1mbito de la Facultad, a trav\u00e9s del perfeccionamiento del Cuerpo Docente del Departamento.<\/li>\n<li style=\"text-align: justify;\">Promover la investigaci\u00f3n dentro del Departamento de Matem\u00e1tica.<\/li>\n<li style=\"text-align: justify;\">Ofrecer a graduados de la Licenciatura en Matem\u00e1tica y carreras afines la posibilidad de perfeccionar sus conocimientos en Matem\u00e1tica, formando as\u00ed recursos humanos de excelencia para integrar grupos de investigaci\u00f3n interdisciplinarios en las diversas aplicaciones de la Matem\u00e1tica.<\/li>\n<\/ul>\n<h3 style=\"text-align: justify;\">Perfil del Egresado<\/h3>\n<p style=\"text-align: justify;\" align=\"justify\">El Mag\u00edster en Matem\u00e1tica alcanzar\u00e1 una formaci\u00f3n avanzada en Matem\u00e1tica; ser\u00e1 capaz de crear y mantener nuevas l\u00edneas de investigaci\u00f3n en Matem\u00e1tica y de desempe\u00f1arse con solvencia como docente universitario y como miembro de grupos interdisciplinarios de investigaci\u00f3n en la Universidad y en empresas p\u00fablicas y privadas.<\/p>\n<h3 style=\"text-align: justify;\">Destinatarios<\/h3>\n<p style=\"text-align: justify;\" align=\"justify\">La Maestr\u00eda en Matem\u00e1tica est\u00e1 dirigida a profesionales universitarios que en su carrera de grado tuvieron una amplia formaci\u00f3n matem\u00e1tica. Los postulantes deben ser Licenciados en Matem\u00e1tica o tener t\u00edtulo af\u00edn de carreras universitarias de no menos de cuatro a\u00f1os.<\/p>\n<p style=\"text-align: justify;\" align=\"justify\">Los postulantes deber\u00e1n aprobar el proceso de selecci\u00f3n a que ser\u00e1n sometidos. A estos efectos se constituir\u00e1 la Comisi\u00f3n de Admisi\u00f3n.<\/p>\n<p style=\"text-align: justify;\" align=\"justify\">El cupo m\u00ednimo requerido para el funcionamiento de la carrera es de 10 alumnos, siendo de 20 el m\u00e1ximo de alumnos que se puede admitir.<\/p>\n<h3>Resoluciones<\/h3>\n<ul>\n<li><a href=\"https:\/\/www.facet.unt.edu.ar\/posgrado\/wp-content\/uploads\/sites\/54\/2019\/04\/Creaci\u00f3n-Maestr\u00eda-en-Matem\u00e1tica.pdf\">HCS 489\/2003<\/a><\/li>\n<li><a href=\"https:\/\/www.facet.unt.edu.ar\/posgrado\/wp-content\/uploads\/sites\/54\/2022\/10\/Maestria-en-Matematica-FACET-22.pdf\" target=\"_blank\" rel=\"noopener\">Resoluci\u00f3n Acreditaci\u00f3n CONEAU 347\/2022<\/a><\/li>\n<li><a href=\"https:\/\/www.facet.unt.edu.ar\/posgrado\/wp-content\/uploads\/sites\/54\/2023\/12\/Resolucion-Ministerial-63-23-MAG-EN-MATEMATICA.pdf\">Resoluci\u00f3n Ministerial 63-23 MAG EN MATEM\u00c1TICA<\/a><\/li>\n<\/ul>\n<h3>Sitio web<\/h3>\n<p><a href=\"https:\/\/www.facet.unt.edu.ar\/maestriamatematica\/\">Maestr\u00eda en Matem\u00e1tica<\/a><\/p>\n<\/div>\n<\/div><\/div><\/div><div id=\"pgc-174-0-1\"  class=\"panel-grid-cell\" ><div id=\"panel-174-0-1-0\" class=\"so-panel widget widget_rss panel-first-child panel-last-child\" data-index=\"1\" ><h3 class=\"widget-title\"><a class=\"rsswidget rss-widget-feed\" href=\"https:\/\/www.facet.unt.edu.ar\/facetinforma\/category\/cursosdeposgrado\/feed\"><img class=\"rss-widget-icon\" style=\"border:0\" width=\"14\" height=\"14\" src=\"https:\/\/www.facet.unt.edu.ar\/posgrado\/wp-includes\/images\/rss.png\" alt=\"RSS\" loading=\"lazy\" \/><\/a> <a class=\"rsswidget rss-widget-title\" href=\"https:\/\/www.facet.unt.edu.ar\/facetinforma\">Cursos de Posgrado<\/a><\/h3><ul><li><a class='rsswidget' href='https:\/\/www.facet.unt.edu.ar\/facetinforma\/2024\/10\/04\/curso-de-posgrado-y-actualizacion-gestion-de-riesgo-de-inundaciones\/'>Curso de Posgrado y Actualizaci\u00f3n: Gesti\u00f3n de Riesgo de Inundaciones<\/a><div class=\"rssSummary\">La Facultad de Ciencias\u00a0 Exactas y\u00a0 Tecnolog\u00eda (FACET-UNT) invita a participar del Curso de Posgrado y Actualizaci\u00f3n: Gesti\u00f3n de Riesgo de Inundaciones, a cargo de Prof. Dr. Ing. Gerhard Haimerl, Decano y Coordinador de Asuntos Internacionales de la Facultad de Ingenier\u00eda Civil y Gerenciamiento de Proyectos de la Universidad de Ciencias Aplicadas de Biberach (HBC-Alemania), [&hellip;]<\/div><\/li><li><a class='rsswidget' href='https:\/\/www.facet.unt.edu.ar\/facetinforma\/2024\/09\/19\/acto-inaugural-del-encuentro-internacional-dialogos-sobre-el-agua\/'>Acto Inaugural del Encuentro Internacional: Di\u00e1logos sobre el agua<\/a><div class=\"rssSummary\">En la ma\u00f1ana de hoy en el Anfiteatro de Luminotecnia de la Facultad de Ciencias Exactas y Tecnolog\u00eda de la UNT, se llev\u00f3 a cabo el acto inaugural del Encuentro Internacional\u00a0 Di\u00e1logos sobre el agua: buena gobernanza, alianzas y cooperaci\u00f3n.\u00a0 Presenciaron la mesa de honor\u00a0 el Rector de la UNT, Ing. Sergio Pagani, la Vicerrectora, [&hellip;]<\/div><\/li><li><a class='rsswidget' href='https:\/\/www.facet.unt.edu.ar\/facetinforma\/2024\/09\/04\/curso-de-posgrado-herramientas-avanzadas-para-aulas-virtuales-2\/'>Curso de posgrado \u201cHerramientas Avanzadas para Aulas Virtuales\u201d<\/a><div class=\"rssSummary\">El Centro de Educaci\u00f3n a Distancia e Investigaci\u00f3n en Tecnolog\u00edas Educativas (CEDITE) de la Facultad de Ciencias Exactas y Tecnolog\u00eda, invita a participar en el curso de posgrado &quot;Herramientas Avanzadas para Aulas Virtuales&quot;.\u00a0 Durante 5 semanas, aprender\u00e1s a dominar las herramientas m\u00e1s eficaces de Moodle, desde la creaci\u00f3n de grupos y r\u00fabricas hasta la coevaluaci\u00f3n [&hellip;]<\/div><\/li><li><a class='rsswidget' href='https:\/\/www.facet.unt.edu.ar\/facetinforma\/2024\/09\/03\/curso-de-posgrado-taller-de-diseno-de-propuestas-de-ensenanza-innovadoras-para-el-ciclo-basico-en-facet\/'>Curso de Posgrado \u201cTaller de dise\u00f1o de propuestas de ense\u00f1anza innovadoras para el ciclo b\u00e1sico en FACET\u201d<\/a><div class=\"rssSummary\">El \u00c1rea de Formaci\u00f3n Docente de la FACET,informa: Invitamos a docentes que dictan asignaturas del ciclo b\u00e1sico de la FACET a participar del Curso de Posgrado \u201cTaller de dise\u00f1o de propuestas de ense\u00f1anza innovadoras para el ciclo b\u00e1sico en FACET\u201d, dictado por la Dra. D\u00e9borah Saientz. Temas que se abordar\u00e1n:\u00a0 La ense\u00f1anza y la innovaci\u00f3n [&hellip;]<\/div><\/li><li><a class='rsswidget' href='https:\/\/www.facet.unt.edu.ar\/facetinforma\/2024\/08\/26\/en-la-facet-se-dictara-la-maestria-en-electronica\/'>En la FACET se dictar\u00e1 la Maestr\u00eda en Electr\u00f3nica<\/a><div class=\"rssSummary\">La Secretar\u00eda de Educaci\u00f3n del Ministerio del Capital Humano, decidi\u00f3 otorgar reconocimiento oficial provisorio y la consecuente validez nacional seg\u00fan el Dictamen considerado por la Comisi\u00f3n Nacional de Evaluaci\u00f3n Y Acreditaci\u00f3n Universitaria al t\u00edtulo de posgrado de Mag\u00edster en Electr\u00f3nica, que expide la Universidad Nacional de Tucum\u00e1n, Facultad de Ciencias Exactas y Tecnolog\u00eda, perteneciente a [&hellip;]<\/div><\/li><\/ul><\/div><\/div><\/div><\/div>","protected":false},"excerpt":{"rendered":"<p>Objetivos Generales La Maestr\u00eda en Matem\u00e1tica tiene como principal objetivo impartir una formaci\u00f3n matem\u00e1tica avanzada tendiente al desarrollo del pensamiento aut\u00f3nomo, de la capacidad cr\u00edtica y de una visi\u00f3n integradora de la Matem\u00e1tica y sus aplicaciones, al perfeccionamiento de la formaci\u00f3n cient\u00edfica y profesional de la carrera de grado y asimismo capacitar al egresado para [&hellip;]<\/p>\n","protected":false},"author":1,"featured_media":0,"parent":0,"menu_order":0,"comment_status":"closed","ping_status":"closed","template":"","meta":[],"_links":{"self":[{"href":"https:\/\/www.facet.unt.edu.ar\/posgrado\/wp-json\/wp\/v2\/pages\/174"}],"collection":[{"href":"https:\/\/www.facet.unt.edu.ar\/posgrado\/wp-json\/wp\/v2\/pages"}],"about":[{"href":"https:\/\/www.facet.unt.edu.ar\/posgrado\/wp-json\/wp\/v2\/types\/page"}],"author":[{"embeddable":true,"href":"https:\/\/www.facet.unt.edu.ar\/posgrado\/wp-json\/wp\/v2\/users\/1"}],"replies":[{"embeddable":true,"href":"https:\/\/www.facet.unt.edu.ar\/posgrado\/wp-json\/wp\/v2\/comments?post=174"}],"version-history":[{"count":23,"href":"https:\/\/www.facet.unt.edu.ar\/posgrado\/wp-json\/wp\/v2\/pages\/174\/revisions"}],"predecessor-version":[{"id":1385,"href":"https:\/\/www.facet.unt.edu.ar\/posgrado\/wp-json\/wp\/v2\/pages\/174\/revisions\/1385"}],"wp:attachment":[{"href":"https:\/\/www.facet.unt.edu.ar\/posgrado\/wp-json\/wp\/v2\/media?parent=174"}],"curies":[{"name":"wp","href":"https:\/\/api.w.org\/{rel}","templated":true}]}}