{"id":181,"date":"2017-11-20T17:54:49","date_gmt":"2017-11-20T20:54:49","guid":{"rendered":"https:\/\/www.facet.unt.edu.ar\/posgrado\/?page_id=181"},"modified":"2024-11-27T16:52:27","modified_gmt":"2024-11-27T19:52:27","slug":"contacto","status":"publish","type":"page","link":"https:\/\/www.facet.unt.edu.ar\/posgrado\/contacto\/","title":{"rendered":"Contacto"},"content":{"rendered":"<div id=\"pl-181\"  class=\"panel-layout\" ><div id=\"pg-181-0\"  class=\"panel-grid panel-no-style\" ><div id=\"pgc-181-0-0\"  class=\"panel-grid-cell\" ><div id=\"panel-181-0-0-0\" class=\"so-panel widget widget_black-studio-tinymce widget_black_studio_tinymce panel-first-child panel-last-child\" data-index=\"0\" ><div class=\"textwidget\"><p><a href=\"https:\/\/www.facet.unt.edu.ar\/posgrado\/wp-content\/uploads\/sites\/54\/2024\/11\/contactenos.png\"><img class=\"aligncenter size-full wp-image-1615\" src=\"https:\/\/www.facet.unt.edu.ar\/posgrado\/wp-content\/uploads\/sites\/54\/2024\/11\/contactenos.png\" alt=\"\" width=\"300\" height=\"74\" \/><\/a><\/p>\n<\/div><\/div><\/div><div id=\"pgc-181-0-1\"  class=\"panel-grid-cell\" ><div id=\"panel-181-0-1-0\" class=\"so-panel widget widget_black-studio-tinymce widget_black_studio_tinymce panel-first-child panel-last-child\" data-index=\"1\" ><h3 class=\"widget-title\">Informaci\u00f3n de Contacto<\/h3><div class=\"textwidget\"><p><strong>Departamento de Posgrado, Facultad de Ciencias Exactas y Tecnolog\u00eda, Universidad Nacional de Tucum\u00e1n<\/strong><\/p>\n<p><a href=\"https:\/\/www.facet.unt.edu.ar\/posgrado\/wp-content\/uploads\/sites\/54\/2024\/11\/logo-direccion-1.png\"><img class=\" wp-image-1617 alignleft\" src=\"https:\/\/www.facet.unt.edu.ar\/posgrado\/wp-content\/uploads\/sites\/54\/2024\/11\/logo-direccion-1.png\" alt=\"\" width=\"39\" height=\"39\" \/><\/a>Block 3, 2\u00b0 Piso, Avenida Independencia 1800. Facultad de Ciencias Exactas y Tecnolog\u00eda.<\/p>\n<p>&nbsp;<\/p>\n<p><a href=\"https:\/\/www.facet.unt.edu.ar\/posgrado\/wp-content\/uploads\/sites\/54\/2024\/11\/logo-telefono.png\"><img class=\" wp-image-1618 alignleft\" src=\"https:\/\/www.facet.unt.edu.ar\/posgrado\/wp-content\/uploads\/sites\/54\/2024\/11\/logo-telefono.png\" alt=\"\" width=\"36\" height=\"36\" \/><\/a>Tel: 4364093, interno 7580<\/p>\n<p>&nbsp;<\/p>\n<p><b>D\u00edas y horarios de atenci\u00f3n<\/b>:\u00a0 de lunes a viernes, en el horario de 7:30 a 13 hs.<\/p>\n<div class=\"textwidget\">\n<p style=\"text-align: justify;\">Por\u00a0<strong>Consultas<\/strong>, por favor, env\u00ede un correo electr\u00f3nico a la\u00a0<strong>Subsecretar\u00eda de Investigaci\u00f3n e Innovaci\u00f3n FACET<\/strong>, al siguiente correo electr\u00f3nico:<\/p>\n<p><a href=\"https:\/\/www.facet.unt.edu.ar\/posgrado\/wp-content\/uploads\/sites\/54\/2024\/11\/logo-mail.png\"><img class=\" wp-image-1619 alignleft\" src=\"https:\/\/www.facet.unt.edu.ar\/posgrado\/wp-content\/uploads\/sites\/54\/2024\/11\/logo-mail.png\" alt=\"\" width=\"47\" height=\"33\" \/><\/a><a href=\"mailto:postgrado_facet@herrera.unt.edu.ar\" target=\"_blank\" rel=\"noopener\">postgrado_facet@herrera.unt.edu.ar<\/a><\/div>\n<p>&nbsp;<\/p>\n<p><strong>Personal administrativo:<\/strong><\/p>\n<ul>\n<li>Alfredo Figueroa<\/li>\n<li>Jeannette Grau<\/li>\n<li>Marcela Busab<\/li>\n<\/ul>\n<\/div><\/div><\/div><\/div><\/div>","protected":false},"excerpt":{"rendered":"<p>Departamento de Posgrado, Facultad de Ciencias Exactas y Tecnolog\u00eda, Universidad Nacional de Tucum\u00e1n Block 3, 2\u00b0 Piso, Avenida Independencia 1800. Facultad de Ciencias Exactas y Tecnolog\u00eda. &nbsp; Tel: 4364093, interno 7580 &nbsp; D\u00edas y horarios de atenci\u00f3n:\u00a0 de lunes a viernes, en el horario de 7:30 a 13 hs. Por\u00a0Consultas, por favor, env\u00ede un correo [&hellip;]<\/p>\n","protected":false},"author":1,"featured_media":0,"parent":0,"menu_order":0,"comment_status":"closed","ping_status":"closed","template":"","meta":[],"_links":{"self":[{"href":"https:\/\/www.facet.unt.edu.ar\/posgrado\/wp-json\/wp\/v2\/pages\/181"}],"collection":[{"href":"https:\/\/www.facet.unt.edu.ar\/posgrado\/wp-json\/wp\/v2\/pages"}],"about":[{"href":"https:\/\/www.facet.unt.edu.ar\/posgrado\/wp-json\/wp\/v2\/types\/page"}],"author":[{"embeddable":true,"href":"https:\/\/www.facet.unt.edu.ar\/posgrado\/wp-json\/wp\/v2\/users\/1"}],"replies":[{"embeddable":true,"href":"https:\/\/www.facet.unt.edu.ar\/posgrado\/wp-json\/wp\/v2\/comments?post=181"}],"version-history":[{"count":49,"href":"https:\/\/www.facet.unt.edu.ar\/posgrado\/wp-json\/wp\/v2\/pages\/181\/revisions"}],"predecessor-version":[{"id":1623,"href":"https:\/\/www.facet.unt.edu.ar\/posgrado\/wp-json\/wp\/v2\/pages\/181\/revisions\/1623"}],"wp:attachment":[{"href":"https:\/\/www.facet.unt.edu.ar\/posgrado\/wp-json\/wp\/v2\/media?parent=181"}],"curies":[{"name":"wp","href":"https:\/\/api.w.org\/{rel}","templated":true}]}}