{"id":192,"date":"2017-11-20T18:11:09","date_gmt":"2017-11-20T21:11:09","guid":{"rendered":"https:\/\/www.facet.unt.edu.ar\/posgrado\/?page_id=192"},"modified":"2023-12-15T11:07:36","modified_gmt":"2023-12-15T14:07:36","slug":"especializacion-en-integracion-de-tecnologias-informaticas","status":"publish","type":"page","link":"https:\/\/www.facet.unt.edu.ar\/posgrado\/especializacion-en-integracion-de-tecnologias-informaticas\/","title":{"rendered":"Especializaci\u00f3n en Integraci\u00f3n de Tecnolog\u00edas Inform\u00e1ticas"},"content":{"rendered":"<div id=\"pl-192\"  class=\"panel-layout\" ><div id=\"pg-192-0\"  class=\"panel-grid panel-no-style\" ><div id=\"pgc-192-0-0\"  class=\"panel-grid-cell\" ><div id=\"panel-192-0-0-0\" class=\"so-panel widget widget_sow-editor panel-first-child panel-last-child\" data-index=\"0\" ><div\n\t\t\t\n\t\t\tclass=\"so-widget-sow-editor so-widget-sow-editor-base\"\n\t\t\t\n\t\t>\n<div class=\"siteorigin-widget-tinymce textwidget\">\n\t<p style=\"text-align: justify;\">Se ofrece un programa de Formaci\u00f3n de Especialistas en Integraci\u00f3n de Tecnolog\u00edas Inform\u00e1ticas que permite profundizar la formaci\u00f3n de los profesionales para capacitarlos a integrar tecnolog\u00edas en respuesta a los r\u00e1pidos cambios que se producen en la especialidad en la actualidad.<\/p>\n<p style=\"text-align: justify;\">Dentro de la gran cantidad de cambios tecnol\u00f3gicos que caracterizan a la era de la informaci\u00f3n, es posible distinguir una clara direcci\u00f3n: la mayor\u00eda de los nuevos productos y servicios se basan en la convergencia mediante la integraci\u00f3n de distintas tecnolog\u00edas de la informaci\u00f3n. La especializaci\u00f3n capacitar\u00e1 a sus alumnos para contribuir a generar valor mediante el uso integrado de las tecnolog\u00edas inform\u00e1ticas.<\/p>\n<p style=\"text-align: justify;\">La carrera es la primera especializaci\u00f3n de posgrado de Ingenier\u00eda en Computaci\u00f3n en todo el pa\u00eds, y la \u00fanica que tiene por objeto la integraci\u00f3n de tecnolog\u00edas inform\u00e1ticas \u2013 con lo cual representa una oportunidad muy importante para que sus graduados puedan beneficiarse por las diferencias competitivas que esta formaci\u00f3n les brindar\u00e1.<\/p>\n<h3>Resoluciones<\/h3>\n<ul>\n<li><a href=\"https:\/\/www.facet.unt.edu.ar\/posgrado\/wp-content\/uploads\/sites\/54\/2019\/04\/Creaci\u00f3n-Especializacion-en-Integracion-de-Tecnologias-Informaticas.pdf\">HCS 669\/2014<\/a><\/li>\n<li><a href=\"https:\/\/www.facet.unt.edu.ar\/posgrado\/wp-content\/uploads\/sites\/54\/2022\/06\/Esp-en-Integracion-de-Tecnologias-Informaticas-FACET-22.pdf\" target=\"_blank\" rel=\"noopener\">Resoluci\u00f3n CONEAU RESFC-2022-159<\/a><\/li>\n<li><a href=\"https:\/\/www.facet.unt.edu.ar\/posgrado\/wp-content\/uploads\/sites\/54\/2023\/12\/Resolucion-Ministerial-SPU-265-23-ESPECIALISTA-EN-INTEGRACION-DE-TECNOLOGIAS-INFORMATICAS.pdf\">Resoluci\u00f3n Ministerial SPU 265-23 ESPECIALISTA EN INTEGRACI\u00d3N DE TECNOLOG\u00cdAS INFORM\u00c1TICAS<\/a><\/li>\n<\/ul>\n<h3><strong>Sitio web<\/strong><\/h3>\n<p><a href=\"https:\/\/www.facet.unt.edu.ar\/eiti\/\">Especializaci\u00f3n en Integraci\u00f3n de Tecnlog\u00edas Inform\u00e1ticas<\/a><\/p>\n<\/div>\n<\/div><\/div><\/div><div id=\"pgc-192-0-1\"  class=\"panel-grid-cell\" ><div id=\"panel-192-0-1-0\" class=\"so-panel widget widget_rss panel-first-child panel-last-child\" data-index=\"1\" ><h3 class=\"widget-title\"><a class=\"rsswidget rss-widget-feed\" href=\"https:\/\/www.facet.unt.edu.ar\/facetinforma\/category\/cursosdeposgrado\/feed\"><img class=\"rss-widget-icon\" style=\"border:0\" width=\"14\" height=\"14\" src=\"https:\/\/www.facet.unt.edu.ar\/posgrado\/wp-includes\/images\/rss.png\" alt=\"RSS\" loading=\"lazy\" \/><\/a> <a class=\"rsswidget rss-widget-title\" href=\"https:\/\/www.facet.unt.edu.ar\/facetinforma\">Cursos de Posgrado<\/a><\/h3><ul><li><a class='rsswidget' href='https:\/\/www.facet.unt.edu.ar\/facetinforma\/2024\/10\/04\/curso-de-posgrado-y-actualizacion-gestion-de-riesgo-de-inundaciones\/'>Curso de Posgrado y Actualizaci\u00f3n: Gesti\u00f3n de Riesgo de Inundaciones<\/a><div class=\"rssSummary\">La Facultad de Ciencias\u00a0 Exactas y\u00a0 Tecnolog\u00eda (FACET-UNT) invita a participar del Curso de Posgrado y Actualizaci\u00f3n: Gesti\u00f3n de Riesgo de Inundaciones, a cargo de Prof. Dr. Ing. Gerhard Haimerl, Decano y Coordinador de Asuntos Internacionales de la Facultad de Ingenier\u00eda Civil y Gerenciamiento de Proyectos de la Universidad de Ciencias Aplicadas de Biberach (HBC-Alemania), [&hellip;]<\/div><\/li><li><a class='rsswidget' href='https:\/\/www.facet.unt.edu.ar\/facetinforma\/2024\/09\/19\/acto-inaugural-del-encuentro-internacional-dialogos-sobre-el-agua\/'>Acto Inaugural del Encuentro Internacional: Di\u00e1logos sobre el agua<\/a><div class=\"rssSummary\">En la ma\u00f1ana de hoy en el Anfiteatro de Luminotecnia de la Facultad de Ciencias Exactas y Tecnolog\u00eda de la UNT, se llev\u00f3 a cabo el acto inaugural del Encuentro Internacional\u00a0 Di\u00e1logos sobre el agua: buena gobernanza, alianzas y cooperaci\u00f3n.\u00a0 Presenciaron la mesa de honor\u00a0 el Rector de la UNT, Ing. Sergio Pagani, la Vicerrectora, [&hellip;]<\/div><\/li><li><a class='rsswidget' href='https:\/\/www.facet.unt.edu.ar\/facetinforma\/2024\/09\/04\/curso-de-posgrado-herramientas-avanzadas-para-aulas-virtuales-2\/'>Curso de posgrado \u201cHerramientas Avanzadas para Aulas Virtuales\u201d<\/a><div class=\"rssSummary\">El Centro de Educaci\u00f3n a Distancia e Investigaci\u00f3n en Tecnolog\u00edas Educativas (CEDITE) de la Facultad de Ciencias Exactas y Tecnolog\u00eda, invita a participar en el curso de posgrado &quot;Herramientas Avanzadas para Aulas Virtuales&quot;.\u00a0 Durante 5 semanas, aprender\u00e1s a dominar las herramientas m\u00e1s eficaces de Moodle, desde la creaci\u00f3n de grupos y r\u00fabricas hasta la coevaluaci\u00f3n [&hellip;]<\/div><\/li><li><a class='rsswidget' href='https:\/\/www.facet.unt.edu.ar\/facetinforma\/2024\/09\/03\/curso-de-posgrado-taller-de-diseno-de-propuestas-de-ensenanza-innovadoras-para-el-ciclo-basico-en-facet\/'>Curso de Posgrado \u201cTaller de dise\u00f1o de propuestas de ense\u00f1anza innovadoras para el ciclo b\u00e1sico en FACET\u201d<\/a><div class=\"rssSummary\">El \u00c1rea de Formaci\u00f3n Docente de la FACET,informa: Invitamos a docentes que dictan asignaturas del ciclo b\u00e1sico de la FACET a participar del Curso de Posgrado \u201cTaller de dise\u00f1o de propuestas de ense\u00f1anza innovadoras para el ciclo b\u00e1sico en FACET\u201d, dictado por la Dra. D\u00e9borah Saientz. Temas que se abordar\u00e1n:\u00a0 La ense\u00f1anza y la innovaci\u00f3n [&hellip;]<\/div><\/li><li><a class='rsswidget' href='https:\/\/www.facet.unt.edu.ar\/facetinforma\/2024\/08\/26\/en-la-facet-se-dictara-la-maestria-en-electronica\/'>En la FACET se dictar\u00e1 la Maestr\u00eda en Electr\u00f3nica<\/a><div class=\"rssSummary\">La Secretar\u00eda de Educaci\u00f3n del Ministerio del Capital Humano, decidi\u00f3 otorgar reconocimiento oficial provisorio y la consecuente validez nacional seg\u00fan el Dictamen considerado por la Comisi\u00f3n Nacional de Evaluaci\u00f3n Y Acreditaci\u00f3n Universitaria al t\u00edtulo de posgrado de Mag\u00edster en Electr\u00f3nica, que expide la Universidad Nacional de Tucum\u00e1n, Facultad de Ciencias Exactas y Tecnolog\u00eda, perteneciente a [&hellip;]<\/div><\/li><\/ul><\/div><\/div><\/div><\/div>","protected":false},"excerpt":{"rendered":"<p>Se ofrece un programa de Formaci\u00f3n de Especialistas en Integraci\u00f3n de Tecnolog\u00edas Inform\u00e1ticas que permite profundizar la formaci\u00f3n de los profesionales para capacitarlos a integrar tecnolog\u00edas en respuesta a los r\u00e1pidos cambios que se producen en la especialidad en la actualidad. Dentro de la gran cantidad de cambios tecnol\u00f3gicos que caracterizan a la era de [&hellip;]<\/p>\n","protected":false},"author":1,"featured_media":0,"parent":0,"menu_order":0,"comment_status":"closed","ping_status":"closed","template":"","meta":[],"_links":{"self":[{"href":"https:\/\/www.facet.unt.edu.ar\/posgrado\/wp-json\/wp\/v2\/pages\/192"}],"collection":[{"href":"https:\/\/www.facet.unt.edu.ar\/posgrado\/wp-json\/wp\/v2\/pages"}],"about":[{"href":"https:\/\/www.facet.unt.edu.ar\/posgrado\/wp-json\/wp\/v2\/types\/page"}],"author":[{"embeddable":true,"href":"https:\/\/www.facet.unt.edu.ar\/posgrado\/wp-json\/wp\/v2\/users\/1"}],"replies":[{"embeddable":true,"href":"https:\/\/www.facet.unt.edu.ar\/posgrado\/wp-json\/wp\/v2\/comments?post=192"}],"version-history":[{"count":21,"href":"https:\/\/www.facet.unt.edu.ar\/posgrado\/wp-json\/wp\/v2\/pages\/192\/revisions"}],"predecessor-version":[{"id":1390,"href":"https:\/\/www.facet.unt.edu.ar\/posgrado\/wp-json\/wp\/v2\/pages\/192\/revisions\/1390"}],"wp:attachment":[{"href":"https:\/\/www.facet.unt.edu.ar\/posgrado\/wp-json\/wp\/v2\/media?parent=192"}],"curies":[{"name":"wp","href":"https:\/\/api.w.org\/{rel}","templated":true}]}}