{"id":260,"date":"2019-04-02T18:10:18","date_gmt":"2019-04-02T21:10:18","guid":{"rendered":"https:\/\/www.facet.unt.edu.ar\/posgrado\/?page_id=260"},"modified":"2025-10-17T14:33:07","modified_gmt":"2025-10-17T17:33:07","slug":"autoridades","status":"publish","type":"page","link":"https:\/\/www.facet.unt.edu.ar\/posgrado\/autoridades\/","title":{"rendered":"Autoridades"},"content":{"rendered":"<div id=\"pl-260\"  class=\"panel-layout\" ><div id=\"pg-260-0\"  class=\"panel-grid panel-no-style\" ><div id=\"pgc-260-0-0\"  class=\"panel-grid-cell\" ><div id=\"panel-260-0-0-0\" class=\"so-panel widget widget_sow-editor panel-first-child panel-last-child\" data-index=\"0\" ><div\n\t\t\t\n\t\t\tclass=\"so-widget-sow-editor so-widget-sow-editor-base\"\n\t\t\t\n\t\t>\n<div class=\"siteorigin-widget-tinymce textwidget\">\n\t<p><strong>Secretario de Posgrado, Investigaci\u00f3n e Innovaci\u00f3n:<\/strong><br \/>\nDr. Nicol\u00e1s Nieva<\/p>\n<p><strong>Coordinaci\u00f3n:<\/strong><br \/>\nDra. Cecilia Zapata<\/p>\n<h3>Consejo de Posgrado<\/h3>\n<p style=\"text-align: justify;\">El Consejo Directivo de la FACET, mediante <a href=\"https:\/\/www.facet.unt.edu.ar\/posgrado\/wp-content\/uploads\/sites\/54\/2024\/11\/4_29-10-2024_Resolucion_RES_FACET__SPOS_15732_2024.pdf\" target=\"_blank\" rel=\"noopener\">Resoluci\u00f3n N\u00b0: RES - FACET - SPOS - 15732 \/ 2024<\/a>, resolvi\u00f3 designar a partir del 1 de noviembre de 2024 y por el t\u00e9rmino de dos a\u00f1os, a los integrantes del Consejo de Posgrado de la Facultad de Ciencias Exactas y Tecnolog\u00eda UNT, seg\u00fan detalle:<\/p>\n<p align=\"justify\"><strong>CARRERAS DE DOCTORADO<\/strong>:<br \/>\nTitulares:<br \/>\n<strong>Dr. Fernando Mele<\/strong> (Doctorado en Ciencias Exactas y Tecnolog\u00eda),<br \/>\n<strong>Dr. Facundo Isla<\/strong> (Doctorado en Ingenier\u00eda)<br \/>\nSuplente:<br \/>\n<strong>Dra. Carolina Saracho Botero<\/strong> (Doctorado en Ciencia y Tecnolog\u00eda de los Alimentos)<\/p>\n<p align=\"justify\"><strong>CARRERAS DE MAESTRIA<\/strong>:<br \/>\nTitulares:<br \/>\n<strong>Dr. Eduardo Ahmad Guennam<\/strong> (Maestr\u00eda en Ingenier\u00eda Estructural)<br \/>\n<strong>Dr. Abel Carlos Jacinto<\/strong> (Maestr\u00eda en Ingenier\u00eda Geot\u00e9cnica)<br \/>\nSuplentes:<br \/>\n<strong>Mag. Silvina Ruth G\u00f3mez<\/strong> (Maestr\u00eda en Matem\u00e1tica)<br \/>\n<strong>Dr. Oscar Ulises Preciado Olvera<\/strong> (Maestr\u00eda en Luminotecnia)<\/p>\n<p align=\"justify\"><strong>CARRERAS DE ESPECIALIZACI\u00d3N:<\/strong><br \/>\nTitulares:<br \/>\n<strong>Esp. Natalia Valladares<\/strong> (Especializaci\u00f3n en Medio Ambiente Visual e Iluminaci\u00f3n Eficiente)<br \/>\n<strong>Mag. Luis Nieto<\/strong> (Especializaci\u00f3n en Integraci\u00f3n de Tecnolog\u00edas Inform\u00e1ticas)<\/p>\n<p align=\"justify\"><strong>DEPARTAMENTOS DOCENTES<\/strong>:<br \/>\nTitular:<br \/>\n<strong>Dra. Nadia Celeste Vega<\/strong><br \/>\nSuplente:<br \/>\n<strong>Mag. Ing. Gustavo Eduardo Ju\u00e1rez<\/strong><\/p>\n<p>&nbsp;<\/p>\n<\/div>\n<\/div><\/div><\/div><\/div><\/div>","protected":false},"excerpt":{"rendered":"<p>Secretario de Posgrado, Investigaci\u00f3n e Innovaci\u00f3n: Dr. Nicol\u00e1s Nieva Coordinaci\u00f3n: Dra. Cecilia Zapata Consejo de Posgrado El Consejo Directivo de la FACET, mediante Resoluci\u00f3n N\u00b0: RES &#8211; FACET &#8211; SPOS &#8211; 15732 \/ 2024, resolvi\u00f3 designar a partir del 1 de noviembre de 2024 y por el t\u00e9rmino de dos a\u00f1os, a los integrantes del [&hellip;]<\/p>\n","protected":false},"author":1,"featured_media":0,"parent":0,"menu_order":0,"comment_status":"closed","ping_status":"closed","template":"","meta":[],"_links":{"self":[{"href":"https:\/\/www.facet.unt.edu.ar\/posgrado\/wp-json\/wp\/v2\/pages\/260"}],"collection":[{"href":"https:\/\/www.facet.unt.edu.ar\/posgrado\/wp-json\/wp\/v2\/pages"}],"about":[{"href":"https:\/\/www.facet.unt.edu.ar\/posgrado\/wp-json\/wp\/v2\/types\/page"}],"author":[{"embeddable":true,"href":"https:\/\/www.facet.unt.edu.ar\/posgrado\/wp-json\/wp\/v2\/users\/1"}],"replies":[{"embeddable":true,"href":"https:\/\/www.facet.unt.edu.ar\/posgrado\/wp-json\/wp\/v2\/comments?post=260"}],"version-history":[{"count":27,"href":"https:\/\/www.facet.unt.edu.ar\/posgrado\/wp-json\/wp\/v2\/pages\/260\/revisions"}],"predecessor-version":[{"id":1982,"href":"https:\/\/www.facet.unt.edu.ar\/posgrado\/wp-json\/wp\/v2\/pages\/260\/revisions\/1982"}],"wp:attachment":[{"href":"https:\/\/www.facet.unt.edu.ar\/posgrado\/wp-json\/wp\/v2\/media?parent=260"}],"curies":[{"name":"wp","href":"https:\/\/api.w.org\/{rel}","templated":true}]}}