{"id":359,"date":"2019-04-14T13:20:28","date_gmt":"2019-04-14T16:20:28","guid":{"rendered":"https:\/\/www.facet.unt.edu.ar\/posgrado\/?page_id=359"},"modified":"2022-11-22T18:13:30","modified_gmt":"2022-11-22T21:13:30","slug":"maestria-en-proyectos-de-ingenieria","status":"publish","type":"page","link":"https:\/\/www.facet.unt.edu.ar\/posgrado\/maestria-en-proyectos-de-ingenieria\/","title":{"rendered":"Maestr\u00eda en  Proyectos de Ingenier\u00eda"},"content":{"rendered":"<div id=\"pl-359\"  class=\"panel-layout\" ><div id=\"pg-359-0\"  class=\"panel-grid panel-no-style\" ><div id=\"pgc-359-0-0\"  class=\"panel-grid-cell\" ><div id=\"panel-359-0-0-0\" class=\"so-panel widget widget_sow-editor panel-first-child panel-last-child\" data-index=\"0\" ><div\n\t\t\t\n\t\t\tclass=\"so-widget-sow-editor so-widget-sow-editor-base\"\n\t\t\t\n\t\t>\n<div class=\"siteorigin-widget-tinymce textwidget\">\n\t<p>La Maestr\u00eda forma egresados con capacidades para dise\u00f1ar, organizar y dirigir proyectos tecnol\u00f3gicos de gran envergadura, desde su especificaci\u00f3n hasta su industrializaci\u00f3n, incluyendo la explotaci\u00f3n comercial y el\u00a0mantenimiento. Se ense\u00f1an m\u00e9todos que permiten calcular y controlar los riesgos, los costos y los tiempos, asegurando la eficiencia de una empresa y la competitividad de un producto.<\/p>\n<p>Maestr\u00eda de Doble Titulaci\u00f3n con la Universidad de Ciencias Aplicadas de Biberach, Alemania, con financiaci\u00f3n del Centro Universitario Argentino-Alem\u00e1n (CUAA\/DAHZ) y la Secretar\u00eda de Pol\u00edticas Universitarias (SPU) del Ministerio de Educaci\u00f3n.<\/p>\n<h3>Resoluciones<\/h3>\n<ul>\n<li><a href=\"https:\/\/www.facet.unt.edu.ar\/posgrado\/wp-content\/uploads\/sites\/54\/2019\/04\/Creaci\u00f3n-Maestria-en-Proyectos-de-Ingenieria.pdf\">HCS 2869\/12<\/a><\/li>\n<li><a href=\"https:\/\/www.facet.unt.edu.ar\/posgrado\/wp-content\/uploads\/sites\/54\/2019\/05\/RESFC-2016-18-acred-maestria-proyecto-ingenieria.pdf\">CONEAU 2016-18<\/a><\/li>\n<li><a href=\"https:\/\/www.facet.unt.edu.ar\/posgrado\/wp-content\/uploads\/sites\/54\/2019\/04\/RES-4517-17-MAG\u00cdSTER-EN-PROYECTO-DE-INGENIER\u00cdA.pdf\">Ministerio de Educaci\u00f3n 4517\/2017<\/a><\/li>\n<\/ul>\n<h3>Sitio web<\/h3>\n<p><a href=\"http:\/\/www.proyectosingenieria.org.ar\/\">http:\/\/www.proyectosingenieria.org.ar\/<\/a><\/p>\n<\/div>\n<\/div><\/div><\/div><div id=\"pgc-359-0-1\"  class=\"panel-grid-cell\" ><div id=\"panel-359-0-1-0\" class=\"so-panel widget widget_rss panel-first-child panel-last-child\" data-index=\"1\" ><h3 class=\"widget-title\"><a class=\"rsswidget rss-widget-feed\" href=\"https:\/\/www.facet.unt.edu.ar\/facetinforma\/category\/cursosdeposgrado\/feed\"><img class=\"rss-widget-icon\" style=\"border:0\" width=\"14\" height=\"14\" src=\"https:\/\/www.facet.unt.edu.ar\/posgrado\/wp-includes\/images\/rss.png\" alt=\"RSS\" loading=\"lazy\" \/><\/a> <a class=\"rsswidget rss-widget-title\" href=\"https:\/\/www.facet.unt.edu.ar\/facetinforma\">Cursos de Posgrado<\/a><\/h3><ul><li><a class='rsswidget' href='https:\/\/www.facet.unt.edu.ar\/facetinforma\/2024\/10\/04\/curso-de-posgrado-y-actualizacion-gestion-de-riesgo-de-inundaciones\/'>Curso de Posgrado y Actualizaci\u00f3n: Gesti\u00f3n de Riesgo de Inundaciones<\/a><div class=\"rssSummary\">La Facultad de Ciencias\u00a0 Exactas y\u00a0 Tecnolog\u00eda (FACET-UNT) invita a participar del Curso de Posgrado y Actualizaci\u00f3n: Gesti\u00f3n de Riesgo de Inundaciones, a cargo de Prof. Dr. Ing. Gerhard Haimerl, Decano y Coordinador de Asuntos Internacionales de la Facultad de Ingenier\u00eda Civil y Gerenciamiento de Proyectos de la Universidad de Ciencias Aplicadas de Biberach (HBC-Alemania), [&hellip;]<\/div><\/li><li><a class='rsswidget' href='https:\/\/www.facet.unt.edu.ar\/facetinforma\/2024\/09\/19\/acto-inaugural-del-encuentro-internacional-dialogos-sobre-el-agua\/'>Acto Inaugural del Encuentro Internacional: Di\u00e1logos sobre el agua<\/a><div class=\"rssSummary\">En la ma\u00f1ana de hoy en el Anfiteatro de Luminotecnia de la Facultad de Ciencias Exactas y Tecnolog\u00eda de la UNT, se llev\u00f3 a cabo el acto inaugural del Encuentro Internacional\u00a0 Di\u00e1logos sobre el agua: buena gobernanza, alianzas y cooperaci\u00f3n.\u00a0 Presenciaron la mesa de honor\u00a0 el Rector de la UNT, Ing. Sergio Pagani, la Vicerrectora, [&hellip;]<\/div><\/li><li><a class='rsswidget' href='https:\/\/www.facet.unt.edu.ar\/facetinforma\/2024\/09\/04\/curso-de-posgrado-herramientas-avanzadas-para-aulas-virtuales-2\/'>Curso de posgrado \u201cHerramientas Avanzadas para Aulas Virtuales\u201d<\/a><div class=\"rssSummary\">El Centro de Educaci\u00f3n a Distancia e Investigaci\u00f3n en Tecnolog\u00edas Educativas (CEDITE) de la Facultad de Ciencias Exactas y Tecnolog\u00eda, invita a participar en el curso de posgrado &quot;Herramientas Avanzadas para Aulas Virtuales&quot;.\u00a0 Durante 5 semanas, aprender\u00e1s a dominar las herramientas m\u00e1s eficaces de Moodle, desde la creaci\u00f3n de grupos y r\u00fabricas hasta la coevaluaci\u00f3n [&hellip;]<\/div><\/li><li><a class='rsswidget' href='https:\/\/www.facet.unt.edu.ar\/facetinforma\/2024\/09\/03\/curso-de-posgrado-taller-de-diseno-de-propuestas-de-ensenanza-innovadoras-para-el-ciclo-basico-en-facet\/'>Curso de Posgrado \u201cTaller de dise\u00f1o de propuestas de ense\u00f1anza innovadoras para el ciclo b\u00e1sico en FACET\u201d<\/a><div class=\"rssSummary\">El \u00c1rea de Formaci\u00f3n Docente de la FACET,informa: Invitamos a docentes que dictan asignaturas del ciclo b\u00e1sico de la FACET a participar del Curso de Posgrado \u201cTaller de dise\u00f1o de propuestas de ense\u00f1anza innovadoras para el ciclo b\u00e1sico en FACET\u201d, dictado por la Dra. D\u00e9borah Saientz. Temas que se abordar\u00e1n:\u00a0 La ense\u00f1anza y la innovaci\u00f3n [&hellip;]<\/div><\/li><li><a class='rsswidget' href='https:\/\/www.facet.unt.edu.ar\/facetinforma\/2024\/08\/26\/en-la-facet-se-dictara-la-maestria-en-electronica\/'>En la FACET se dictar\u00e1 la Maestr\u00eda en Electr\u00f3nica<\/a><div class=\"rssSummary\">La Secretar\u00eda de Educaci\u00f3n del Ministerio del Capital Humano, decidi\u00f3 otorgar reconocimiento oficial provisorio y la consecuente validez nacional seg\u00fan el Dictamen considerado por la Comisi\u00f3n Nacional de Evaluaci\u00f3n Y Acreditaci\u00f3n Universitaria al t\u00edtulo de posgrado de Mag\u00edster en Electr\u00f3nica, que expide la Universidad Nacional de Tucum\u00e1n, Facultad de Ciencias Exactas y Tecnolog\u00eda, perteneciente a [&hellip;]<\/div><\/li><\/ul><\/div><\/div><\/div><\/div>","protected":false},"excerpt":{"rendered":"<p>La Maestr\u00eda forma egresados con capacidades para dise\u00f1ar, organizar y dirigir proyectos tecnol\u00f3gicos de gran envergadura, desde su especificaci\u00f3n hasta su industrializaci\u00f3n, incluyendo la explotaci\u00f3n comercial y el\u00a0mantenimiento. Se ense\u00f1an m\u00e9todos que permiten calcular y controlar los riesgos, los costos y los tiempos, asegurando la eficiencia de una empresa y la competitividad de un producto. [&hellip;]<\/p>\n","protected":false},"author":1,"featured_media":0,"parent":0,"menu_order":0,"comment_status":"closed","ping_status":"closed","template":"","meta":[],"_links":{"self":[{"href":"https:\/\/www.facet.unt.edu.ar\/posgrado\/wp-json\/wp\/v2\/pages\/359"}],"collection":[{"href":"https:\/\/www.facet.unt.edu.ar\/posgrado\/wp-json\/wp\/v2\/pages"}],"about":[{"href":"https:\/\/www.facet.unt.edu.ar\/posgrado\/wp-json\/wp\/v2\/types\/page"}],"author":[{"embeddable":true,"href":"https:\/\/www.facet.unt.edu.ar\/posgrado\/wp-json\/wp\/v2\/users\/1"}],"replies":[{"embeddable":true,"href":"https:\/\/www.facet.unt.edu.ar\/posgrado\/wp-json\/wp\/v2\/comments?post=359"}],"version-history":[{"count":15,"href":"https:\/\/www.facet.unt.edu.ar\/posgrado\/wp-json\/wp\/v2\/pages\/359\/revisions"}],"predecessor-version":[{"id":1008,"href":"https:\/\/www.facet.unt.edu.ar\/posgrado\/wp-json\/wp\/v2\/pages\/359\/revisions\/1008"}],"wp:attachment":[{"href":"https:\/\/www.facet.unt.edu.ar\/posgrado\/wp-json\/wp\/v2\/media?parent=359"}],"curies":[{"name":"wp","href":"https:\/\/api.w.org\/{rel}","templated":true}]}}