{"id":390,"date":"2019-05-26T12:42:21","date_gmt":"2019-05-26T15:42:21","guid":{"rendered":"https:\/\/www.facet.unt.edu.ar\/posgrado\/?page_id=390"},"modified":"2026-03-23T08:13:16","modified_gmt":"2026-03-23T11:13:16","slug":"documentos","status":"publish","type":"page","link":"https:\/\/www.facet.unt.edu.ar\/posgrado\/documentos\/","title":{"rendered":"Documentos"},"content":{"rendered":"<div id=\"pl-390\"  class=\"panel-layout\" ><div id=\"pg-390-0\"  class=\"panel-grid panel-no-style\" ><div id=\"pgc-390-0-0\"  class=\"panel-grid-cell\" ><div id=\"panel-390-0-0-0\" class=\"so-panel widget widget_sow-editor panel-first-child panel-last-child\" data-index=\"0\" ><div\n\t\t\t\n\t\t\tclass=\"so-widget-sow-editor so-widget-sow-editor-base\"\n\t\t\t\n\t\t>\n<div class=\"siteorigin-widget-tinymce textwidget\">\n\t<h3>Reglamentos<\/h3>\n<ul>\n<li><a href=\"https:\/\/www.facet.unt.edu.ar\/posgrado\/wp-content\/uploads\/sites\/54\/2019\/05\/1.-REGLAMENTO-GRAL-DE-PG-UNT-RES.2558-2012-sm.pdf\">Reglamento General de Posgrado UNT RES.2558\/2012<\/a><\/li>\n<li><a href=\"https:\/\/www.facet.unt.edu.ar\/posgrado\/wp-content\/uploads\/sites\/54\/2019\/05\/Res._105-19_-_Modif._art._11_Reglamento_Posgrado.pdf\">Modificaci\u00f3n del Reglamento de Posgrado UNT Res. 105\/19<\/a><\/li>\n<li><a href=\"https:\/\/www.facet.unt.edu.ar\/posgrado\/wp-content\/uploads\/sites\/54\/2021\/02\/Requisitos-para-Adicional-por-Titulo-de-Doctorado.docx\">Requisitos para adicional por t\u00edtulo de Doctorado, Maestr\u00eda y Especializaci\u00f3n<\/a><\/li>\n<\/ul>\n<p class=\"entry-title\"><a href=\"https:\/\/www.facet.unt.edu.ar\/posgrado\/wp-content\/uploads\/sites\/54\/2026\/02\/Procedimientos-Tramites-y-Documentacion-de-Posgrado-SUDOCU-Alumnos-Carreras-Cursos-publicado.pdf\" target=\"_blank\" rel=\"noopener\"><strong>Procedimientos Tr\u00e1mites y Documentaci\u00f3n de Posgrado-SUDOCU -Alumnos -Carreras- Cursos<\/strong><\/a><\/p>\n<h3>Inscripciones<\/h3>\n<ol>\n<li>Si el candidato no es\u00a0 alumno en alguna carrera de UNT debe hacer la Pre-inscripci\u00f3n SIU Guaran\u00ed: <a href=\"https:\/\/guarani.unt.edu.ar\/preinscripciones\/facet\/\">https:\/\/guarani.unt.edu.ar\/preinscripciones\/facet\/<\/a><\/li>\n<li>En caso de que el candidato ya tenga\u00a0 usuario\u00a0 SIU,\u00a0 \u00a0deber\u00e1 elegir la carrera a trav\u00e9s del sistema de Autogesti\u00f3n Autogesti\u00f3n SIU Guarani: <a href=\"https:\/\/guarani.unt.edu.ar\/autogestion\/\">https:\/\/guarani.unt.edu.ar\/autogestion\/<\/a>. Para ello deber\u00e1 ingresar a la solapa \u201cTr\u00e1mites\/Preinscripci\u00f3n a Propuestas\u201d y finalmente elegir la opci\u00f3n \u201cFinali<\/li>\n<\/ol>\n<h3><strong>Reinscripciones<\/strong><\/h3>\n<ol>\n<li style=\"font-weight: 400;\" aria-level=\"1\"><span style=\"font-weight: 400;\">Ingresar trav\u00e9s del sistema de Autogesti\u00f3n SIU Guarani: <\/span><a href=\"https:\/\/guarani.unt.edu.ar\/autogestion\/\"><span style=\"font-weight: 400;\">https:\/\/guarani.unt.edu.ar\/autogestion\/<\/span><\/a><span style=\"font-weight: 400;\"> y presionar el bot\u00f3n naranja <span style=\"color: #ff6600;\">REISNCRIBIRSE<\/span>.\u00a0<\/span><\/li>\n<\/ol>\n<h3>Checklists<\/h3>\n<ul>\n<li style=\"list-style-type: none;\">\n<ul>\n<li><a href=\"https:\/\/www.facet.unt.edu.ar\/posgrado\/wp-content\/uploads\/sites\/54\/2026\/02\/Checklist-INSCRIPCION-carreras-estructuradas-y-semi-2026.doc\" target=\"_blank\" rel=\"noopener\">Checklist-INSCRIPCION-carreras estructuradas-y-semiestructuradas<\/a><\/li>\n<li><a href=\"https:\/\/www.facet.unt.edu.ar\/posgrado\/wp-content\/uploads\/sites\/54\/2026\/02\/Checklist-Inscripcion-Estudiantes-Extranjeros-Carrera-Maestria-en-Proyectos-de-Ingenieria-FACET-2026.doc\" target=\"_blank\" rel=\"noopener\">Ckecklist-Incripci\u00f3n- Maestr\u00eda en Proyectos de Ingenier\u00eda- Estudiantes Extranjeros<\/a><\/li>\n<li><a href=\"https:\/\/www.facet.unt.edu.ar\/posgrado\/wp-content\/uploads\/sites\/54\/2026\/02\/Checklist-Inscripcion-Estudiantes-Argentinos-Carrera-Maestria-en-Proyectos-de-Ingenieria-FACET-2026.doc\" target=\"_blank\" rel=\"noopener\">Ckecklist-Incripci\u00f3n- Maestr\u00eda en Proyectos de Ingenier\u00eda- Estudiantes Argentinos<\/a><\/li>\n<li><a href=\"https:\/\/www.facet.unt.edu.ar\/posgrado\/wp-content\/uploads\/sites\/54\/2026\/02\/Checklist-Inscripcion-para-doctorados-y-maestrias-personalizadas-2026.doc\" target=\"_blank\" rel=\"noopener\">Checklist-Inscripcion-para-doctorados-y-maestrias-personalizadas<\/a><\/li>\n<li><a href=\"https:\/\/www.facet.unt.edu.ar\/posgrado\/wp-content\/uploads\/sites\/54\/2025\/12\/Checklist-Aceptacion-del-tema-y-Plan-de-Trabajo-final-2025-V2.doc\" target=\"_blank\" rel=\"noopener\">Checklist Aceptaci\u00f3n del tema y Plan de Trabajo para Doctorados y Maestr\u00edas Estructuradas y Semi<\/a><\/li>\n<li><a href=\"https:\/\/www.facet.unt.edu.ar\/posgrado\/wp-content\/uploads\/sites\/54\/2019\/05\/Checklist-de-Informe-de-supervision.doc\">Checklist de Informe de Comisi\u00f3n de Supervisi\u00f3n<\/a><\/li>\n<li><a href=\"https:\/\/www.facet.unt.edu.ar\/posgrado\/wp-content\/uploads\/sites\/54\/2025\/12\/Tramite-de-Designacion-de-Tribunal-Maestrias-Doctorados-2025.doc\" target=\"_blank\" rel=\"noopener\">Checklist Tr\u00e1mite de Designaci\u00f3n de Tribunal Maestr\u00edas y Doctorados<\/a><\/li>\n<li><a href=\"https:\/\/www.facet.unt.edu.ar\/posgrado\/wp-content\/uploads\/sites\/54\/2025\/12\/Checklist-Tramite-de-Tribunal-examinadorpara-especializacion-2025.doc\" target=\"_blank\" rel=\"noopener\">Checklist Tr\u00e1mite de Designaci\u00f3n de Tribunal Especializaciones<\/a><\/li>\n<li><a href=\"https:\/\/www.facet.unt.edu.ar\/posgrado\/wp-content\/uploads\/sites\/54\/2025\/06\/Requisitos-DiplomaMaestrias-Doctorados-SUDOCU-final-junio-2025-publicada.pdf\" target=\"_blank\" rel=\"noopener\">Checklis Expedici\u00f3n Diploma Docatorado y Maestria<\/a><\/li>\n<li><a href=\"https:\/\/www.facet.unt.edu.ar\/posgrado\/wp-content\/uploads\/sites\/54\/2025\/06\/Requisitos-Diploma-Esp.-SUDOCU-final-junio-2025-publicada.pdf\" target=\"_blank\" rel=\"noopener\">Checklis Expedici\u00f3n Diploma Especializaci\u00f3n<\/a><\/li>\n<li><a href=\"https:\/\/www.facet.unt.edu.ar\/posgrado\/wp-content\/uploads\/sites\/54\/2025\/04\/solicitud-Diploma.pdf\" target=\"_blank\" rel=\"noopener\">Solicitud Diploma<\/a><\/li>\n<\/ul>\n<\/li>\n<\/ul>\n<p>&nbsp;<\/p>\n<h3>Presentaci\u00f3n\u00a0de Cursos de Postgrado<\/h3>\n<ul>\n<li><a href=\"https:\/\/www.facet.unt.edu.ar\/posgrado\/wp-content\/uploads\/sites\/54\/2025\/10\/Res.Comunicado.pdf\" target=\"_blank\" rel=\"noopener\">Solicitud de Reedci\u00f3n de Cursos de Posgrado de Carreras Semi y Estructuradas<\/a><\/li>\n<li><a href=\"https:\/\/www.facet.unt.edu.ar\/posgrado\/wp-content\/uploads\/sites\/54\/2025\/12\/Checklist-autorizacion-Cursos-Nuevos-2025.doc\" target=\"_blank\" rel=\"noopener\">Solicitud de\u00a0Autorizaci\u00f3n de Cursos Presenciales de Postgrado<\/a><\/li>\n<li><a href=\"https:\/\/www.facet.unt.edu.ar\/posgrado\/wp-content\/uploads\/sites\/54\/2025\/07\/NUEVO-CHEK-LIST-DE-REEDICION-DE-CURSOS-2025-FINAL.doc\" target=\"_blank\" rel=\"noopener\">Solicitud de\u00a0Autorizaci\u00f3n de Reedici\u00f3n de Cursos Presenciales de Postgrado<\/a><\/li>\n<li><a href=\"https:\/\/www.facet.unt.edu.ar\/posgrado\/wp-content\/uploads\/sites\/54\/2023\/03\/Adecuacion-requerimientos-para-cursos-de-posgrado-virtuales.docx\" target=\"_blank\" rel=\"noopener\">Solicitud de Autorizaci\u00f3n de Cursos Virtuales o H\u00edbridos de Postgrado<\/a><\/li>\n<li><a href=\"https:\/\/www.facet.unt.edu.ar\/posgrado\/wp-content\/uploads\/sites\/54\/2025\/07\/Modelo-de-Informe-Final-2025.doc\" target=\"_blank\" rel=\"noopener\">Modelo de Informe final de cursos<\/a><\/li>\n<li><a href=\"https:\/\/www.facet.unt.edu.ar\/posgrado\/wp-content\/uploads\/sites\/54\/2022\/06\/Modelo-de-Acta-de-Examen.doc\" target=\"_blank\" rel=\"noopener\">Modelo de Acta de examen de cursos<\/a><\/li>\n<li><a href=\"https:\/\/www.facet.unt.edu.ar\/posgrado\/wp-content\/uploads\/sites\/54\/2025\/02\/Modelo-de-Certificado-nuevo-template-2025.doc\" target=\"_blank\" rel=\"noopener\">Modelo-de-Certificado-nuevo template<\/a><\/li>\n<\/ul>\n<h3>Notas<\/h3>\n<ul>\n<li><a href=\"https:\/\/www.facet.unt.edu.ar\/posgrado\/wp-content\/uploads\/sites\/54\/2019\/05\/Notificaci\u00f3n-carrera-CONEAU-y-MEN-EDITABLE_2.docx\">Notificaci\u00f3n de situaci\u00f3n de la carrera ante CONEAU y Ministerio de Educaci\u00f3n de la Naci\u00f3n<\/a><\/li>\n<li><a href=\"https:\/\/www.facet.unt.edu.ar\/posgrado\/wp-content\/uploads\/sites\/54\/2019\/05\/Modelo-Detalle-de-Materias-Editable_2.doc\">Modelo detalle parcial de materias<\/a><\/li>\n<li><a href=\"https:\/\/www.facet.unt.edu.ar\/posgrado\/wp-content\/uploads\/sites\/54\/2021\/02\/Modelo-Detalle-Final-de-Materias.doc\">Modelo detalle final de materias<\/a><\/li>\n<li><a href=\"https:\/\/www.facet.unt.edu.ar\/posgrado\/wp-content\/uploads\/sites\/54\/2019\/05\/Modelo-Informe-Final-Comisi\u00f3n-Supervisi\u00f3n-Editable_3.doc\">Informe final de Comisi\u00f3n de Supervisi\u00f3n<\/a><\/li>\n<li><a href=\"https:\/\/www.facet.unt.edu.ar\/posgrado\/wp-content\/uploads\/sites\/54\/2021\/02\/Nota_solicitud_de_constitucion_del_Tribunal.doc\">Nota de solicitud de constituci\u00f3n del Tribunal<\/a><\/li>\n<li><a href=\"https:\/\/www.facet.unt.edu.ar\/posgrado\/wp-content\/uploads\/sites\/54\/2021\/02\/NOTA-Solicitud-Analitico.doc\">Nota de solicitud de certificado anal\u00edtico<\/a><\/li>\n<\/ul>\n<h3>Actas de las Reuniones del Consejo de Posgrado<\/h3>\n<p><strong>A\u00f1o 2022<\/strong><\/p>\n<ul>\n<li><a href=\"https:\/\/www.facet.unt.edu.ar\/posgrado\/wp-content\/uploads\/sites\/54\/2022\/11\/26-de-octubre-firmada.pdf\" target=\"_blank\" rel=\"noopener\">Reuni\u00f3n 26 de Octubre de 2022<\/a><\/li>\n<li><a href=\"https:\/\/www.facet.unt.edu.ar\/posgrado\/wp-content\/uploads\/sites\/54\/2022\/11\/9-de-noviembre-firmada.pdf\" target=\"_blank\" rel=\"noopener\">Reuni\u00f3n 09 de Noviembre de 2022<\/a><\/li>\n<li><a href=\"https:\/\/www.facet.unt.edu.ar\/posgrado\/wp-content\/uploads\/sites\/54\/2022\/11\/16-de-noviembre-firmada.pdf\" target=\"_blank\" rel=\"noopener\">Reuni\u00f3n 16 de Noviembre de 2022<\/a><\/li>\n<li><a href=\"https:\/\/www.facet.unt.edu.ar\/posgrado\/wp-content\/uploads\/sites\/54\/2022\/12\/25-11-Acta-firmada.pdf\" target=\"_blank\" rel=\"noopener\">Reuni\u00f3n 25 de Noviembre de 2022<\/a><\/li>\n<\/ul>\n<p><strong>A\u00f1o 2023<\/strong><\/p>\n<ul>\n<li><a href=\"https:\/\/www.facet.unt.edu.ar\/posgrado\/wp-content\/uploads\/sites\/54\/2023\/03\/ACTA-marzo-7-firmada.pdf\" target=\"_blank\" rel=\"noopener\">Reuni\u00f3n 07 de Marzo de 2023<\/a><\/li>\n<li><a href=\"https:\/\/www.facet.unt.edu.ar\/posgrado\/wp-content\/uploads\/sites\/54\/2023\/04\/Acta-Reunion-14-de-Marzo-de-2023.pdf\" target=\"_blank\" rel=\"noopener\">Reuni\u00f3n 14 de Marzo de 2023<\/a><\/li>\n<li><a href=\"https:\/\/www.facet.unt.edu.ar\/posgrado\/wp-content\/uploads\/sites\/54\/2023\/09\/Reunion-28-03-23.pdf\">Reuni\u00f3n 28-03-23<\/a><\/li>\n<li><a href=\"https:\/\/www.facet.unt.edu.ar\/posgrado\/wp-content\/uploads\/sites\/54\/2023\/09\/Reunion-26-04-23.pdf\">Reuni\u00f3n 26-04-23<\/a><\/li>\n<li><a href=\"https:\/\/www.facet.unt.edu.ar\/posgrado\/wp-content\/uploads\/sites\/54\/2023\/09\/Reunion-17-05-23.pdf\">Reuni\u00f3n 17-05-23<\/a><\/li>\n<li><a href=\"https:\/\/www.facet.unt.edu.ar\/posgrado\/wp-content\/uploads\/sites\/54\/2023\/09\/Reunion-31-05-23.pdf\">Reuni\u00f3n 31-05-23<\/a><\/li>\n<li><a href=\"https:\/\/www.facet.unt.edu.ar\/posgrado\/wp-content\/uploads\/sites\/54\/2023\/09\/Reunion-23-06-23.pdf\">Reuni\u00f3n 23-06-23<\/a><\/li>\n<li><a href=\"https:\/\/www.facet.unt.edu.ar\/posgrado\/wp-content\/uploads\/sites\/54\/2023\/09\/Reunion-26-07-23.pdf\">Reuni\u00f3n 26-07-23<\/a><\/li>\n<li><a href=\"https:\/\/www.facet.unt.edu.ar\/posgrado\/wp-content\/uploads\/sites\/54\/2023\/09\/Reunion-09-08-23.pdf\">Reuni\u00f3n 09-08-23<\/a><\/li>\n<li><a href=\"https:\/\/www.facet.unt.edu.ar\/posgrado\/wp-content\/uploads\/sites\/54\/2023\/09\/Reunion-23-08-23.pdf\">Reuni\u00f3n 23-08-23<\/a><\/li>\n<li><a href=\"https:\/\/www.facet.unt.edu.ar\/posgrado\/wp-content\/uploads\/sites\/54\/2023\/09\/Reunion-06-09-23.pdf\">Reuni\u00f3n 06-09-23<\/a><\/li>\n<li><a href=\"https:\/\/www.facet.unt.edu.ar\/posgrado\/wp-content\/uploads\/sites\/54\/2023\/11\/ACTA-reunion-27-septiembre-2023.pdf\">Reuni\u00f3n 27-09-23<\/a><\/li>\n<li><a href=\"https:\/\/www.facet.unt.edu.ar\/posgrado\/wp-content\/uploads\/sites\/54\/2023\/11\/ACTA-reunion-11-octubre-2023-1.pdf\">Reuni\u00f3n 11-10-23<\/a><\/li>\n<li><a href=\"https:\/\/www.facet.unt.edu.ar\/posgrado\/wp-content\/uploads\/sites\/54\/2023\/11\/ACTA-reunion-25-octubre-2023.pdf\">Reuni\u00f3n 25-10-23<\/a><\/li>\n<li><a href=\"https:\/\/www.facet.unt.edu.ar\/posgrado\/wp-content\/uploads\/sites\/54\/2023\/11\/ACTA-reunion-08-noviembre-2023.pdf\">Reuni\u00f3n 08-11-23<\/a><\/li>\n<li><a href=\"https:\/\/www.facet.unt.edu.ar\/posgrado\/wp-content\/uploads\/sites\/54\/2024\/03\/ACTA-reunion-22-noviembre-2023.pdf\">Reuni\u00f3n 22-11-23<\/a><\/li>\n<li><a href=\"https:\/\/www.facet.unt.edu.ar\/posgrado\/wp-content\/uploads\/sites\/54\/2024\/03\/ACTA-reunion-06-diciembre-2023.pdf\">Reuni\u00f3n 06-12-23<\/a><\/li>\n<\/ul>\n<p><strong>A\u00f1o 2024<\/strong><\/p>\n<ul>\n<li><a href=\"https:\/\/www.facet.unt.edu.ar\/posgrado\/wp-content\/uploads\/sites\/54\/2024\/03\/ACTA-reunion-28-febrero-2024.pdf\">Reuni\u00f3n 28-02-24<\/a><\/li>\n<li><a href=\"https:\/\/www.facet.unt.edu.ar\/posgrado\/wp-content\/uploads\/sites\/54\/2024\/03\/ACTA-reunion-20-marzo-2024.pdf\">Reuni\u00f3n 20-03-24<\/a><\/li>\n<li><a href=\"https:\/\/www.facet.unt.edu.ar\/posgrado\/wp-content\/uploads\/sites\/54\/2024\/08\/ACTA-reunion-10-abril-2024.pdf\">Reuni\u00f3n 10-04-24<\/a><\/li>\n<li><a href=\"https:\/\/www.facet.unt.edu.ar\/posgrado\/wp-content\/uploads\/sites\/54\/2024\/08\/ACTA-reunion-24-abril-2024.pdf\">Reuni\u00f3n 24-04-24<\/a><\/li>\n<li><a href=\"https:\/\/www.facet.unt.edu.ar\/posgrado\/wp-content\/uploads\/sites\/54\/2024\/08\/ACTA-reunion-15-mayo-2024.pdf\">Reuni\u00f3n 15-05-24<\/a><\/li>\n<li><a href=\"https:\/\/www.facet.unt.edu.ar\/posgrado\/wp-content\/uploads\/sites\/54\/2024\/08\/ACTA-reunion-29-mayo-2024.pdf\">Reuni\u00f3n 29-05-24<\/a><\/li>\n<li><a href=\"https:\/\/www.facet.unt.edu.ar\/posgrado\/wp-content\/uploads\/sites\/54\/2024\/08\/ACTA-reunion-12-junio-2024.pdf\">Reuni\u00f3n 12-06-24<\/a><\/li>\n<li><a href=\"https:\/\/www.facet.unt.edu.ar\/posgrado\/wp-content\/uploads\/sites\/54\/2024\/08\/ACTA-reunion-26-junio-2024.pdf\">Reuni\u00f3n 26-06-24<\/a><\/li>\n<li><a href=\"https:\/\/www.facet.unt.edu.ar\/posgrado\/wp-content\/uploads\/sites\/54\/2024\/08\/ACTA-reunion-24-julio-2024.pdf\">Reuni\u00f3n 24-07-24<\/a><\/li>\n<li><a href=\"https:\/\/www.facet.unt.edu.ar\/posgrado\/wp-content\/uploads\/sites\/54\/2024\/11\/ACTA-reunion-4-agosto-2024-final.pdf\" target=\"_blank\" rel=\"noopener\">Reuni\u00f3n 04 de Agosto de 2024<\/a><\/li>\n<li><a href=\"https:\/\/www.facet.unt.edu.ar\/posgrado\/wp-content\/uploads\/sites\/54\/2024\/11\/ACTA-reunion-18-septiembre-2024-final.pdf\" target=\"_blank\" rel=\"noopener\">Reuni\u00f3n 18 de Septiembre de 2024<\/a><\/li>\n<li><a href=\"https:\/\/www.facet.unt.edu.ar\/posgrado\/wp-content\/uploads\/sites\/54\/2024\/11\/ACTA-reunion-3-octubre-2024-final.pdf\" target=\"_blank\" rel=\"noopener\">Reuni\u00f3n 03 de Octubre de 2024<\/a><\/li>\n<li><a href=\"https:\/\/www.facet.unt.edu.ar\/posgrado\/wp-content\/uploads\/sites\/54\/2024\/11\/ACTA-reunion-16-octubre-2024-final.pdf\" target=\"_blank\" rel=\"noopener\">Reuni\u00f3n 16 de Octubre de 2024<\/a><\/li>\n<li><a href=\"https:\/\/www.facet.unt.edu.ar\/posgrado\/wp-content\/uploads\/sites\/54\/2024\/11\/ACTA-reunion-30-octubre-2024.pdf\" target=\"_blank\" rel=\"noopener\">Reuni\u00f3n 30 de Octubre de 2024<\/a><\/li>\n<li><a href=\"https:\/\/www.facet.unt.edu.ar\/posgrado\/wp-content\/uploads\/sites\/54\/2025\/02\/ACTA-reunion-26-noviembre-2024-final-2.pdf\">Reuni\u00f3n 26 de Noviembre de 2024<\/a><\/li>\n<li><a href=\"https:\/\/www.facet.unt.edu.ar\/posgrado\/wp-content\/uploads\/sites\/54\/2025\/02\/ACTA-reunion-3-diciembre-2024-Final.pdf\" target=\"_blank\" rel=\"noopener\">Reuni\u00f3n 3 de Diciembre de 2024<\/a><\/li>\n<\/ul>\n<p><strong>A\u00f1o 2025<\/strong><\/p>\n<ul>\n<li><a href=\"https:\/\/www.facet.unt.edu.ar\/posgrado\/wp-content\/uploads\/sites\/54\/2025\/03\/ACTA-reunion-11-marzo-2025.pdf\" target=\"_blank\" rel=\"noopener\">Reuni\u00f3n 11 de Marzo de 2025<\/a><\/li>\n<li><a href=\"https:\/\/www.facet.unt.edu.ar\/posgrado\/wp-content\/uploads\/sites\/54\/2025\/03\/ACTA-reunion-18-marzo-2025-FINAL.pdf\" target=\"_blank\" rel=\"noopener\">Reuni\u00f3n 18 de Marzo de 2025<\/a><\/li>\n<li><a href=\"https:\/\/www.facet.unt.edu.ar\/posgrado\/wp-content\/uploads\/sites\/54\/2025\/09\/ACTA-reunion-1-abril-2025-final.pdf\">Reuni\u00f3n 1 de Abril de 2025<\/a><\/li>\n<li><a href=\"https:\/\/www.facet.unt.edu.ar\/posgrado\/wp-content\/uploads\/sites\/54\/2025\/09\/ACTA-reunion-15-abril-2025-final.pdf\">Reuni\u00f3n 15 de Abril de 2025<\/a><\/li>\n<li><a href=\"https:\/\/www.facet.unt.edu.ar\/posgrado\/wp-content\/uploads\/sites\/54\/2025\/09\/ACTA-reunion-29-abril-2025-final.pdf\">Reuni\u00f3n 29 de Abril de 2025<\/a><\/li>\n<li><a href=\"https:\/\/www.facet.unt.edu.ar\/posgrado\/wp-content\/uploads\/sites\/54\/2025\/09\/ACTA-reunion-13-mayo-2025-final.pdf\">Reuni\u00f3n 13 de Mayo de 2025<\/a><\/li>\n<li><a href=\"https:\/\/www.facet.unt.edu.ar\/posgrado\/wp-content\/uploads\/sites\/54\/2025\/09\/ACTA-reunion-27-mayo-2025-final.pdf\">Reuni\u00f3n 27 de Mayo de 2025<\/a><\/li>\n<li><a href=\"https:\/\/www.facet.unt.edu.ar\/posgrado\/wp-content\/uploads\/sites\/54\/2025\/09\/ACTA-reunion-10-junio-2025-final.pdf\">Reuni\u00f3n 10 de Junio de 2025<\/a><\/li>\n<li><a href=\"https:\/\/www.facet.unt.edu.ar\/posgrado\/wp-content\/uploads\/sites\/54\/2025\/09\/ACTA-reunion-25-junio-2025-final.pdf\">Reuni\u00f3n 25 de Junio de 2025<\/a><\/li>\n<li><a href=\"https:\/\/www.facet.unt.edu.ar\/posgrado\/wp-content\/uploads\/sites\/54\/2025\/09\/ACTA-reunion-13-agosto-2025-final.pdf\">Reuni\u00f3n 13 de Agosto de 2025<\/a><\/li>\n<li><a href=\"https:\/\/www.facet.unt.edu.ar\/posgrado\/wp-content\/uploads\/sites\/54\/2025\/09\/ACTA-reunion-26-agosto-2025-final.pdf\">Reuni\u00f3n 26 de Agosto de 2025<\/a><\/li>\n<li><a href=\"https:\/\/www.facet.unt.edu.ar\/posgrado\/wp-content\/uploads\/sites\/54\/2025\/09\/ACTA-reunion-9-septiembre-2025-final.pdf\">Reuni\u00f3n 9 de Septiembre de 2025<\/a><\/li>\n<li><a href=\"https:\/\/www.facet.unt.edu.ar\/posgrado\/wp-content\/uploads\/sites\/54\/2025\/10\/ACTA-reunion-23-septiembre-2025-final.pdf\" target=\"_blank\" rel=\"noopener\">Reuni\u00f3n 23 de Septiembre de 2025<\/a><\/li>\n<li><a href=\"https:\/\/www.facet.unt.edu.ar\/posgrado\/wp-content\/uploads\/sites\/54\/2025\/10\/ACTA-reunion-7-de-octubre-2025-final.pdf\" target=\"_blank\" rel=\"noopener\">Reuni\u00f3n 7 de Octubre de 2025<\/a><\/li>\n<li><a href=\"https:\/\/www.facet.unt.edu.ar\/posgrado\/wp-content\/uploads\/sites\/54\/2025\/12\/ACTA-reunion-21-de-octubre-2025-final.pdf\" target=\"_blank\" rel=\"noopener\">Reuni\u00f3n 21 de Octubre de 2025<\/a><\/li>\n<li><a href=\"https:\/\/www.facet.unt.edu.ar\/posgrado\/wp-content\/uploads\/sites\/54\/2025\/12\/ACTA-reunion-4-de-noviembre-2025-final.pdf\" target=\"_blank\" rel=\"noopener\">Reuni\u00f3n 4 de Noviembre de 2025<\/a><\/li>\n<li><a href=\"https:\/\/www.facet.unt.edu.ar\/posgrado\/wp-content\/uploads\/sites\/54\/2025\/12\/ACTA-reunion-18-de-noviembre-2025-final.pdf\" target=\"_blank\" rel=\"noopener\">Reuni\u00f3n 18 de Noviembre de 2025<\/a><\/li>\n<li><a href=\"https:\/\/www.facet.unt.edu.ar\/posgrado\/wp-content\/uploads\/sites\/54\/2025\/12\/ACTA-reunion-2-de-diciembre-2025-final.pdf\" target=\"_blank\" rel=\"noopener\">Reuni\u00f3n 2 de Diciembre de 2025<\/a><\/li>\n<\/ul>\n<p><strong>A\u00f1o 2026<\/strong><\/p>\n<ul>\n<li><a href=\"https:\/\/www.facet.unt.edu.ar\/posgrado\/wp-content\/uploads\/sites\/54\/2026\/03\/Acta-reunion-10-de-marzo-2026-final.pdf\" target=\"_blank\" rel=\"noopener\">Reuni\u00f3n 10 de marzo de 2026<\/a><\/li>\n<\/ul>\n<\/div>\n<\/div><\/div><\/div><\/div><\/div>","protected":false},"excerpt":{"rendered":"<p>Reglamentos Reglamento General de Posgrado UNT RES.2558\/2012 Modificaci\u00f3n del Reglamento de Posgrado UNT Res. 105\/19 Requisitos para adicional por t\u00edtulo de Doctorado, Maestr\u00eda y Especializaci\u00f3n Procedimientos Tr\u00e1mites y Documentaci\u00f3n de Posgrado-SUDOCU -Alumnos -Carreras- Cursos Inscripciones Si el candidato no es\u00a0 alumno en alguna carrera de UNT debe hacer la Pre-inscripci\u00f3n SIU Guaran\u00ed: https:\/\/guarani.unt.edu.ar\/preinscripciones\/facet\/ En caso [&hellip;]<\/p>\n","protected":false},"author":1,"featured_media":0,"parent":0,"menu_order":0,"comment_status":"closed","ping_status":"closed","template":"","meta":[],"_links":{"self":[{"href":"https:\/\/www.facet.unt.edu.ar\/posgrado\/wp-json\/wp\/v2\/pages\/390"}],"collection":[{"href":"https:\/\/www.facet.unt.edu.ar\/posgrado\/wp-json\/wp\/v2\/pages"}],"about":[{"href":"https:\/\/www.facet.unt.edu.ar\/posgrado\/wp-json\/wp\/v2\/types\/page"}],"author":[{"embeddable":true,"href":"https:\/\/www.facet.unt.edu.ar\/posgrado\/wp-json\/wp\/v2\/users\/1"}],"replies":[{"embeddable":true,"href":"https:\/\/www.facet.unt.edu.ar\/posgrado\/wp-json\/wp\/v2\/comments?post=390"}],"version-history":[{"count":120,"href":"https:\/\/www.facet.unt.edu.ar\/posgrado\/wp-json\/wp\/v2\/pages\/390\/revisions"}],"predecessor-version":[{"id":2340,"href":"https:\/\/www.facet.unt.edu.ar\/posgrado\/wp-json\/wp\/v2\/pages\/390\/revisions\/2340"}],"wp:attachment":[{"href":"https:\/\/www.facet.unt.edu.ar\/posgrado\/wp-json\/wp\/v2\/media?parent=390"}],"curies":[{"name":"wp","href":"https:\/\/api.w.org\/{rel}","templated":true}]}}