{"id":65,"date":"2014-08-04T09:14:33","date_gmt":"2014-08-04T12:14:33","guid":{"rendered":"https:\/\/www.facet.unt.edu.ar\/posgrado\/home\/"},"modified":"2025-02-06T10:21:55","modified_gmt":"2025-02-06T13:21:55","slug":"home","status":"publish","type":"page","link":"https:\/\/www.facet.unt.edu.ar\/posgrado\/","title":{"rendered":"Home"},"content":{"rendered":"<div id=\"pl-65\"  class=\"panel-layout\" ><div id=\"pg-65-0\"  class=\"panel-grid panel-has-style\" ><div class=\"wide-grey panel-row-style panel-row-style-for-65-0\" ><div id=\"pgc-65-0-0\"  class=\"panel-grid-cell\" ><div id=\"panel-65-0-0-0\" class=\"so-panel widget widget_sow-editor panel-first-child\" data-index=\"0\" ><div\n\t\t\t\n\t\t\tclass=\"so-widget-sow-editor so-widget-sow-editor-base\"\n\t\t\t\n\t\t>\n<div class=\"siteorigin-widget-tinymce textwidget\">\n\t<p align=\"justify\">La Subsecretar\u00eda de Posgrado de la FACET tiene como funci\u00f3n promover, gestionar y coordinar todas las actividades de posgrado dentro del \u00e1mbito de nuestra facultad.<\/p>\n<p align=\"justify\">Tiene como principal objetivo fomentar la formaci\u00f3n de docentes y egresados en el m\u00e1s alto nivel acad\u00e9mico, a trav\u00e9s de carreras de doctorado, maestr\u00edas y especializaciones y de distintas actividades curriculares de formaci\u00f3n y de actualizaci\u00f3n profesional.<\/p>\n<p align=\"justify\">A continuaci\u00f3n podr\u00e1s encontrar toda la <strong>oferta de formaci\u00f3n de posgrado<\/strong> que se ofrece en la FACET:<\/p>\n<\/div>\n<\/div><\/div><div id=\"panel-65-0-0-1\" class=\"so-panel widget widget_sow-accordion\" data-index=\"1\" ><div\n\t\t\t\n\t\t\tclass=\"so-widget-sow-accordion so-widget-sow-accordion-default-d7eba3b54987-65\"\n\t\t\t\n\t\t><div>\n\t<div class=\"sow-accordion\">\n\t\t\t<div class=\"sow-accordion-panel\"\n\t\t\t data-anchor=\"doctorados\">\n\t\t\t\t<div class=\"sow-accordion-panel-header-container\" role=\"heading\" aria-level=\"2\">\n\t\t\t\t\t<div class=\"sow-accordion-panel-header\" tabindex=\"0\" role=\"button\" id=\"accordion-label-doctorados\" aria-controls=\"accordion-content-doctorados\" aria-expanded=\"false\">\n\t\t\t\t\t\t<div class=\"sow-accordion-title sow-accordion-title-icon-left\">\n\t\t\t\t\t\t\t\t\t\t\t\t\t\tDoctorados\t\t\t\t\t\t\t\t\t\t\t\t\t<\/div>\n\t\t\t\t\t\t<div class=\"sow-accordion-open-close-button\">\n\t\t\t\t\t\t\t<div class=\"sow-accordion-open-button\">\n\t\t\t\t\t\t\t\t<span class=\"sow-icon-ionicons\" data-sow-icon=\"&#xf218;\"\n\t\t \n\t\taria-hidden=\"true\"><\/span>\t\t\t\t\t\t\t<\/div>\n\t\t\t\t\t\t\t<div class=\"sow-accordion-close-button\">\n\t\t\t\t\t\t\t\t<span class=\"sow-icon-ionicons\" data-sow-icon=\"&#xf209;\"\n\t\t \n\t\taria-hidden=\"true\"><\/span>\t\t\t\t\t\t\t<\/div>\n\t\t\t\t\t\t<\/div>\n\t\t\t\t\t<\/div>\n\t\t\t\t<\/div>\n\n\t\t\t<div\n\t\t\t\tclass=\"sow-accordion-panel-content\"\n\t\t\t\trole=\"region\"\n\t\t\t\taria-labelledby=\"accordion-label-doctorados\"\n\t\t\t\tid=\"accordion-content-doctorados\"\n\t\t\t\tstyle=\"display: none;\"\t\t\t>\n\t\t\t\t<div class=\"sow-accordion-panel-border\" tabindex=\"0\">\n\t\t\t\t\t<div>El Doctorado tiene por objeto la formaci\u00f3n de posgraduados que puedan lograr aportes originales en un marco de excelencia acad\u00e9mica. Esa formaci\u00f3n debe centrarse fundamentalmente en torno a la investigaci\u00f3n desde la que se procurar\u00e1 obtener los aportes buscados. El t\u00edtulo que otorga es el de Doctor.<\/div>\n<p><a href=\"https:\/\/www.facet.unt.edu.ar\/posgrado\/doctorado-en-ciencias-exactas-e-ingenieria\/\"><strong>Doctorado en Ciencias Exactas e Ingenier\u00eda<\/strong><\/a><\/p>\n<p><a href=\"https:\/\/www.facet.unt.edu.ar\/posgrado\/doctorado-en-ingenieria\/\"><strong>Doctorado en Ingenier\u00eda<\/strong><\/a><\/p>\n<p><strong><a href=\"https:\/\/www.facet.unt.edu.ar\/posgrado\/doctorado-en-ciencias-y-tecnologias-de-la-luz\/\">Doctorado en Ciencias y Tecnolog\u00edas de la Luz<\/a><\/strong><\/p>\n<p><a href=\"https:\/\/www.facet.unt.edu.ar\/posgrado\/doctorado-en-ciencia-y-tecnologia-de-alimentos\/\"><strong>Doctorado en Ciencia y Tecnolog\u00eda de Alimentos<\/strong><\/a><\/p>\n<p><a href=\"https:\/\/www.facet.unt.edu.ar\/posgrado\/doctorado-en-ingenieria-industrial\/\"><strong>Doctorado en Ingenier\u00eda Industrial<\/strong><\/a><\/p>\n<p><strong><a href=\"https:\/\/www.facet.unt.edu.ar\/posgrado\/doctorado-en-ciencias-biologicas\/\" target=\"_blank\" rel=\"noopener\">Doctorado en Ciencias Biol\u00f3gicas<\/a><\/strong><\/p>\n\t\t\t\t<\/div>\n\t\t\t<\/div>\n\t\t<\/div>\n\t\t\t<div class=\"sow-accordion-panel\"\n\t\t\t data-anchor=\"maestr%c3%adas\">\n\t\t\t\t<div class=\"sow-accordion-panel-header-container\" role=\"heading\" aria-level=\"2\">\n\t\t\t\t\t<div class=\"sow-accordion-panel-header\" tabindex=\"0\" role=\"button\" id=\"accordion-label-maestr%c3%adas\" aria-controls=\"accordion-content-maestr%c3%adas\" aria-expanded=\"false\">\n\t\t\t\t\t\t<div class=\"sow-accordion-title sow-accordion-title-icon-left\">\n\t\t\t\t\t\t\t\t\t\t\t\t\t\tMaestr\u00edas\t\t\t\t\t\t\t\t\t\t\t\t\t<\/div>\n\t\t\t\t\t\t<div class=\"sow-accordion-open-close-button\">\n\t\t\t\t\t\t\t<div class=\"sow-accordion-open-button\">\n\t\t\t\t\t\t\t\t<span class=\"sow-icon-ionicons\" data-sow-icon=\"&#xf218;\"\n\t\t \n\t\taria-hidden=\"true\"><\/span>\t\t\t\t\t\t\t<\/div>\n\t\t\t\t\t\t\t<div class=\"sow-accordion-close-button\">\n\t\t\t\t\t\t\t\t<span class=\"sow-icon-ionicons\" data-sow-icon=\"&#xf209;\"\n\t\t \n\t\taria-hidden=\"true\"><\/span>\t\t\t\t\t\t\t<\/div>\n\t\t\t\t\t\t<\/div>\n\t\t\t\t\t<\/div>\n\t\t\t\t<\/div>\n\n\t\t\t<div\n\t\t\t\tclass=\"sow-accordion-panel-content\"\n\t\t\t\trole=\"region\"\n\t\t\t\taria-labelledby=\"accordion-label-maestr%c3%adas\"\n\t\t\t\tid=\"accordion-content-maestr%c3%adas\"\n\t\t\t\tstyle=\"display: none;\"\t\t\t>\n\t\t\t\t<div class=\"sow-accordion-panel-border\" tabindex=\"0\">\n\t\t\t\t\t<div>La Maestr\u00eda tiene por objeto proporcionar una formaci\u00f3n acad\u00e9mica y\/o profesional; profundiza el conocimiento te\u00f3rico, metodol\u00f3gico, tecnol\u00f3gico, de gesti\u00f3n o art\u00edstico, en funci\u00f3n del estado de desarrollo correspondiente a una disciplina, \u00e1rea interdisciplinaria o campo profesional de una\u00a0 o m\u00e1s profesiones. El t\u00edtulo que otorga es el de Mag\u00edster.<\/div>\n<p><strong><a href=\"https:\/\/www.facet.unt.edu.ar\/posgrado\/maestria-en-ingenieria-estructural\/\">Maestr\u00eda en Ingenier\u00eda Estructural<\/a><\/strong><\/p>\n<p><strong><a href=\"https:\/\/www.facet.unt.edu.ar\/posgrado\/maestria-en-ingenieria-geotecnica\/\" target=\"_blank\" rel=\"noopener\">Maestr\u00eda en Ingenier\u00eda Geot\u00e9cnica<\/a><\/strong><\/p>\n<p><strong><a href=\"https:\/\/www.facet.unt.edu.ar\/posgrado\/maestria-en-luminotecnia\/\" target=\"_blank\" rel=\"noopener\">Maestr\u00eda en Luminotecnia<\/a><\/strong><\/p>\n<p><strong><a href=\"https:\/\/www.facet.unt.edu.ar\/posgrado\/maestria-en-matematica\/\" target=\"_blank\" rel=\"noopener\">Maestr\u00eda en Matem\u00e1tica<\/a><\/strong><\/p>\n<p><strong><a href=\"https:\/\/www.facet.unt.edu.ar\/posgrado\/maestria-en-metodos-numericos-y-computacionales-en-ingenieria\/\" target=\"_blank\" rel=\"noopener\">Maestr\u00eda en M\u00e9todos Num\u00e9ricos y Computacionales en Ingenier\u00eda<\/a><\/strong><\/p>\n<p><strong><a href=\"https:\/\/www.facet.unt.edu.ar\/posgrado\/maestria-en-proyectos-de-ingenieria\/\" target=\"_blank\" rel=\"noopener\">Maestr\u00eda en Proyectos de Ingenier\u00eda<\/a><\/strong><\/p>\n<p><a href=\"https:\/\/www.facet.unt.edu.ar\/posgrado\/maestria-en-gestion-de-la-tecnologia-y-la-innovacion\/\" target=\"_blank\" rel=\"noopener\">M<strong>aestr\u00eda en Gesti\u00f3n de la Tecnolog\u00eda y la Innovaci\u00f3n<\/strong><\/a><\/p>\n<p><strong><a href=\"https:\/\/www.facet.unt.edu.ar\/posgrado\/maestria-en-electronica\/\" target=\"_blank\" rel=\"noopener\">Maestr\u00eda en Electr\u00f3nica<\/a><\/strong><\/p>\n\t\t\t\t<\/div>\n\t\t\t<\/div>\n\t\t<\/div>\n\t\t\t<div class=\"sow-accordion-panel\"\n\t\t\t data-anchor=\"especializaciones\">\n\t\t\t\t<div class=\"sow-accordion-panel-header-container\" role=\"heading\" aria-level=\"2\">\n\t\t\t\t\t<div class=\"sow-accordion-panel-header\" tabindex=\"0\" role=\"button\" id=\"accordion-label-especializaciones\" aria-controls=\"accordion-content-especializaciones\" aria-expanded=\"false\">\n\t\t\t\t\t\t<div class=\"sow-accordion-title sow-accordion-title-icon-left\">\n\t\t\t\t\t\t\t\t\t\t\t\t\t\tEspecializaciones\t\t\t\t\t\t\t\t\t\t\t\t\t<\/div>\n\t\t\t\t\t\t<div class=\"sow-accordion-open-close-button\">\n\t\t\t\t\t\t\t<div class=\"sow-accordion-open-button\">\n\t\t\t\t\t\t\t\t<span class=\"sow-icon-ionicons\" data-sow-icon=\"&#xf218;\"\n\t\t \n\t\taria-hidden=\"true\"><\/span>\t\t\t\t\t\t\t<\/div>\n\t\t\t\t\t\t\t<div class=\"sow-accordion-close-button\">\n\t\t\t\t\t\t\t\t<span class=\"sow-icon-ionicons\" data-sow-icon=\"&#xf209;\"\n\t\t \n\t\taria-hidden=\"true\"><\/span>\t\t\t\t\t\t\t<\/div>\n\t\t\t\t\t\t<\/div>\n\t\t\t\t\t<\/div>\n\t\t\t\t<\/div>\n\n\t\t\t<div\n\t\t\t\tclass=\"sow-accordion-panel-content\"\n\t\t\t\trole=\"region\"\n\t\t\t\taria-labelledby=\"accordion-label-especializaciones\"\n\t\t\t\tid=\"accordion-content-especializaciones\"\n\t\t\t\tstyle=\"display: none;\"\t\t\t>\n\t\t\t\t<div class=\"sow-accordion-panel-border\" tabindex=\"0\">\n\t\t\t\t\t<div>La Especializaci\u00f3n tiene por objeto profundizar en el dominio de un tema o \u00e1rea determinada dentro de un campo profesional o de diferentes profesiones; e incluye un componente de pr\u00e1ctica intensiva. El t\u00edtulo que otorga es el de Especialista.<\/div>\n<p><strong><a href=\"https:\/\/www.facet.unt.edu.ar\/posgrado\/especializacion-en-integracion-de-tecnologias-informaticas\/\">Especializaci\u00f3n en Integraci\u00f3n de Tecnolog\u00edas Inform\u00e1ticas<\/a><\/strong><\/p>\n<p><strong><a href=\"https:\/\/www.facet.unt.edu.ar\/posgrado\/esp-en-medio-ambiente-visual-e-iluminacion-eficiente\/\">Especializaci\u00f3n en Medio Ambiente Visual e Iluminaci\u00f3n Eficiente<\/a><\/strong><\/p>\n<p><strong><a href=\"https:\/\/www.facet.unt.edu.ar\/posgrado\/especializacion-en-gestion-industrial\/\">Especializaci\u00f3n en Gesti\u00f3n Industrial<\/a><\/strong><\/p>\n\t\t\t\t<\/div>\n\t\t\t<\/div>\n\t\t<\/div>\n\t\t<\/div>\n<\/div>\n<\/div><\/div><div id=\"panel-65-0-0-2\" class=\"so-panel widget widget_sow-button panel-last-child\" data-index=\"2\" ><div\n\t\t\t\n\t\t\tclass=\"so-widget-sow-button so-widget-sow-button-flat-7845370d5994-65\"\n\t\t\t\n\t\t><div class=\"ow-button-base ow-button-align-center\">\n\t<a href=\"https:\/\/www.facet.unt.edu.ar\/posgrado\/wp-content\/uploads\/sites\/54\/2023\/03\/Licencia-de-deposito-en-BC-FACET.pdf\" class=\"ow-icon-placement-bottom ow-button-hover\" target=\"_blank\" rel=\"noopener noreferrer\" \t\t>\n\t\t<span>\n\t\t\t<span class=\"sow-icon-fontawesome sow-far\" data-sow-icon=\"&#xf1c1;\"\n\t\tstyle=\"color: #ffffff\" \n\t\taria-hidden=\"true\"><\/span>\n\t\t\tLICENCIA DE DEP\u00d3SITO EN LA BIBLIOTECA CENTRAL FACET\t\t<\/span>\n\t<\/a>\n<\/div>\n<\/div><\/div><\/div><\/div><\/div><div id=\"pg-65-1\"  class=\"panel-grid panel-has-style\" ><div style=\"background-color: #dbdbdb; \" class=\"panel-row-style panel-row-style-for-65-1\" ><div id=\"pgc-65-1-0\"  class=\"panel-grid-cell\" ><div id=\"panel-65-1-0-0\" class=\"so-panel widget widget_siteorigin-panels-postloop panel-first-child panel-last-child\" data-index=\"3\" ><h3 class=\"widget-title\">Noticias<\/h3>\n\t\t\n\t\t\n<article id=\"post-2298\" class=\"post-2298 post type-post status-publish format-standard has-post-thumbnail hentry category-beca post-with-thumbnail post-with-thumbnail-large\">\n\n\t\n\t<div class=\"entry-main\">\n\n\t\t\n\t\t<header class=\"entry-header\">\n\t\t\t\t\t\t\t<div class=\"entry-thumbnail\">\n\t\t\t\t\t<a href=\"https:\/\/www.facet.unt.edu.ar\/posgrado\/2026\/02\/03\/convocatoria-de-movilidad-doctoral-rabida-latinoamericana-2025-2026\/\"><img width=\"583\" height=\"380\" src=\"https:\/\/www.facet.unt.edu.ar\/posgrado\/wp-content\/uploads\/sites\/54\/2026\/02\/CONVOCATORIA_RABIDA.jpg\" class=\"attachment-vantage-thumbnail-no-sidebar size-vantage-thumbnail-no-sidebar wp-post-image\" alt=\"\" decoding=\"async\" loading=\"lazy\" \/><\/a>\n\t\t\t\t<\/div>\n\t\t\t\n\t\t\t<h1 class=\"entry-title\"><a href=\"https:\/\/www.facet.unt.edu.ar\/posgrado\/2026\/02\/03\/convocatoria-de-movilidad-doctoral-rabida-latinoamericana-2025-2026\/\" title=\"Enlace permanente a Convocatoria de Movilidad Doctoral &#8220;R\u00e1bida Latinoamericana&#8221; 2025-2026\" rel=\"bookmark\">Convocatoria de Movilidad Doctoral &#8220;R\u00e1bida Latinoamericana&#8221; 2025-2026<\/a><\/h1>\n\n\t\t\t\t\t\t\t<div class=\"entry-meta\">\n\t\t\t\t\tPublicado el <a href=\"https:\/\/www.facet.unt.edu.ar\/posgrado\/2026\/02\/03\/convocatoria-de-movilidad-doctoral-rabida-latinoamericana-2025-2026\/\" title=\"16:00\" rel=\"bookmark\"><time class=\"entry-date\" datetime=\"2026-02-03T16:00:29-03:00\">3 febrero, 2026<\/time><\/a><time class=\"updated\" datetime=\"2026-02-03T17:52:29-03:00\">3 febrero, 2026<\/time>  \t\t\t\t<\/div><!-- .entry-meta -->\n\t\t\t\n\t\t<\/header><!-- .entry-header -->\n\n\t\t\t\t\t<div class=\"entry-content\">\n\t\t\t\t<div id=\"pl-2298\"  class=\"panel-layout\" ><div id=\"pg-2298-0\"  class=\"panel-grid panel-no-style\" ><div id=\"pgc-2298-0-0\"  class=\"panel-grid-cell\" ><div id=\"panel-2298-0-0-0\" class=\"so-panel widget widget_media_image panel-first-child panel-last-child\" data-index=\"0\" ><img width=\"1200\" height=\"782\" src=\"https:\/\/www.facet.unt.edu.ar\/posgrado\/wp-content\/uploads\/sites\/54\/2026\/02\/CONVOCATORIA_RABIDA.jpg\" class=\"image wp-image-2300  attachment-full size-full\" alt=\"\" decoding=\"async\" loading=\"lazy\" style=\"max-width: 100%; height: auto;\" \/><\/div><\/div><div id=\"pgc-2298-0-1\"  class=\"panel-grid-cell\" ><div id=\"panel-2298-0-1-0\" class=\"so-panel widget widget_black-studio-tinymce widget_black_studio_tinymce panel-first-child panel-last-child\" data-index=\"1\" ><div class=\"textwidget\"><div>\n<p><strong>La iniciativa se desarrolla en el marco del Convenio Bilateral de Cooperaci\u00f3n firmado entre el GUILR y la UNT.<\/strong><\/p>\n<p>Tiene como objetivo promover la realizaci\u00f3n de tesis doctorales, preferentemente en r\u00e9gimen de cotutela, fortaleciendo la cooperaci\u00f3n cient\u00edfica internacional y la formaci\u00f3n de investigadores.<\/p>\n<p>Las ayudas contemplan financiamiento para traslado internacional, estancia y manutenci\u00f3n, y se articulan con universidades de la regi\u00f3n, entre ellas la Universidad de Lima (Per\u00fa), la Universidad de Cartagena (Colombia), la Universidad Sim\u00f3n Bol\u00edvar (Colombia) y la Universidad Nacional de Tucum\u00e1n.<br \/>\nLa convocatoria ser\u00e1 difundida entre las Unidades Acad\u00e9micas y Programas de Doctorado para promover la participaci\u00f3n de estudiantes que re\u00fanan los requisitos establecidos. Las condiciones, plazos y modalidades de postulaci\u00f3n se rigen por las bases oficiales del programa.<\/p>\n<p>En el siguiente enlace, se adjunta para su conocimiento la <strong>Convocatoria de Ayudas de Movilidad Doctoral \u201cR\u00e1bida\u00a0Latinoam\u00e9rica\u201d<\/strong>, correspondiente al curso 2025\u20132026, destinada a estudiantes de doctorado vinculados al mencionado Grupo.<\/div>\n<div><\/div>\n<div style=\"text-align: center;\"><strong><a href=\"https:\/\/www.facet.unt.edu.ar\/posgrado\/wp-content\/uploads\/sites\/54\/2026\/02\/CONVOCATORIA-RABIDA-LATINOAMERICA-2025-26.pdf\" target=\"_blank\" rel=\"noopener\">Convocatoria de Ayudas de Movilidad Doctoral<\/a><\/strong><\/div>\n<\/div><\/div><\/div><\/div><\/div>\t\t\t\t\t\t\t\t\t\t\t\t\t\t\t<\/div><!-- .entry-content -->\n\t\t\n\t\t\n\t<\/div>\n\n<\/article><!-- #post-2298 -->\n\n\t\n\t\t\n<article id=\"post-2092\" class=\"post-2092 post type-post status-publish format-standard has-post-thumbnail hentry category-curso-de-posgrado post-with-thumbnail post-with-thumbnail-large\">\n\n\t\n\t<div class=\"entry-main\">\n\n\t\t\n\t\t<header class=\"entry-header\">\n\t\t\t\t\t\t\t<div class=\"entry-thumbnail\">\n\t\t\t\t\t<a href=\"https:\/\/www.facet.unt.edu.ar\/posgrado\/2025\/12\/17\/cursos-de-posgrado-facet-2025-2026\/\"><img width=\"599\" height=\"380\" src=\"https:\/\/www.facet.unt.edu.ar\/posgrado\/wp-content\/uploads\/sites\/54\/2025\/11\/Cursos_2025-2026.jpg\" class=\"attachment-vantage-thumbnail-no-sidebar size-vantage-thumbnail-no-sidebar wp-post-image\" alt=\"\" decoding=\"async\" loading=\"lazy\" \/><\/a>\n\t\t\t\t<\/div>\n\t\t\t\n\t\t\t<h1 class=\"entry-title\"><a href=\"https:\/\/www.facet.unt.edu.ar\/posgrado\/2025\/12\/17\/cursos-de-posgrado-facet-2025-2026\/\" title=\"Enlace permanente a Cursos de Posgrado Facet 2025\/2026\" rel=\"bookmark\">Cursos de Posgrado Facet 2025\/2026<\/a><\/h1>\n\n\t\t\t\t\t\t\t<div class=\"entry-meta\">\n\t\t\t\t\tPublicado el <a href=\"https:\/\/www.facet.unt.edu.ar\/posgrado\/2025\/12\/17\/cursos-de-posgrado-facet-2025-2026\/\" title=\"17:00\" rel=\"bookmark\"><time class=\"entry-date\" datetime=\"2025-12-17T17:00:33-03:00\">17 diciembre, 2025<\/time><\/a><time class=\"updated\" datetime=\"2025-12-17T18:47:58-03:00\">17 diciembre, 2025<\/time>  \t\t\t\t<\/div><!-- .entry-meta -->\n\t\t\t\n\t\t<\/header><!-- .entry-header -->\n\n\t\t\t\t\t<div class=\"entry-content\">\n\t\t\t\t<div id=\"pl-2092\"  class=\"panel-layout\" ><div id=\"pg-2092-0\"  class=\"panel-grid panel-no-style\" ><div id=\"pgc-2092-0-0\"  class=\"panel-grid-cell\" ><div id=\"panel-2092-0-0-0\" class=\"so-panel widget widget_media_image panel-first-child panel-last-child\" data-index=\"0\" ><img width=\"945\" height=\"600\" src=\"https:\/\/www.facet.unt.edu.ar\/posgrado\/wp-content\/uploads\/sites\/54\/2025\/11\/Cursos_2025-2026.jpg\" class=\"image wp-image-2093  attachment-full size-full\" alt=\"\" decoding=\"async\" loading=\"lazy\" style=\"max-width: 100%; height: auto;\" \/><\/div><\/div><div id=\"pgc-2092-0-1\"  class=\"panel-grid-cell\" ><div id=\"panel-2092-0-1-0\" class=\"so-panel widget widget_black-studio-tinymce widget_black_studio_tinymce panel-first-child panel-last-child\" data-index=\"1\" ><div class=\"textwidget\"><h4><span style=\"color: #003366;\"><a style=\"color: #003366;\" href=\"https:\/\/www.facet.unt.edu.ar\/posgrado\/wp-content\/uploads\/sites\/54\/2025\/11\/4_20-10-2025_Resolucion_RES_FACET__SPOS_16677_2025.pdf\"><strong>Cursos Obligatorios correspondientes al 1\u00b0 a\u00f1o de la Carrera Maestr\u00eda en Electr\u00f3nica<\/strong><\/a><\/span><\/h4>\n<h4><strong><span style=\"color: #003366;\"><a style=\"color: #003366;\" href=\"https:\/\/www.facet.unt.edu.ar\/posgrado\/wp-content\/uploads\/sites\/54\/2025\/11\/5_20-10-2025_Resolucion_RES_FACET__SPOS_16678_2025.pdf\">Cursos del primer semestre de la Carrera Maestr\u00eda en Ingenier\u00eda Geot\u00e9cnica<\/a><\/span><\/strong><\/h4>\n<\/div><\/div><\/div><\/div><\/div>\t\t\t\t\t\t\t\t\t\t\t\t\t\t\t<\/div><!-- .entry-content -->\n\t\t\n\t\t\n\t<\/div>\n\n<\/article><!-- #post-2092 -->\n\n\t\n\t\t<nav role=\"navigation\" id=\"nav-below\" class=\"site-navigation paging-navigation\">\n\t\t<h1 class=\"assistive-text\">Navegador de art\u00edculos<\/h1>\n\n\t\n\t\t<div class='pagination'><span aria-current=\"page\" class=\"page-numbers current\">1<\/span>\n<a class=\"page-numbers\" href=\"https:\/\/www.facet.unt.edu.ar\/posgrado\/wp-json\/wp\/v2\/pages\/65\/page\/2\/\">2<\/a>\n<a class=\"page-numbers\" href=\"https:\/\/www.facet.unt.edu.ar\/posgrado\/wp-json\/wp\/v2\/pages\/65\/page\/3\/\">3<\/a>\n<a class=\"page-numbers\" href=\"https:\/\/www.facet.unt.edu.ar\/posgrado\/wp-json\/wp\/v2\/pages\/65\/page\/4\/\">4<\/a>\n<a class=\"page-numbers\" href=\"https:\/\/www.facet.unt.edu.ar\/posgrado\/wp-json\/wp\/v2\/pages\/65\/page\/5\/\">5<\/a>\n<a class=\"page-numbers\" href=\"https:\/\/www.facet.unt.edu.ar\/posgrado\/wp-json\/wp\/v2\/pages\/65\/page\/6\/\">6<\/a>\n<span class=\"page-numbers dots\">&hellip;<\/span>\n<a class=\"page-numbers\" href=\"https:\/\/www.facet.unt.edu.ar\/posgrado\/wp-json\/wp\/v2\/pages\/65\/page\/23\/\">23<\/a>\n<a class=\"next page-numbers\" href=\"https:\/\/www.facet.unt.edu.ar\/posgrado\/wp-json\/wp\/v2\/pages\/65\/page\/2\/\">Siguiente &raquo;<\/a><\/div>\n\n\t\n\t<\/nav><!-- #nav-below -->\n\t\n<\/div><\/div><\/div><\/div><\/div>","protected":false},"excerpt":{"rendered":"<p>Cursos Obligatorios correspondientes al 1\u00b0 a\u00f1o de la Carrera Maestr\u00eda en Electr\u00f3nica Cursos del primer semestre de la Carrera Maestr\u00eda en Ingenier\u00eda Geot\u00e9cnica<\/p>\n","protected":false},"author":1,"featured_media":0,"parent":0,"menu_order":0,"comment_status":"closed","ping_status":"closed","template":"home-panels.php","meta":[],"_links":{"self":[{"href":"https:\/\/www.facet.unt.edu.ar\/posgrado\/wp-json\/wp\/v2\/pages\/65"}],"collection":[{"href":"https:\/\/www.facet.unt.edu.ar\/posgrado\/wp-json\/wp\/v2\/pages"}],"about":[{"href":"https:\/\/www.facet.unt.edu.ar\/posgrado\/wp-json\/wp\/v2\/types\/page"}],"author":[{"embeddable":true,"href":"https:\/\/www.facet.unt.edu.ar\/posgrado\/wp-json\/wp\/v2\/users\/1"}],"replies":[{"embeddable":true,"href":"https:\/\/www.facet.unt.edu.ar\/posgrado\/wp-json\/wp\/v2\/comments?post=65"}],"version-history":[{"count":92,"href":"https:\/\/www.facet.unt.edu.ar\/posgrado\/wp-json\/wp\/v2\/pages\/65\/revisions"}],"predecessor-version":[{"id":1679,"href":"https:\/\/www.facet.unt.edu.ar\/posgrado\/wp-json\/wp\/v2\/pages\/65\/revisions\/1679"}],"wp:attachment":[{"href":"https:\/\/www.facet.unt.edu.ar\/posgrado\/wp-json\/wp\/v2\/media?parent=65"}],"curies":[{"name":"wp","href":"https:\/\/api.w.org\/{rel}","templated":true}]}}