{"id":714,"date":"2021-04-20T16:32:19","date_gmt":"2021-04-20T19:32:19","guid":{"rendered":"https:\/\/www.facet.unt.edu.ar\/posgrado\/?page_id=714"},"modified":"2024-03-12T23:58:43","modified_gmt":"2024-03-13T02:58:43","slug":"actividades","status":"publish","type":"page","link":"https:\/\/www.facet.unt.edu.ar\/posgrado\/actividades\/","title":{"rendered":"Actividades"},"content":{"rendered":"<div id=\"pl-714\"  class=\"panel-layout\" ><div id=\"pg-714-0\"  class=\"panel-grid panel-no-style\" ><div id=\"pgc-714-0-0\"  class=\"panel-grid-cell\" ><div id=\"panel-714-0-0-0\" class=\"so-panel widget widget_sow-editor panel-first-child panel-last-child\" data-index=\"0\" ><div\n\t\t\t\n\t\t\tclass=\"so-widget-sow-editor so-widget-sow-editor-base\"\n\t\t\t\n\t\t>\n<div class=\"siteorigin-widget-tinymce textwidget\">\n\t<p>La Subsecretar\u00eda de Posgrado de la FACET desarrolla las siguientes actividades:<\/p>\n<ul>\n<li>Implementaci\u00f3n y gesti\u00f3n del sistema inform\u00e1tico de gesti\u00f3n de carreras y alumnos SIU Guaran\u00ed para postgrado (6 Doctorados, 6 Maestr\u00edas y 3 Especializaciones).<\/li>\n<li>Implementaci\u00f3n y gesti\u00f3n del sistema inform\u00e1tico de gesti\u00f3n de t\u00edtulos y certificados anal\u00edticos SidCer para 15 carreras de postgrado.<\/li>\n<li>Gesti\u00f3n de impresi\u00f3n y firmas de certificados anal\u00edticos para cada uno de los graduados de las 15 carreras.<\/li>\n<li>Gesti\u00f3n de entrega de t\u00edtulos y certificados anal\u00edticos para cada uno de los graduados de las 15 carreras.<\/li>\n<li>Evaluaci\u00f3n y Aprobaci\u00f3n de todas aquellas actividades concernientes a Postgrado dentro de la FACET.<\/li>\n<li>Gesti\u00f3n de firmas de certificados de ex\u00e1menes de cursos de postgrado y de lecto-comprensi\u00f3n de idiomas.<\/li>\n<li>Supervisi\u00f3n y gesti\u00f3n de los expedientes de los alumnos activos de Posgrado.<\/li>\n<li>Control del cumplimiento del Reglamento General de Estudios de Posgrado de la UNT vigente.<\/li>\n<li>Elevaci\u00f3n para su aprobaci\u00f3n al Consejo Directivo de la FACET de:\n<ul>\n<li>Inscripci\u00f3n de los alumnos en las distintas carreras, los planes de tesis y la designaci\u00f3n de Comisiones de Supervisi\u00f3n y de Jurados de Tesis.<\/li>\n<li>Actividades curriculares de posgrado (cursos, talleres, seminarios, etc).<\/li>\n<li>Propuestas de carreras nuevas, tanto institucionales, como interinstitucionales.<\/li>\n<\/ul>\n<\/li>\n<\/ul>\n<\/div>\n<\/div><\/div><\/div><\/div><\/div>","protected":false},"excerpt":{"rendered":"<p>La Subsecretar\u00eda de Posgrado de la FACET desarrolla las siguientes actividades: Implementaci\u00f3n y gesti\u00f3n del sistema inform\u00e1tico de gesti\u00f3n de carreras y alumnos SIU Guaran\u00ed para postgrado (6 Doctorados, 6 Maestr\u00edas y 3 Especializaciones). Implementaci\u00f3n y gesti\u00f3n del sistema inform\u00e1tico de gesti\u00f3n de t\u00edtulos y certificados anal\u00edticos SidCer para 15 carreras de postgrado. Gesti\u00f3n de [&hellip;]<\/p>\n","protected":false},"author":101054,"featured_media":0,"parent":0,"menu_order":0,"comment_status":"closed","ping_status":"closed","template":"","meta":[],"_links":{"self":[{"href":"https:\/\/www.facet.unt.edu.ar\/posgrado\/wp-json\/wp\/v2\/pages\/714"}],"collection":[{"href":"https:\/\/www.facet.unt.edu.ar\/posgrado\/wp-json\/wp\/v2\/pages"}],"about":[{"href":"https:\/\/www.facet.unt.edu.ar\/posgrado\/wp-json\/wp\/v2\/types\/page"}],"author":[{"embeddable":true,"href":"https:\/\/www.facet.unt.edu.ar\/posgrado\/wp-json\/wp\/v2\/users\/101054"}],"replies":[{"embeddable":true,"href":"https:\/\/www.facet.unt.edu.ar\/posgrado\/wp-json\/wp\/v2\/comments?post=714"}],"version-history":[{"count":3,"href":"https:\/\/www.facet.unt.edu.ar\/posgrado\/wp-json\/wp\/v2\/pages\/714\/revisions"}],"predecessor-version":[{"id":1426,"href":"https:\/\/www.facet.unt.edu.ar\/posgrado\/wp-json\/wp\/v2\/pages\/714\/revisions\/1426"}],"wp:attachment":[{"href":"https:\/\/www.facet.unt.edu.ar\/posgrado\/wp-json\/wp\/v2\/media?parent=714"}],"curies":[{"name":"wp","href":"https:\/\/api.w.org\/{rel}","templated":true}]}}