{"id":107,"date":"2014-06-18T19:09:24","date_gmt":"2014-06-18T22:09:24","guid":{"rendered":"https:\/\/www.facet.unt.edu.ar\/programadoruniversitario\/?page_id=107"},"modified":"2024-05-09T00:50:57","modified_gmt":"2024-05-09T03:50:57","slug":"docentes","status":"publish","type":"page","link":"https:\/\/www.facet.unt.edu.ar\/programadoruniversitario\/docentes\/","title":{"rendered":"Docentes"},"content":{"rendered":"<table style=\"height: 888px; width: 90%; border-collapse: collapse; border-style: solid; border-color: #002570;\">\n<tbody>\n<tr style=\"height: auto;\">\n<th style=\"width: 99.8102%; background-color: #343eaf; border-style: solid; border-color: #000000; height: 24px; text-align: center;\" colspan=\"2\"><strong><span style=\"color: #ffffff;\">PRIMER A\u00d1O &#8211; M\u00f3dulo I (Primer Cuatrimestre)<\/span><\/strong><\/th>\n<\/tr>\n<tr style=\"height: auto;\">\n<th style=\"width: 24.0987%; border-style: solid; border-color: #000000; height: 24px;\"><strong>ASIGNATURA<\/strong><\/th>\n<th style=\"width: 75.7116%; border-style: solid; border-color: #000000; height: 24px;\"><strong>DOCENTES<\/strong><\/th>\n<\/tr>\n<tr style=\"height: auto;\">\n<td style=\"width: 24.0987%; vertical-align: top; border-style: solid; border-color: #000000; height: 62px;\"><strong>\u00c1lgebra y Geometr\u00eda Anal\u00edtica<\/strong><\/td>\n<td style=\"width: 75.7116%; vertical-align: top; border-style: solid; border-color: #000000; height: 62px;\">\n<ul>\n<li><strong>Lomas<\/strong> Isabel (Docente a Cargo) &#8211; <a href=\"mailto:ilomas@herrera.unt.edu.ar\">ilomas@herrera.unt.edu.ar<\/a><\/li>\n<\/ul>\n<\/td>\n<\/tr>\n<tr style=\"height: auto;\">\n<td style=\"width: 24.0987%; vertical-align: top; border-style: solid; border-color: #000000; height: 25px;\"><strong>C\u00e1lculo I<\/strong><\/td>\n<td style=\"width: 75.7116%; vertical-align: top; border-style: solid; border-color: #000000; height: 25px;\">\n<ul>\n<li><strong>Nahas<\/strong> Anal\u00eda (Docente a Cargo) &#8211; <a href=\"mailto:anahas@herrera.unt.edu.ar\">anahas@herrera.unt.edu.ar<\/a><\/li>\n<\/ul>\n<\/td>\n<\/tr>\n<tr style=\"height: auto;\">\n<td style=\"width: 24.0987%; vertical-align: top; border-style: solid; border-color: #000000; height: 120px;\"><strong>Elementos de Computaci\u00f3n y L\u00f3gica<\/strong><\/td>\n<td style=\"width: 75.7116%; vertical-align: top; border-style: solid; border-color: #000000; height: 120px;\">\n<ul>\n<li><strong>Vel\u00e1zquez\u00a0<\/strong>Mariela\u00a0(Docente a cargo) &#8211; <a href=\"mailto:mvelazquez@herrera.unt.edu.ar\">mvelazquez@herrera.unt.edu.ar\u00a0<\/a><\/li>\n<li><strong>Barraza\u00a0<\/strong>Gabriela\u00a0&#8211;\u00a0<a href=\"mailto:fgbarraza@herrera.unt.edu.ar\">fgbarraza@herrera.unt.edu.ar<\/a><\/li>\n<li><strong>Ag\u00fcero <\/strong>Pablo \u00a0&#8211; <a href=\"mailto:paaguero@herrera.unt.edu.ar\">paaguero@herrera.unt.edu.ar\u00a0<\/a><\/li>\n<li><strong>C\u00e1ceres <\/strong>Luis\u00a0&#8211; <a href=\"mailto:lfcaceres@herrera.unt.edu.ar\">lfcaceres@herrera.unt.edu.ar<\/a><\/li>\n<li><strong>Lobo <\/strong>Josefina\u00a0&#8211;\u00a0<a href=\"mailto:jlobo@herrera.unt.edu.ar\">jlobo@herrera.unt.edu.ar<\/a><\/li>\n<\/ul>\n<\/td>\n<\/tr>\n<tr style=\"height: auto;\">\n<td style=\"width: 24.0987%; vertical-align: top; border-style: solid; border-color: #000000; height: 120px;\"><strong>Laboratorio I<\/strong><\/td>\n<td style=\"width: 75.7116%; vertical-align: top; border-style: solid; border-color: #000000; height: 120px;\">\n<ul>\n<li><strong>Ruiz<\/strong> Myriam (Docente a Cargo) &#8211; <a href=\"mailto:mruiz@herrera.unt.edu.ar\">mruiz@herrera.unt.edu.ar<\/a><\/li>\n<li><strong>Pepe<\/strong> Juan Pablo &#8211; <a href=\"mailto:jprpepe@herrera.unt.edu.ar\">jprpepe@herrera.unt.edu.ar<\/a><\/li>\n<li><strong>Flores<\/strong> C\u00e9sar &#8211;<\/li>\n<li><strong>Singh<\/strong> Daniel &#8211; <a href=\"mailto:dfsingh@herrera.unt.edu.ar\">dfsingh@herrera.unt.edu.ar<\/a><\/li>\n<\/ul>\n<\/td>\n<\/tr>\n<tr style=\"height: auto;\">\n<td style=\"width: 99.8102%; background-color: #343eaf; border-style: solid; border-color: #000000; height: 24px; text-align: center;\" colspan=\"2\"><strong><span style=\"color: #ffffff;\">PRIMER A\u00d1O &#8211; M\u00f3dulo II (Segundo Cuatrimestre)<\/span><\/strong><\/td>\n<\/tr>\n<tr style=\"height: auto;\">\n<td style=\"width: 24.0987%; vertical-align: top; border-style: solid; border-color: #000000; height: 24px;\"><strong>C\u00e1lculo II<\/strong><\/td>\n<td style=\"width: 75.7116%; vertical-align: top; border-style: solid; border-color: #000000; height: 24px;\">\n<ul>\n<li><strong>Nahas<\/strong> Anal\u00eda (Docente a Cargo) &#8211; <a href=\"mailto:anahas@herrera.unt.edu.ar\">anahas@herrera.unt.edu.ar\u00a0<\/a><\/li>\n<\/ul>\n<\/td>\n<\/tr>\n<tr style=\"height: auto;\">\n<td style=\"width: 24.0987%; vertical-align: top; border-style: solid; border-color: #000000; height: 24px;\"><strong>Elementos de \u00c1lgebra Lineal<\/strong><\/td>\n<td style=\"width: 75.7116%; vertical-align: top; border-style: solid; border-color: #000000; height: 24px;\">\n<ul>\n<li><strong>Lomas<\/strong> Isabel (Docente a Cargo) &#8211; <a href=\"mailto:ilomas@herrera.unt.edu.ar\">ilomas@herrera.unt.edu.ar<\/a><\/li>\n<\/ul>\n<\/td>\n<\/tr>\n<tr style=\"height: auto;\">\n<td style=\"width: 24.0987%; vertical-align: top; border-style: solid; border-color: #000000; height: 115px;\"><strong>Laboratorio II<\/strong><\/td>\n<td style=\"width: 75.7116%; vertical-align: top; border-style: solid; border-color: #000000; height: 115px;\">\n<ul>\n<li><strong>Ruiz<\/strong> Myriam (Docente a Cargo) &#8211; <a href=\"mailto:mruiz@herrera.unt.edu.ar\">mruiz@herrera.unt.edu.ar<\/a><\/li>\n<li><strong>Pepe<\/strong> Juan Pablo &#8211; <a href=\"mailto:jprpepe@herrera.unt.edu.ar\">jprpepe@herrera.unt.edu.ar<\/a><\/li>\n<li><strong>Flores<\/strong> C\u00e9sar &#8211;<\/li>\n<li><strong>Singh<\/strong> Daniel &#8211; <a href=\"mailto:dfsingh@herrera.unt.edu.ar\">dfsingh@herrera.unt.edu.ar<\/a><\/li>\n<\/ul>\n<\/td>\n<\/tr>\n<tr style=\"height: auto;\">\n<td style=\"width: 24.0987%; vertical-align: top; border-style: solid; border-color: #000000; height: 110px;\"><strong>Programaci\u00f3n<\/strong><\/td>\n<td style=\"width: 75.7116%; vertical-align: top; border-style: solid; border-color: #000000; height: 110px;\">\n<ul>\n<li><strong>Vel\u00e1zquez\u00a0<\/strong>Mariela\u00a0(Docente a cargo) &#8211; <a href=\"mailto:mvelazquez@herrera.unt.edu.ar\">mvelazquez@herrera.unt.edu.ar\u00a0<\/a><\/li>\n<li><strong>Barraza<\/strong>\u00a0Gabriela &#8211;\u00a0<a href=\"mailto:fgbarraza@herrera.unt.edu.ar\">fgbarraza@herrera.unt.edu.ar<\/a><\/li>\n<li><strong>Ag\u00fcero <\/strong>Pablo &#8211; <a href=\"mailto:paaguero@herrera.unt.edu.ar\">paaguero@herrera.unt.edu.ar\u00a0<\/a><\/li>\n<li><strong>Lobo <\/strong>Josefina\u00a0&#8211;\u00a0<a href=\"mailto:jlobo@herrera.unt.edu.ar\">jlobo@herrera.unt.edu.ar<\/a><\/li>\n<\/ul>\n<\/td>\n<\/tr>\n<tr style=\"height: 24px;\">\n<td style=\"width: 99.8102%; background-color: #343eaf; border-style: solid; border-color: #000000; height: 24px; text-align: center;\" colspan=\"2\"><span style=\"color: #ffffff;\"><strong>SEGUNDO A\u00d1O &#8211; M\u00f3dulo III (Primer Cuatrimestre)<\/strong><\/span><\/td>\n<\/tr>\n<tr style=\"height: 24px;\">\n<td style=\"width: 24.0987%; vertical-align: top; border-style: solid; border-color: #000000; height: 24px;\"><strong> Algoritmos y Estructuras de Datos<\/strong><\/td>\n<td style=\"width: 75.7116%; vertical-align: top; border-style: solid; border-color: #000000; height: 24px;\">\n<ul>\n<li><strong> Luccioni<\/strong>\u00a0Griselda (Docente a Cargo) &#8211; <a href=\"mailto:gluccioni@herrera.unt.edu.ar\">gluccioni@herrera.unt.edu.ar<\/a><\/li>\n<li><strong>Werenitzky<\/strong>\u00a0Cristina &#8211; <a href=\"mailto:cwerenitzky@herrera.unt.edu.ar\">cwerenitzky@herrera.unt.edu.ar<\/a><\/li>\n<li><strong>Odstrcil<\/strong>\u00a0Gabriela &#8211; <a href=\"mailto:godstrcil@herrera.unt.edu.ar\">godstrcil@herrera.unt.edu.ar<\/a><\/li>\n<\/ul>\n<\/td>\n<\/tr>\n<tr style=\"height: 24px;\">\n<td style=\"width: 24.0987%; vertical-align: top; border-style: solid; border-color: #000000; height: 24px;\"><strong>Arquitectura y Organizaci\u00f3n de Computadoras<\/strong><\/td>\n<td style=\"width: 75.7116%; vertical-align: top; border-style: solid; border-color: #000000; height: 24px;\">\n<ul>\n<li><strong>Torres Peralta<\/strong> Ticiano (Docente a Cargo) &#8211; <a href=\"ttorres@herrera.unt.edu.ar\">ttorres@herrera.unt.edu.ar<\/a><\/li>\n<li><b>Rodr\u00edguez Rey<\/b> Pablo &#8211; <a href=\"mailto:pablojrrey@yahoo.com.ar\">pablojrrey@yahoo.com.ar<\/a><\/li>\n<li><strong>Toledo<\/strong> Pablo &#8211; <a href=\"mailto:ptoledo@herrera.unt.edu.ar\">ptoledo@herrera.unt.edu.ar<\/a><\/li>\n<\/ul>\n<\/td>\n<\/tr>\n<tr style=\"height: 24px;\">\n<td style=\"width: 24.0987%; vertical-align: top; border-style: solid; border-color: #000000; height: 24px;\">\n<p class=\"titulo4\"><strong>M\u00e9todos Num\u00e9ricos<\/strong><\/p>\n<\/td>\n<td style=\"width: 75.7116%; vertical-align: top; border-style: solid; border-color: #000000; height: 24px;\">\n<ul>\n<li><strong>Fern\u00e1ndez<\/strong> Patricia (Docente a Cargo) &#8211; <a href=\"mailto:pfernandez@herrera.unt.edu.ar\">pfernandez@herrera.unt.edu.ar<\/a><\/li>\n<li><strong>Molina<\/strong> Graciela &#8211; <a href=\"mailto:gmolina@herrera.unt.edu.ar\">gmolina@herrera.unt.edu.ar<\/a><\/li>\n<li><strong>Albarrac\u00edn<\/strong> Leonardo &#8211; <a href=\"mailto:lalbarracin@herrera.unt.edu.ar\">lalbarracin@herrera.unt.edu.ar<\/a><\/li>\n<\/ul>\n<\/td>\n<\/tr>\n<tr style=\"height: 24px;\">\n<td style=\"width: 24.0987%; vertical-align: top; border-style: solid; border-color: #000000; height: 24px;\"><strong>Taller de Lenguajes I<\/strong><\/td>\n<td style=\"width: 75.7116%; vertical-align: top; border-style: solid; border-color: #000000; height: 24px;\">\n<ul>\n<li><strong>Gra\u00f1a<\/strong>\u00a0Javier (Docente a Cargo) &#8211;\u00a0<a href=\"mailto:jgrana@herrera.unt.edu.ar\">jgrana@herrera.unt.edu.ar<\/a><\/li>\n<li><strong>Guardia<\/strong>\u00a0Sergio &#8211;\u00a0<a href=\"mailto:sguardia@herrera.unt.edu.ar\">sguardia@herrera.unt.edu.ar<\/a><\/li>\n<li><strong>D\u00e9cima<\/strong>\u00a0Agust\u00edn Patricio &#8211;\u00a0<a href=\"mailto:adecima@herrera.unt.edu.ar\">adecima@herrera.unt.edu.ar<\/a><\/li>\n<\/ul>\n<\/td>\n<\/tr>\n<tr style=\"height: 24px;\">\n<td style=\"width: 99.8102%; background-color: #343eaf; border-style: solid; border-color: #000000; height: 24px; text-align: center;\" colspan=\"2\"><strong><span style=\"color: #ffffff;\">SEGUNDO A\u00d1O &#8211; M\u00f3dulo IV (Segundo Cuatrimestre)<\/span><\/strong><\/td>\n<\/tr>\n<tr style=\"height: 24px;\">\n<td style=\"width: 24.0987%; vertical-align: top; border-style: solid; border-color: #000000; height: 24px;\"><strong> Probabilidad y Estad\u00edstica<\/strong><\/td>\n<td style=\"width: 75.7116%; vertical-align: top; border-style: solid; border-color: #000000; height: 24px;\">\n<ul>\n<li><strong>Sfer<\/strong>\u00a0Ana Mar\u00eda (Docente a Cargo) &#8211; <a href=\"mailto:asfer@herrera.unt.edu.ar\">asfer@herrera.unt.edu.ar<\/a><\/li>\n<\/ul>\n<\/td>\n<\/tr>\n<tr>\n<td style=\"width: 24.0987%; vertical-align: top; border-style: solid; border-color: #000000;\"><strong> Paradigmas de Programaci\u00f3n<\/strong><\/td>\n<td style=\"width: 75.7116%; vertical-align: top; border-style: solid; border-color: #000000;\">\n<ul>\n<li><strong> Werenitzky<\/strong>\u00a0Cristina (Docente a Cargo) &#8211; <a href=\"mailto:cwerenitzky@herrera.unt.edu.ar\">cwerenitzky@herrera.unt.edu.ar<\/a><\/li>\n<li><strong>Valdecantos<\/strong>\u00a0H\u00e9ctor &#8211; <a href=\"mailto:hvaldecantos@herrera.unt.edu.ar\">hvaldecantos@herrera.unt.edu.ar<\/a><\/li>\n<li><strong>C\u00e1ceres<\/strong> Luis &#8211; <a href=\"mailto:lfcaceres@herrera.unt.edu.ar\">lfcaceres@herrera.unt.edu.ar<\/a><\/li>\n<\/ul>\n<\/td>\n<\/tr>\n<tr style=\"height: 24px;\">\n<td style=\"width: 24.0987%; vertical-align: top; border-style: solid; border-color: #000000; height: 24px;\"><strong>Conceptos de Bases de Datos I<\/strong><\/td>\n<td style=\"width: 75.7116%; vertical-align: top; border-style: solid; border-color: #000000; height: 24px;\">\n<ul>\n<li><strong>Torres Auad<\/strong>\u00a0L\u00eda (Docente a Cargo) &#8211; <a href=\"mailto:ltorresauad@herrera.unt.edu.ar\">ltorresauad@herrera.unt.edu.ar<\/a><\/li>\n<li><strong>Monteros<\/strong> Jes\u00fas &#8211; <a href=\"mailto:jmonteros@herrera.unt.edu.ar\">jmonteros@herrera.unt.edu.ar<\/a><\/li>\n<li><strong>Pepe<\/strong>\u00a0Juan Pablo &#8211; <a href=\"mailto:jprpepe@herrera.unt.edu.ar\">jprpepe@herrera.unt.edu.ar<\/a><\/li>\n<\/ul>\n<\/td>\n<\/tr>\n<tr style=\"height: 24px;\">\n<td style=\"width: 24.0987%; vertical-align: top; border-style: solid; border-color: #000000; height: 24px;\"><strong>\u00a0<\/strong><strong>Taller de Lenguajes II<\/strong><\/td>\n<td style=\"width: 75.7116%; vertical-align: top; border-style: solid; border-color: #000000; height: 24px;\">\n<ul>\n<li><strong style=\"font-family: inherit; font-size: inherit;\">Gra\u00f1a<\/strong><span style=\"font-family: inherit; font-size: inherit;\">\u00a0Javier (Docente a Cargo) &#8211;<\/span><span style=\"font-family: inherit; font-size: inherit;\">\u00a0<\/span><a style=\"font-family: inherit; font-size: inherit;\" href=\"mailto:jgrana@herrera.unt.edu.ar\">jgrana@herrera.unt.edu.ar<\/a><\/li>\n<li><strong>Guardia<\/strong>\u00a0Sergio &#8211;\u00a0<a href=\"mailto:sguardia@herrera.unt.edu.ar\">sguardia@herrera.unt.edu.ar<\/a><\/li>\n<li><strong>D\u00e9cima<\/strong>\u00a0Agust\u00edn Patricio &#8211;\u00a0<a href=\"mailto:adecima@herrera.unt.edu.ar\">adecima@herrera.unt.edu.ar<\/a><\/li>\n<\/ul>\n<\/td>\n<\/tr>\n<tr style=\"height: 24px;\">\n<td style=\"width: 99.8102%; background-color: #343eaf; border-style: solid; border-color: #000000; height: 24px; text-align: center;\" colspan=\"2\"><strong><span style=\"color: #ffffff;\">TERCER A\u00d1O &#8211; M\u00f3dulo V (Primer Cuatrimestre)<\/span><\/strong><\/td>\n<\/tr>\n<tr>\n<td style=\"width: 24.0987%; vertical-align: top; border-style: solid; border-color: #000000;\"><strong> An\u00e1lisis y Dise\u00f1o de Sistemas de Informaci\u00f3n<\/strong><\/td>\n<td style=\"width: 75.7116%; vertical-align: top; border-style: solid; border-color: #000000;\">\n<ul>\n<li><strong>Saborido<\/strong>\u00a0Esteban (Docente a Cargo) &#8211; <a href=\"mailto:esaborido@herrera.unt.edu.ar\">esaborido@herrera.unt.edu.ar<\/a><\/li>\n<li><strong>Reales Raffin<\/strong>\u00a0Sof\u00eda<\/li>\n<\/ul>\n<\/td>\n<\/tr>\n<tr>\n<td style=\"width: 24.0987%; vertical-align: top; border-style: solid; border-color: #000000;\"><strong>\u00a0Comunicaciones I<\/strong><\/td>\n<td style=\"width: 75.7116%; vertical-align: top; border-style: solid; border-color: #000000;\">\n<ul>\n<li><strong>\u00a0Ortega <\/strong>Hugo Orlando (Docente a Cargo)<strong> &#8211; <\/strong><a href=\"mailto:hortega@herrera.unt.edu.ar\">hortega@herrera.unt.edu.ar<\/a><\/li>\n<li><strong>Ortiz<\/strong> Luis &#8211; <a href=\"mailto:lortiz@herrera.unt.edu.ar\">lortiz@herrera.unt.edu.ar<\/a><\/li>\n<li><strong>Baz\u00e1n<\/strong> Ricardo<\/li>\n<\/ul>\n<\/td>\n<\/tr>\n<tr>\n<td style=\"width: 24.0987%; vertical-align: top; border-style: solid; border-color: #000000;\"><strong>\u00a0Sistemas Operativos I<\/strong><\/td>\n<td style=\"width: 75.7116%; vertical-align: top; border-style: solid; border-color: #000000;\">\n<ul>\n<li><strong>\u00a0Soria <\/strong>Marcos (Docente a Cargo) &#8211; <a href=\"mailto:msoria@herrera.unt.edu.ar\">msoria@herrera.unt.edu.ar<\/a><\/li>\n<li><strong>M\u00e1s Valdecantos<\/strong> Marcelo &#8211; <a href=\"mailto:mmas@herrera.unt.edu.ar\">mmas@herrera.unt.edu.ar<\/a><\/li>\n<\/ul>\n<\/td>\n<\/tr>\n<tr>\n<td style=\"width: 24.0987%; vertical-align: top; border-style: solid; border-color: #000000;\"><strong>\u00a0Conceptos de Bases de Datos II<\/strong><\/td>\n<td style=\"width: 75.7116%; vertical-align: top; border-style: solid; border-color: #000000;\">\n<ul>\n<li><strong>Torres Auad<\/strong>\u00a0L\u00eda (Docente a Cargo) &#8211; <a href=\"mailto:ltorresauad@herrera.unt.edu.ar\">ltorresauad@herrera.unt.edu.ar<\/a><\/li>\n<li><strong>Monteros<\/strong> Jes\u00fas &#8211; <a href=\"mailto:jmonteros@herrera.unt.edu.ar\">jmonteros@herrera.unt.edu.ar<\/a><\/li>\n<li><strong>Pepe<\/strong>\u00a0Juan Pablo &#8211; <a href=\"mailto:jprpepe@herrera.unt.edu.ar\">jprpepe@herrera.unt.edu.ar<\/a><\/li>\n<\/ul>\n<\/td>\n<\/tr>\n<tr>\n<td style=\"width: 24.0987%; vertical-align: top; border-style: solid; border-color: #000000;\"><strong>Proyecto Final (anual)<\/strong><\/td>\n<td style=\"width: 75.7116%; vertical-align: top; border-style: solid; border-color: #000000;\">\n<ul>\n<li><strong>Valdecantos<\/strong>\u00a0H\u00e9ctor (Docente a Cargo)- <a href=\"mailto:hvaldecantos@herrera.unt.edu.ar\">hvaldecantos@herrera.unt.edu.ar<\/a><\/li>\n<li><strong>Saborido<\/strong>\u00a0Esteban (Docente a Cargo) &#8211; <a href=\"mailto:esaborido@herrera.unt.edu.ar\">esaborido@herrera.unt.edu.ar<\/a><\/li>\n<\/ul>\n<\/td>\n<\/tr>\n<tr style=\"height: 24px;\">\n<td style=\"width: 99.8102%; background-color: #343eaf; border-style: solid; border-color: #000000; height: 24px; text-align: center;\" colspan=\"2\"><strong><span style=\"color: #ffffff;\">TERCER A\u00d1O &#8211; M\u00f3dulo VI (Segundo Cuatrimestre)<\/span><\/strong><\/td>\n<\/tr>\n<tr>\n<td style=\"width: 24.0987%; vertical-align: top; border-style: solid; border-color: #000000;\"><strong>\u00a0Ingenier\u00eda de Software<\/strong><\/td>\n<td style=\"width: 75.7116%; vertical-align: top; border-style: solid; border-color: #000000;\">\n<ul>\n<li><strong>Saborido<\/strong>\u00a0Esteban (Docente a Cargo) &#8211; <a href=\"mailto:esaborido@herrera.unt.edu.ar\">esaborido@herrera.unt.edu.ar<\/a><\/li>\n<li><strong>Valdecantos<\/strong>\u00a0H\u00e9ctor (Docente a Cargo)- <a href=\"mailto:hvaldecantos@herrera.unt.edu.ar\">hvaldecantos@herrera.unt.edu.ar<\/a><\/li>\n<li><strong>Reales Raffin<\/strong> Sof\u00eda &#8211; <a href=\"mailto:srealesrafin@gmail.com\">srealesrafin@gmail.com<\/a><\/li>\n<\/ul>\n<\/td>\n<\/tr>\n<tr>\n<td style=\"width: 24.0987%; vertical-align: top; border-style: solid; border-color: #000000;\"><strong>\u00a0Comunicaciones II<\/strong><\/td>\n<td style=\"width: 75.7116%; vertical-align: top; border-style: solid; border-color: #000000;\">\n<ul>\n<li><strong>\u00a0Ortega <\/strong>Hugo Orlando (Docente a Cargo)<strong> &#8211; <\/strong><a href=\"mailto:hortega@herrera.unt.edu.ar\">hortega@herrera.unt.edu.ar<\/a><\/li>\n<li><strong>Ortiz<\/strong> Luis &#8211; <a href=\"mailto:lortiz@herrera.unt.edu.ar\">lortiz@herrera.unt.edu.ar<\/a><\/li>\n<\/ul>\n<\/td>\n<\/tr>\n<tr>\n<td style=\"width: 24.0987%; vertical-align: top; border-style: solid; border-color: #000000;\"><strong>\u00a0Sistemas Abiertos<\/strong><\/td>\n<td style=\"width: 75.7116%; vertical-align: top; border-style: solid; border-color: #000000;\">\n<ul>\n<li><strong>Soria <\/strong>Marcos (Docente a Cargo) &#8211; <a href=\"mailto:msoria@herrera.unt.edu.ar\">msoria@herrera.unt.edu.ar<\/a><\/li>\n<li><strong>Rodr\u00edguez Rey<\/strong> Pablo Jes\u00fas &#8211; <a href=\"mailto:pjrodriguezrey@herrera.unt.edu.ar\">pjrodriguezrey@herrera.unt.edu.ar\u00a0<\/a><\/li>\n<li><strong>Baz\u00e1n<\/strong> Ricardo<\/li>\n<\/ul>\n<\/td>\n<\/tr>\n<tr>\n<td style=\"width: 24.0987%; vertical-align: top; border-style: solid; border-color: #000000;\"><strong>Taller de Legislaci\u00f3n y Organizaciones\u00a0<\/strong><\/td>\n<td style=\"width: 75.7116%; vertical-align: top; border-style: solid; border-color: #000000;\">\n<ul>\n<li><strong>\u00a0Ortega <\/strong>Mar\u00eda Paula (Docente a Cargo) &#8211; <a href=\"mailto:mportega@herrera.unt.edu.ar\">mportega@herrera.unt.edu.ar<\/a><\/li>\n<li><strong>Melucci<\/strong> Daniel &#8211; <a href=\"mailto:dmelucci@herrera.unt.edu.ar\">dmelucci@herrera.unt.edu.ar<\/a><\/li>\n<\/ul>\n<\/td>\n<\/tr>\n<tr>\n<td style=\"width: 24.0987%; vertical-align: top; border-style: solid; border-color: #000000;\"><strong>Proyecto Final (Continuaci\u00f3n)<\/strong><\/td>\n<td style=\"width: 75.7116%; vertical-align: top; border-style: solid; border-color: #000000;\">\n<ul>\n<li><strong>Saborido<\/strong>\u00a0Esteban (Docente a Cargo) &#8211; <a href=\"mailto:esaborido@herrera.unt.edu.ar\">esaborido@herrera.unt.edu.ar<\/a><\/li>\n<li><strong>Reales Raffin<\/strong> Sof\u00eda &#8211; <a href=\"mailto:srealesrafin@gmail.com\">srealesrafin@gmail.com<\/a><\/li>\n<\/ul>\n<\/td>\n<\/tr>\n<\/tbody>\n<\/table>\n","protected":false},"excerpt":{"rendered":"<p>PRIMER A\u00d1O &#8211; M\u00f3dulo I (Primer Cuatrimestre) ASIGNATURA DOCENTES \u00c1lgebra y Geometr\u00eda Anal\u00edtica Lomas Isabel (Docente a Cargo) &#8211; ilomas@herrera.unt.edu.ar C\u00e1lculo I Nahas Anal\u00eda (Docente a Cargo) &#8211; anahas@herrera.unt.edu.ar Elementos de Computaci\u00f3n y L\u00f3gica Vel\u00e1zquez\u00a0Mariela\u00a0(Docente a cargo) &#8211; mvelazquez@herrera.unt.edu.ar\u00a0 Barraza\u00a0Gabriela\u00a0&#8211;\u00a0fgbarraza@herrera.unt.edu.ar Ag\u00fcero Pablo \u00a0&#8211; paaguero@herrera.unt.edu.ar\u00a0 C\u00e1ceres Luis\u00a0&#8211; lfcaceres@herrera.unt.edu.ar Lobo Josefina\u00a0&#8211;\u00a0jlobo@herrera.unt.edu.ar Laboratorio I Ruiz Myriam (Docente a [&hellip;]<\/p>\n","protected":false},"author":15,"featured_media":0,"parent":0,"menu_order":0,"comment_status":"closed","ping_status":"closed","template":"","meta":[],"_links":{"self":[{"href":"https:\/\/www.facet.unt.edu.ar\/programadoruniversitario\/wp-json\/wp\/v2\/pages\/107"}],"collection":[{"href":"https:\/\/www.facet.unt.edu.ar\/programadoruniversitario\/wp-json\/wp\/v2\/pages"}],"about":[{"href":"https:\/\/www.facet.unt.edu.ar\/programadoruniversitario\/wp-json\/wp\/v2\/types\/page"}],"author":[{"embeddable":true,"href":"https:\/\/www.facet.unt.edu.ar\/programadoruniversitario\/wp-json\/wp\/v2\/users\/15"}],"replies":[{"embeddable":true,"href":"https:\/\/www.facet.unt.edu.ar\/programadoruniversitario\/wp-json\/wp\/v2\/comments?post=107"}],"version-history":[{"count":23,"href":"https:\/\/www.facet.unt.edu.ar\/programadoruniversitario\/wp-json\/wp\/v2\/pages\/107\/revisions"}],"predecessor-version":[{"id":368,"href":"https:\/\/www.facet.unt.edu.ar\/programadoruniversitario\/wp-json\/wp\/v2\/pages\/107\/revisions\/368"}],"wp:attachment":[{"href":"https:\/\/www.facet.unt.edu.ar\/programadoruniversitario\/wp-json\/wp\/v2\/media?parent=107"}],"curies":[{"name":"wp","href":"https:\/\/api.w.org\/{rel}","templated":true}]}}