{"id":111,"date":"2014-06-18T19:31:01","date_gmt":"2014-06-18T22:31:01","guid":{"rendered":"https:\/\/www.facet.unt.edu.ar\/programadoruniversitario\/?page_id=111"},"modified":"2014-06-18T19:36:59","modified_gmt":"2014-06-18T22:36:59","slug":"historia-de-la-carrera","status":"publish","type":"page","link":"https:\/\/www.facet.unt.edu.ar\/programadoruniversitario\/historia-de-la-carrera\/","title":{"rendered":"Historia"},"content":{"rendered":"<p>La carrera de Programador Universitario fue creada por resoluci\u00f3n 1929\/1996 con fecha 5 de Diciembre de 1996 por el Honorable Consejo Superior de la Universidad Nacional de Tucum\u00e1n, previa resoluci\u00f3n favorable del Consejo Directivo de la Facultad de Ciencias Exactas y Tecnolog\u00eda, respondiendo a los m\u00faltiples requerimientos del medio y al potencial de inserci\u00f3n laboral que brindar\u00eda esta carrera. El reconocimiento oficial y la validez nacional del t\u00edtulo fueron otorgados por resoluci\u00f3n 1148 con fecha 11 de Junio de 1998 por el Ministerio de Cultura y Educaci\u00f3n.<\/p>\n<p>La carrera de Programador Universitario se comienza a dictar en marzo de 1997 y contin\u00faa dict\u00e1ndose regularmente hasta la fecha. Est\u00e1 pensada para ser cursada en horarios vespertinos. Su plan de estudios ha sido actualizado con modificaciones en el a\u00f1o 2000 y en el 2004 para adecuarse a las necesidades del medio, en cuanto a los avances tecnol\u00f3gicos, principalmente en las \u00e1reas de comunicaciones y aplicaciones de software.<\/p>\n<div id=\"dc_vk_code\"><\/div>\n","protected":false},"excerpt":{"rendered":"<p>La carrera de Programador Universitario fue creada por resoluci\u00f3n 1929\/1996 con fecha 5 de Diciembre de 1996 por el Honorable Consejo Superior de la Universidad Nacional de Tucum\u00e1n, previa resoluci\u00f3n favorable del Consejo Directivo de la Facultad de Ciencias Exactas y Tecnolog\u00eda, respondiendo a los m\u00faltiples requerimientos del medio y al potencial de inserci\u00f3n laboral [&hellip;]<\/p>\n","protected":false},"author":15,"featured_media":0,"parent":0,"menu_order":0,"comment_status":"closed","ping_status":"closed","template":"","meta":[],"_links":{"self":[{"href":"https:\/\/www.facet.unt.edu.ar\/programadoruniversitario\/wp-json\/wp\/v2\/pages\/111"}],"collection":[{"href":"https:\/\/www.facet.unt.edu.ar\/programadoruniversitario\/wp-json\/wp\/v2\/pages"}],"about":[{"href":"https:\/\/www.facet.unt.edu.ar\/programadoruniversitario\/wp-json\/wp\/v2\/types\/page"}],"author":[{"embeddable":true,"href":"https:\/\/www.facet.unt.edu.ar\/programadoruniversitario\/wp-json\/wp\/v2\/users\/15"}],"replies":[{"embeddable":true,"href":"https:\/\/www.facet.unt.edu.ar\/programadoruniversitario\/wp-json\/wp\/v2\/comments?post=111"}],"version-history":[{"count":3,"href":"https:\/\/www.facet.unt.edu.ar\/programadoruniversitario\/wp-json\/wp\/v2\/pages\/111\/revisions"}],"predecessor-version":[{"id":114,"href":"https:\/\/www.facet.unt.edu.ar\/programadoruniversitario\/wp-json\/wp\/v2\/pages\/111\/revisions\/114"}],"wp:attachment":[{"href":"https:\/\/www.facet.unt.edu.ar\/programadoruniversitario\/wp-json\/wp\/v2\/media?parent=111"}],"curies":[{"name":"wp","href":"https:\/\/api.w.org\/{rel}","templated":true}]}}