{"id":129,"date":"2014-08-13T23:19:05","date_gmt":"2014-08-14T02:19:05","guid":{"rendered":"https:\/\/www.facet.unt.edu.ar\/programadoruniversitario\/home\/"},"modified":"2023-05-13T21:21:36","modified_gmt":"2023-05-14T00:21:36","slug":"home","status":"publish","type":"page","link":"https:\/\/www.facet.unt.edu.ar\/programadoruniversitario\/","title":{"rendered":"Home"},"content":{"rendered":"<div id=\"pl-129\"  class=\"panel-layout\" ><div id=\"pg-129-0\"  class=\"panel-grid panel-no-style\" ><div id=\"pgc-129-0-0\"  class=\"panel-grid-cell\" ><div id=\"panel-129-0-0-0\" class=\"so-panel widget widget_black-studio-tinymce widget_black_studio_tinymce panel-first-child panel-last-child\" data-index=\"0\" ><div class=\"textwidget\"><h3><span style=\"color: #000000\"><strong>Bienvenidos<\/strong><\/span><\/h3>\n<p style=\"text-align: justify\">La carrera de Programador Universitario (1997-2017) prepara a los estudiantes para resolver problemas inform\u00e1ticos del mundo real, con una orientaci\u00f3n eminentemente pr\u00e1ctica. Todas las clases se desarrollan en horarios vespertinos, favoreciendo a los alumnos que trabajan medio d\u00eda. Las pr\u00e1cticas se desarrollan en laboratorios climatizados, provistos de hardware y software en constante actualizaci\u00f3n. Durante toda la carrera se ofrece una atenci\u00f3n personalizada al alumno, supervisada por tutores. As\u00ed tambi\u00e9n se dispone de Becas y Pasant\u00edas rentadas. Posee una alta demanda laboral en el medio.<br \/><strong>T\u00edtulo: Programador Universitario <br \/>Duraci\u00f3n: 3 a\u00f1os<\/strong><\/p>\n<p><a href=\"https:\/\/www.facet.unt.edu.ar\/programadoruniversitario\/wp-content\/uploads\/sites\/17\/2016\/12\/programador-universitario.jpg\"><img class=\"aligncenter wp-image-89\" src=\"https:\/\/www.facet.unt.edu.ar\/programadoruniversitario\/wp-content\/uploads\/sites\/17\/2014\/06\/ing.-en-sistemas.jpg\" alt=\"programadora\" width=\"600\" height=\"320\" \/><\/a><\/p>\n<\/div><\/div><\/div><div id=\"pgc-129-0-1\"  class=\"panel-grid-cell\" ><div id=\"panel-129-0-1-0\" class=\"so-panel widget widget_sow-social-media-buttons panel-first-child\" data-index=\"1\" ><div\n\t\t\t\n\t\t\tclass=\"so-widget-sow-social-media-buttons so-widget-sow-social-media-buttons-atom-b5e6fd2b413f-129\"\n\t\t\t\n\t\t>\n<h3 class=\"widget-title\">Nuestras Redes<\/h3>\n<div class=\"social-media-button-container\">\n\t\n\t\t<a class=\"ow-button-hover sow-social-media-button-facebook-0 sow-social-media-button\" title=\"Carrera Programador Universitario en Facebook\" aria-label=\"Carrera Programador Universitario en Facebook\" target=\"_blank\" rel=\"noopener noreferrer\" href=\"https:\/\/www.facebook.com\/UNT.Informatica\" >\n\t\t\t<span>\n\t\t\t\t\t\t\t\t<span class=\"sow-icon-fontawesome sow-fab\" data-sow-icon=\"&#xf39e;\"\n\t\t \n\t\taria-hidden=\"true\"><\/span>\t\t\t\t\t\t\t<\/span>\n\t\t<\/a>\n\t\n\t\t<a class=\"ow-button-hover sow-social-media-button-instagram-0 sow-social-media-button\" title=\"Carrera Programador Universitario en Instagram\" aria-label=\"Carrera Programador Universitario en Instagram\" target=\"_blank\" rel=\"noopener noreferrer\" href=\"https:\/\/www.instagram.com\/UNT.Informatica\/\" >\n\t\t\t<span>\n\t\t\t\t\t\t\t\t<span class=\"sow-icon-fontawesome sow-fab\" data-sow-icon=\"&#xf16d;\"\n\t\t \n\t\taria-hidden=\"true\"><\/span>\t\t\t\t\t\t\t<\/span>\n\t\t<\/a>\n\t\n\t\t<a class=\"ow-button-hover sow-social-media-button-twitter-0 sow-social-media-button\" title=\"Carrera Programador Universitario en Twitter\" aria-label=\"Carrera Programador Universitario en Twitter\" target=\"_blank\" rel=\"noopener noreferrer\" href=\"https:\/\/twitter.com\/UntInformatica\" >\n\t\t\t<span>\n\t\t\t\t\t\t\t\t<span class=\"sow-icon-fontawesome sow-fab\" data-sow-icon=\"&#xf099;\"\n\t\t \n\t\taria-hidden=\"true\"><\/span>\t\t\t\t\t\t\t<\/span>\n\t\t<\/a>\n\t<\/div>\n<\/div><\/div><div id=\"panel-129-0-1-1\" class=\"so-panel widget widget_text panel-last-child\" data-index=\"2\" ><h3 class=\"widget-title\">Sitios de Inter\u00e9s<\/h3>\t\t\t<div class=\"textwidget\"><p><a href=\"https:\/\/www.facet.unt.edu.ar\/\" target=\"_blank\" rel=\"noopener\"><img class=\"aligncenter size-full wp-image-1251\" title=\"Facultad de Ciencias Exactas y Tecnolog\u00eda\" src=\"https:\/\/www.facet.unt.edu.ar\/programadoruniversitario\/wp-content\/uploads\/sites\/17\/2023\/04\/SITIO-WEB-FACET.png\" alt=\"\" width=\"300\" height=\"149\" \/><br \/>\n        <\/a><br \/>\n<a href=\"https:\/\/facetvirtual.facet.unt.edu.ar\/\" target=\"_blank\" rel=\"noopener\"><img class=\"aligncenter size-full wp-image-1251\" title=\"Entorno Virtual FACET\" src=\"https:\/\/www.facet.unt.edu.ar\/licinformatica\/wp-content\/uploads\/sites\/16\/2014\/06\/facet-virtual.png\" alt=\"\" width=\"300\" height=\"149\" \/><br \/>\n        <\/a><br \/>\n<a href=\"https:\/\/bibliotecafacet.com.ar\/\" target=\"_blank\" rel=\"noopener\"><img class=\"aligncenter size-full wp-image-1251\" title=\"Biblioteca Central FACET\" src=\"https:\/\/www.facet.unt.edu.ar\/licinformatica\/wp-content\/uploads\/sites\/16\/2014\/06\/biblioteca.png\" alt=\"\" width=\"300\" height=\"149\" \/><br \/>\n        <\/a><\/p>\n<\/div>\n\t\t<\/div><\/div><\/div><div id=\"pg-129-1\"  class=\"panel-grid panel-no-style\" ><div id=\"pgc-129-1-0\"  class=\"panel-grid-cell\" ><div id=\"panel-129-1-0-0\" class=\"so-panel widget widget_origin_call-to-action panel-first-child\" data-index=\"3\" ><div class=\"origin-widget origin-widget-call-to-action origin-widget-call-to-action-simple-light_dashed\"><h2 class=\"title\">Ingreso FACET<\/h2>\n<h5 class=\"subtitle\"><\/h5>\n<div class=\"origin-widget origin-widget-button origin-widget-button-simple-white align-none\"><a href=\"https:\/\/www.facet.unt.edu.ar\/ingreso-facet\/\" target=\"_blank\" rel=\"noopener noreferrer\">\n\tInformaci\u00f3n sobre las instancias del ingreso<\/a><\/div><\/div><\/div><div id=\"panel-129-1-0-1\" class=\"so-panel widget widget_siteorigin-panels-postloop panel-last-child\" data-index=\"4\" >\n<article id=\"post-374\" class=\"post-374 post type-post status-publish format-standard hentry category-novedades\">\n\n\t\n\t<div class=\"entry-main\">\n\n\t\t\n\t\t<header class=\"entry-header\">\n\t\t\t\n\t\t\t<h1 class=\"entry-title\"><a href=\"https:\/\/www.facet.unt.edu.ar\/programadoruniversitario\/2024\/07\/23\/webinar-introduccion-a-godot-el-motor-de-video-juegos-argentino\/\" title=\"Enlace permanente a Webinar \u201cIntroducci\u00f3n a Godot, el motor de video juegos\u00a0argentino\u201d\" rel=\"bookmark\">Webinar \u201cIntroducci\u00f3n a Godot, el motor de video juegos\u00a0argentino\u201d<\/a><\/h1>\n\n\t\t\t\t\t\t\t<div class=\"entry-meta\">\n\t\t\t\t\tPublicado el <a href=\"https:\/\/www.facet.unt.edu.ar\/programadoruniversitario\/2024\/07\/23\/webinar-introduccion-a-godot-el-motor-de-video-juegos-argentino\/\" title=\"11:47\" rel=\"bookmark\"><time class=\"entry-date\" datetime=\"2024-07-23T11:47:59-03:00\">23 julio, 2024<\/time><\/a><time class=\"updated\" datetime=\"2024-07-23T11:47:59-03:00\">23 julio, 2024<\/time> <span class=\"byline\"> por <span class=\"author vcard\"><a class=\"url fn n\" href=\"https:\/\/www.facet.unt.edu.ar\/programadoruniversitario\/author\/mruiz\/\" title=\"Ver todos los art\u00edculos de mruiz\" rel=\"author\">mruiz<\/a><\/span><\/span> \t\t\t\t<\/div><!-- .entry-meta -->\n\t\t\t\n\t\t<\/header><!-- .entry-header -->\n\n\t\t\t\t\t<div class=\"entry-content\">\n\t\t\t\t<div class=\"m8h3af8h l7ghb35v kjdc1dyq kmwttqpk gh25dzvf n3t5jt4f\">\n<div dir=\"auto\">Continuando con los vivos 2024 del Ciclo de Webinars \u201cConviviendo con el cambio\u201d del <strong>Departamento de Ciencias de la Computaci\u00f3n de la FACET<\/strong>. <span class=\"fxk3tzhb b2rh1bv3 gh55jysx m8h3af8h ewco64xe kjdc1dyq ms56khn7 bq6c9xl4 eohcrkr5 akh3l2rg\"><img decoding=\"async\" loading=\"lazy\" src=\"https:\/\/static.xx.fbcdn.net\/images\/emoji.php\/v9\/t8c\/1\/16\/1f389.png\" alt=\"\ud83c\udf89\" width=\"16\" height=\"16\" \/><\/span><\/div>\n<div dir=\"auto\"><\/div>\n<\/div>\n<div class=\"l7ghb35v kjdc1dyq kmwttqpk gh25dzvf jikcssrz n3t5jt4f\">\n<div dir=\"auto\"><span class=\"fxk3tzhb b2rh1bv3 gh55jysx m8h3af8h ewco64xe kjdc1dyq ms56khn7 bq6c9xl4 eohcrkr5 akh3l2rg\"><img decoding=\"async\" loading=\"lazy\" src=\"https:\/\/static.xx.fbcdn.net\/images\/emoji.php\/v9\/tff\/1\/16\/1f4c6.png\" alt=\"\ud83d\udcc6\" width=\"16\" height=\"16\" \/> El d\u00eda Jueves 25 de Julio de 2024 a las 19 hs<\/span>, se llevar\u00e1 a cabo el Webinar\u00a0<strong>\u201cIntroducci\u00f3n a Godot, el motor de video juegos argentino\u201d<\/strong><\/div>\n<div dir=\"auto\"><\/div>\n<div dir=\"auto\">\n<div dir=\"auto\"><span class=\"html-span xexx8yu x4uap5 x18d9i69 xkhd6sd x1hl2dhg x16tdsg8 x1vvkbs x3nfvp2 x1j61x8r x1fcty0u xdj266r xat24cr xgzva0m xhhsvwb xxymvpz xlup9mm x1kky2od\"><img decoding=\"async\" loading=\"lazy\" class=\"xz74otr\" src=\"https:\/\/static.xx.fbcdn.net\/images\/emoji.php\/v9\/tb5\/1\/16\/1f468_200d_1f3eb.png\" alt=\"\ud83d\udc68\u200d\ud83c\udfeb\" width=\"16\" height=\"16\" \/><\/span> <strong>Presentadores:<\/strong> Tom\u00e1s Heredia y Juan Mariano Girbau Alfaro<\/div>\n<div dir=\"auto\"><\/div>\n<div dir=\"auto\"><span class=\"html-span xexx8yu x4uap5 x18d9i69 xkhd6sd x1hl2dhg x16tdsg8 x1vvkbs x3nfvp2 x1j61x8r x1fcty0u xdj266r xat24cr xgzva0m xhhsvwb xxymvpz xlup9mm x1kky2od\"><img decoding=\"async\" loading=\"lazy\" class=\"xz74otr\" src=\"https:\/\/static.xx.fbcdn.net\/images\/emoji.php\/v9\/tc1\/1\/16\/1f50d.png\" alt=\"\ud83d\udd0d\" width=\"16\" height=\"16\" \/><\/span> <strong>Supervisi\u00f3n:<\/strong> Mg. Ticiano Torres Peralta<\/div>\n<\/div>\n<div dir=\"auto\">\n<p>\u270d\ufe0f <strong>Temas a tratar<\/strong>:<\/p>\n<p>\u00a1Acomp\u00e1\u00f1anos en esta presentaci\u00f3n de Godot Engine y descubre sus incre\u00edbles capacidades para el desarrollo de videojuegos! Este webinar est\u00e1 dirigido al p\u00fablico en general, as\u00ed que no importa si eres un principiante o un experto, \u00a1todos son bienvenidos!<\/p>\n<div class=\"x11i5rnm xat24cr x1mh8g0r x1vvkbs xtlvy1s x126k92a\">\n<div dir=\"auto\"><strong>Destinatarios:<\/strong><\/div>\n<div dir=\"auto\">\n<div dir=\"auto\"><span class=\"html-span xexx8yu x4uap5 x18d9i69 xkhd6sd x1hl2dhg x16tdsg8 x1vvkbs x3nfvp2 x1j61x8r x1fcty0u xdj266r xat24cr xgzva0m xhhsvwb xxymvpz xlup9mm x1kky2od\"><img decoding=\"async\" loading=\"lazy\" class=\"xz74otr\" src=\"https:\/\/static.xx.fbcdn.net\/images\/emoji.php\/v9\/t33\/1\/16\/2705.png\" alt=\"\u2705\" width=\"16\" height=\"16\" \/><\/span> P\u00fablico en general<\/div>\n<\/div>\n<\/div>\n<\/div>\n<\/div>\n<div dir=\"auto\"><\/div>\n<div dir=\"auto\"><span class=\"fxk3tzhb b2rh1bv3 gh55jysx m8h3af8h ewco64xe kjdc1dyq ms56khn7 bq6c9xl4 eohcrkr5 akh3l2rg\"><img decoding=\"async\" loading=\"lazy\" src=\"https:\/\/static.xx.fbcdn.net\/images\/emoji.php\/v9\/tac\/1\/16\/1f4cc.png\" alt=\"\ud83d\udccc\" width=\"16\" height=\"16\" \/> <\/span>El mismo se transmitir\u00e1 en el canal de Youtube de la FACET: <a href=\"https:\/\/www.youtube.com\/watch?v=q6bdJi-QkEM\">https:\/\/www.youtube.com\/watch?v=q6bdJi-QkEM<\/a><\/div>\n<p><a href=\"https:\/\/www.youtube.com\/watch?v=q6bdJi-QkEM\"><img decoding=\"async\" loading=\"lazy\" class=\"aligncenter size-full wp-image-3871\" src=\"https:\/\/www.facet.unt.edu.ar\/dpto-cs-comp\/wp-content\/uploads\/sites\/29\/2024\/07\/Webinar-julio-instagram.png\" alt=\"\" width=\"1080\" height=\"1080\" \/><\/a><\/p>\n<div tabindex=\"0\"><\/div>\n<div class=\"l7ghb35v kjdc1dyq kmwttqpk gh25dzvf jikcssrz n3t5jt4f\">\n<div dir=\"auto\">\n<div>\n<div class=\"mcafee_ok\" tabindex=\"0\">Cabe destacar que, los Webinars de este ciclo, se desarrollar\u00e1n de manera GRATUITA\u00a0<span class=\"fxk3tzhb b2rh1bv3 gh55jysx m8h3af8h ewco64xe kjdc1dyq ms56khn7 bq6c9xl4 eohcrkr5 akh3l2rg\"><img decoding=\"async\" loading=\"lazy\" src=\"https:\/\/static.xx.fbcdn.net\/images\/emoji.php\/v9\/tfe\/1\/16\/1f44f.png\" alt=\"\ud83d\udc4f\" width=\"16\" height=\"16\" \/><\/span><\/div>\n<\/div>\n<\/div>\n<\/div>\n\t\t\t\t\t\t\t\t\t\t\t\t\t\t\t<\/div><!-- .entry-content -->\n\t\t\n\t\t\n\t<\/div>\n\n<\/article><!-- #post-374 -->\n<\/div><\/div><\/div><\/div>","protected":false},"excerpt":{"rendered":"<p>Bienvenidos La carrera de Programador Universitario (1997-2017) prepara a los estudiantes para resolver problemas inform\u00e1ticos del mundo real, con una orientaci\u00f3n eminentemente pr\u00e1ctica. Todas las clases se desarrollan en horarios vespertinos, favoreciendo a los alumnos que trabajan medio d\u00eda. Las pr\u00e1cticas se desarrollan en laboratorios climatizados, provistos de hardware y software en constante actualizaci\u00f3n. Durante [&hellip;]<\/p>\n","protected":false},"author":15,"featured_media":0,"parent":0,"menu_order":0,"comment_status":"closed","ping_status":"closed","template":"home-panels.php","meta":[],"_links":{"self":[{"href":"https:\/\/www.facet.unt.edu.ar\/programadoruniversitario\/wp-json\/wp\/v2\/pages\/129"}],"collection":[{"href":"https:\/\/www.facet.unt.edu.ar\/programadoruniversitario\/wp-json\/wp\/v2\/pages"}],"about":[{"href":"https:\/\/www.facet.unt.edu.ar\/programadoruniversitario\/wp-json\/wp\/v2\/types\/page"}],"author":[{"embeddable":true,"href":"https:\/\/www.facet.unt.edu.ar\/programadoruniversitario\/wp-json\/wp\/v2\/users\/15"}],"replies":[{"embeddable":true,"href":"https:\/\/www.facet.unt.edu.ar\/programadoruniversitario\/wp-json\/wp\/v2\/comments?post=129"}],"version-history":[{"count":26,"href":"https:\/\/www.facet.unt.edu.ar\/programadoruniversitario\/wp-json\/wp\/v2\/pages\/129\/revisions"}],"predecessor-version":[{"id":331,"href":"https:\/\/www.facet.unt.edu.ar\/programadoruniversitario\/wp-json\/wp\/v2\/pages\/129\/revisions\/331"}],"wp:attachment":[{"href":"https:\/\/www.facet.unt.edu.ar\/programadoruniversitario\/wp-json\/wp\/v2\/media?parent=129"}],"curies":[{"name":"wp","href":"https:\/\/api.w.org\/{rel}","templated":true}]}}