{"id":74,"date":"2014-06-12T22:59:50","date_gmt":"2014-06-13T01:59:50","guid":{"rendered":"https:\/\/www.facet.unt.edu.ar\/programadoruniversitario\/?page_id=74"},"modified":"2014-06-18T19:42:47","modified_gmt":"2014-06-18T22:42:47","slug":"perfil-del-egresado","status":"publish","type":"page","link":"https:\/\/www.facet.unt.edu.ar\/programadoruniversitario\/perfil-del-egresado\/","title":{"rendered":"Perfil del Egresado"},"content":{"rendered":"<p>Se pretende capacitar a los egresados de esta carrera para las siguientes tareas:<\/p>\n<ul>\n<li>Desarrollar, documentar y mantener programas de cualquier grado de complejidad en las \u00e1reas productivas, administrativas, t\u00e9cnicas, cient\u00edficas y de creaci\u00f3n.<\/li>\n<\/ul>\n<ul>\n<li>Evaluar y\/o modificar programas desarrollados por otros programadores.<\/li>\n<\/ul>\n<ul>\n<li>Colaborar en equipos de desarrollo de programaci\u00f3n y computaci\u00f3n.<\/li>\n<\/ul>\n<ul>\n<li>\u00a0Asesorar a profesionales de otras disciplinas en el uso de computadoras.<\/li>\n<\/ul>\n<div id=\"dc_vk_code\"><a href=\"https:\/\/www.facet.unt.edu.ar\/programadoruniversitario\/wp-content\/uploads\/sites\/17\/2014\/06\/egresados.png\"><img decoding=\"async\" loading=\"lazy\" class=\"aligncenter  wp-image-118\" src=\"https:\/\/www.facet.unt.edu.ar\/programadoruniversitario\/wp-content\/uploads\/sites\/17\/2014\/06\/egresados.png\" alt=\"egresados\" width=\"585\" height=\"390\" srcset=\"https:\/\/www.facet.unt.edu.ar\/programadoruniversitario\/wp-content\/uploads\/sites\/17\/2014\/06\/egresados.png 1000w, https:\/\/www.facet.unt.edu.ar\/programadoruniversitario\/wp-content\/uploads\/sites\/17\/2014\/06\/egresados-300x200.png 300w, https:\/\/www.facet.unt.edu.ar\/programadoruniversitario\/wp-content\/uploads\/sites\/17\/2014\/06\/egresados-272x182.png 272w\" sizes=\"(max-width: 585px) 100vw, 585px\" \/><\/a><\/div>\n","protected":false},"excerpt":{"rendered":"<p>Se pretende capacitar a los egresados de esta carrera para las siguientes tareas: Desarrollar, documentar y mantener programas de cualquier grado de complejidad en las \u00e1reas productivas, administrativas, t\u00e9cnicas, cient\u00edficas y de creaci\u00f3n. Evaluar y\/o modificar programas desarrollados por otros programadores. Colaborar en equipos de desarrollo de programaci\u00f3n y computaci\u00f3n. \u00a0Asesorar a profesionales de otras [&hellip;]<\/p>\n","protected":false},"author":15,"featured_media":0,"parent":0,"menu_order":0,"comment_status":"closed","ping_status":"closed","template":"","meta":[],"_links":{"self":[{"href":"https:\/\/www.facet.unt.edu.ar\/programadoruniversitario\/wp-json\/wp\/v2\/pages\/74"}],"collection":[{"href":"https:\/\/www.facet.unt.edu.ar\/programadoruniversitario\/wp-json\/wp\/v2\/pages"}],"about":[{"href":"https:\/\/www.facet.unt.edu.ar\/programadoruniversitario\/wp-json\/wp\/v2\/types\/page"}],"author":[{"embeddable":true,"href":"https:\/\/www.facet.unt.edu.ar\/programadoruniversitario\/wp-json\/wp\/v2\/users\/15"}],"replies":[{"embeddable":true,"href":"https:\/\/www.facet.unt.edu.ar\/programadoruniversitario\/wp-json\/wp\/v2\/comments?post=74"}],"version-history":[{"count":3,"href":"https:\/\/www.facet.unt.edu.ar\/programadoruniversitario\/wp-json\/wp\/v2\/pages\/74\/revisions"}],"predecessor-version":[{"id":119,"href":"https:\/\/www.facet.unt.edu.ar\/programadoruniversitario\/wp-json\/wp\/v2\/pages\/74\/revisions\/119"}],"wp:attachment":[{"href":"https:\/\/www.facet.unt.edu.ar\/programadoruniversitario\/wp-json\/wp\/v2\/media?parent=74"}],"curies":[{"name":"wp","href":"https:\/\/api.w.org\/{rel}","templated":true}]}}