{"id":90,"date":"2014-06-18T17:37:29","date_gmt":"2014-06-18T20:37:29","guid":{"rendered":"https:\/\/www.facet.unt.edu.ar\/programadoruniversitario\/?page_id=90"},"modified":"2019-05-24T23:14:14","modified_gmt":"2019-05-25T02:14:14","slug":"plan-de-estudios","status":"publish","type":"page","link":"https:\/\/www.facet.unt.edu.ar\/programadoruniversitario\/plan-de-estudios\/","title":{"rendered":"Plan de Estudio"},"content":{"rendered":"<p style=\"text-align: center;\"><strong>Aprobado por Resoluci\u00f3n HCS no.1926\/96<\/strong><br \/>\n<strong> Modificado por Resoluci\u00f3n HCS no. 307\/04<\/strong><\/p>\n<p style=\"text-align: left;\">El Plan de Estudios para la carrera se desarrolla en 6 cuatrimestres consecutivos, dos por a\u00f1o calendario.<\/p>\n<table>\n<tbody>\n<tr>\n<td style=\"background-color: #343eaf;\" width=\"72\"><span style=\"color: #ffffff;\"><strong>C\u00d3DIGO<\/strong><\/span><\/td>\n<td style=\"background-color: #343eaf;\" width=\"161\"><span style=\"color: #ffffff;\"><strong>MODULO I<\/strong><\/span><\/td>\n<td style=\"background-color: #343eaf;\" width=\"37\"><span style=\"color: #ffffff;\"><strong>Hs<\/strong><\/span><\/td>\n<td rowspan=\"6\" width=\"24\"><\/td>\n<td style=\"background-color: #343eaf;\" width=\"72\"><span style=\"color: #ffffff;\"><strong>C\u00d3DIGO<\/strong><\/span><\/td>\n<td style=\"background-color: #343eaf;\" width=\"142\"><span style=\"color: #ffffff;\"><strong>MODULO II<\/strong><\/span><\/td>\n<td style=\"background-color: #343eaf;\" width=\"38\"><span style=\"color: #ffffff;\"><strong>Hs<\/strong><\/span><\/td>\n<\/tr>\n<tr>\n<td width=\"72\">TT1<\/td>\n<td width=\"161\">C\u00e1lculo I<\/td>\n<td width=\"37\">6<\/td>\n<td width=\"72\">TT3<\/td>\n<td width=\"142\">C\u00e1lculo II<\/td>\n<td width=\"38\">5<\/td>\n<\/tr>\n<tr>\n<td width=\"72\">TT2<\/td>\n<td width=\"161\">\u00c1lgebra y Geometr\u00eda Anal\u00edtica<\/td>\n<td width=\"37\">6<\/td>\n<td width=\"72\">TT4<\/td>\n<td width=\"142\">Elementos de \u00c1lgebra Lineal<\/td>\n<td width=\"38\">5<\/td>\n<\/tr>\n<tr>\n<td width=\"72\">PU1<\/td>\n<td width=\"161\">Elementos de Computaci\u00f3n y L\u00f3gica<\/td>\n<td width=\"37\">5<\/td>\n<td width=\"72\">P06<\/td>\n<td width=\"142\">Programaci\u00f3n<\/td>\n<td width=\"38\">7<\/td>\n<\/tr>\n<tr>\n<td width=\"72\">P03<\/td>\n<td width=\"161\">Laboratorio I<\/td>\n<td width=\"37\">5<\/td>\n<td width=\"72\">P07<\/td>\n<td width=\"142\">Laboratorio II<\/td>\n<td width=\"38\">5<\/td>\n<\/tr>\n<tr>\n<td width=\"72\"><\/td>\n<td width=\"161\"><\/td>\n<td width=\"37\">22<\/td>\n<td width=\"72\"><\/td>\n<td width=\"142\"><\/td>\n<td width=\"38\">22<\/td>\n<\/tr>\n<tr>\n<td style=\"background-color: #343eaf;\" width=\"72\"><span style=\"color: #ffffff;\"><strong>C\u00d3DIGO<\/strong><\/span><\/td>\n<td style=\"background-color: #343eaf;\" width=\"161\"><span style=\"color: #ffffff;\"><strong>MODULO III<\/strong><\/span><\/td>\n<td style=\"background-color: #343eaf;\" width=\"37\"><span style=\"color: #ffffff;\"><strong>Hs<\/strong><\/span><\/td>\n<td rowspan=\"6\" width=\"24\"><\/td>\n<td style=\"background-color: #343eaf;\" width=\"72\"><span style=\"color: #ffffff;\"><strong>C\u00d3DIGO<\/strong><\/span><\/td>\n<td style=\"background-color: #343eaf;\" width=\"142\"><span style=\"color: #ffffff;\"><strong>MODULO IV<\/strong><\/span><\/td>\n<td style=\"background-color: #343eaf;\" width=\"38\"><span style=\"color: #ffffff;\"><strong>Hs<\/strong><\/span><\/td>\n<\/tr>\n<tr>\n<td width=\"72\">P08<\/td>\n<td width=\"161\">Algoritmos y Estructuras de Datos<\/td>\n<td width=\"37\">6<\/td>\n<td width=\"72\">TT7<\/td>\n<td width=\"142\">Probabilidad y Estad\u00edstica<\/td>\n<td width=\"38\">5<\/td>\n<\/tr>\n<tr>\n<td width=\"72\">P13<\/td>\n<td width=\"161\">Arquitectura y Organizaci\u00f3n de Computadoras<\/td>\n<td width=\"37\">6<\/td>\n<td width=\"72\">P14<\/td>\n<td width=\"142\">Paradigmas de Programaci\u00f3n<\/td>\n<td width=\"38\">6<\/td>\n<\/tr>\n<tr>\n<td width=\"72\">P10<\/td>\n<td width=\"161\">M\u00e9todos Num\u00e9ricos I<\/td>\n<td width=\"37\">5<\/td>\n<td width=\"72\">P09<\/td>\n<td width=\"142\">Conceptos de Bases de Datos I<\/td>\n<td width=\"38\">6<\/td>\n<\/tr>\n<tr>\n<td width=\"72\">P11<\/td>\n<td width=\"161\">Taller de Lenguajes I<\/td>\n<td width=\"37\">5<\/td>\n<td width=\"72\">P23<\/td>\n<td width=\"142\">Taller de Lenguajes II<\/td>\n<td width=\"38\">5<\/td>\n<\/tr>\n<tr>\n<td width=\"72\"><\/td>\n<td width=\"161\"><\/td>\n<td width=\"37\">22<\/td>\n<td width=\"72\"><\/td>\n<td width=\"142\"><\/td>\n<td width=\"38\">22<\/td>\n<\/tr>\n<tr>\n<td style=\"background-color: #343eaf;\" width=\"72\"><span style=\"color: #ffffff;\"><strong>C\u00d3DIGO<\/strong><\/span><\/td>\n<td style=\"background-color: #343eaf;\" width=\"161\"><span style=\"color: #ffffff;\"><strong>MODULO V<\/strong><\/span><\/td>\n<td style=\"background-color: #343eaf;\" width=\"37\"><span style=\"color: #ffffff;\"><strong>Hs<\/strong><\/span><\/td>\n<td rowspan=\"7\" width=\"24\"><\/td>\n<td style=\"background-color: #343eaf;\" width=\"72\"><span style=\"color: #ffffff;\"><strong>C\u00d3DIGO<\/strong><\/span><\/td>\n<td style=\"background-color: #343eaf;\" width=\"142\"><span style=\"color: #ffffff;\"><strong>MODULO VI<\/strong><\/span><\/td>\n<td style=\"background-color: #343eaf;\" width=\"38\"><span style=\"color: #ffffff;\"><strong>Hs<\/strong><\/span><\/td>\n<\/tr>\n<tr>\n<td width=\"72\">P17<\/td>\n<td width=\"161\">An\u00e1lisis y Dise\u00f1o de Sistemas de Informaci\u00f3n<\/td>\n<td width=\"37\">3<\/td>\n<td width=\"72\">P20<\/td>\n<td width=\"142\">Ingenier\u00eda de Software<\/td>\n<td width=\"38\">3<\/td>\n<\/tr>\n<tr>\n<td width=\"72\">P18<\/td>\n<td width=\"161\">Comunicaciones I<\/td>\n<td width=\"37\">6<\/td>\n<td width=\"72\">P21<\/td>\n<td width=\"142\">Comunicaciones II<\/td>\n<td width=\"38\">6<\/td>\n<\/tr>\n<tr>\n<td width=\"72\">P16<\/td>\n<td width=\"161\">Sistemas Operativos<\/td>\n<td width=\"37\">6<\/td>\n<td width=\"72\">P25<\/td>\n<td width=\"142\">Sistemas Abiertos<\/td>\n<td width=\"38\">6<\/td>\n<\/tr>\n<tr>\n<td width=\"72\">P15<\/td>\n<td width=\"161\">Conceptos de Bases de Datos II<\/td>\n<td width=\"37\">6<\/td>\n<td width=\"72\">P24<\/td>\n<td width=\"142\">Taller de Legislaci\u00f3n y Organizaciones<\/td>\n<td width=\"38\">4<\/td>\n<\/tr>\n<tr>\n<td width=\"72\">P98<\/td>\n<td width=\"161\">Proyecto Final (anual)<\/td>\n<td width=\"37\">2<\/td>\n<td width=\"72\">P99<\/td>\n<td width=\"142\">Proyecto Final (cont.)<\/td>\n<td width=\"38\">2<\/td>\n<\/tr>\n<tr>\n<td width=\"72\"><\/td>\n<td width=\"161\"><\/td>\n<td width=\"37\">23<\/td>\n<td width=\"72\"><\/td>\n<td width=\"142\"><\/td>\n<td width=\"38\">21<\/td>\n<\/tr>\n<\/tbody>\n<\/table>\n<p>Carga horaria de la carrera es de 132 horas, cada m\u00f3dulo se desarrolla en 16 semanas.<br \/>\n<strong>Total de carga horaria de toda la carrera: 2112 horas.<\/strong><\/p>\n<p>Se adjunta el R\u00e9gimen de Correlativas: &#8211; <a href=\"https:\/\/www.facet.unt.edu.ar\/programadoruniversitario\/wp-content\/uploads\/sites\/17\/2019\/05\/Correlativas-PU.pdf\" target=\"_blank\" rel=\"noopener noreferrer\">Correlativas PU.pdf<\/a><\/p>\n<p style=\"text-align: center;\"><span style=\"text-decoration: underline;\"><strong>Organizaci\u00f3n y Funcionamiento del Plan<\/strong><\/span><\/p>\n<p>Las actividades docentes se agrupan en las siguientes \u00e1reas: Ciencias B\u00e1sicas, Ciencias Tecnol\u00f3gicas B\u00e1sicas y Aplicadas y Ciencias Complementarias.<\/p>\n<p>Las materias previstas para el \u00e1rea de <strong><em>Ciencias B\u00e1sicas<\/em><\/strong> son:<\/p>\n<ul>\n<li>C\u00e1lculo I<\/li>\n<li>\u00c1lgebra y Geometr\u00eda Anal\u00edtica I<\/li>\n<li>\u00c1lgebra y Geometr\u00eda Anal\u00edtica II<\/li>\n<li>Introducci\u00f3n a la Estad\u00edstica<\/li>\n<li>M\u00e9todos Num\u00e9ricos I<\/li>\n<\/ul>\n<p>Las materias previstas para el \u00e1rea de <strong><em>Ciencias Tecnol\u00f3gicas B\u00e1sicas y Aplicadas<\/em><\/strong> son:<\/p>\n<ul>\n<li>Elementos de Computaci\u00f3n y L\u00f3gica<\/li>\n<li>Programaci\u00f3n I<\/li>\n<li>Algoritmos y Estructuras de Datos<\/li>\n<li>Conceptos de Bases de Datos I<\/li>\n<li>Arquitectura y Organizaci\u00f3n de Computadoras<\/li>\n<li>Paradigmas de Programaci\u00f3n<\/li>\n<li>Conceptos de Bases de Datos II<\/li>\n<li>Sistemas Operativos<\/li>\n<li>An\u00e1lisis y Dise\u00f1o de Sistemas<\/li>\n<li>Comunicaciones I<\/li>\n<li>Ingenier\u00eda de Software<\/li>\n<li>Comunicaciones II<\/li>\n<li>Laboratorio I<\/li>\n<li>Laboratorio II<\/li>\n<li>Taller de Lenguajes I<\/li>\n<li>Taller de Sistemas Abiertos<\/li>\n<li>Taller de Sistemas Multiusuarios<\/li>\n<li>Taller de Lenguajes II<\/li>\n<\/ul>\n<p>Las materias previstas para el \u00e1rea de <strong><em>Ciencias Complementarias<\/em><\/strong> son:<\/p>\n<ul>\n<li>Taller de Legislaci\u00f3n y Organizaciones<\/li>\n<\/ul>\n<p>Se considera que el estudiante acompa\u00f1ar\u00e1 su Carrera Universitaria con los estudios de Idioma Ingl\u00e9s necesarios para un mejor aprovechamiento de la misma. Concretamente, para egresar de esta carrera se exige que el alumno certifique conocimientos del Idioma Ingl\u00e9s.<\/p>\n","protected":false},"excerpt":{"rendered":"<p>Aprobado por Resoluci\u00f3n HCS no.1926\/96 Modificado por Resoluci\u00f3n HCS no. 307\/04 El Plan de Estudios para la carrera se desarrolla en 6 cuatrimestres consecutivos, dos por a\u00f1o calendario. C\u00d3DIGO MODULO I Hs C\u00d3DIGO MODULO II Hs TT1 C\u00e1lculo I 6 TT3 C\u00e1lculo II 5 TT2 \u00c1lgebra y Geometr\u00eda Anal\u00edtica 6 TT4 Elementos de \u00c1lgebra Lineal [&hellip;]<\/p>\n","protected":false},"author":15,"featured_media":0,"parent":0,"menu_order":0,"comment_status":"closed","ping_status":"closed","template":"","meta":[],"_links":{"self":[{"href":"https:\/\/www.facet.unt.edu.ar\/programadoruniversitario\/wp-json\/wp\/v2\/pages\/90"}],"collection":[{"href":"https:\/\/www.facet.unt.edu.ar\/programadoruniversitario\/wp-json\/wp\/v2\/pages"}],"about":[{"href":"https:\/\/www.facet.unt.edu.ar\/programadoruniversitario\/wp-json\/wp\/v2\/types\/page"}],"author":[{"embeddable":true,"href":"https:\/\/www.facet.unt.edu.ar\/programadoruniversitario\/wp-json\/wp\/v2\/users\/15"}],"replies":[{"embeddable":true,"href":"https:\/\/www.facet.unt.edu.ar\/programadoruniversitario\/wp-json\/wp\/v2\/comments?post=90"}],"version-history":[{"count":12,"href":"https:\/\/www.facet.unt.edu.ar\/programadoruniversitario\/wp-json\/wp\/v2\/pages\/90\/revisions"}],"predecessor-version":[{"id":229,"href":"https:\/\/www.facet.unt.edu.ar\/programadoruniversitario\/wp-json\/wp\/v2\/pages\/90\/revisions\/229"}],"wp:attachment":[{"href":"https:\/\/www.facet.unt.edu.ar\/programadoruniversitario\/wp-json\/wp\/v2\/media?parent=90"}],"curies":[{"name":"wp","href":"https:\/\/api.w.org\/{rel}","templated":true}]}}