{"id":106,"date":"2015-04-09T09:37:06","date_gmt":"2015-04-09T12:37:06","guid":{"rendered":"https:\/\/www.facet.unt.edu.ar\/revistacet\/?page_id=106"},"modified":"2023-03-22T11:10:18","modified_gmt":"2023-03-22T14:10:18","slug":"informacion-para-autores","status":"publish","type":"page","link":"https:\/\/www.facet.unt.edu.ar\/revistacet\/informacion-para-autores\/","title":{"rendered":"Informaci\u00f3n para Autores"},"content":{"rendered":"<p style=\"text-align: justify;\"><strong>cet &#8211; Revista de Ciencias Exactas e Ingenier\u00eda<\/strong>, es editada por la Facultad de Ciencias Exactas y Tecnolog\u00eda de la Universidad Nacional de Tucum\u00e1n. Est\u00e1 orientada a difundir en el noroeste argentino, en el pa\u00eds y en el extranjero, art\u00edculos de investigaci\u00f3n cient\u00edfica y tecnol\u00f3gica, de docencia y de extensi\u00f3n sobre temas de las ingenier\u00edas y sus ciencias b\u00e1sicas.<\/p>\n<p style=\"text-align: justify;\">Es una publicaci\u00f3n indexada en <strong>Latindex<\/strong>, de acceso <strong>gratuito en internet<\/strong> y de larga tradici\u00f3n como revista institucional universitaria. Nuestra revista invita a docentes, investigadores, alumnos y personal de universidades nacionales y de instituciones acad\u00e9micas y de investigaci\u00f3n y desarrollo en ciencia y tecnolog\u00eda, a realizar sus aportes y proponer sus trabajos. Se aceptan trabajos originales, comunicaciones cortas y revisiones en las \u00e1reas de las <strong>ingenier\u00edas<\/strong> y las <strong>ciencias b\u00e1sicas<\/strong>, matem\u00e1tica, f\u00edsica y qu\u00edmica. Los trabajos en investigaciones multidisciplinarias son especialmente bienvenidos.<\/p>\n<p style=\"text-align: justify;\">La revista cuenta con distintas <strong>categor\u00edas<\/strong>, clasificadas seg\u00fan el tipo de trabajo presentado. Las categor\u00edas corresponden a trabajos de: Investigaci\u00f3n, Desarrollo e Innovaci\u00f3n; Docencia; Extensi\u00f3n; Informe T\u00e9cnico; Notas, Arte y Opini\u00f3n; Homenajes; Comunicaciones Cortas.<\/p>\n<p style=\"text-align: justify;\">Los trabajos presentados ser\u00e1n sometidos a su <strong>revisi\u00f3n<\/strong> seg\u00fan indicaci\u00f3n del <strong>Comit\u00e9 Editorial<\/strong> propio de la Revista. Los art\u00edculos son enviados para su revisi\u00f3n omitiendo el nombre de los autores y sus filiaciones. Son evaluados por uno o m\u00e1s <strong>evaluadores<\/strong> de reconocida autoridad en el \u00e1rea tem\u00e1tica correspondiente, <strong>externos<\/strong> o <strong>internos<\/strong>, seleccionados por miembros del Comit\u00e9 Editorial. Aquellos act\u00faan de acuerdo con una pauta de evaluaci\u00f3n debidamente notificada. Las observaciones y comentarios sobre los trabajos son comunicadas al autor principal dentro de los <strong>tres meses<\/strong> de la recepci\u00f3n del escrito. La <strong>decisi\u00f3n final<\/strong> concerniente a la aprobaci\u00f3n de los art\u00edculos pertenece s\u00f3lo a los editores.<\/p>\n<p style=\"text-align: justify;\">Los <strong>textos originales<\/strong> se reciben bajo la suposici\u00f3n de que no est\u00e1n simult\u00e1neamente considerados para ser publicados en otra revista. Una caracter\u00edstica que deben tener estos trabajos es que deben ser in\u00e9ditos, es decir, que <strong>no hayan sido publicados<\/strong> en ning\u00fan otro medio, siendo responsabilidad de los autores el cumplir con este requisito.<\/p>\n<p style=\"text-align: justify;\">La admisi\u00f3n del trabajo est\u00e1 basada en el significado, originalidad y validez del material presentado, el cual deber\u00e1 cumplir con las pautas indicadas bajo el t\u00edtulo \u201c<a href=\"https:\/\/www.facet.unt.edu.ar\/revistacet\/instrucciones-para-autores\/\" target=\"_blank\" rel=\"noopener\"><strong>Instrucciones para autores<\/strong><\/a>\u201d. Los autores ser\u00e1n notificados acerca de la aceptaci\u00f3n o no de dicho trabajo dentro del plazo establecido por la direcci\u00f3n de la Revista.<\/p>\n<p style=\"text-align: justify;\">Los <strong>autores<\/strong> son los \u00fanicos responsables por las expresiones vertidas en sus trabajos.<\/p>\n<p style=\"text-align: justify;\"><strong>\u00a1Quedamos a la espera del env\u00edo de su trabajo!<\/strong><\/p>\n","protected":false},"excerpt":{"rendered":"<p>cet &#8211; Revista de Ciencias Exactas e Ingenier\u00eda, es editada por la Facultad de Ciencias Exactas y Tecnolog\u00eda de la Universidad Nacional de Tucum\u00e1n. Est\u00e1 orientada a difundir en el noroeste argentino, en el pa\u00eds y en el extranjero, art\u00edculos de investigaci\u00f3n cient\u00edfica y tecnol\u00f3gica, de docencia y de extensi\u00f3n sobre temas de las ingenier\u00edas [&hellip;]<\/p>\n","protected":false},"author":6,"featured_media":0,"parent":0,"menu_order":0,"comment_status":"closed","ping_status":"closed","template":"","meta":[],"_links":{"self":[{"href":"https:\/\/www.facet.unt.edu.ar\/revistacet\/wp-json\/wp\/v2\/pages\/106"}],"collection":[{"href":"https:\/\/www.facet.unt.edu.ar\/revistacet\/wp-json\/wp\/v2\/pages"}],"about":[{"href":"https:\/\/www.facet.unt.edu.ar\/revistacet\/wp-json\/wp\/v2\/types\/page"}],"author":[{"embeddable":true,"href":"https:\/\/www.facet.unt.edu.ar\/revistacet\/wp-json\/wp\/v2\/users\/6"}],"replies":[{"embeddable":true,"href":"https:\/\/www.facet.unt.edu.ar\/revistacet\/wp-json\/wp\/v2\/comments?post=106"}],"version-history":[{"count":9,"href":"https:\/\/www.facet.unt.edu.ar\/revistacet\/wp-json\/wp\/v2\/pages\/106\/revisions"}],"predecessor-version":[{"id":550,"href":"https:\/\/www.facet.unt.edu.ar\/revistacet\/wp-json\/wp\/v2\/pages\/106\/revisions\/550"}],"wp:attachment":[{"href":"https:\/\/www.facet.unt.edu.ar\/revistacet\/wp-json\/wp\/v2\/media?parent=106"}],"curies":[{"name":"wp","href":"https:\/\/api.w.org\/{rel}","templated":true}]}}