{"id":224,"date":"2015-07-30T12:09:49","date_gmt":"2015-07-30T15:09:49","guid":{"rendered":"https:\/\/www.facet.unt.edu.ar\/revistacet\/?page_id=224"},"modified":"2023-03-31T00:32:03","modified_gmt":"2023-03-31T03:32:03","slug":"revista-cet-37","status":"publish","type":"page","link":"https:\/\/www.facet.unt.edu.ar\/revistacet\/revista-cet-37\/","title":{"rendered":"Revista cet 37"},"content":{"rendered":"<p style=\"text-align: left;\">A\u00f1o 23 N\u00ba 37 Julio de 2014<br \/>\nRevista de propiedad de la<br \/>\nFacultad de Ciencias Exactas y Tecnolog\u00eda<br \/>\nUniversidad Nacional de Tucum\u00e1n<br \/>\nTucum\u00e1n \u2013 Argentina<\/p>\n<p style=\"text-align: center;\"><strong>CONTENIDO<\/strong><\/p>\n<p><strong><u>Investigaci\u00f3n y Desarrollo<\/u><\/strong><br \/>\n&#8211; <a href=\"https:\/\/www.facet.unt.edu.ar\/revistacet\/wp-content\/uploads\/sites\/28\/2023\/03\/37INV-01.pdf\" target=\"_blank\" rel=\"noopener\">Fases del proceso de definici\u00f3n de mampuestos con agregado pl\u00e1stico<\/a><br \/>\nEscrito por <strong>Mar\u00eda Rosa S\u00e1nchez, Juan G. Leguizam\u00f3n, A. Marcelo Costilla, Pablo Yala, Hortensia N. Gallardo<\/strong><\/p>\n<p><strong><u>Extensi\u00f3n<\/u><\/strong><br \/>\n&#8211; <a href=\"https:\/\/www.facet.unt.edu.ar\/revistacet\/wp-content\/uploads\/sites\/28\/2023\/03\/37EXT-01.pdf\" target=\"_blank\" rel=\"noopener\">Los Combustibles en los Motores Ciclo Otto: Caracter\u00edsticas, Calidad, Efectos<\/a><br \/>\nEscrito por <strong>Ricardo A. Marchese, Jorge E. Bustos y Jorge L. L\u00f3pez<\/strong><\/p>\n<p>&#8211; <a href=\"https:\/\/www.facet.unt.edu.ar\/revistacet\/wp-content\/uploads\/sites\/28\/2023\/03\/37EXT-02.pdf\" target=\"_blank\" rel=\"noopener\">Voluntariado \u201cCiencia para Todos\u201d: una experiencia de estudiantes de ingenier\u00eda y psicolog\u00eda en la escuela Secundaria<\/a><br \/>\nEscrito por <strong>Javier Enrique Santill\u00e1n, Elisa Colombo, Rita Gisel de la Rosa, Mar\u00eda del Carmen Barrionuevo, Leonella Lazarte, Pablo Barrionuevo, B\u00e1rbara Silva, An\u00edbal de Pa\u00fal, Clemente Paz Filgueira, Fabi\u00e1n Maman\u00ed, Ismael Jerez, Natalia Valladares<\/strong><\/p>\n<p>&#8211; <a href=\"https:\/\/www.facet.unt.edu.ar\/revistacet\/wp-content\/uploads\/sites\/28\/2023\/03\/37EXT-03.pdf\" target=\"_blank\" rel=\"noopener\">Descubriendo los colores del monte: la alquimia de la naturaleza<\/a><br \/>\nEscrito por <strong>Julio David Barraza, Cyntia Pamela Brandan, Cintya Cavilla, Ahilen Corvalan, Sara Hurtado Ferrate, Ana Bel\u00e9n V\u00e1squez, Hector Tevez y Evangelina Adela Gonz\u00e1lez<\/strong><\/p>\n<p>&#8211; <a href=\"https:\/\/www.facet.unt.edu.ar\/revistacet\/wp-content\/uploads\/sites\/28\/2023\/03\/37EXT-04.pdf\" target=\"_blank\" rel=\"noopener\">Sistema de Gesti\u00f3n de la Energ\u00eda (ISO 50001:2011)<\/a><br \/>\nEscrito por <strong>Fernando Flores Blasco<\/strong><\/p>\n<p><strong>\u00a0<\/strong><strong><u>Docencia<\/u><\/strong><br \/>\n&#8211; <a href=\"https:\/\/www.facet.unt.edu.ar\/revistacet\/wp-content\/uploads\/sites\/28\/2023\/03\/37DOCENCIA.pdf\" target=\"_blank\" rel=\"noopener\">C\u00e1lculo r\u00e1pido de las incertezas de los par\u00e1metros de regresi\u00f3n lineal, con una calculadora de bolsillo<\/a><br \/>\nEscrito por <strong>C\u00e9sar F. Medina y Ana C. G\u00f3mez Marigliano<\/strong><\/p>\n<p><strong><u>Informe T\u00e9cnico<\/u><\/strong><br \/>\n&#8211; <a href=\"https:\/\/www.facet.unt.edu.ar\/revistacet\/wp-content\/uploads\/sites\/28\/2023\/03\/37INFORME-TECNICO.pdf\" target=\"_blank\" rel=\"noopener\">Sistema para la medici\u00f3n de funciones visuales: acondicionamiento y optimizaci\u00f3n para su transferencia a la cl\u00ednica<\/a><br \/>\nEscrito por <strong>Clemente Paz Filgueira y Javier Enrique Santill\u00e1n<\/strong><\/p>\n<p><strong><u>Tutoriales<\/u><\/strong><br \/>\n&#8211; <a href=\"https:\/\/www.facet.unt.edu.ar\/revistacet\/wp-content\/uploads\/sites\/28\/2023\/03\/37TUTORIAL.pdf\" target=\"_blank\" rel=\"noopener\">Una introducci\u00f3n al compilador C de GNU<\/a><br \/>\nEscrito por <strong>H\u00e9ctor Adri\u00e1n Valdecantos<\/strong><\/p>\n<p><strong><u>Arte y Opini\u00f3n<\/u><\/strong><br \/>\n&#8211; <a href=\"https:\/\/www.facet.unt.edu.ar\/revistacet\/wp-content\/uploads\/sites\/28\/2023\/03\/37ARTE-Y-OPINION.pdf\" target=\"_blank\" rel=\"noopener\">Inmediato y definido<\/a><br \/>\nEscrito por <strong>Walter Weyerstall<\/strong><\/p>\n<p><strong><u>Homenajes<\/u><\/strong><br \/>\n&#8211; <a href=\"https:\/\/www.facet.unt.edu.ar\/revistacet\/wp-content\/uploads\/sites\/28\/2023\/03\/37HOM-01.pdf\" target=\"_blank\" rel=\"noopener\">Dra. Mar\u00eda Luisa Genta<\/a><br \/>\nEscrito por <strong>Dra. Ana C. G\u00f3mez Marigliano<\/strong><\/p>\n<p>&#8211; <a href=\"https:\/\/www.facet.unt.edu.ar\/revistacet\/wp-content\/uploads\/sites\/28\/2023\/03\/37HOM-02.pdf\" target=\"_blank\" rel=\"noopener\">Mg. Ingeniero Antonio P\u00e9rez G\u00f3mez<\/a><br \/>\nEscrito por <strong>Dr. Jos\u00e9 Fernando Lagori<\/strong><\/p>\n<hr \/>\n<div>Esta publicaci\u00f3n figura en el Directorio de Latindex<br \/>\nPeriodicidad de la revista: Semestral<br \/>\nClasificaci\u00f3n Decimal Universal (CDU): 501- 62.<br \/>\nDirector: TEL. +54-381-4364093 \u2013 Int. 7719.<br \/>\nCooperadora: TEL. +54-381-4364093 Int. 7803.<br \/>\nFAX: +54-381-4363004<br \/>\nE-mail: <a href=\"mailto:revista@herrera.unt.edu.ar\" target=\"_blank\" rel=\"noopener\">revista@herrera.unt.edu.ar<\/a><br \/>\nEl contenido de los trabajos firmados no representa necesariamente la opini\u00f3n del editor, siendo de exclusiva responsabilidad de los autores.<br \/>\nRegistro de Propiedad Intelectual: N\u00ba 303943 \u2013 ISSN 1668-9178.<br \/>\nEste n\u00famero cerr\u00f3 el 30\/04\/2014 \u2013 Suscripci\u00f3n anual: $ 60.<\/div>\n","protected":false},"excerpt":{"rendered":"<p>A\u00f1o 23 N\u00ba 37 Julio de 2014 Revista de propiedad de la Facultad de Ciencias Exactas y Tecnolog\u00eda Universidad Nacional de Tucum\u00e1n Tucum\u00e1n \u2013 Argentina CONTENIDO Investigaci\u00f3n y Desarrollo &#8211; Fases del proceso de definici\u00f3n de mampuestos con agregado pl\u00e1stico Escrito por Mar\u00eda Rosa S\u00e1nchez, Juan G. Leguizam\u00f3n, A. Marcelo Costilla, Pablo Yala, Hortensia N. [&hellip;]<\/p>\n","protected":false},"author":6,"featured_media":0,"parent":0,"menu_order":0,"comment_status":"closed","ping_status":"closed","template":"","meta":[],"_links":{"self":[{"href":"https:\/\/www.facet.unt.edu.ar\/revistacet\/wp-json\/wp\/v2\/pages\/224"}],"collection":[{"href":"https:\/\/www.facet.unt.edu.ar\/revistacet\/wp-json\/wp\/v2\/pages"}],"about":[{"href":"https:\/\/www.facet.unt.edu.ar\/revistacet\/wp-json\/wp\/v2\/types\/page"}],"author":[{"embeddable":true,"href":"https:\/\/www.facet.unt.edu.ar\/revistacet\/wp-json\/wp\/v2\/users\/6"}],"replies":[{"embeddable":true,"href":"https:\/\/www.facet.unt.edu.ar\/revistacet\/wp-json\/wp\/v2\/comments?post=224"}],"version-history":[{"count":14,"href":"https:\/\/www.facet.unt.edu.ar\/revistacet\/wp-json\/wp\/v2\/pages\/224\/revisions"}],"predecessor-version":[{"id":584,"href":"https:\/\/www.facet.unt.edu.ar\/revistacet\/wp-json\/wp\/v2\/pages\/224\/revisions\/584"}],"wp:attachment":[{"href":"https:\/\/www.facet.unt.edu.ar\/revistacet\/wp-json\/wp\/v2\/media?parent=224"}],"curies":[{"name":"wp","href":"https:\/\/api.w.org\/{rel}","templated":true}]}}