{"id":268,"date":"2015-08-25T12:33:11","date_gmt":"2015-08-25T15:33:11","guid":{"rendered":"https:\/\/www.facet.unt.edu.ar\/revistacet\/?page_id=268"},"modified":"2023-03-30T23:49:06","modified_gmt":"2023-03-31T02:49:06","slug":"revista-cet-35","status":"publish","type":"page","link":"https:\/\/www.facet.unt.edu.ar\/revistacet\/revista-cet-35\/","title":{"rendered":"Revista cet 35"},"content":{"rendered":"<p>A\u00f1o 21 N\u00ba 35 de Abril de 2012<br \/>\nRevista de Propiedad de la Facultad de<br \/>\nCiencias Exactas y Tecnolog\u00eda<br \/>\nUniversidad Nacional de Tucum\u00e1n<\/p>\n<p style=\"text-align: center;\"><strong><span style=\"text-decoration: underline;\">CONTENIDO<\/span><\/strong><\/p>\n<p>&#8211; <a href=\"https:\/\/www.facet.unt.edu.ar\/revistacet\/wp-content\/uploads\/sites\/28\/2023\/03\/CET-35-INFORME-TECNICO-DIGITAL.pdf\" target=\"_blank\" rel=\"noopener\">Mec\u00e1nica de deformaci\u00f3n de gaviones &#8211; F355 R1: Ensayos no destructivos de gaviones de malla romboidal y hexagonal de tipo caja y saco<\/a><br \/>\nEscrito por <strong>Domingo A. Bravo<\/strong><\/p>\n<hr \/>\n<p>Esta publicaci\u00f3n figura en el Directorio de Latindex<br \/>\nPeriodicidad de la revista: Semestral<br \/>\nClasificaci\u00f3n decimal universal (CDU): 501- 62<br \/>\nDirector TE. +54-381-4364093 &#8211; Int. 7719 &#8211; Cooperadora TE. +54-381-4364093 &#8211; Int. 7803<br \/>\nFAX: +54-381-4363004<br \/>\nEl contenido de los trabajos firmados no representa necesariamente la opini\u00f3n del editor, siendo de exclusiva<br \/>\nresponsabilidad de los autores.<br \/>\nRegistro de Propiedad Intelectual: N\u00ba 303943 &#8211; ISSN 1668-9178<br \/>\nEste n\u00famero cerr\u00f3 el 30\/04\/2012.<\/p>\n","protected":false},"excerpt":{"rendered":"<p>A\u00f1o 21 N\u00ba 35 de Abril de 2012 Revista de Propiedad de la Facultad de Ciencias Exactas y Tecnolog\u00eda Universidad Nacional de Tucum\u00e1n CONTENIDO &#8211; Mec\u00e1nica de deformaci\u00f3n de gaviones &#8211; F355 R1: Ensayos no destructivos de gaviones de malla romboidal y hexagonal de tipo caja y saco Escrito por Domingo A. Bravo Esta publicaci\u00f3n [&hellip;]<\/p>\n","protected":false},"author":6,"featured_media":0,"parent":0,"menu_order":0,"comment_status":"closed","ping_status":"closed","template":"","meta":[],"_links":{"self":[{"href":"https:\/\/www.facet.unt.edu.ar\/revistacet\/wp-json\/wp\/v2\/pages\/268"}],"collection":[{"href":"https:\/\/www.facet.unt.edu.ar\/revistacet\/wp-json\/wp\/v2\/pages"}],"about":[{"href":"https:\/\/www.facet.unt.edu.ar\/revistacet\/wp-json\/wp\/v2\/types\/page"}],"author":[{"embeddable":true,"href":"https:\/\/www.facet.unt.edu.ar\/revistacet\/wp-json\/wp\/v2\/users\/6"}],"replies":[{"embeddable":true,"href":"https:\/\/www.facet.unt.edu.ar\/revistacet\/wp-json\/wp\/v2\/comments?post=268"}],"version-history":[{"count":6,"href":"https:\/\/www.facet.unt.edu.ar\/revistacet\/wp-json\/wp\/v2\/pages\/268\/revisions"}],"predecessor-version":[{"id":571,"href":"https:\/\/www.facet.unt.edu.ar\/revistacet\/wp-json\/wp\/v2\/pages\/268\/revisions\/571"}],"wp:attachment":[{"href":"https:\/\/www.facet.unt.edu.ar\/revistacet\/wp-json\/wp\/v2\/media?parent=268"}],"curies":[{"name":"wp","href":"https:\/\/api.w.org\/{rel}","templated":true}]}}